{"id":1551,"date":"2024-01-24T15:49:59","date_gmt":"2024-01-24T15:49:59","guid":{"rendered":"https:\/\/kosmeetika24.com\/?post_type=product&#038;p=1551"},"modified":"2025-07-02T11:29:58","modified_gmt":"2025-07-02T08:29:58","slug":"wishpro-whitening-apl","status":"publish","type":"product","link":"https:\/\/kosmeetika24.com\/fi\/tuote\/wishpro-whitening-apl\/","title":{"rendered":"WISHPRO Whitening APL \u2013 tehokas hoito, joka tasoittaa ihon s\u00e4vy\u00e4 ja kirkastaa ihon v\u00e4ri\u00e4."},"content":{"rendered":"<p align=\"CENTER\" class=\"translation-block\"><strong><span style=\"color: #0000ff\">Whitening<\/span><\/strong> kapseli vaikuttaa kaksi ainutlaatuista vaikuttavaa ainesosaa, jotka on saatu ruskeista levist\u00e4.<\/p>\n<p align=\"CENTER\" class=\"translation-block\"><strong>\u0392-White ja Sea Shine<\/strong> ovat kaksi ainesosaa, jotka kirkastavat v\u00e4rimuutoksia ja tasoittavat ihon s\u00e4vy\u00e4.<\/p>\n<p align=\"CENTER\" class=\"translation-block\"><p>Lis\u00e4ksi vaikuttavien aineiden koostumus ei ainoastaan v\u00e4henn\u00e4 olemassa olevia muutoksia, vaan est\u00e4\u00e4 my\u00f6s uusien v\u00e4rimuutosten syntymisen est\u00e4m\u00e4ll\u00e4 melaniinin liiallista tuotantoa.<\/p><\/p>\n<p align=\"CENTER\"><p>Hoito j\u00e4lkeen iho on sile\u00e4mpi, kirkkaampi ja selv\u00e4sti tasaisempi.<\/p><\/p>\n<p align=\"CENTER\" class=\"translation-block\"><p><strong>K\u00e4ytt\u00f6tarkoitus:<\/strong> Kaikki ihotyypit, hormonaaliset v\u00e4rimuutokset, liiallinen melaniinin tuotanto, kosteutusta tarvitseva iho.<\/p><\/p>\n<p align=\"CENTER\"><strong><span style=\"color: #0000ff;\">Whitening <\/span><\/strong>apseli on tarkoitettu k\u00e4ytett\u00e4v\u00e4ksi kultaisen, punaisen tai sinisen kanssa.\u00a0 <strong>WishPro Plus+ -teknologisella p\u00e4\u00e4ll\u00e4.<\/strong><\/p>\n<p style=\"text-align: center;\"><span style=\"color: #0000ff;\"><strong>Active Pro-Long sarja<\/strong><\/span><\/p>\n<p style=\"text-align: center;\">APL-sarja luotiin iholle, joka tarvitsee\u00a0\u00a0<strong>erityisi\u00e4 ainesosia<\/strong>.\u00a0<strong>Elvytt\u00e4\u00e4 ja palauttaa<\/strong>\u00a0\u00a0ulkoisten tekij\u00f6iden vaurioittamaa ja stressaamaa ihoa. APL-sarja sis\u00e4lt\u00e4\u00e4 kolmea tyyppi\u00e4 voimakkaisiin vaikuttaviin aineisiin perustuvia.\u00a0\u00a0<strong>kapselit, jotka antavat v\u00e4litt\u00f6m\u00e4n <\/strong><strong>tulokset jo yhden hoidon j\u00e4lkeen!\u00a0<\/strong> Kapselin koostumus koostuu p\u00e4\u00e4asiassa\u00a0 <strong>keve\u00e4t emulsiot<\/strong>jJotka sopivat eri ihotyypeille.<\/p>\n<hr \/>\n<p style=\"text-align: center;\">Kapselit ovat steriilej\u00e4 ja kertak\u00e4ytt\u00f6isi\u00e4, yksi kapseli on tarkoitettu yhteen hoitokertaan.<\/p>\n<p><p><strong>Raaka-aineet:<\/strong> AQUA, DIMETHICONE, ISOPROPYL PALMITATE, PHENTYL TRIMETHICONE, ISOPROPYL MYRISTATE, GLYCERIN, BUTYLENE GLYCOL, SODIUM CHLORIDE, PHENOXYETHANOL, SILICA, PEG-10 DIMETHICONE, ETHYLHEXYLGLYCERIN, PARFUM, DISODIUM EDTA, SODIUM OLEATE, HYDROGENATED LECITHIN, OLIGOPEPTIDE-68, DIMETHICONE\/VINYL DIMETHICONE CROSSPOLYMER, ISOCETETH-10, UNDRIA PINNATIFIDA EXTRACT, ALGAE EXTRACT, HEXYL CINNAMAL, LINALOOL, LIMONENE, METHYL 2-OCTYNOATE.<\/p><\/p>","protected":false},"excerpt":{"rendered":"<p>Ihon s\u00e4vy\u00e4 kirkastava ja tasoittava vaikutus.<\/p>\n<p style=\"text-align: left;\"><strong>Hinta koskee pakettia, joka sis\u00e4lt\u00e4\u00e4 10 kapselia.<\/strong><\/p>","protected":false},"featured_media":1472,"comment_status":"open","ping_status":"closed","template":"","meta":{"_uag_custom_page_level_css":"","site-sidebar-layout":"default","site-content-layout":"","ast-site-content-layout":"default","site-content-style":"default","site-sidebar-style":"default","ast-global-header-display":"","ast-banner-title-visibility":"","ast-main-header-display":"","ast-hfb-above-header-display":"","ast-hfb-below-header-display":"","ast-hfb-mobile-header-display":"","site-post-title":"","ast-breadcrumbs-content":"","ast-featured-img":"","footer-sml-layout":"","ast-disable-related-posts":"","theme-transparent-header-meta":"default","adv-header-id-meta":"","stick-header-meta":"","header-above-stick-meta":"","header-main-stick-meta":"","header-below-stick-meta":"","astra-migrate-meta-layouts":"set","ast-page-background-enabled":"default","ast-page-background-meta":{"desktop":{"background-color":"var(--ast-global-color-4)","background-image":"","background-repeat":"repeat","background-position":"center center","background-size":"auto","background-attachment":"scroll","background-type":"","background-media":"","overlay-type":"","overlay-color":"","overlay-opacity":"","overlay-gradient":""},"tablet":{"background-color":"","background-image":"","background-repeat":"repeat","background-position":"center center","background-size":"auto","background-attachment":"scroll","background-type":"","background-media":"","overlay-type":"","overlay-color":"","overlay-opacity":"","overlay-gradient":""},"mobile":{"background-color":"","background-image":"","background-repeat":"repeat","background-position":"center center","background-size":"auto","background-attachment":"scroll","background-type":"","background-media":"","overlay-type":"","overlay-color":"","overlay-opacity":"","overlay-gradient":""}},"ast-content-background-meta":{"desktop":{"background-color":"var(--ast-global-color-5)","background-image":"","background-repeat":"repeat","background-position":"center center","background-size":"auto","background-attachment":"scroll","background-type":"","background-media":"","overlay-type":"","overlay-color":"","overlay-opacity":"","overlay-gradient":""},"tablet":{"background-color":"var(--ast-global-color-5)","background-image":"","background-repeat":"repeat","background-position":"center center","background-size":"auto","background-attachment":"scroll","background-type":"","background-media":"","overlay-type":"","overlay-color":"","overlay-opacity":"","overlay-gradient":""},"mobile":{"background-color":"var(--ast-global-color-5)","background-image":"","background-repeat":"repeat","background-position":"center center","background-size":"auto","background-attachment":"scroll","background-type":"","background-media":"","overlay-type":"","overlay-color":"","overlay-opacity":"","overlay-gradient":""}}},"product_brand":[],"product_cat":[96,97,80],"product_tag":[],"class_list":{"0":"post-1551","1":"product","2":"type-product","3":"status-publish","4":"has-post-thumbnail","6":"product_cat-brands","7":"product_cat-naole","8":"product_cat-wishpro","9":"desktop-align-left","10":"tablet-align-left","11":"mobile-align-left","13":"first","14":"instock","15":"taxable","16":"shipping-taxable","17":"product-type-simple","18":"add-to-wishlist-before_image"},"uagb_featured_image_src":{"full":["https:\/\/kosmeetika24.com\/wp-content\/uploads\/2023\/10\/whitening.png",600,600,false],"thumbnail":["https:\/\/kosmeetika24.com\/wp-content\/uploads\/2023\/10\/whitening-150x150.png",150,150,true],"medium":["https:\/\/kosmeetika24.com\/wp-content\/uploads\/2023\/10\/whitening-300x300.png",300,300,true],"medium_large":["https:\/\/kosmeetika24.com\/wp-content\/uploads\/2023\/10\/whitening.png",600,600,false],"large":["https:\/\/kosmeetika24.com\/wp-content\/uploads\/2023\/10\/whitening.png",600,600,false],"1536x1536":["https:\/\/kosmeetika24.com\/wp-content\/uploads\/2023\/10\/whitening.png",600,600,false],"2048x2048":["https:\/\/kosmeetika24.com\/wp-content\/uploads\/2023\/10\/whitening.png",600,600,false],"trp-custom-language-flag":["https:\/\/kosmeetika24.com\/wp-content\/uploads\/2023\/10\/whitening-12x12.png",12,12,true],"woocommerce_thumbnail":["https:\/\/kosmeetika24.com\/wp-content\/uploads\/2023\/10\/whitening-300x300.png",300,300,true],"woocommerce_single":["https:\/\/kosmeetika24.com\/wp-content\/uploads\/2023\/10\/whitening-500x500.png",500,500,true],"woocommerce_gallery_thumbnail":["https:\/\/kosmeetika24.com\/wp-content\/uploads\/2023\/10\/whitening-100x100.png",100,100,true]},"uagb_author_info":{"display_name":"admin","author_link":"https:\/\/kosmeetika24.com\/fi\/author\/"},"uagb_comment_info":0,"uagb_excerpt":"Naha tooni helendava ja \u00fchtlustava toimega. Hind kehtib 10 kapslit sisaldava pakendi kohta.","_links":{"self":[{"href":"https:\/\/kosmeetika24.com\/fi\/wp-json\/wp\/v2\/product\/1551","targetHints":{"allow":["GET"]}}],"collection":[{"href":"https:\/\/kosmeetika24.com\/fi\/wp-json\/wp\/v2\/product"}],"about":[{"href":"https:\/\/kosmeetika24.com\/fi\/wp-json\/wp\/v2\/types\/product"}],"replies":[{"embeddable":true,"href":"https:\/\/kosmeetika24.com\/fi\/wp-json\/wp\/v2\/comments?post=1551"}],"version-history":[{"count":2,"href":"https:\/\/kosmeetika24.com\/fi\/wp-json\/wp\/v2\/product\/1551\/revisions"}],"predecessor-version":[{"id":4532,"href":"https:\/\/kosmeetika24.com\/fi\/wp-json\/wp\/v2\/product\/1551\/revisions\/4532"}],"wp:featuredmedia":[{"embeddable":true,"href":"https:\/\/kosmeetika24.com\/fi\/wp-json\/wp\/v2\/media\/1472"}],"wp:attachment":[{"href":"https:\/\/kosmeetika24.com\/fi\/wp-json\/wp\/v2\/media?parent=1551"}],"wp:term":[{"taxonomy":"product_brand","embeddable":true,"href":"https:\/\/kosmeetika24.com\/fi\/wp-json\/wp\/v2\/product_brand?post=1551"},{"taxonomy":"product_cat","embeddable":true,"href":"https:\/\/kosmeetika24.com\/fi\/wp-json\/wp\/v2\/product_cat?post=1551"},{"taxonomy":"product_tag","embeddable":true,"href":"https:\/\/kosmeetika24.com\/fi\/wp-json\/wp\/v2\/product_tag?post=1551"}],"curies":[{"name":"wp","href":"https:\/\/api.w.org\/{rel}","templated":true}]}}