{"id":1549,"date":"2024-01-22T12:59:20","date_gmt":"2024-01-22T12:59:20","guid":{"rendered":"https:\/\/kosmeetika24.com\/?post_type=product&#038;p=1549"},"modified":"2025-12-23T12:57:10","modified_gmt":"2025-12-23T09:57:10","slug":"oxygen-ceuticals-sametine-kruogeel-mask","status":"publish","type":"product","link":"https:\/\/kosmeetika24.com\/fi\/tuote\/oxygen-ceuticals-sametine-kruogeel-mask\/","title":{"rendered":"OXYGEN CEUTICALS samettinen kryogeelimaske"},"content":{"rendered":"<p class=\"translation-block\"><p><em>Cryogel Velvet Mask<\/em> on korkealaatuinen kaksitoiminen geelimaski, joka kosteuttaa, rauhoittaa ja parantaa ihon kimmoisuutta. Est\u00e4\u00e4 ihon ik\u00e4\u00e4ntymist\u00e4 aktiivisen hapen ansiosta. Maskin ainesosat auttavat silottamaan ryppyj\u00e4, parantavat ihon s\u00e4vy\u00e4 ja vahvistavat ihon suojaesteit\u00e4. Kolmivaiheisen hydrogeelirakenteen avulla taataan intensiivinen kosteutus ja ravitseminen ilman haihtumista.<\/p><\/p>\n<p>Sopii kaikille ihotyypeille, erityisesti kuivalle ja herk\u00e4lle iholle.<\/p>\n<p><strong>VAIKUTTAVAT AINEET<\/strong><\/p>\n<ul>\n<li>Etanasekreetti<\/li>\n<li>Natriumhyaluronaatti<\/li>\n<li>Merilev\u00e4uutte<\/li>\n<li>Jojoba\u00f6ljy<\/li>\n<li>Hydrolysoitu kollageeni<\/li>\n<li>Aloe<\/li>\n<li>Papaija<\/li>\n<li>Tavallinen riisi<\/li>\n<li>Niasiiniamidi<\/li>\n<li>Adenosiini<\/li>\n<\/ul>\n<p><strong>Vaikutus<\/strong><\/p>\n<ul>\n<li>Etanat secretion stimuloi ihoa tuottamaan kollageenia, elastiinia ja muita komponentteja, jotka tekev\u00e4t kasvoista puhtaammat samalla taistellen ik\u00e4\u00e4ntymisen merkkej\u00e4 ja auringon vaurioita vastaan.<\/li>\n<li>Natriumhyaluronaatti on vett sitova ainesosa, joka kykenee t\u00e4ytt\u00e4m\u00e4\u00e4n tilat kollageeni- ja elastiinifibrillien v\u00e4liss\u00e4.<\/li>\n<li>Merilev\u00e4uuteella on kosteuttavat ja rauhoittavat ominaisuudet. V\u00e4hent\u00e4\u00e4 ihon kutinaa ja kireyden tunnetta.<\/li>\n<li>Jojoba\u00f6ljy suojaa ihoa haihtumiselta ja myrkyllisilt\u00e4 aineilta.<\/li>\n<li>Hydrolysoitu kollageeni auttaa ihoa lis\u00e4\u00e4m\u00e4\u00e4n kollageenin tuotantoa ja kollageenin kuitujen tiheytt\u00e4. Ihon s\u00e4vy tasoittuu, iho tulee elastisemmaksi ja hienot juonteet v\u00e4henev\u00e4t.<\/li>\n<li>Aloe kosteuttaa ja auttaa yll\u00e4pit\u00e4m\u00e4\u00e4n kosteustasapainoa. Se stimuloi verenkiertoa ja nuorentaa ihoa. Se taistelee tulehduksia vastaan, tukee ihon luonnollista paranemisprosessia ja rauhoittaa auringonpolttamia sek\u00e4 muita \u00e4rsytyksi\u00e4.<\/li>\n<li>Papaija sis\u00e4lt\u00e4\u00e4 papaaiini-entsyymi\u00e4, joka puhdistaa ihoa ja poistaa kuolleet ihosolut. Se v\u00e4hent\u00e4\u00e4 pigmenttivaiheita ja tasoittaa ihon s\u00e4vy\u00e4. Papaijalla on my\u00f6s antibakteerisia ja haavoja parantavia ominaisuuksia.<\/li>\n<li>Tavallinen riisi toimii antioksidanttina; auttaa v\u00e4hent\u00e4m\u00e4\u00e4n mikro-organismien aktiivisuutta iholla; auttaa pit\u00e4m\u00e4\u00e4n ihon pehme\u00e4n\u00e4, sile\u00e4n\u00e4, elastisena ja terveen\u00e4.<\/li>\n<li>\u0410\u0434\u0435\u043d\u043e\u0437\u0438\u043d \u0432\u043e\u0441\u0441\u0442\u0430\u043d\u0430\u0432\u043b\u0438\u0432\u0430\u0435\u0442 \u0443\u0441\u0442\u0430\u043b\u0443\u044e \u043a\u043e\u0436\u0443 \u0438 \u043f\u043e\u0432\u044b\u0448\u0430\u0435\u0442 \u0435\u0451 \u044d\u043b\u0430\u0441\u0442\u0438\u0447\u043d\u043e\u0441\u0442\u044c.<\/li>\n<li>Niasiiniamidi auttaa v\u00e4hent\u00e4m\u00e4\u00e4n ryppyj\u00e4 ja hienoja juonteita, v\u00e4hent\u00e4\u00e4 auringon vaurioiden merkkej\u00e4; v\u00e4hent\u00e4\u00e4 pigmentaatiota, melasmaa ja kirkastaa ihoa; auttaa n\u00e4kyv\u00e4sti v\u00e4hent\u00e4m\u00e4\u00e4n huokosten kokoa, stimuloi kollageenin tuotantoa; parantaa sameaa ihonv\u00e4ri\u00e4; vahvistaa ihon suojabarri\u00e4\u00e4ri\u00e4, edist\u00e4en ihon kosteutusta.<\/li>\n<\/ul>","protected":false},"excerpt":{"rendered":"<p><p>Kosteuttaa, rauhoittaa ja parantaa ihon kimmoisuutta. Est\u00e4\u00e4 ihon ik\u00e4\u00e4ntymist\u00e4 aktiivisen hapen ansiosta.<\/p><\/p>\n<p>&nbsp;<\/p>\n<p>Kompleksi on suunniteltu ammattilaisk\u00e4ytt\u00f6\u00f6n kuuden hoidon ajan.<\/p>","protected":false},"featured_media":1550,"comment_status":"open","ping_status":"closed","template":"","meta":{"_uag_custom_page_level_css":"","site-sidebar-layout":"default","site-content-layout":"","ast-site-content-layout":"default","site-content-style":"default","site-sidebar-style":"default","ast-global-header-display":"","ast-banner-title-visibility":"","ast-main-header-display":"","ast-hfb-above-header-display":"","ast-hfb-below-header-display":"","ast-hfb-mobile-header-display":"","site-post-title":"","ast-breadcrumbs-content":"","ast-featured-img":"","footer-sml-layout":"","ast-disable-related-posts":"","theme-transparent-header-meta":"default","adv-header-id-meta":"","stick-header-meta":"","header-above-stick-meta":"","header-main-stick-meta":"","header-below-stick-meta":"","astra-migrate-meta-layouts":"set","ast-page-background-enabled":"default","ast-page-background-meta":{"desktop":{"background-color":"var(--ast-global-color-4)","background-image":"","background-repeat":"repeat","background-position":"center center","background-size":"auto","background-attachment":"scroll","background-type":"","background-media":"","overlay-type":"","overlay-color":"","overlay-opacity":"","overlay-gradient":""},"tablet":{"background-color":"","background-image":"","background-repeat":"repeat","background-position":"center center","background-size":"auto","background-attachment":"scroll","background-type":"","background-media":"","overlay-type":"","overlay-color":"","overlay-opacity":"","overlay-gradient":""},"mobile":{"background-color":"","background-image":"","background-repeat":"repeat","background-position":"center center","background-size":"auto","background-attachment":"scroll","background-type":"","background-media":"","overlay-type":"","overlay-color":"","overlay-opacity":"","overlay-gradient":""}},"ast-content-background-meta":{"desktop":{"background-color":"var(--ast-global-color-5)","background-image":"","background-repeat":"repeat","background-position":"center center","background-size":"auto","background-attachment":"scroll","background-type":"","background-media":"","overlay-type":"","overlay-color":"","overlay-opacity":"","overlay-gradient":""},"tablet":{"background-color":"var(--ast-global-color-5)","background-image":"","background-repeat":"repeat","background-position":"center center","background-size":"auto","background-attachment":"scroll","background-type":"","background-media":"","overlay-type":"","overlay-color":"","overlay-opacity":"","overlay-gradient":""},"mobile":{"background-color":"var(--ast-global-color-5)","background-image":"","background-repeat":"repeat","background-position":"center center","background-size":"auto","background-attachment":"scroll","background-type":"","background-media":"","overlay-type":"","overlay-color":"","overlay-opacity":"","overlay-gradient":""}}},"product_brand":[],"product_cat":[96,97,74],"product_tag":[],"class_list":{"0":"post-1549","1":"product","2":"type-product","3":"status-publish","4":"has-post-thumbnail","6":"product_cat-brands","7":"product_cat-naole","8":"product_cat-oxygen-ceuticals","9":"desktop-align-left","10":"tablet-align-left","11":"mobile-align-left","13":"first","14":"instock","15":"taxable","16":"shipping-taxable","17":"product-type-simple","18":"add-to-wishlist-before_image"},"uagb_featured_image_src":{"full":["https:\/\/kosmeetika24.com\/wp-content\/uploads\/2023\/10\/Cryogel-velvet-mask.jpg",600,600,false],"thumbnail":["https:\/\/kosmeetika24.com\/wp-content\/uploads\/2023\/10\/Cryogel-velvet-mask-150x150.jpg",150,150,true],"medium":["https:\/\/kosmeetika24.com\/wp-content\/uploads\/2023\/10\/Cryogel-velvet-mask-300x300.jpg",300,300,true],"medium_large":["https:\/\/kosmeetika24.com\/wp-content\/uploads\/2023\/10\/Cryogel-velvet-mask.jpg",600,600,false],"large":["https:\/\/kosmeetika24.com\/wp-content\/uploads\/2023\/10\/Cryogel-velvet-mask.jpg",600,600,false],"1536x1536":["https:\/\/kosmeetika24.com\/wp-content\/uploads\/2023\/10\/Cryogel-velvet-mask.jpg",600,600,false],"2048x2048":["https:\/\/kosmeetika24.com\/wp-content\/uploads\/2023\/10\/Cryogel-velvet-mask.jpg",600,600,false],"trp-custom-language-flag":["https:\/\/kosmeetika24.com\/wp-content\/uploads\/2023\/10\/Cryogel-velvet-mask-12x12.jpg",12,12,true],"woocommerce_thumbnail":["https:\/\/kosmeetika24.com\/wp-content\/uploads\/2023\/10\/Cryogel-velvet-mask-300x300.jpg",300,300,true],"woocommerce_single":["https:\/\/kosmeetika24.com\/wp-content\/uploads\/2023\/10\/Cryogel-velvet-mask-500x500.jpg",500,500,true],"woocommerce_gallery_thumbnail":["https:\/\/kosmeetika24.com\/wp-content\/uploads\/2023\/10\/Cryogel-velvet-mask-100x100.jpg",100,100,true]},"uagb_author_info":{"display_name":"admin","author_link":"https:\/\/kosmeetika24.com\/fi\/author\/"},"uagb_comment_info":14,"uagb_excerpt":"Niisutab, rahustab ja parandab naha elastsust. Takistab naha vananemist t\u00e4nu aktiivsele hapnikule. &nbsp; Komplekt on m\u00f5eldud professionaalseks kasutamiseks 6 protseduuril.","_links":{"self":[{"href":"https:\/\/kosmeetika24.com\/fi\/wp-json\/wp\/v2\/product\/1549","targetHints":{"allow":["GET"]}}],"collection":[{"href":"https:\/\/kosmeetika24.com\/fi\/wp-json\/wp\/v2\/product"}],"about":[{"href":"https:\/\/kosmeetika24.com\/fi\/wp-json\/wp\/v2\/types\/product"}],"replies":[{"embeddable":true,"href":"https:\/\/kosmeetika24.com\/fi\/wp-json\/wp\/v2\/comments?post=1549"}],"version-history":[{"count":1,"href":"https:\/\/kosmeetika24.com\/fi\/wp-json\/wp\/v2\/product\/1549\/revisions"}],"predecessor-version":[{"id":4569,"href":"https:\/\/kosmeetika24.com\/fi\/wp-json\/wp\/v2\/product\/1549\/revisions\/4569"}],"wp:featuredmedia":[{"embeddable":true,"href":"https:\/\/kosmeetika24.com\/fi\/wp-json\/wp\/v2\/media\/1550"}],"wp:attachment":[{"href":"https:\/\/kosmeetika24.com\/fi\/wp-json\/wp\/v2\/media?parent=1549"}],"wp:term":[{"taxonomy":"product_brand","embeddable":true,"href":"https:\/\/kosmeetika24.com\/fi\/wp-json\/wp\/v2\/product_brand?post=1549"},{"taxonomy":"product_cat","embeddable":true,"href":"https:\/\/kosmeetika24.com\/fi\/wp-json\/wp\/v2\/product_cat?post=1549"},{"taxonomy":"product_tag","embeddable":true,"href":"https:\/\/kosmeetika24.com\/fi\/wp-json\/wp\/v2\/product_tag?post=1549"}],"curies":[{"name":"wp","href":"https:\/\/api.w.org\/{rel}","templated":true}]}}