{"id":1541,"date":"2024-01-22T13:05:04","date_gmt":"2024-01-22T13:05:04","guid":{"rendered":"https:\/\/kosmeetika24.com\/?post_type=product&#038;p=1541"},"modified":"2025-12-23T12:55:17","modified_gmt":"2025-12-23T09:55:17","slug":"oxygen-ceuticals-kreem-kuperoossele-nahale","status":"publish","type":"product","link":"https:\/\/kosmeetika24.com\/fi\/tuote\/oxygen-ceuticals-kreem-kuperoossele-nahale\/","title":{"rendered":"OXYGEN CEUTICALS Kuperoosaihon voide"},"content":{"rendered":"<p class=\"translation-block\">Kreem <em>Cell Couperose Cream<\/em> on kosteuttava, rauhoittava ja parantaa ihon kimmoisuutta ja ihonv\u00e4ri\u00e4. Se sis\u00e4lt\u00e4\u00e4 7 kasviuutetta, jotka rauhoittavat ihoa ja v\u00e4hent\u00e4v\u00e4t herkkyytt\u00e4, kutinaa, punoitusta, kuivuutta ja ik\u00e4\u00e4ntymisen merkkej\u00e4.<\/p>\n<p>T\u00e4m\u00e4 on SOS-voide kuivalle ja punottavalle iholle, joka vahvistaa ja rauhoittaa hetkess\u00e4.<\/p>\n<p>Sopii kaikille ihotyypeille, erityisesti kuivalle ja herk\u00e4lle iholle sek\u00e4 iholle, jossa on ruusufinnin oireita.<\/p>\n<p><strong>VAIKUTTAVAT AINEET<\/strong><\/p>\n<ul>\n<li>Ceramide 3: SH-Oligopeptidi-1, E-vitamiini asetaatti.<\/li>\n<li>Vihre\u00e4n teen uutehdas<\/li>\n<li>Tomaattiuute<\/li>\n<li>Kaalin uute<\/li>\n<li>Porkkanauute<\/li>\n<li>Selleriuute<\/li>\n<li>Parsakaalin uute<\/li>\n<li>Ruskean riisin uute<\/li>\n<\/ul>\n<p><strong>Vaikutus<\/strong><\/p>\n<ul>\n<li>Ceramide 3 parantaa pitk\u00e4kestoista kosteutusta. Se suojaa ihoa ulkoisilta vaikutuksilta ja auttaa ihoa palautumaan.<\/li>\n<li>Vihre\u00e4n teen uutehdas, sen erinomaisilla rauhoittavilla ominaisuuksilla, auttaa suojaamaan ihoa.<\/li>\n<li>Tomaattiuute kosteuttaa ja parantaa ihon s\u00e4vy\u00e4.<\/li>\n<li>Kaalin uute sis\u00e4lt\u00e4\u00e4 C-vitamiinia ja parantaa ihon vaurioita.<\/li>\n<li>Porkkanauute kosteuttaa ja antaa iholle kimmoisuutta.<\/li>\n<li>Selleriuute antaa iholle A- ja C-vitamiinit sek\u00e4 kosteuttaa ihoa.<\/li>\n<li>Parsakaalin uute stimuloi kollageenin synteesi.<\/li>\n<li>Tavallisen riisin uute parantaa ihon rakennetta ja kosteuttaa.<\/li>\n<\/ul>","protected":false},"excerpt":{"rendered":"<p>Ammattilaisk\u00e4ytt\u00f6\u00f6n suunniteltu voide, joka auttaa v\u00e4hent\u00e4m\u00e4\u00e4n ihon herkkyytt\u00e4, kutinaa, punoitusta, kuivuutta ja ik\u00e4\u00e4ntymisen merkkej\u00e4.<\/p>\n<p>&nbsp;<\/p>\n<p>200 ml<\/p>","protected":false},"featured_media":1447,"comment_status":"open","ping_status":"closed","template":"","meta":{"_uag_custom_page_level_css":"","site-sidebar-layout":"default","site-content-layout":"","ast-site-content-layout":"default","site-content-style":"default","site-sidebar-style":"default","ast-global-header-display":"","ast-banner-title-visibility":"","ast-main-header-display":"","ast-hfb-above-header-display":"","ast-hfb-below-header-display":"","ast-hfb-mobile-header-display":"","site-post-title":"","ast-breadcrumbs-content":"","ast-featured-img":"","footer-sml-layout":"","ast-disable-related-posts":"","theme-transparent-header-meta":"default","adv-header-id-meta":"","stick-header-meta":"","header-above-stick-meta":"","header-main-stick-meta":"","header-below-stick-meta":"","astra-migrate-meta-layouts":"set","ast-page-background-enabled":"default","ast-page-background-meta":{"desktop":{"background-color":"var(--ast-global-color-4)","background-image":"","background-repeat":"repeat","background-position":"center center","background-size":"auto","background-attachment":"scroll","background-type":"","background-media":"","overlay-type":"","overlay-color":"","overlay-opacity":"","overlay-gradient":""},"tablet":{"background-color":"","background-image":"","background-repeat":"repeat","background-position":"center center","background-size":"auto","background-attachment":"scroll","background-type":"","background-media":"","overlay-type":"","overlay-color":"","overlay-opacity":"","overlay-gradient":""},"mobile":{"background-color":"","background-image":"","background-repeat":"repeat","background-position":"center center","background-size":"auto","background-attachment":"scroll","background-type":"","background-media":"","overlay-type":"","overlay-color":"","overlay-opacity":"","overlay-gradient":""}},"ast-content-background-meta":{"desktop":{"background-color":"var(--ast-global-color-5)","background-image":"","background-repeat":"repeat","background-position":"center center","background-size":"auto","background-attachment":"scroll","background-type":"","background-media":"","overlay-type":"","overlay-color":"","overlay-opacity":"","overlay-gradient":""},"tablet":{"background-color":"var(--ast-global-color-5)","background-image":"","background-repeat":"repeat","background-position":"center center","background-size":"auto","background-attachment":"scroll","background-type":"","background-media":"","overlay-type":"","overlay-color":"","overlay-opacity":"","overlay-gradient":""},"mobile":{"background-color":"var(--ast-global-color-5)","background-image":"","background-repeat":"repeat","background-position":"center center","background-size":"auto","background-attachment":"scroll","background-type":"","background-media":"","overlay-type":"","overlay-color":"","overlay-opacity":"","overlay-gradient":""}}},"product_brand":[],"product_cat":[96,97,74],"product_tag":[],"class_list":{"0":"post-1541","1":"product","2":"type-product","3":"status-publish","4":"has-post-thumbnail","6":"product_cat-brands","7":"product_cat-naole","8":"product_cat-oxygen-ceuticals","9":"desktop-align-left","10":"tablet-align-left","11":"mobile-align-left","13":"first","14":"instock","15":"taxable","16":"shipping-taxable","17":"product-type-simple","18":"add-to-wishlist-before_image"},"uagb_featured_image_src":{"full":["https:\/\/kosmeetika24.com\/wp-content\/uploads\/2023\/10\/cell-couperose-pro.jpg",600,600,false],"thumbnail":["https:\/\/kosmeetika24.com\/wp-content\/uploads\/2023\/10\/cell-couperose-pro-150x150.jpg",150,150,true],"medium":["https:\/\/kosmeetika24.com\/wp-content\/uploads\/2023\/10\/cell-couperose-pro-300x300.jpg",300,300,true],"medium_large":["https:\/\/kosmeetika24.com\/wp-content\/uploads\/2023\/10\/cell-couperose-pro.jpg",600,600,false],"large":["https:\/\/kosmeetika24.com\/wp-content\/uploads\/2023\/10\/cell-couperose-pro.jpg",600,600,false],"1536x1536":["https:\/\/kosmeetika24.com\/wp-content\/uploads\/2023\/10\/cell-couperose-pro.jpg",600,600,false],"2048x2048":["https:\/\/kosmeetika24.com\/wp-content\/uploads\/2023\/10\/cell-couperose-pro.jpg",600,600,false],"trp-custom-language-flag":["https:\/\/kosmeetika24.com\/wp-content\/uploads\/2023\/10\/cell-couperose-pro-12x12.jpg",12,12,true],"woocommerce_thumbnail":["https:\/\/kosmeetika24.com\/wp-content\/uploads\/2023\/10\/cell-couperose-pro-300x300.jpg",300,300,true],"woocommerce_single":["https:\/\/kosmeetika24.com\/wp-content\/uploads\/2023\/10\/cell-couperose-pro-500x500.jpg",500,500,true],"woocommerce_gallery_thumbnail":["https:\/\/kosmeetika24.com\/wp-content\/uploads\/2023\/10\/cell-couperose-pro-100x100.jpg",100,100,true]},"uagb_author_info":{"display_name":"admin","author_link":"https:\/\/kosmeetika24.com\/fi\/author\/"},"uagb_comment_info":0,"uagb_excerpt":"Professionaalseks kasutamiseks m\u00f5eldud kreem aitab v\u00e4hendada naha tundlikkust, s\u00fcgelust, punetust, kuivust ja vananemise m\u00e4rke. &nbsp; 200 ml","_links":{"self":[{"href":"https:\/\/kosmeetika24.com\/fi\/wp-json\/wp\/v2\/product\/1541","targetHints":{"allow":["GET"]}}],"collection":[{"href":"https:\/\/kosmeetika24.com\/fi\/wp-json\/wp\/v2\/product"}],"about":[{"href":"https:\/\/kosmeetika24.com\/fi\/wp-json\/wp\/v2\/types\/product"}],"replies":[{"embeddable":true,"href":"https:\/\/kosmeetika24.com\/fi\/wp-json\/wp\/v2\/comments?post=1541"}],"version-history":[{"count":1,"href":"https:\/\/kosmeetika24.com\/fi\/wp-json\/wp\/v2\/product\/1541\/revisions"}],"predecessor-version":[{"id":4567,"href":"https:\/\/kosmeetika24.com\/fi\/wp-json\/wp\/v2\/product\/1541\/revisions\/4567"}],"wp:featuredmedia":[{"embeddable":true,"href":"https:\/\/kosmeetika24.com\/fi\/wp-json\/wp\/v2\/media\/1447"}],"wp:attachment":[{"href":"https:\/\/kosmeetika24.com\/fi\/wp-json\/wp\/v2\/media?parent=1541"}],"wp:term":[{"taxonomy":"product_brand","embeddable":true,"href":"https:\/\/kosmeetika24.com\/fi\/wp-json\/wp\/v2\/product_brand?post=1541"},{"taxonomy":"product_cat","embeddable":true,"href":"https:\/\/kosmeetika24.com\/fi\/wp-json\/wp\/v2\/product_cat?post=1541"},{"taxonomy":"product_tag","embeddable":true,"href":"https:\/\/kosmeetika24.com\/fi\/wp-json\/wp\/v2\/product_tag?post=1541"}],"curies":[{"name":"wp","href":"https:\/\/api.w.org\/{rel}","templated":true}]}}