{"id":1540,"date":"2024-01-22T13:08:41","date_gmt":"2024-01-22T13:08:41","guid":{"rendered":"https:\/\/kosmeetika24.com\/?post_type=product&#038;p=1540"},"modified":"2025-07-02T09:44:35","modified_gmt":"2025-07-02T06:44:35","slug":"oxygen-ceuticals-intensiivselt-niisutav-kreem","status":"publish","type":"product","link":"https:\/\/kosmeetika24.com\/fi\/tuote\/oxygen-ceuticals-intensiivselt-niisutav-kreem\/","title":{"rendered":"OXYGEN CEUTICALS Intensiivisesti kosteuttava voide"},"content":{"rendered":"<p class=\"translation-block\">Kosteuttava voide <em>Hydrating Cream<\/em> tekee ihosta nuorekkaamman ja s\u00e4teilev\u00e4mm\u00e4n, lis\u00e4\u00e4 solujen kasvua ja kollageenin synteesi\u00e4. Se palauttaa ihon kosteustasapainon, parantaa kimmoisuutta ja taistelee pigmenttil\u00e4iski\u00e4 vastaan.<\/p>\n<p>Sopii kaikille ihotyypeille, erityisesti kuivalle ja ik\u00e4\u00e4ntyv\u00e4lle iholle, atooppiselle ja psoriaasin oireista k\u00e4rsiv\u00e4lle iholle sek\u00e4 samealle, stressaantuneelle iholle.<\/p>\n<p><strong>VAIKUTTAVAT AINEET<\/strong><\/p>\n<ul>\n<li>Vihre\u00e4n teen uutehdas<\/li>\n<li>Allantoiini<\/li>\n<li>E-vitamiini<\/li>\n<li>Etanasekreetti<\/li>\n<li>Aprikoosinsiemen\u00f6ljy<\/li>\n<li>Natriumhyaluronaatti<\/li>\n<li>Niasiiniamidi<\/li>\n<li>B-vitamiini<\/li>\n<li>Lumialppit\u00e4hti uute<\/li>\n<li>Beeriini<\/li>\n<\/ul>\n<p><strong>Vaikutus<\/strong><\/p>\n<ul>\n<li>Vihre\u00e4n teen uutehdas, sen erinomaisilla rauhoittavilla ominaisuuksilla, auttaa suojaamaan ihoa.<\/li>\n<li>Allantoiini on tulehdusta ehk\u00e4isevi\u00e4 ominaisuuksia, se rauhoittaa ihon \u00e4rsytyst\u00e4, kosteuttaa, silottaa ja palauttaa ihoa.<\/li>\n<li>E-vitamiini asetaatti palauttaa ihon tekstuurin ja kirkastaa ihoa.<\/li>\n<li>Etanasekreetti suojaa, kosteuttaa ja parantaa ihon kimmoisuutta, ja sill\u00e4 on my\u00f6s vaikutusta pigmentaatioon ja arpien v\u00e4hent\u00e4miseen.<\/li>\n<li>Aprikoosinsiemen\u00f6ljy v\u00e4hent\u00e4\u00e4 kutinaa, rauhoittaa, ravitsee ja kirkastaa ihoa.<\/li>\n<li>Natriumhyaluronaatti on luonnollinen kosteuttaja, joka kosteuttaa ihoa tukkimatta huokosia.<\/li>\n<li>Niasiiniamidi palauttaa ihon s\u00e4vyn ja suojabarri\u00e4\u00e4rin.<\/li>\n<li>B3-vitamiinilla on valkaiseva vaikutus, se palauttaa ihon s\u00e4vyn ja est\u00e4\u00e4 liiallisen pigmentin muodostumista.<\/li>\n<li>Edelweiss-uute kosteuttaa, rauhoittaa ja suojaa ihoa, edist\u00e4en kollageenin tuotantoa.<\/li>\n<li>Beeriini: aminohappojen luonnollinen kosteuttava tekij\u00e4.<\/li>\n<\/ul>\n<p><strong>Ainesosat <\/strong><\/p>\n<p>Water, Dipropylene Glycol, Glycerin, Cetearyl Alcohol, Cetyl Ethylhexanoate, 1,2-Hexanediol, C12-15 Alkyl Benzoate, Macadamia Ternifolia Seed Oil, Limnanthes Alba (Meadowfoam) Seed Oil, Beeswax, Niacinamide, Glyceryl Stearate, Dimethicone, Betaine, Oxygen, Cetearyl Glucoside, Sodium Hyaluronate, Leontopodium Alpinum Callus Culture Extract, Acetyl Hexapeptide-8, Portulaca Oleracea Extract, Sclerotium Gum, Camellia Sinensis Leaf Extract, Allantoin, Tocopheryl Acetate, Butylene Glycol, Sodium Polyacrylate, Polyacrylate-13, Polyisobutene, Polysorbate 20, Sorbitan Isostearate, Ethylhexylglycerin, Parfum<\/p>","protected":false},"excerpt":{"rendered":"<p>Ammattilaisk\u00e4ytt\u00f6\u00f6n suunniteltu voide, joka taistelee pigmenttil\u00e4iski\u00e4 vastaan, tehden ihosta nuorekkaamman ja s\u00e4teilev\u00e4mm\u00e4n.<\/p>\n<p>200 ml<\/p>","protected":false},"featured_media":1460,"comment_status":"open","ping_status":"closed","template":"","meta":{"_uag_custom_page_level_css":"","site-sidebar-layout":"default","site-content-layout":"","ast-site-content-layout":"default","site-content-style":"default","site-sidebar-style":"default","ast-global-header-display":"","ast-banner-title-visibility":"","ast-main-header-display":"","ast-hfb-above-header-display":"","ast-hfb-below-header-display":"","ast-hfb-mobile-header-display":"","site-post-title":"","ast-breadcrumbs-content":"","ast-featured-img":"","footer-sml-layout":"","ast-disable-related-posts":"","theme-transparent-header-meta":"default","adv-header-id-meta":"","stick-header-meta":"","header-above-stick-meta":"","header-main-stick-meta":"","header-below-stick-meta":"","astra-migrate-meta-layouts":"set","ast-page-background-enabled":"default","ast-page-background-meta":{"desktop":{"background-color":"var(--ast-global-color-4)","background-image":"","background-repeat":"repeat","background-position":"center center","background-size":"auto","background-attachment":"scroll","background-type":"","background-media":"","overlay-type":"","overlay-color":"","overlay-opacity":"","overlay-gradient":""},"tablet":{"background-color":"","background-image":"","background-repeat":"repeat","background-position":"center center","background-size":"auto","background-attachment":"scroll","background-type":"","background-media":"","overlay-type":"","overlay-color":"","overlay-opacity":"","overlay-gradient":""},"mobile":{"background-color":"","background-image":"","background-repeat":"repeat","background-position":"center center","background-size":"auto","background-attachment":"scroll","background-type":"","background-media":"","overlay-type":"","overlay-color":"","overlay-opacity":"","overlay-gradient":""}},"ast-content-background-meta":{"desktop":{"background-color":"var(--ast-global-color-5)","background-image":"","background-repeat":"repeat","background-position":"center center","background-size":"auto","background-attachment":"scroll","background-type":"","background-media":"","overlay-type":"","overlay-color":"","overlay-opacity":"","overlay-gradient":""},"tablet":{"background-color":"var(--ast-global-color-5)","background-image":"","background-repeat":"repeat","background-position":"center center","background-size":"auto","background-attachment":"scroll","background-type":"","background-media":"","overlay-type":"","overlay-color":"","overlay-opacity":"","overlay-gradient":""},"mobile":{"background-color":"var(--ast-global-color-5)","background-image":"","background-repeat":"repeat","background-position":"center center","background-size":"auto","background-attachment":"scroll","background-type":"","background-media":"","overlay-type":"","overlay-color":"","overlay-opacity":"","overlay-gradient":""}}},"product_brand":[],"product_cat":[96,97,74],"product_tag":[],"class_list":{"0":"post-1540","1":"product","2":"type-product","3":"status-publish","4":"has-post-thumbnail","6":"product_cat-brands","7":"product_cat-naole","8":"product_cat-oxygen-ceuticals","9":"desktop-align-left","10":"tablet-align-left","11":"mobile-align-left","13":"first","14":"instock","15":"taxable","16":"shipping-taxable","17":"product-type-simple","18":"add-to-wishlist-before_image"},"uagb_featured_image_src":{"full":["https:\/\/kosmeetika24.com\/wp-content\/uploads\/2023\/10\/hydrating-pro.jpg",600,600,false],"thumbnail":["https:\/\/kosmeetika24.com\/wp-content\/uploads\/2023\/10\/hydrating-pro-150x150.jpg",150,150,true],"medium":["https:\/\/kosmeetika24.com\/wp-content\/uploads\/2023\/10\/hydrating-pro-300x300.jpg",300,300,true],"medium_large":["https:\/\/kosmeetika24.com\/wp-content\/uploads\/2023\/10\/hydrating-pro.jpg",600,600,false],"large":["https:\/\/kosmeetika24.com\/wp-content\/uploads\/2023\/10\/hydrating-pro.jpg",600,600,false],"1536x1536":["https:\/\/kosmeetika24.com\/wp-content\/uploads\/2023\/10\/hydrating-pro.jpg",600,600,false],"2048x2048":["https:\/\/kosmeetika24.com\/wp-content\/uploads\/2023\/10\/hydrating-pro.jpg",600,600,false],"trp-custom-language-flag":["https:\/\/kosmeetika24.com\/wp-content\/uploads\/2023\/10\/hydrating-pro-12x12.jpg",12,12,true],"woocommerce_thumbnail":["https:\/\/kosmeetika24.com\/wp-content\/uploads\/2023\/10\/hydrating-pro-300x300.jpg",300,300,true],"woocommerce_single":["https:\/\/kosmeetika24.com\/wp-content\/uploads\/2023\/10\/hydrating-pro-500x500.jpg",500,500,true],"woocommerce_gallery_thumbnail":["https:\/\/kosmeetika24.com\/wp-content\/uploads\/2023\/10\/hydrating-pro-100x100.jpg",100,100,true]},"uagb_author_info":{"display_name":"admin","author_link":"https:\/\/kosmeetika24.com\/fi\/author\/"},"uagb_comment_info":0,"uagb_excerpt":"Professionaalseks kasutamiseks m\u00f5eldud kreem v\u00f5itleb pigmendilaikudega, muudab naha nooruslikumaks ja s\u00e4ravamaks. 200 ml","_links":{"self":[{"href":"https:\/\/kosmeetika24.com\/fi\/wp-json\/wp\/v2\/product\/1540","targetHints":{"allow":["GET"]}}],"collection":[{"href":"https:\/\/kosmeetika24.com\/fi\/wp-json\/wp\/v2\/product"}],"about":[{"href":"https:\/\/kosmeetika24.com\/fi\/wp-json\/wp\/v2\/types\/product"}],"replies":[{"embeddable":true,"href":"https:\/\/kosmeetika24.com\/fi\/wp-json\/wp\/v2\/comments?post=1540"}],"version-history":[{"count":3,"href":"https:\/\/kosmeetika24.com\/fi\/wp-json\/wp\/v2\/product\/1540\/revisions"}],"predecessor-version":[{"id":5351,"href":"https:\/\/kosmeetika24.com\/fi\/wp-json\/wp\/v2\/product\/1540\/revisions\/5351"}],"wp:featuredmedia":[{"embeddable":true,"href":"https:\/\/kosmeetika24.com\/fi\/wp-json\/wp\/v2\/media\/1460"}],"wp:attachment":[{"href":"https:\/\/kosmeetika24.com\/fi\/wp-json\/wp\/v2\/media?parent=1540"}],"wp:term":[{"taxonomy":"product_brand","embeddable":true,"href":"https:\/\/kosmeetika24.com\/fi\/wp-json\/wp\/v2\/product_brand?post=1540"},{"taxonomy":"product_cat","embeddable":true,"href":"https:\/\/kosmeetika24.com\/fi\/wp-json\/wp\/v2\/product_cat?post=1540"},{"taxonomy":"product_tag","embeddable":true,"href":"https:\/\/kosmeetika24.com\/fi\/wp-json\/wp\/v2\/product_tag?post=1540"}],"curies":[{"name":"wp","href":"https:\/\/api.w.org\/{rel}","templated":true}]}}