{"id":1539,"date":"2024-01-22T13:06:08","date_gmt":"2024-01-22T13:06:08","guid":{"rendered":"https:\/\/kosmeetika24.com\/?post_type=product&#038;p=1539"},"modified":"2025-07-02T09:44:45","modified_gmt":"2025-07-02T06:44:45","slug":"oxygen-ceuticals-antioksudantne-vananemisvastane-kreem","status":"publish","type":"product","link":"https:\/\/kosmeetika24.com\/fi\/tuote\/oxygen-ceuticals-antioksudantne-vananemisvastane-kreem\/","title":{"rendered":"OXYGEN CEUTICALS Antioksidanttinen ik\u00e4\u00e4ntymist\u00e4 est\u00e4v\u00e4 voide"},"content":{"rendered":"<p>Ik\u00e4\u00e4ntymist\u00e4 ehk\u00e4isev\u00e4 kevyt <em>Anti-Oxidant Cream<\/em> kosteuttaa, suojaa ihoa vapailta radikaaleilta, tasoittaa ihon s\u00e4vy\u00e4 ja antaa soluillle elinvoimaa. Se j\u00e4tt\u00e4\u00e4 iholle samettisen, raikkaan ja kosteutetun tunteen.<\/p>\n<p>Ihanteellinen ik\u00e4\u00e4ntyv\u00e4lle, samealle ja elottomalle iholle.<\/p>\n<p><strong>VAIKUTTAVAT AINEET<\/strong><\/p>\n<ul>\n<li>Peptidit<\/li>\n<li>Adenosiini<\/li>\n<li>Tomaattiuute<\/li>\n<li>Skvalaani<\/li>\n<li>Likopeni<\/li>\n<li>Sh-Oligopeptidi-1<\/li>\n<li>Happi<\/li>\n<\/ul>\n<p><strong>Vaikutus<\/strong><\/p>\n<ul>\n<li>Peptidit hidastavat ik\u00e4\u00e4ntymisprosessia ja auttavat silottamaan jo olemassa olevia ryppyj\u00e4.<\/li>\n<li>\u0410\u0434\u0435\u043d\u043e\u0437\u0438\u043d \u0432\u043e\u0441\u0441\u0442\u0430\u043d\u0430\u0432\u043b\u0438\u0432\u0430\u0435\u0442 \u0443\u0441\u0442\u0430\u043b\u0443\u044e \u043a\u043e\u0436\u0443 \u0438 \u043f\u043e\u0432\u044b\u0448\u0430\u0435\u0442 \u0435\u0451 \u044d\u043b\u0430\u0441\u0442\u0438\u0447\u043d\u043e\u0441\u0442\u044c.<\/li>\n<li>Tomaattiuute kosteuttaa ja parantaa ihon s\u00e4vy\u00e4.<\/li>\n<li>Skvalaani tukee ihon suojaavaa toimintoa. J\u00e4tt\u00e4\u00e4 ihon pehme\u00e4ksi ja silkkiseksi.<\/li>\n<li>Likopene on luonnollinen antioksidantti, joka vastaa hyv\u00e4n mielialan yll\u00e4pidosta ja est\u00e4\u00e4 pigmenttit\u00e4plien muodostumista. Se auttaa palauttamaan vaurioitunutta ja herk\u00e4\u00e4 ihoa sek\u00e4 antaa elinvoimaa ja elastisuutta v\u00e4syneelle iholle.<\/li>\n<li>Sh-Oligopeptidi-1 lis\u00e4\u00e4 ihon paranemisen ja uusiutumisen nopeutta sek\u00e4 hidastaa ik\u00e4\u00e4ntyv\u00e4n ihon ohentumista, v\u00e4hent\u00e4en n\u00e4in ryppyj\u00e4.<\/li>\n<li>Happi taistelee ik\u00e4\u00e4ntymisen n\u00e4kyvi\u00e4 merkkej\u00e4 vastaan, jotka johtuvat hapen huonosta liikkumisesta ihonalaisten hiussuonien ja ihon pintakerrosten v\u00e4lill\u00e4. Se stimuloi suoraan kollageenin ja elastaanin synteesi\u00e4 ihossa ja sill\u00e4 on tulehdusta est\u00e4v\u00e4 vaikutus.<\/li>\n<\/ul>\n<p><strong>Ainesosat<\/strong><\/p>\n<p>Water, Glycerin, Dipropylene Glycol, Cetearyl Alcohol, Cetyl Ethylhexanoate, Cyclopentasiloxane, Squalane, Limnanthes Alba (Meadowfoam) Seed Oil, Dimethicone, Cyclohexasiloxane, 1,2-Hexanediol, Beeswax, Butylene Glycol, Cetearyl Glucoside, Xanthan Gum, Dipotassium Glycyrrhizate, Carbomer, Betaine, Arginine, Glycosyl Trehalose, Leontopodium Alpinum Callus Culture Extract, Hydrogenated Starch Hydrolysate, PEG-100 Stearate, Glyceryl Stearate, Dimethicone\/Vinyl Dimethicone Crosspolymer, Disodium EDTA, Oxygen, Adenosine, Sodium Hyaluronate, Terminalia Chebula Fruit Extract, Paeonia Suffruticosa Root Extract, Dryopteris Filix-Mas Root Extract, Alpinia Officinarum Root Extract, Ethylhexylglycerin, Acetyl Hexapeptide-8.<\/p>","protected":false},"excerpt":{"rendered":"<p>Ammattilaisk\u00e4ytt\u00f6\u00f6n tarkoitettu antioksidanttinen ik\u00e4\u00e4ntymist\u00e4 est\u00e4v\u00e4 p\u00e4iv\u00e4voide kosteuttaa, suojaa ihoa vapailta radikaaleilta, tasoittaa ihon s\u00e4vy\u00e4 ja antaa soluille elinvoimaa.<\/p>\n<p>250 ml<\/p>","protected":false},"featured_media":1441,"comment_status":"open","ping_status":"closed","template":"","meta":{"_uag_custom_page_level_css":"","site-sidebar-layout":"default","site-content-layout":"","ast-site-content-layout":"default","site-content-style":"default","site-sidebar-style":"default","ast-global-header-display":"","ast-banner-title-visibility":"","ast-main-header-display":"","ast-hfb-above-header-display":"","ast-hfb-below-header-display":"","ast-hfb-mobile-header-display":"","site-post-title":"","ast-breadcrumbs-content":"","ast-featured-img":"","footer-sml-layout":"","ast-disable-related-posts":"","theme-transparent-header-meta":"default","adv-header-id-meta":"","stick-header-meta":"","header-above-stick-meta":"","header-main-stick-meta":"","header-below-stick-meta":"","astra-migrate-meta-layouts":"set","ast-page-background-enabled":"default","ast-page-background-meta":{"desktop":{"background-color":"var(--ast-global-color-4)","background-image":"","background-repeat":"repeat","background-position":"center center","background-size":"auto","background-attachment":"scroll","background-type":"","background-media":"","overlay-type":"","overlay-color":"","overlay-opacity":"","overlay-gradient":""},"tablet":{"background-color":"","background-image":"","background-repeat":"repeat","background-position":"center center","background-size":"auto","background-attachment":"scroll","background-type":"","background-media":"","overlay-type":"","overlay-color":"","overlay-opacity":"","overlay-gradient":""},"mobile":{"background-color":"","background-image":"","background-repeat":"repeat","background-position":"center center","background-size":"auto","background-attachment":"scroll","background-type":"","background-media":"","overlay-type":"","overlay-color":"","overlay-opacity":"","overlay-gradient":""}},"ast-content-background-meta":{"desktop":{"background-color":"var(--ast-global-color-5)","background-image":"","background-repeat":"repeat","background-position":"center center","background-size":"auto","background-attachment":"scroll","background-type":"","background-media":"","overlay-type":"","overlay-color":"","overlay-opacity":"","overlay-gradient":""},"tablet":{"background-color":"var(--ast-global-color-5)","background-image":"","background-repeat":"repeat","background-position":"center center","background-size":"auto","background-attachment":"scroll","background-type":"","background-media":"","overlay-type":"","overlay-color":"","overlay-opacity":"","overlay-gradient":""},"mobile":{"background-color":"var(--ast-global-color-5)","background-image":"","background-repeat":"repeat","background-position":"center center","background-size":"auto","background-attachment":"scroll","background-type":"","background-media":"","overlay-type":"","overlay-color":"","overlay-opacity":"","overlay-gradient":""}}},"product_brand":[],"product_cat":[96,97,74],"product_tag":[],"class_list":{"0":"post-1539","1":"product","2":"type-product","3":"status-publish","4":"has-post-thumbnail","6":"product_cat-brands","7":"product_cat-naole","8":"product_cat-oxygen-ceuticals","9":"desktop-align-left","10":"tablet-align-left","11":"mobile-align-left","13":"first","14":"instock","15":"taxable","16":"shipping-taxable","17":"product-type-simple","18":"add-to-wishlist-before_image"},"uagb_featured_image_src":{"full":["https:\/\/kosmeetika24.com\/wp-content\/uploads\/2023\/10\/antioxy.jpg",600,600,false],"thumbnail":["https:\/\/kosmeetika24.com\/wp-content\/uploads\/2023\/10\/antioxy-150x150.jpg",150,150,true],"medium":["https:\/\/kosmeetika24.com\/wp-content\/uploads\/2023\/10\/antioxy-300x300.jpg",300,300,true],"medium_large":["https:\/\/kosmeetika24.com\/wp-content\/uploads\/2023\/10\/antioxy.jpg",600,600,false],"large":["https:\/\/kosmeetika24.com\/wp-content\/uploads\/2023\/10\/antioxy.jpg",600,600,false],"1536x1536":["https:\/\/kosmeetika24.com\/wp-content\/uploads\/2023\/10\/antioxy.jpg",600,600,false],"2048x2048":["https:\/\/kosmeetika24.com\/wp-content\/uploads\/2023\/10\/antioxy.jpg",600,600,false],"trp-custom-language-flag":["https:\/\/kosmeetika24.com\/wp-content\/uploads\/2023\/10\/antioxy-12x12.jpg",12,12,true],"woocommerce_thumbnail":["https:\/\/kosmeetika24.com\/wp-content\/uploads\/2023\/10\/antioxy-300x300.jpg",300,300,true],"woocommerce_single":["https:\/\/kosmeetika24.com\/wp-content\/uploads\/2023\/10\/antioxy-500x500.jpg",500,500,true],"woocommerce_gallery_thumbnail":["https:\/\/kosmeetika24.com\/wp-content\/uploads\/2023\/10\/antioxy-100x100.jpg",100,100,true]},"uagb_author_info":{"display_name":"admin","author_link":"https:\/\/kosmeetika24.com\/fi\/author\/"},"uagb_comment_info":0,"uagb_excerpt":"Professionaalseks kasutamiseks m\u00f5eldud antiks\u00fcdantse toimega vananemisvastane p\u00e4evakreem niisutab, kaitseb nahka vabade radikaalide eest, muudab nahatooni \u00fchtlasemaks ja annab rakkudele eluj\u00f5udu. 250 ml","_links":{"self":[{"href":"https:\/\/kosmeetika24.com\/fi\/wp-json\/wp\/v2\/product\/1539","targetHints":{"allow":["GET"]}}],"collection":[{"href":"https:\/\/kosmeetika24.com\/fi\/wp-json\/wp\/v2\/product"}],"about":[{"href":"https:\/\/kosmeetika24.com\/fi\/wp-json\/wp\/v2\/types\/product"}],"replies":[{"embeddable":true,"href":"https:\/\/kosmeetika24.com\/fi\/wp-json\/wp\/v2\/comments?post=1539"}],"version-history":[{"count":2,"href":"https:\/\/kosmeetika24.com\/fi\/wp-json\/wp\/v2\/product\/1539\/revisions"}],"predecessor-version":[{"id":5352,"href":"https:\/\/kosmeetika24.com\/fi\/wp-json\/wp\/v2\/product\/1539\/revisions\/5352"}],"wp:featuredmedia":[{"embeddable":true,"href":"https:\/\/kosmeetika24.com\/fi\/wp-json\/wp\/v2\/media\/1441"}],"wp:attachment":[{"href":"https:\/\/kosmeetika24.com\/fi\/wp-json\/wp\/v2\/media?parent=1539"}],"wp:term":[{"taxonomy":"product_brand","embeddable":true,"href":"https:\/\/kosmeetika24.com\/fi\/wp-json\/wp\/v2\/product_brand?post=1539"},{"taxonomy":"product_cat","embeddable":true,"href":"https:\/\/kosmeetika24.com\/fi\/wp-json\/wp\/v2\/product_cat?post=1539"},{"taxonomy":"product_tag","embeddable":true,"href":"https:\/\/kosmeetika24.com\/fi\/wp-json\/wp\/v2\/product_tag?post=1539"}],"curies":[{"name":"wp","href":"https:\/\/api.w.org\/{rel}","templated":true}]}}