{"id":1537,"date":"2024-01-22T13:13:22","date_gmt":"2024-01-22T13:13:22","guid":{"rendered":"https:\/\/kosmeetika24.com\/?post_type=product&#038;p=1537"},"modified":"2025-12-23T12:54:18","modified_gmt":"2025-12-23T09:54:18","slug":"oxygen-ceuticals-valgendav-seerum","status":"publish","type":"product","link":"https:\/\/kosmeetika24.com\/fi\/tuote\/oxygen-ceuticals-valgendav-seerum\/","title":{"rendered":"OXYGEN CEUTICALS kirkastava seerumi"},"content":{"rendered":"<p class=\"translation-block\">Vaalentava seerumin <em>Fermented Fluid<\/em> est\u00e4\u00e4 melaniinin tuotantoa ja vaalentaa tummia laikkuja iholla, tehostaa solujen uudistumista ja tasoittaa ihon s\u00e4vy\u00e4. Se antaa sile\u00e4n ja terveen n\u00e4k\u00f6isen ihon sek\u00e4 auttaa suojaamaan ihoa vapailta radikaaleilta.<\/p>\n<p>Sopii kaikille ihotyypeille, erityisesti herk\u00e4lle ja \u00e4rtyneelle, pigmentoituneelle ja ik\u00e4\u00e4ntyv\u00e4lle iholle.<\/p>\n<p><strong>VAIKUTTAVAT AINEET<\/strong><\/p>\n<ul>\n<li>Fruktaan<\/li>\n<li>Arbutiini<\/li>\n<li>Yleinen portulakka<\/li>\n<li>Aasianvesinaba<\/li>\n<li>Natrium PCA<\/li>\n<li>Lakritsijuuriuute<\/li>\n<li>Happi<\/li>\n<\/ul>\n<p><strong>Vaikutus<\/strong><\/p>\n<ul>\n<li>Fruktaanin ainesosat auttavat est\u00e4m\u00e4\u00e4n kuivuuden ja lis\u00e4\u00e4m\u00e4\u00e4n ihon kosteustasoa.<\/li>\n<li>Fruktaani ja arbutiinin on tehokas ja turvallinen valkaiseva vaikutus.<\/li>\n<li>Yleinen portulakka on rikas antioksidanteista, jotka taistelevat vapaiden radikaalien kanssa, est\u00e4\u00e4 tyrosinaasin aktiivisuutta ja est\u00e4\u00e4 melaniinin synteesi\u00e4. Se v\u00e4hent\u00e4\u00e4 ihon hiussuonia ja lievitt\u00e4\u00e4 kasvojen punoitusta. Suojaa my\u00f6s ihoa auringon s\u00e4teilylt\u00e4.<\/li>\n<li>Aasian vesinavan lehtiuute ekstrakti rauhoittaa vaurioitunutta ihoa ja parantaa sen suojatoimintoja.<\/li>\n<li>Natrium PCA auttaa luomaan sile\u00e4n ihon ja pit\u00e4m\u00e4\u00e4n sen kosteutettuna.<\/li>\n<li>Lakritsijuuriuute kirkastaa; pehment\u00e4\u00e4 ihoa; auttaa pit\u00e4m\u00e4\u00e4n ihon pehme\u00e4n\u00e4, sile\u00e4n\u00e4, elastisena ja terveen\u00e4; tasoittaa ja rauhoittaa ihoa.<\/li>\n<li>Happi taistelee ik\u00e4\u00e4ntymisen n\u00e4kyvi\u00e4 merkkej\u00e4 vastaan, jotka johtuvat hapen huonosta liikkumisesta ihonalaisten hiussuonien ja ihon pintakerrosten v\u00e4lill\u00e4. Se stimuloi suoraan kollageenin ja elastaanin synteesi\u00e4 ihossa ja sill\u00e4 on tulehdusta est\u00e4v\u00e4 vaikutus.<\/li>\n<\/ul>\n<p><strong>Ainesosat<\/strong><\/p>\n<p>Water, Fructan, Propylene Glycol, Methyl Gluceth-20, Arbutin, Glycerin, 1,2-hexanediol, Caprylyl Glycol, Butylene Glycol, Xanthan Gum, Sodium PCA, PEG-60 Hydrogenated Castor Oil, Niacinamide, Portulaca Oleracea Extract, Centella Asiatica Leaf Extract, Sodium Hyaluronate, Glyceryl Acrylate\/Acrylic acid Copolymer, PVM\/MA Copolymer, Tocopheryl Acetate, Oxygen, Glycyrrhiza Glabra (Licorice) Root Extract, Prunella Vulgaris Leaf Extract, Polygonum Cuspidatum Root Extract, Gleditsia Australis Fruit Extract, Cnidium Monnieri Fruit Extract, Saccharomyces Ferment, Oryza Sativa (Rice) Extract, Nelumbium Speciosum Flower Extract, Artemisia Annua Extract, CI16035, Fragrance.<\/p>","protected":false},"excerpt":{"rendered":"<p>Ihoa kirkastava vaikutuksen omaava seerumi.<\/p>\n<p>&nbsp;<\/p>","protected":false},"featured_media":1538,"comment_status":"open","ping_status":"closed","template":"","meta":{"_uag_custom_page_level_css":"","site-sidebar-layout":"default","site-content-layout":"","ast-site-content-layout":"default","site-content-style":"default","site-sidebar-style":"default","ast-global-header-display":"","ast-banner-title-visibility":"","ast-main-header-display":"","ast-hfb-above-header-display":"","ast-hfb-below-header-display":"","ast-hfb-mobile-header-display":"","site-post-title":"","ast-breadcrumbs-content":"","ast-featured-img":"","footer-sml-layout":"","ast-disable-related-posts":"","theme-transparent-header-meta":"default","adv-header-id-meta":"","stick-header-meta":"","header-above-stick-meta":"","header-main-stick-meta":"","header-below-stick-meta":"","astra-migrate-meta-layouts":"set","ast-page-background-enabled":"default","ast-page-background-meta":{"desktop":{"background-color":"var(--ast-global-color-4)","background-image":"","background-repeat":"repeat","background-position":"center center","background-size":"auto","background-attachment":"scroll","background-type":"","background-media":"","overlay-type":"","overlay-color":"","overlay-opacity":"","overlay-gradient":""},"tablet":{"background-color":"","background-image":"","background-repeat":"repeat","background-position":"center center","background-size":"auto","background-attachment":"scroll","background-type":"","background-media":"","overlay-type":"","overlay-color":"","overlay-opacity":"","overlay-gradient":""},"mobile":{"background-color":"","background-image":"","background-repeat":"repeat","background-position":"center center","background-size":"auto","background-attachment":"scroll","background-type":"","background-media":"","overlay-type":"","overlay-color":"","overlay-opacity":"","overlay-gradient":""}},"ast-content-background-meta":{"desktop":{"background-color":"var(--ast-global-color-5)","background-image":"","background-repeat":"repeat","background-position":"center center","background-size":"auto","background-attachment":"scroll","background-type":"","background-media":"","overlay-type":"","overlay-color":"","overlay-opacity":"","overlay-gradient":""},"tablet":{"background-color":"var(--ast-global-color-5)","background-image":"","background-repeat":"repeat","background-position":"center center","background-size":"auto","background-attachment":"scroll","background-type":"","background-media":"","overlay-type":"","overlay-color":"","overlay-opacity":"","overlay-gradient":""},"mobile":{"background-color":"var(--ast-global-color-5)","background-image":"","background-repeat":"repeat","background-position":"center center","background-size":"auto","background-attachment":"scroll","background-type":"","background-media":"","overlay-type":"","overlay-color":"","overlay-opacity":"","overlay-gradient":""}}},"product_brand":[],"product_cat":[96,97,74],"product_tag":[],"class_list":{"0":"post-1537","1":"product","2":"type-product","3":"status-publish","4":"has-post-thumbnail","6":"product_cat-brands","7":"product_cat-naole","8":"product_cat-oxygen-ceuticals","9":"desktop-align-left","10":"tablet-align-left","11":"mobile-align-left","13":"first","14":"instock","15":"taxable","16":"shipping-taxable","17":"product-type-simple","18":"add-to-wishlist-before_image"},"uagb_featured_image_src":{"full":["https:\/\/kosmeetika24.com\/wp-content\/uploads\/2023\/10\/fermented-fluid.jpg",600,600,false],"thumbnail":["https:\/\/kosmeetika24.com\/wp-content\/uploads\/2023\/10\/fermented-fluid-150x150.jpg",150,150,true],"medium":["https:\/\/kosmeetika24.com\/wp-content\/uploads\/2023\/10\/fermented-fluid-300x300.jpg",300,300,true],"medium_large":["https:\/\/kosmeetika24.com\/wp-content\/uploads\/2023\/10\/fermented-fluid.jpg",600,600,false],"large":["https:\/\/kosmeetika24.com\/wp-content\/uploads\/2023\/10\/fermented-fluid.jpg",600,600,false],"1536x1536":["https:\/\/kosmeetika24.com\/wp-content\/uploads\/2023\/10\/fermented-fluid.jpg",600,600,false],"2048x2048":["https:\/\/kosmeetika24.com\/wp-content\/uploads\/2023\/10\/fermented-fluid.jpg",600,600,false],"trp-custom-language-flag":["https:\/\/kosmeetika24.com\/wp-content\/uploads\/2023\/10\/fermented-fluid-12x12.jpg",12,12,true],"woocommerce_thumbnail":["https:\/\/kosmeetika24.com\/wp-content\/uploads\/2023\/10\/fermented-fluid-300x300.jpg",300,300,true],"woocommerce_single":["https:\/\/kosmeetika24.com\/wp-content\/uploads\/2023\/10\/fermented-fluid-500x500.jpg",500,500,true],"woocommerce_gallery_thumbnail":["https:\/\/kosmeetika24.com\/wp-content\/uploads\/2023\/10\/fermented-fluid-100x100.jpg",100,100,true]},"uagb_author_info":{"display_name":"admin","author_link":"https:\/\/kosmeetika24.com\/fi\/author\/"},"uagb_comment_info":0,"uagb_excerpt":"Nahka valgendava funktsiooniga seerum. &nbsp;","_links":{"self":[{"href":"https:\/\/kosmeetika24.com\/fi\/wp-json\/wp\/v2\/product\/1537","targetHints":{"allow":["GET"]}}],"collection":[{"href":"https:\/\/kosmeetika24.com\/fi\/wp-json\/wp\/v2\/product"}],"about":[{"href":"https:\/\/kosmeetika24.com\/fi\/wp-json\/wp\/v2\/types\/product"}],"replies":[{"embeddable":true,"href":"https:\/\/kosmeetika24.com\/fi\/wp-json\/wp\/v2\/comments?post=1537"}],"version-history":[{"count":2,"href":"https:\/\/kosmeetika24.com\/fi\/wp-json\/wp\/v2\/product\/1537\/revisions"}],"predecessor-version":[{"id":5349,"href":"https:\/\/kosmeetika24.com\/fi\/wp-json\/wp\/v2\/product\/1537\/revisions\/5349"}],"wp:featuredmedia":[{"embeddable":true,"href":"https:\/\/kosmeetika24.com\/fi\/wp-json\/wp\/v2\/media\/1538"}],"wp:attachment":[{"href":"https:\/\/kosmeetika24.com\/fi\/wp-json\/wp\/v2\/media?parent=1537"}],"wp:term":[{"taxonomy":"product_brand","embeddable":true,"href":"https:\/\/kosmeetika24.com\/fi\/wp-json\/wp\/v2\/product_brand?post=1537"},{"taxonomy":"product_cat","embeddable":true,"href":"https:\/\/kosmeetika24.com\/fi\/wp-json\/wp\/v2\/product_cat?post=1537"},{"taxonomy":"product_tag","embeddable":true,"href":"https:\/\/kosmeetika24.com\/fi\/wp-json\/wp\/v2\/product_tag?post=1537"}],"curies":[{"name":"wp","href":"https:\/\/api.w.org\/{rel}","templated":true}]}}