{"id":1535,"date":"2024-01-22T13:16:13","date_gmt":"2024-01-22T13:16:13","guid":{"rendered":"https:\/\/kosmeetika24.com\/?post_type=product&#038;p=1535"},"modified":"2025-12-23T12:54:06","modified_gmt":"2025-12-23T09:54:06","slug":"oxygen-ceuticals-vananemisvastane-seerum","status":"publish","type":"product","link":"https:\/\/kosmeetika24.com\/fi\/tuote\/oxygen-ceuticals-vananemisvastane-seerum\/","title":{"rendered":"OXYGEN CEUTICALS ik\u00e4\u00e4ntymist\u00e4 est\u00e4v\u00e4 seerumi"},"content":{"rendered":"<p class=\"translation-block\"><em>Skin Barrier Fluid<\/em> seerumi on ik\u00e4\u00e4ntymist\u00e4 ehk\u00e4isev\u00e4 seerumi, joka on suunniteltu pienien juonteiden v\u00e4hent\u00e4miseksi ja ihon uudistumisprosessien stimuloimiseksi. Koostumuksen tavoitteena on antaa iholle nuorekkaampi ulkon\u00e4k\u00f6.<\/p>\n<p>Sopii kaikille ihotyypeille, erityisesti kuivalle ja ik\u00e4\u00e4ntyv\u00e4lle iholle.<\/p>\n<p><strong>VAIKUTTAVAT AINEET<\/strong><\/p>\n<ul>\n<li>Adenosiini<\/li>\n<li>Natrium PCA<\/li>\n<li>Tavallinen riisi<\/li>\n<li>Hydrolysoitu kollageeni<\/li>\n<li>Happi<\/li>\n<\/ul>\n<p><strong>Vaikutus<\/strong><\/p>\n<ul>\n<li>\u0410\u0434\u0435\u043d\u043e\u0437\u0438\u043d \u0432\u043e\u0441\u0441\u0442\u0430\u043d\u0430\u0432\u043b\u0438\u0432\u0430\u0435\u0442 \u0443\u0441\u0442\u0430\u043b\u0443\u044e \u043a\u043e\u0436\u0443 \u0438 \u043f\u043e\u0432\u044b\u0448\u0430\u0435\u0442 \u0435\u0451 \u044d\u043b\u0430\u0441\u0442\u0438\u0447\u043d\u043e\u0441\u0442\u044c.<\/li>\n<li>Natrium PCA auttaa luomaan sile\u00e4n ihon ja pit\u00e4m\u00e4\u00e4n sen kosteutettuna.<\/li>\n<li>Tavallinen riisi toimii antioksidanttina; auttaa v\u00e4hent\u00e4m\u00e4\u00e4n mikro-organismien aktiivisuutta iholla; auttaa pit\u00e4m\u00e4\u00e4n ihon pehme\u00e4n\u00e4, sile\u00e4n\u00e4, elastisena ja terveen\u00e4.<\/li>\n<li>Adenosiini ja natrium-PCA lis\u00e4\u00e4v\u00e4t ihon kimmoisuutta ja kosteutusta.<\/li>\n<li>Hydrolysoitu kollageeni auttaa ihoa lis\u00e4\u00e4m\u00e4\u00e4n kollageenin tuotantoa ja kollageenin kuitujen tiheytt\u00e4. Ihon s\u00e4vy tasoittuu, iho tulee elastisemmaksi ja hienot juonteet v\u00e4henev\u00e4t.<\/li>\n<li>Happi taistelee ik\u00e4\u00e4ntymisen n\u00e4kyvi\u00e4 merkkej\u00e4 vastaan, jotka johtuvat hapen huonosta liikkumisesta ihonalaisten hiussuonien ja ihon pintakerrosten v\u00e4lill\u00e4. Se stimuloi suoraan kollageenin ja elastaanin synteesi\u00e4 ihossa ja sill\u00e4 on tulehdusta est\u00e4v\u00e4 vaikutus.<\/li>\n<\/ul>\n<p><strong>Ainesosat<\/strong><\/p>\n<p>PEG-8 Caprylic\/Capric Glycerides, Water, Polyglyceryl-6 Isostearate, Propylene Glycol, Isostearyl Isostearate, Cyclopentasiloxane, Cyclohexasiloxane, Sodium PCA, Lonicera Japonica (Honeysuckle) Flower Extract, Pulsatilla Koreana Extract, Sea Salt, Butylene Glycol, Adenosine, Citrus Paradisi (Grapefruit) Fruit Extract, Zanthoxylum Piperitum Fruit Extract, Hydrolyzed collagen, Glycyrrhiza Glabra (Licorice) Root Extract, Oxygen, 1,2-Hexanediol, Hydroxypropyl Bisstearamide MEA, Behenyl Alcohol, Dipropylene Glycol, Aloe Barbadensis Leaf Extract, Althaea Rosea Flower Extract, Ceteareth-20, Cholesteryl Isostearate, Cholesterol, Tricaprylin, Cetearyl Alcohol, Artemisia Annua Extract, Nelumbium Speciosum Flower Extract, Oryza Sativa(Rice) Extract, Saccharomyces Ferment, CI 42090, Stearic Acid, Dimethicone, Squalane, Fragrance.<\/p>","protected":false},"excerpt":{"rendered":"<p>Nuorentava seerumi, joka j\u00e4tt\u00e4\u00e4 ihon pehme\u00e4ksi ja sile\u00e4ksi.<\/p>","protected":false},"featured_media":1536,"comment_status":"open","ping_status":"closed","template":"","meta":{"_uag_custom_page_level_css":"","site-sidebar-layout":"default","site-content-layout":"","ast-site-content-layout":"default","site-content-style":"default","site-sidebar-style":"default","ast-global-header-display":"","ast-banner-title-visibility":"","ast-main-header-display":"","ast-hfb-above-header-display":"","ast-hfb-below-header-display":"","ast-hfb-mobile-header-display":"","site-post-title":"","ast-breadcrumbs-content":"","ast-featured-img":"","footer-sml-layout":"","ast-disable-related-posts":"","theme-transparent-header-meta":"default","adv-header-id-meta":"","stick-header-meta":"","header-above-stick-meta":"","header-main-stick-meta":"","header-below-stick-meta":"","astra-migrate-meta-layouts":"set","ast-page-background-enabled":"default","ast-page-background-meta":{"desktop":{"background-color":"var(--ast-global-color-4)","background-image":"","background-repeat":"repeat","background-position":"center center","background-size":"auto","background-attachment":"scroll","background-type":"","background-media":"","overlay-type":"","overlay-color":"","overlay-opacity":"","overlay-gradient":""},"tablet":{"background-color":"","background-image":"","background-repeat":"repeat","background-position":"center center","background-size":"auto","background-attachment":"scroll","background-type":"","background-media":"","overlay-type":"","overlay-color":"","overlay-opacity":"","overlay-gradient":""},"mobile":{"background-color":"","background-image":"","background-repeat":"repeat","background-position":"center center","background-size":"auto","background-attachment":"scroll","background-type":"","background-media":"","overlay-type":"","overlay-color":"","overlay-opacity":"","overlay-gradient":""}},"ast-content-background-meta":{"desktop":{"background-color":"var(--ast-global-color-5)","background-image":"","background-repeat":"repeat","background-position":"center center","background-size":"auto","background-attachment":"scroll","background-type":"","background-media":"","overlay-type":"","overlay-color":"","overlay-opacity":"","overlay-gradient":""},"tablet":{"background-color":"var(--ast-global-color-5)","background-image":"","background-repeat":"repeat","background-position":"center center","background-size":"auto","background-attachment":"scroll","background-type":"","background-media":"","overlay-type":"","overlay-color":"","overlay-opacity":"","overlay-gradient":""},"mobile":{"background-color":"var(--ast-global-color-5)","background-image":"","background-repeat":"repeat","background-position":"center center","background-size":"auto","background-attachment":"scroll","background-type":"","background-media":"","overlay-type":"","overlay-color":"","overlay-opacity":"","overlay-gradient":""}}},"product_brand":[],"product_cat":[96,97,74],"product_tag":[],"class_list":{"0":"post-1535","1":"product","2":"type-product","3":"status-publish","4":"has-post-thumbnail","6":"product_cat-brands","7":"product_cat-naole","8":"product_cat-oxygen-ceuticals","9":"desktop-align-left","10":"tablet-align-left","11":"mobile-align-left","13":"first","14":"instock","15":"taxable","16":"shipping-taxable","17":"product-type-simple","18":"add-to-wishlist-before_image"},"uagb_featured_image_src":{"full":["https:\/\/kosmeetika24.com\/wp-content\/uploads\/2023\/10\/Skin-Barrier-Fluid.jpg",600,600,false],"thumbnail":["https:\/\/kosmeetika24.com\/wp-content\/uploads\/2023\/10\/Skin-Barrier-Fluid-150x150.jpg",150,150,true],"medium":["https:\/\/kosmeetika24.com\/wp-content\/uploads\/2023\/10\/Skin-Barrier-Fluid-300x300.jpg",300,300,true],"medium_large":["https:\/\/kosmeetika24.com\/wp-content\/uploads\/2023\/10\/Skin-Barrier-Fluid.jpg",600,600,false],"large":["https:\/\/kosmeetika24.com\/wp-content\/uploads\/2023\/10\/Skin-Barrier-Fluid.jpg",600,600,false],"1536x1536":["https:\/\/kosmeetika24.com\/wp-content\/uploads\/2023\/10\/Skin-Barrier-Fluid.jpg",600,600,false],"2048x2048":["https:\/\/kosmeetika24.com\/wp-content\/uploads\/2023\/10\/Skin-Barrier-Fluid.jpg",600,600,false],"trp-custom-language-flag":["https:\/\/kosmeetika24.com\/wp-content\/uploads\/2023\/10\/Skin-Barrier-Fluid-12x12.jpg",12,12,true],"woocommerce_thumbnail":["https:\/\/kosmeetika24.com\/wp-content\/uploads\/2023\/10\/Skin-Barrier-Fluid-300x300.jpg",300,300,true],"woocommerce_single":["https:\/\/kosmeetika24.com\/wp-content\/uploads\/2023\/10\/Skin-Barrier-Fluid-500x500.jpg",500,500,true],"woocommerce_gallery_thumbnail":["https:\/\/kosmeetika24.com\/wp-content\/uploads\/2023\/10\/Skin-Barrier-Fluid-100x100.jpg",100,100,true]},"uagb_author_info":{"display_name":"admin","author_link":"https:\/\/kosmeetika24.com\/fi\/author\/"},"uagb_comment_info":0,"uagb_excerpt":"Noorendav seerum, mis j\u00e4tab naha pehmeks ja siledaks.","_links":{"self":[{"href":"https:\/\/kosmeetika24.com\/fi\/wp-json\/wp\/v2\/product\/1535","targetHints":{"allow":["GET"]}}],"collection":[{"href":"https:\/\/kosmeetika24.com\/fi\/wp-json\/wp\/v2\/product"}],"about":[{"href":"https:\/\/kosmeetika24.com\/fi\/wp-json\/wp\/v2\/types\/product"}],"replies":[{"embeddable":true,"href":"https:\/\/kosmeetika24.com\/fi\/wp-json\/wp\/v2\/comments?post=1535"}],"version-history":[{"count":2,"href":"https:\/\/kosmeetika24.com\/fi\/wp-json\/wp\/v2\/product\/1535\/revisions"}],"predecessor-version":[{"id":5348,"href":"https:\/\/kosmeetika24.com\/fi\/wp-json\/wp\/v2\/product\/1535\/revisions\/5348"}],"wp:featuredmedia":[{"embeddable":true,"href":"https:\/\/kosmeetika24.com\/fi\/wp-json\/wp\/v2\/media\/1536"}],"wp:attachment":[{"href":"https:\/\/kosmeetika24.com\/fi\/wp-json\/wp\/v2\/media?parent=1535"}],"wp:term":[{"taxonomy":"product_brand","embeddable":true,"href":"https:\/\/kosmeetika24.com\/fi\/wp-json\/wp\/v2\/product_brand?post=1535"},{"taxonomy":"product_cat","embeddable":true,"href":"https:\/\/kosmeetika24.com\/fi\/wp-json\/wp\/v2\/product_cat?post=1535"},{"taxonomy":"product_tag","embeddable":true,"href":"https:\/\/kosmeetika24.com\/fi\/wp-json\/wp\/v2\/product_tag?post=1535"}],"curies":[{"name":"wp","href":"https:\/\/api.w.org\/{rel}","templated":true}]}}