{"id":1531,"date":"2024-01-22T13:17:55","date_gmt":"2024-01-22T13:17:55","guid":{"rendered":"https:\/\/kosmeetika24.com\/?post_type=product&#038;p=1531"},"modified":"2025-12-23T12:53:18","modified_gmt":"2025-12-23T09:53:18","slug":"oxygen-ceuticals-seerum-tundlikule-ja-kahjustunud-nahale","status":"publish","type":"product","link":"https:\/\/kosmeetika24.com\/fi\/tuote\/oxygen-ceuticals-seerum-tundlikule-ja-kahjustunud-nahale\/","title":{"rendered":"OXYGEN CEUTICALS seerumi herk\u00e4lle ja vaurioituneelle iholle"},"content":{"rendered":"<p class=\"translation-block\">Kosteuttava seerumi <em>Couperose Fluid<\/em> on rauhoittava, palauttava seerumi herk\u00e4lle ja vaurioituneelle, \u00e4rtyneelle iholle. Se auttaa palauttamaan vaurioituneen ihon sarveiskerroksen. Se on suunniteltu s\u00e4ilytt\u00e4m\u00e4\u00e4n kosteutta, v\u00e4hent\u00e4m\u00e4\u00e4n punoitusta ja tasapainottamaan ihon luonnollista pH-tasoa.<\/p>\n<p>Soveltuu punastuneen, herkk\u00e4n, atooppisen ja vaurioituneen ihon rauhoittamiseen.<\/p>\n<p><strong>VAIKUTTAVAT AINEET<\/strong><\/p>\n<ul>\n<li>Hydrolysoitu kollageeni<\/li>\n<li>Sadalehtinen ruusu<\/li>\n<li>Yleinen portulakka<\/li>\n<li>Aloe<\/li>\n<li>Natriumhyaluronaatti<\/li>\n<li>Happi<\/li>\n<\/ul>\n<p><strong>Vaikutus<\/strong><\/p>\n<ul>\n<li>Hydrolysoitu kollageeni auttaa ihoa lis\u00e4\u00e4m\u00e4\u00e4n kollageenin tuotantoa ja kollageenin kuitujen tiheytt\u00e4. Ihon s\u00e4vy tasoittuu, iho tulee elastisemmaksi ja hienot juonteet v\u00e4henev\u00e4t.<\/li>\n<li>Sadalehtinen ruusu auttaa supistama huokosia ja v\u00e4hent\u00e4m\u00e4\u00e4n laajentuneiden kapillaarien punoitusta ja tulehdusta.<\/li>\n<li>Tavallinen portulakka on rikas antioksidanteista, jotka taistelevat vapaita radikaaleja vastaan. Vaikuttava aine est\u00e4\u00e4 tyrosinaasin aktiivisuutta ja est\u00e4\u00e4 melaniinin synnin. Se supistaa ihon kapillaareja ja lievitt\u00e4\u00e4 kasvojen punoitusta. Suojaa ihoa auringon s\u00e4teilylt\u00e4.<\/li>\n<li>Aloe kosteuttaa ja auttaa yll\u00e4pit\u00e4m\u00e4\u00e4n kosteustasapainoa. Se stimuloi verenkiertoa ja nuorentaa ihoa. Se taistelee tulehduksia vastaan, tukee ihon luonnollista paranemisprosessia ja rauhoittaa auringonpolttamia sek\u00e4 muita \u00e4rsytyksi\u00e4.<\/li>\n<li>Natriumhyaluronaatti on luonnollinen kosteuttaja, joka ei tuki ihohuokosia.<\/li>\n<li>Happi taistelee ik\u00e4\u00e4ntymisen n\u00e4kyvi\u00e4 merkkej\u00e4 vastaan, jotka johtuvat hapen huonosta liikkumisesta ihonalaisten hiussuonien ja ihon pintakerrosten v\u00e4lill\u00e4. Se stimuloi suoraan kollageenin ja elastaanin synteesi\u00e4 ihossa ja sill\u00e4 on tulehdusta est\u00e4v\u00e4 vaikutus.<\/li>\n<\/ul>\n<p><strong>Ainesosat<\/strong><\/p>\n<p>Water, Propylene Glycol, Methyl Gluceth-20, Aloe Barbadensis Leaf Extract, Glycerin, Butylene Glycol, Fructan, Portulaca Oleracea Extract, Rosa Centifolia Flower Water, Sodium Hyaluronate, Lonicera Japonica (Honeysuckle) Flower Extract, Pulsatilla Koreana Extract, Xanthan Gum, Centella Asiatica Leaf Extract, Citrus Paradisi (Grapefruit) Fruit Extract, Zanthoxylum Piperitum Fruit Extract, Glyceryl Acrylate\/Acrylic acid Copolymer, PVM\/MA Copolymer, Hydrolized collagen, Glycyrrhiza Glabra (Licorice) Root Extract, 1,2-Hexanediol, Oxygen, Artemisia Annua Extract, Nelumbium Speciosum Flower Extract, Oryza Sativa (Rice) Extract, Saccharomyces Ferment, CI 42090.<\/p>","protected":false},"excerpt":{"rendered":"<p>Ihoa rauhoittava ja punoitusta v\u00e4hent\u00e4v\u00e4 seerumi.<\/p>","protected":false},"featured_media":1532,"comment_status":"open","ping_status":"closed","template":"","meta":{"_uag_custom_page_level_css":"","site-sidebar-layout":"default","site-content-layout":"","ast-site-content-layout":"default","site-content-style":"default","site-sidebar-style":"default","ast-global-header-display":"","ast-banner-title-visibility":"","ast-main-header-display":"","ast-hfb-above-header-display":"","ast-hfb-below-header-display":"","ast-hfb-mobile-header-display":"","site-post-title":"","ast-breadcrumbs-content":"","ast-featured-img":"","footer-sml-layout":"","ast-disable-related-posts":"","theme-transparent-header-meta":"default","adv-header-id-meta":"","stick-header-meta":"","header-above-stick-meta":"","header-main-stick-meta":"","header-below-stick-meta":"","astra-migrate-meta-layouts":"set","ast-page-background-enabled":"default","ast-page-background-meta":{"desktop":{"background-color":"var(--ast-global-color-4)","background-image":"","background-repeat":"repeat","background-position":"center center","background-size":"auto","background-attachment":"scroll","background-type":"","background-media":"","overlay-type":"","overlay-color":"","overlay-opacity":"","overlay-gradient":""},"tablet":{"background-color":"","background-image":"","background-repeat":"repeat","background-position":"center center","background-size":"auto","background-attachment":"scroll","background-type":"","background-media":"","overlay-type":"","overlay-color":"","overlay-opacity":"","overlay-gradient":""},"mobile":{"background-color":"","background-image":"","background-repeat":"repeat","background-position":"center center","background-size":"auto","background-attachment":"scroll","background-type":"","background-media":"","overlay-type":"","overlay-color":"","overlay-opacity":"","overlay-gradient":""}},"ast-content-background-meta":{"desktop":{"background-color":"var(--ast-global-color-5)","background-image":"","background-repeat":"repeat","background-position":"center center","background-size":"auto","background-attachment":"scroll","background-type":"","background-media":"","overlay-type":"","overlay-color":"","overlay-opacity":"","overlay-gradient":""},"tablet":{"background-color":"var(--ast-global-color-5)","background-image":"","background-repeat":"repeat","background-position":"center center","background-size":"auto","background-attachment":"scroll","background-type":"","background-media":"","overlay-type":"","overlay-color":"","overlay-opacity":"","overlay-gradient":""},"mobile":{"background-color":"var(--ast-global-color-5)","background-image":"","background-repeat":"repeat","background-position":"center center","background-size":"auto","background-attachment":"scroll","background-type":"","background-media":"","overlay-type":"","overlay-color":"","overlay-opacity":"","overlay-gradient":""}}},"product_brand":[],"product_cat":[96,97,74],"product_tag":[],"class_list":{"0":"post-1531","1":"product","2":"type-product","3":"status-publish","4":"has-post-thumbnail","6":"product_cat-brands","7":"product_cat-naole","8":"product_cat-oxygen-ceuticals","9":"desktop-align-left","10":"tablet-align-left","11":"mobile-align-left","13":"first","14":"instock","15":"taxable","16":"shipping-taxable","17":"product-type-simple","18":"add-to-wishlist-before_image"},"uagb_featured_image_src":{"full":["https:\/\/kosmeetika24.com\/wp-content\/uploads\/2023\/10\/Couperose-fluid.jpg",600,600,false],"thumbnail":["https:\/\/kosmeetika24.com\/wp-content\/uploads\/2023\/10\/Couperose-fluid-150x150.jpg",150,150,true],"medium":["https:\/\/kosmeetika24.com\/wp-content\/uploads\/2023\/10\/Couperose-fluid-300x300.jpg",300,300,true],"medium_large":["https:\/\/kosmeetika24.com\/wp-content\/uploads\/2023\/10\/Couperose-fluid.jpg",600,600,false],"large":["https:\/\/kosmeetika24.com\/wp-content\/uploads\/2023\/10\/Couperose-fluid.jpg",600,600,false],"1536x1536":["https:\/\/kosmeetika24.com\/wp-content\/uploads\/2023\/10\/Couperose-fluid.jpg",600,600,false],"2048x2048":["https:\/\/kosmeetika24.com\/wp-content\/uploads\/2023\/10\/Couperose-fluid.jpg",600,600,false],"trp-custom-language-flag":["https:\/\/kosmeetika24.com\/wp-content\/uploads\/2023\/10\/Couperose-fluid-12x12.jpg",12,12,true],"woocommerce_thumbnail":["https:\/\/kosmeetika24.com\/wp-content\/uploads\/2023\/10\/Couperose-fluid-300x300.jpg",300,300,true],"woocommerce_single":["https:\/\/kosmeetika24.com\/wp-content\/uploads\/2023\/10\/Couperose-fluid-500x500.jpg",500,500,true],"woocommerce_gallery_thumbnail":["https:\/\/kosmeetika24.com\/wp-content\/uploads\/2023\/10\/Couperose-fluid-100x100.jpg",100,100,true]},"uagb_author_info":{"display_name":"admin","author_link":"https:\/\/kosmeetika24.com\/fi\/author\/"},"uagb_comment_info":0,"uagb_excerpt":"Nahka rahustav ja punetust leevendav seerum.","_links":{"self":[{"href":"https:\/\/kosmeetika24.com\/fi\/wp-json\/wp\/v2\/product\/1531","targetHints":{"allow":["GET"]}}],"collection":[{"href":"https:\/\/kosmeetika24.com\/fi\/wp-json\/wp\/v2\/product"}],"about":[{"href":"https:\/\/kosmeetika24.com\/fi\/wp-json\/wp\/v2\/types\/product"}],"replies":[{"embeddable":true,"href":"https:\/\/kosmeetika24.com\/fi\/wp-json\/wp\/v2\/comments?post=1531"}],"version-history":[{"count":2,"href":"https:\/\/kosmeetika24.com\/fi\/wp-json\/wp\/v2\/product\/1531\/revisions"}],"predecessor-version":[{"id":5345,"href":"https:\/\/kosmeetika24.com\/fi\/wp-json\/wp\/v2\/product\/1531\/revisions\/5345"}],"wp:featuredmedia":[{"embeddable":true,"href":"https:\/\/kosmeetika24.com\/fi\/wp-json\/wp\/v2\/media\/1532"}],"wp:attachment":[{"href":"https:\/\/kosmeetika24.com\/fi\/wp-json\/wp\/v2\/media?parent=1531"}],"wp:term":[{"taxonomy":"product_brand","embeddable":true,"href":"https:\/\/kosmeetika24.com\/fi\/wp-json\/wp\/v2\/product_brand?post=1531"},{"taxonomy":"product_cat","embeddable":true,"href":"https:\/\/kosmeetika24.com\/fi\/wp-json\/wp\/v2\/product_cat?post=1531"},{"taxonomy":"product_tag","embeddable":true,"href":"https:\/\/kosmeetika24.com\/fi\/wp-json\/wp\/v2\/product_tag?post=1531"}],"curies":[{"name":"wp","href":"https:\/\/api.w.org\/{rel}","templated":true}]}}