{"id":1529,"date":"2024-01-22T13:18:29","date_gmt":"2024-01-22T13:18:29","guid":{"rendered":"https:\/\/kosmeetika24.com\/?post_type=product&#038;p=1529"},"modified":"2025-12-23T12:53:07","modified_gmt":"2025-12-23T09:53:07","slug":"oxygen-ceuticals-seerum-rasusele-nahale","status":"publish","type":"product","link":"https:\/\/kosmeetika24.com\/fi\/tuote\/oxygen-ceuticals-seerum-rasusele-nahale\/","title":{"rendered":"OXYGEN CEUTICALS seerumi rasvoittuvalle iholle"},"content":{"rendered":"<p class=\"translation-block\">Rasvoittuvan ihon seerumi <em>Herbal Fluid<\/em> sopii aknelle, suurille huokosille ja komedooneille sek\u00e4 stressaantuneelle iholle.<\/p>\n<p class=\"translation-block\">Seerumi est\u00e4\u00e4 aknea aiheuttavien bakteerien kasvun iholla. Se s\u00e4\u00e4telee talin erityst\u00e4, aiheuttamatta ihon pinnan <br> kuivuusta tai \u00e4rsytyst\u00e4. Se kuorii hell\u00e4varaisesti kuolleet ihosolut pinnalta.<\/p>\n<div class=\"short-description\">\n<div class=\"std\">\n<p>Sopii rasvoittuneelle iholle.<\/p>\n<\/div>\n<\/div>\n<p><strong>VAIKUTTAVAT AINEET<\/strong><\/p>\n<ul>\n<li>Teepuu\u00f6ljy<\/li>\n<li>Magnolia<\/li>\n<li>Lootus<\/li>\n<li>Aloe<\/li>\n<li>Lakritsijuuriuute<\/li>\n<li>Salisyylihappo<\/li>\n<li>Natrium PCA<\/li>\n<li>Happi<\/li>\n<\/ul>\n<p><strong>Vaikutus<\/strong><\/p>\n<ul>\n<li>Teepuu\u00f6ljyll\u00e4 on antibakteerisia ja tulehduksia est\u00e4vi\u00e4 ominaisuuksia.<\/li>\n<li>Magnolia, lootus ja aloe vera lievitt\u00e4v\u00e4t ihon \u00e4rsytyst\u00e4.<\/li>\n<li>Lakritsinjuuren uuteekstrakti kirkastaa ihoa; pehment\u00e4\u00e4 ihoa; auttaa pit\u00e4m\u00e4\u00e4n ihon pehme\u00e4n\u00e4, sile\u00e4n\u00e4, kimmoisana ja terveen\u00e4; silottaa ja rauhoittaa ihoa.<\/li>\n<li>Lakritsinjuuren uuteekstrakti kirkastaa ihoa; pehment\u00e4\u00e4 ihoa; auttaa pit\u00e4m\u00e4\u00e4n ihon pehme\u00e4n\u00e4, sile\u00e4n\u00e4, kimmoisana ja terveen\u00e4; silottaa ja rauhoittaa ihoa.<\/li>\n<li>Naatrium PCA aitab luua sileda naha ja hoida seda niisutatuna<strong>.<\/strong><\/li>\n<li>Happi taistelee ik\u00e4\u00e4ntymisen n\u00e4kyvi\u00e4 merkkej\u00e4 vastaan, jotka johtuvat hapen huonosta liikkumisesta ihonalaisten hiussuonien ja ihon pintakerrosten v\u00e4lill\u00e4. Se stimuloi suoraan kollageenin ja elastaanin synteesi\u00e4 ihossa ja sill\u00e4 on tulehdusta est\u00e4v\u00e4 vaikutus.<\/li>\n<\/ul>\n<p><strong>Ainesosat<\/strong><\/p>\n<p>Water, Methyl Gluceth-20, Alcohol, Butylene Glycol, PEG-60 Hydrogenated Castor Oil, Sodium PCA, Portulaca Oleracea Extract, Xanthan Gum, Salicylic Acid, Triethanolamine, Betula platyphylla japonica bark extract, Diospyros kaki leaf extract, Lonicera Japonica (Honeysuckle) Flower Extract, Pulsatilla Koreana Extract, Rhus Semialata Gall Extract, Oxygen, Glycyrrhiza Glabra (Licorice) Root Extract, Citrus Paradisi (Grapefruit) Fruit Extract, Zanthoxylum Piperitum Fruit Extract, 1,2-Hexanediol, Caesalpinia Sappan Bark Extract, Magnolia Obovata Bark Extract, Terminalia Chebula Fruit Extract, Artemisia Annua Extract, Nelumbium Speciosum Flower Extract, Oryza Sativa (Rice) Extract, Saccharomyces Ferment, Fragrance.<\/p>","protected":false},"excerpt":{"rendered":"<p>Luonnollisten yrttien ainutlaatuinen yhdistelm\u00e4 rasvaiselle iholle.<\/p>","protected":false},"featured_media":1530,"comment_status":"open","ping_status":"closed","template":"","meta":{"_uag_custom_page_level_css":"","site-sidebar-layout":"default","site-content-layout":"","ast-site-content-layout":"default","site-content-style":"default","site-sidebar-style":"default","ast-global-header-display":"","ast-banner-title-visibility":"","ast-main-header-display":"","ast-hfb-above-header-display":"","ast-hfb-below-header-display":"","ast-hfb-mobile-header-display":"","site-post-title":"","ast-breadcrumbs-content":"","ast-featured-img":"","footer-sml-layout":"","ast-disable-related-posts":"","theme-transparent-header-meta":"default","adv-header-id-meta":"","stick-header-meta":"","header-above-stick-meta":"","header-main-stick-meta":"","header-below-stick-meta":"","astra-migrate-meta-layouts":"set","ast-page-background-enabled":"default","ast-page-background-meta":{"desktop":{"background-color":"var(--ast-global-color-4)","background-image":"","background-repeat":"repeat","background-position":"center center","background-size":"auto","background-attachment":"scroll","background-type":"","background-media":"","overlay-type":"","overlay-color":"","overlay-opacity":"","overlay-gradient":""},"tablet":{"background-color":"","background-image":"","background-repeat":"repeat","background-position":"center center","background-size":"auto","background-attachment":"scroll","background-type":"","background-media":"","overlay-type":"","overlay-color":"","overlay-opacity":"","overlay-gradient":""},"mobile":{"background-color":"","background-image":"","background-repeat":"repeat","background-position":"center center","background-size":"auto","background-attachment":"scroll","background-type":"","background-media":"","overlay-type":"","overlay-color":"","overlay-opacity":"","overlay-gradient":""}},"ast-content-background-meta":{"desktop":{"background-color":"var(--ast-global-color-5)","background-image":"","background-repeat":"repeat","background-position":"center center","background-size":"auto","background-attachment":"scroll","background-type":"","background-media":"","overlay-type":"","overlay-color":"","overlay-opacity":"","overlay-gradient":""},"tablet":{"background-color":"var(--ast-global-color-5)","background-image":"","background-repeat":"repeat","background-position":"center center","background-size":"auto","background-attachment":"scroll","background-type":"","background-media":"","overlay-type":"","overlay-color":"","overlay-opacity":"","overlay-gradient":""},"mobile":{"background-color":"var(--ast-global-color-5)","background-image":"","background-repeat":"repeat","background-position":"center center","background-size":"auto","background-attachment":"scroll","background-type":"","background-media":"","overlay-type":"","overlay-color":"","overlay-opacity":"","overlay-gradient":""}}},"product_brand":[],"product_cat":[96,97,74],"product_tag":[],"class_list":{"0":"post-1529","1":"product","2":"type-product","3":"status-publish","4":"has-post-thumbnail","6":"product_cat-brands","7":"product_cat-naole","8":"product_cat-oxygen-ceuticals","9":"desktop-align-left","10":"tablet-align-left","11":"mobile-align-left","13":"first","14":"instock","15":"taxable","16":"shipping-taxable","17":"product-type-simple","18":"add-to-wishlist-before_image"},"uagb_featured_image_src":{"full":["https:\/\/kosmeetika24.com\/wp-content\/uploads\/2023\/10\/Herbal-Fluid.jpg",600,600,false],"thumbnail":["https:\/\/kosmeetika24.com\/wp-content\/uploads\/2023\/10\/Herbal-Fluid-150x150.jpg",150,150,true],"medium":["https:\/\/kosmeetika24.com\/wp-content\/uploads\/2023\/10\/Herbal-Fluid-300x300.jpg",300,300,true],"medium_large":["https:\/\/kosmeetika24.com\/wp-content\/uploads\/2023\/10\/Herbal-Fluid.jpg",600,600,false],"large":["https:\/\/kosmeetika24.com\/wp-content\/uploads\/2023\/10\/Herbal-Fluid.jpg",600,600,false],"1536x1536":["https:\/\/kosmeetika24.com\/wp-content\/uploads\/2023\/10\/Herbal-Fluid.jpg",600,600,false],"2048x2048":["https:\/\/kosmeetika24.com\/wp-content\/uploads\/2023\/10\/Herbal-Fluid.jpg",600,600,false],"trp-custom-language-flag":["https:\/\/kosmeetika24.com\/wp-content\/uploads\/2023\/10\/Herbal-Fluid-12x12.jpg",12,12,true],"woocommerce_thumbnail":["https:\/\/kosmeetika24.com\/wp-content\/uploads\/2023\/10\/Herbal-Fluid-300x300.jpg",300,300,true],"woocommerce_single":["https:\/\/kosmeetika24.com\/wp-content\/uploads\/2023\/10\/Herbal-Fluid-500x500.jpg",500,500,true],"woocommerce_gallery_thumbnail":["https:\/\/kosmeetika24.com\/wp-content\/uploads\/2023\/10\/Herbal-Fluid-100x100.jpg",100,100,true]},"uagb_author_info":{"display_name":"admin","author_link":"https:\/\/kosmeetika24.com\/fi\/author\/"},"uagb_comment_info":0,"uagb_excerpt":"Looduslike ravimtaimede ainulaadne kombinatsioon rasusele nahale.","_links":{"self":[{"href":"https:\/\/kosmeetika24.com\/fi\/wp-json\/wp\/v2\/product\/1529","targetHints":{"allow":["GET"]}}],"collection":[{"href":"https:\/\/kosmeetika24.com\/fi\/wp-json\/wp\/v2\/product"}],"about":[{"href":"https:\/\/kosmeetika24.com\/fi\/wp-json\/wp\/v2\/types\/product"}],"replies":[{"embeddable":true,"href":"https:\/\/kosmeetika24.com\/fi\/wp-json\/wp\/v2\/comments?post=1529"}],"version-history":[{"count":3,"href":"https:\/\/kosmeetika24.com\/fi\/wp-json\/wp\/v2\/product\/1529\/revisions"}],"predecessor-version":[{"id":5355,"href":"https:\/\/kosmeetika24.com\/fi\/wp-json\/wp\/v2\/product\/1529\/revisions\/5355"}],"wp:featuredmedia":[{"embeddable":true,"href":"https:\/\/kosmeetika24.com\/fi\/wp-json\/wp\/v2\/media\/1530"}],"wp:attachment":[{"href":"https:\/\/kosmeetika24.com\/fi\/wp-json\/wp\/v2\/media?parent=1529"}],"wp:term":[{"taxonomy":"product_brand","embeddable":true,"href":"https:\/\/kosmeetika24.com\/fi\/wp-json\/wp\/v2\/product_brand?post=1529"},{"taxonomy":"product_cat","embeddable":true,"href":"https:\/\/kosmeetika24.com\/fi\/wp-json\/wp\/v2\/product_cat?post=1529"},{"taxonomy":"product_tag","embeddable":true,"href":"https:\/\/kosmeetika24.com\/fi\/wp-json\/wp\/v2\/product_tag?post=1529"}],"curies":[{"name":"wp","href":"https:\/\/api.w.org\/{rel}","templated":true}]}}