{"id":1526,"date":"2024-01-25T06:56:27","date_gmt":"2024-01-25T06:56:27","guid":{"rendered":"https:\/\/kosmeetika24.com\/?post_type=product&#038;p=1526"},"modified":"2025-07-02T11:29:17","modified_gmt":"2025-07-02T08:29:17","slug":"wishpro-wish-contour-neurophroline-ja-tightenyliga","status":"publish","type":"product","link":"https:\/\/kosmeetika24.com\/fi\/tuote\/wishpro-wish-contour-neurophroline-ja-tightenyliga\/","title":{"rendered":"WISHPRO Wish Contour Neurophroline ja Tightenyli`ga"},"content":{"rendered":"<p style=\"text-align: center;\" class=\"translation-block\"><span style=\"color: #ff6600\"><strong>Wish Contour<\/strong><\/span> -kapseli on suunniteltu henkil\u00f6ille, joilla on <strong>herkk\u00e4<\/strong> iho ja jotka samalla haaveilevat <strong>nuorekkaasta ulkon\u00e4\u00f6st\u00e4.<\/strong><\/p>\n<p style=\"text-align: center;\" class=\"translation-block\">Kapselin vaikuttavat aineet <strong>tasoittavat ihon rakennetta<\/strong>, <strong>torjuvat arpia ja ep\u00e4tasaisuuksia<\/strong>, tasoittavat n\u00e4kyv\u00e4sti ihon s\u00e4vy\u00e4 ja <strong>poistavat tummat silm\u00e4naluset.<\/strong><\/p>\n<p style=\"text-align: center;\">Kapsli valem p\u00f5hineb kahel toimeainel:\u00a0<strong>Neurophroline\u2122 ja Tightenyl\u2122<\/strong>, mis saadakse\u00a0<strong>Indigo<\/strong>\u00a0seemnetest.<\/p>\n<p style=\"text-align: center;\" class=\"translation-block\">Tutkimukset ovat osoittaneet, ett\u00e4 uutteen sis\u00e4lt\u00e4m\u00e4t sokerit <strong>neutraloivat kortisolin haitallisia vaikutuksia<\/strong>, pys\u00e4ytt\u00e4en <strong>stressin vahingolliset vaikutukset!<\/strong><\/p>\n<p style=\"text-align: center;\" class=\"translation-block\"><strong>K\u00e4ytt\u00f6tarkoitus:<\/strong> kaikki ihotyypit, herkk\u00e4 iho, rypyt ja juonteet, arvet, ihon l\u00f6ysyys, yliherkkyys.<\/p>\n<p style=\"text-align: center;\" class=\"translation-block\"><span style=\"color: #ff6600\"><strong>Wish Contour<\/strong><\/span> -kapseli on tarkoitettu k\u00e4ytett\u00e4v\u00e4ksi kultaisen tai punaisen <strong>WishPro Plus+<\/strong> -teknologiap\u00e4\u00e4n kanssa.<\/p>\n<p style=\"text-align: center;\"><span style=\"color: #ff6600;\"><strong>APC-ik\u00e4prosessin ohjauslinja<\/strong><\/span><\/p>\n<p style=\"text-align: center;\" class=\"translation-block\">Uusi <strong>APC-kapslisarja<\/strong> on suunniteltu hallitsemaan ja est\u00e4m\u00e4\u00e4n ihon ik\u00e4\u00e4ntymisprosessia, joka johtuu mekaanisista tekij\u00f6ist\u00e4, el\u00e4m\u00e4ntavoista, stressist\u00e4 ja ymp\u00e4rist\u00f6n saasteista. Sarja on suunnattu <strong>vaurioituneelle<\/strong>, <strong>kuivalle, herk\u00e4lle ja punaiselle<\/strong> iholle. Tuotesarjan ainesosat suojaavat ihoa <strong>mekaanisilta, kemiallisilta ja UV-tekij\u00f6ilt\u00e4.<\/strong><\/p>\n<hr \/>\n<p style=\"text-align: center;\">Kapselit ovat steriilej\u00e4 ja kertak\u00e4ytt\u00f6isi\u00e4, yksi kapseli on tarkoitettu yhteen hoitokertaan.<\/p>\n<p>Ainesosat: AQUA, DIMETHICONE, ISOPROPYYLIPALMITAATTI, PHENYL TRIMETHICONE, GLYCERIN, BUTYROSPERMUM PARKII -VOI, SODIUM CHLORIDE, PHENOXYETHANOL, SILICA, PEG-10 DIMETHICONE, PROPANENEDIOL, PARFUM, ETHYLHEXYLGLYCERIN, SODIUM GLUCURONATE, TEPHROSIA PURPUREA -SIEMEN UUTE, DISODIUM ACETYL GLUCOSAMINE PHOSPHATE, DIMETHICONE\/VINYL DIMETHICONE CROSSPOLYMER, ISOCETETH-10, HEXYL CINNAMAL, MAGNESIUM SULFATE, LINALOOL, LIMONENE, METHYL 2-OCTYNOATE, BENZYL SALICYLATE, CITRONELLOL.<\/p>","protected":false},"excerpt":{"rendered":"<p>Tavoitteena on palauttaa nuorekas ulkon\u00e4k\u00f6; ik\u00e4\u00e4ntymist\u00e4 est\u00e4v\u00e4 herk\u00e4lle iholle; auttaa hoitamaan paikallisia kasvojen ongelmia, kuten ryppyj\u00e4, ihon l\u00f6ysyytt\u00e4, hyperpigmentaatiota ja arpia.<\/p>\n<p>Parantaa n\u00e4kyv\u00e4sti ihon s\u00e4vy\u00e4.<\/p>\n<p><strong>Hinta koskee pakettia, joka sis\u00e4lt\u00e4\u00e4 10 kapselia.<\/strong><\/p>","protected":false},"featured_media":1471,"comment_status":"open","ping_status":"closed","template":"","meta":{"_uag_custom_page_level_css":"","site-sidebar-layout":"default","site-content-layout":"","ast-site-content-layout":"default","site-content-style":"default","site-sidebar-style":"default","ast-global-header-display":"","ast-banner-title-visibility":"","ast-main-header-display":"","ast-hfb-above-header-display":"","ast-hfb-below-header-display":"","ast-hfb-mobile-header-display":"","site-post-title":"","ast-breadcrumbs-content":"","ast-featured-img":"","footer-sml-layout":"","ast-disable-related-posts":"","theme-transparent-header-meta":"default","adv-header-id-meta":"","stick-header-meta":"","header-above-stick-meta":"","header-main-stick-meta":"","header-below-stick-meta":"","astra-migrate-meta-layouts":"set","ast-page-background-enabled":"default","ast-page-background-meta":{"desktop":{"background-color":"var(--ast-global-color-4)","background-image":"","background-repeat":"repeat","background-position":"center center","background-size":"auto","background-attachment":"scroll","background-type":"","background-media":"","overlay-type":"","overlay-color":"","overlay-opacity":"","overlay-gradient":""},"tablet":{"background-color":"","background-image":"","background-repeat":"repeat","background-position":"center center","background-size":"auto","background-attachment":"scroll","background-type":"","background-media":"","overlay-type":"","overlay-color":"","overlay-opacity":"","overlay-gradient":""},"mobile":{"background-color":"","background-image":"","background-repeat":"repeat","background-position":"center center","background-size":"auto","background-attachment":"scroll","background-type":"","background-media":"","overlay-type":"","overlay-color":"","overlay-opacity":"","overlay-gradient":""}},"ast-content-background-meta":{"desktop":{"background-color":"var(--ast-global-color-5)","background-image":"","background-repeat":"repeat","background-position":"center center","background-size":"auto","background-attachment":"scroll","background-type":"","background-media":"","overlay-type":"","overlay-color":"","overlay-opacity":"","overlay-gradient":""},"tablet":{"background-color":"var(--ast-global-color-5)","background-image":"","background-repeat":"repeat","background-position":"center center","background-size":"auto","background-attachment":"scroll","background-type":"","background-media":"","overlay-type":"","overlay-color":"","overlay-opacity":"","overlay-gradient":""},"mobile":{"background-color":"var(--ast-global-color-5)","background-image":"","background-repeat":"repeat","background-position":"center center","background-size":"auto","background-attachment":"scroll","background-type":"","background-media":"","overlay-type":"","overlay-color":"","overlay-opacity":"","overlay-gradient":""}}},"product_brand":[],"product_cat":[96,97,80],"product_tag":[],"class_list":{"0":"post-1526","1":"product","2":"type-product","3":"status-publish","4":"has-post-thumbnail","6":"product_cat-brands","7":"product_cat-naole","8":"product_cat-wishpro","9":"desktop-align-left","10":"tablet-align-left","11":"mobile-align-left","13":"first","14":"instock","15":"taxable","16":"shipping-taxable","17":"product-type-simple","18":"add-to-wishlist-before_image"},"uagb_featured_image_src":{"full":["https:\/\/kosmeetika24.com\/wp-content\/uploads\/2023\/10\/wish-contour.png",600,600,false],"thumbnail":["https:\/\/kosmeetika24.com\/wp-content\/uploads\/2023\/10\/wish-contour-150x150.png",150,150,true],"medium":["https:\/\/kosmeetika24.com\/wp-content\/uploads\/2023\/10\/wish-contour-300x300.png",300,300,true],"medium_large":["https:\/\/kosmeetika24.com\/wp-content\/uploads\/2023\/10\/wish-contour.png",600,600,false],"large":["https:\/\/kosmeetika24.com\/wp-content\/uploads\/2023\/10\/wish-contour.png",600,600,false],"1536x1536":["https:\/\/kosmeetika24.com\/wp-content\/uploads\/2023\/10\/wish-contour.png",600,600,false],"2048x2048":["https:\/\/kosmeetika24.com\/wp-content\/uploads\/2023\/10\/wish-contour.png",600,600,false],"trp-custom-language-flag":["https:\/\/kosmeetika24.com\/wp-content\/uploads\/2023\/10\/wish-contour-12x12.png",12,12,true],"woocommerce_thumbnail":["https:\/\/kosmeetika24.com\/wp-content\/uploads\/2023\/10\/wish-contour-300x300.png",300,300,true],"woocommerce_single":["https:\/\/kosmeetika24.com\/wp-content\/uploads\/2023\/10\/wish-contour-500x500.png",500,500,true],"woocommerce_gallery_thumbnail":["https:\/\/kosmeetika24.com\/wp-content\/uploads\/2023\/10\/wish-contour-100x100.png",100,100,true]},"uagb_author_info":{"display_name":"admin","author_link":"https:\/\/kosmeetika24.com\/fi\/author\/"},"uagb_comment_info":0,"uagb_excerpt":"Eesm\u00e4rk on taastada nooruslik v\u00e4limus; vananemisvastane tundlikule nahale; aitab ravida lokaalseid n\u00e4oprobleeme, nagu kortsud, naha l\u00f5tvus, h\u00fcperpigmentatsioon ja armid. Parandab n\u00e4htavalt nahatooni. Hind kehtib 10 kapslit sisaldava pakendi kohta.","_links":{"self":[{"href":"https:\/\/kosmeetika24.com\/fi\/wp-json\/wp\/v2\/product\/1526","targetHints":{"allow":["GET"]}}],"collection":[{"href":"https:\/\/kosmeetika24.com\/fi\/wp-json\/wp\/v2\/product"}],"about":[{"href":"https:\/\/kosmeetika24.com\/fi\/wp-json\/wp\/v2\/types\/product"}],"replies":[{"embeddable":true,"href":"https:\/\/kosmeetika24.com\/fi\/wp-json\/wp\/v2\/comments?post=1526"}],"version-history":[{"count":2,"href":"https:\/\/kosmeetika24.com\/fi\/wp-json\/wp\/v2\/product\/1526\/revisions"}],"predecessor-version":[{"id":4530,"href":"https:\/\/kosmeetika24.com\/fi\/wp-json\/wp\/v2\/product\/1526\/revisions\/4530"}],"wp:featuredmedia":[{"embeddable":true,"href":"https:\/\/kosmeetika24.com\/fi\/wp-json\/wp\/v2\/media\/1471"}],"wp:attachment":[{"href":"https:\/\/kosmeetika24.com\/fi\/wp-json\/wp\/v2\/media?parent=1526"}],"wp:term":[{"taxonomy":"product_brand","embeddable":true,"href":"https:\/\/kosmeetika24.com\/fi\/wp-json\/wp\/v2\/product_brand?post=1526"},{"taxonomy":"product_cat","embeddable":true,"href":"https:\/\/kosmeetika24.com\/fi\/wp-json\/wp\/v2\/product_cat?post=1526"},{"taxonomy":"product_tag","embeddable":true,"href":"https:\/\/kosmeetika24.com\/fi\/wp-json\/wp\/v2\/product_tag?post=1526"}],"curies":[{"name":"wp","href":"https:\/\/api.w.org\/{rel}","templated":true}]}}