{"id":1523,"date":"2024-01-22T13:21:28","date_gmt":"2024-01-22T13:21:28","guid":{"rendered":"https:\/\/kosmeetika24.com\/?post_type=product&#038;p=1523"},"modified":"2025-12-23T12:51:53","modified_gmt":"2025-12-23T09:51:53","slug":"oxygen-ceuticals-orn-naopiim","status":"publish","type":"product","link":"https:\/\/kosmeetika24.com\/fi\/tuote\/oxygen-ceuticals-orn-naopiim\/","title":{"rendered":"OXYGEN CEUTICALS Hell\u00e4 kasvojenmaito 250ml"},"content":{"rendered":"<p class=\"translation-block\">Kasvovoide <em>Gentle Facial Milk Cleanser<\/em> on kermaisen tekstuuriga hell\u00e4varainen puhdistusaine, joka j\u00e4tt\u00e4\u00e4 ihon kosteutetuksi ja pehme\u00e4ksi. Se puhdistaa hell\u00e4varaisesti ilman kuorimista ja kuivattamista. Korkean kosteuttavan vaikutuksen omaava puhdistusmaito poistaa ep\u00e4puhtaudet ja kuolleet ihosolut kasvoilta, auttaa palauttamaan ihon sileytt\u00e4. Antaa kevyen ja raikkaan tunteen.<\/p>\n<p>Sopii kaikille ihotyypeille, erityisesti herk\u00e4lle iholle.<\/p>\n<p><strong>VAIKUTTAVAT AINEET<\/strong><\/p>\n<ul>\n<li><span class=\"a-list-item\">Hyaluronihappo<\/span><\/li>\n<li>Arginiini<\/li>\n<li><span class=\"a-list-item\">Vihre\u00e4 tee<\/span><\/li>\n<li>Aprikoosinsiemen\u00f6ljy<\/li>\n<li>Happi<\/li>\n<li><span class=\"a-list-item\">Safloorinsiemen\u00f6ljy\u00a0<\/span><\/li>\n<li>Lakritsijuuriuute<\/li>\n<\/ul>\n<p><strong>Vaikutus<\/strong><\/p>\n<ul class=\"a-unordered-list a-vertical a-spacing-none\">\n<li>Hyaluronihappo toimii kosteuden s\u00e4ilytt\u00e4j\u00e4n\u00e4, lis\u00e4\u00e4 veden m\u00e4\u00e4r\u00e4\u00e4 ihossa ja auttaa ihoa pysym\u00e4\u00e4n pehme\u00e4n\u00e4 ja sile\u00e4n\u00e4.<\/li>\n<li>Arginiini on aminohappo, jolla on ik\u00e4\u00e4ntymist\u00e4 est\u00e4vi\u00e4 ja haavoja parantavia ominaisuuksia. Arginiini on vahva antioksidantti.<\/li>\n<li>Vihre\u00e4 tee on eritt\u00e4in hyv\u00e4 luonnollinen antioksidantti. Se toimii tulehdusta ehk\u00e4isev\u00e4sti ja suojaa UV-s\u00e4teilylt\u00e4.<\/li>\n<li>Aprikoosinsiemen\u00f6ljy v\u00e4hent\u00e4\u00e4 kutinaa, rauhoittaa, ravitsee ja kirkastaa ihoa.<\/li>\n<li>Happi taistelee ik\u00e4\u00e4ntymisen n\u00e4kyvi\u00e4 merkkej\u00e4 vastaan, jotka johtuvat hapen huonosta liikkumisesta ihonalaisten hiussuonien ja ihon pintakerrosten v\u00e4lill\u00e4. Se stimuloi suoraan kollageenin ja elastaanin synteesi\u00e4 ihossa ja sill\u00e4 on tulehdusta est\u00e4v\u00e4 vaikutus.<\/li>\n<li><span class=\"a-list-item\">Safloorinsiemen\u00f6ljy pehment\u00e4\u00e4 ihoa ja v\u00e4hent\u00e4\u00e4 punoitusta, j\u00e4tt\u00e4en ihon elastiseksi ja puhtaaksi.\u00a0<\/span><\/li>\n<li>Lakritsijuuriuute kirkastaa; pehment\u00e4\u00e4 ihoa; auttaa pit\u00e4m\u00e4\u00e4n ihon pehme\u00e4n\u00e4, sile\u00e4n\u00e4, elastisena ja terveen\u00e4; tasoittaa ja rauhoittaa ihoa.<\/li>\n<\/ul>\n<p><strong>Ainesosat<\/strong><\/p>\n<p>Aqua, Glycine Soja (Soybean) Oil, Cetyl Ethylhexanoate, Dipropylene Glycol, Glycerin, Glyceryl Stearate, Cetearyl Alcohol, PEG-100 Stearate, Stearic Acid, Polysorbate 60, Prunus Armeniaca (Apricot) Kernel Oil, Carthamus Tinctorius (Safflower) Seed Oil, Camellia Sinensis Leaf Extract, Sodium Hyaluronate, Oxygen, Butylene Glycol, 1,2-Hexanediol, Glycyrrhiza Glabra (Licorice) Root Extract, Sorbitan Stearate, Cetearyl Olivate, Sorbitan Olivate, Dimethicone, Caprylhydroxamic Acid, Caprylyl Glycol, Arginine, Carbomer, Fragrance.<\/p>","protected":false},"excerpt":{"rendered":"<p>Ammattik\u00e4ytt\u00f6\u00f6n suunniteltu kosteuttava puhdistusmaito poistaa ep\u00e4puhtaudet ja kuolleet ihosolut kasvoilta kuivattamatta ihoa.<\/p>\n<p>&nbsp;<\/p>\n<p>1000 ml<\/p>","protected":false},"featured_media":1468,"comment_status":"open","ping_status":"closed","template":"","meta":{"_uag_custom_page_level_css":"","site-sidebar-layout":"default","site-content-layout":"","ast-site-content-layout":"default","site-content-style":"default","site-sidebar-style":"default","ast-global-header-display":"","ast-banner-title-visibility":"","ast-main-header-display":"","ast-hfb-above-header-display":"","ast-hfb-below-header-display":"","ast-hfb-mobile-header-display":"","site-post-title":"","ast-breadcrumbs-content":"","ast-featured-img":"","footer-sml-layout":"","ast-disable-related-posts":"","theme-transparent-header-meta":"default","adv-header-id-meta":"","stick-header-meta":"","header-above-stick-meta":"","header-main-stick-meta":"","header-below-stick-meta":"","astra-migrate-meta-layouts":"set","ast-page-background-enabled":"default","ast-page-background-meta":{"desktop":{"background-color":"var(--ast-global-color-4)","background-image":"","background-repeat":"repeat","background-position":"center center","background-size":"auto","background-attachment":"scroll","background-type":"","background-media":"","overlay-type":"","overlay-color":"","overlay-opacity":"","overlay-gradient":""},"tablet":{"background-color":"","background-image":"","background-repeat":"repeat","background-position":"center center","background-size":"auto","background-attachment":"scroll","background-type":"","background-media":"","overlay-type":"","overlay-color":"","overlay-opacity":"","overlay-gradient":""},"mobile":{"background-color":"","background-image":"","background-repeat":"repeat","background-position":"center center","background-size":"auto","background-attachment":"scroll","background-type":"","background-media":"","overlay-type":"","overlay-color":"","overlay-opacity":"","overlay-gradient":""}},"ast-content-background-meta":{"desktop":{"background-color":"var(--ast-global-color-5)","background-image":"","background-repeat":"repeat","background-position":"center center","background-size":"auto","background-attachment":"scroll","background-type":"","background-media":"","overlay-type":"","overlay-color":"","overlay-opacity":"","overlay-gradient":""},"tablet":{"background-color":"var(--ast-global-color-5)","background-image":"","background-repeat":"repeat","background-position":"center center","background-size":"auto","background-attachment":"scroll","background-type":"","background-media":"","overlay-type":"","overlay-color":"","overlay-opacity":"","overlay-gradient":""},"mobile":{"background-color":"var(--ast-global-color-5)","background-image":"","background-repeat":"repeat","background-position":"center center","background-size":"auto","background-attachment":"scroll","background-type":"","background-media":"","overlay-type":"","overlay-color":"","overlay-opacity":"","overlay-gradient":""}}},"product_brand":[],"product_cat":[96,97,74],"product_tag":[],"class_list":{"0":"post-1523","1":"product","2":"type-product","3":"status-publish","4":"has-post-thumbnail","6":"product_cat-brands","7":"product_cat-naole","8":"product_cat-oxygen-ceuticals","9":"desktop-align-left","10":"tablet-align-left","11":"mobile-align-left","13":"first","14":"instock","15":"taxable","16":"shipping-taxable","17":"product-type-simple","18":"add-to-wishlist-before_image"},"uagb_featured_image_src":{"full":["https:\/\/kosmeetika24.com\/wp-content\/uploads\/2023\/10\/Profgentlemilk.jpg",600,600,false],"thumbnail":["https:\/\/kosmeetika24.com\/wp-content\/uploads\/2023\/10\/Profgentlemilk-150x150.jpg",150,150,true],"medium":["https:\/\/kosmeetika24.com\/wp-content\/uploads\/2023\/10\/Profgentlemilk-300x300.jpg",300,300,true],"medium_large":["https:\/\/kosmeetika24.com\/wp-content\/uploads\/2023\/10\/Profgentlemilk.jpg",600,600,false],"large":["https:\/\/kosmeetika24.com\/wp-content\/uploads\/2023\/10\/Profgentlemilk.jpg",600,600,false],"1536x1536":["https:\/\/kosmeetika24.com\/wp-content\/uploads\/2023\/10\/Profgentlemilk.jpg",600,600,false],"2048x2048":["https:\/\/kosmeetika24.com\/wp-content\/uploads\/2023\/10\/Profgentlemilk.jpg",600,600,false],"trp-custom-language-flag":["https:\/\/kosmeetika24.com\/wp-content\/uploads\/2023\/10\/Profgentlemilk-12x12.jpg",12,12,true],"woocommerce_thumbnail":["https:\/\/kosmeetika24.com\/wp-content\/uploads\/2023\/10\/Profgentlemilk-300x300.jpg",300,300,true],"woocommerce_single":["https:\/\/kosmeetika24.com\/wp-content\/uploads\/2023\/10\/Profgentlemilk-500x500.jpg",500,500,true],"woocommerce_gallery_thumbnail":["https:\/\/kosmeetika24.com\/wp-content\/uploads\/2023\/10\/Profgentlemilk-100x100.jpg",100,100,true]},"uagb_author_info":{"display_name":"admin","author_link":"https:\/\/kosmeetika24.com\/fi\/author\/"},"uagb_comment_info":0,"uagb_excerpt":"Professionaalseks kasutamiseks m\u00f5eldud niisutava toimega puhastuspiim eemaldab n\u00e4olt mustuse ja surnud naharakud ilma nahka kuivatamata. &nbsp; 1000 ml","_links":{"self":[{"href":"https:\/\/kosmeetika24.com\/fi\/wp-json\/wp\/v2\/product\/1523","targetHints":{"allow":["GET"]}}],"collection":[{"href":"https:\/\/kosmeetika24.com\/fi\/wp-json\/wp\/v2\/product"}],"about":[{"href":"https:\/\/kosmeetika24.com\/fi\/wp-json\/wp\/v2\/types\/product"}],"replies":[{"embeddable":true,"href":"https:\/\/kosmeetika24.com\/fi\/wp-json\/wp\/v2\/comments?post=1523"}],"version-history":[{"count":3,"href":"https:\/\/kosmeetika24.com\/fi\/wp-json\/wp\/v2\/product\/1523\/revisions"}],"predecessor-version":[{"id":7060,"href":"https:\/\/kosmeetika24.com\/fi\/wp-json\/wp\/v2\/product\/1523\/revisions\/7060"}],"wp:featuredmedia":[{"embeddable":true,"href":"https:\/\/kosmeetika24.com\/fi\/wp-json\/wp\/v2\/media\/1468"}],"wp:attachment":[{"href":"https:\/\/kosmeetika24.com\/fi\/wp-json\/wp\/v2\/media?parent=1523"}],"wp:term":[{"taxonomy":"product_brand","embeddable":true,"href":"https:\/\/kosmeetika24.com\/fi\/wp-json\/wp\/v2\/product_brand?post=1523"},{"taxonomy":"product_cat","embeddable":true,"href":"https:\/\/kosmeetika24.com\/fi\/wp-json\/wp\/v2\/product_cat?post=1523"},{"taxonomy":"product_tag","embeddable":true,"href":"https:\/\/kosmeetika24.com\/fi\/wp-json\/wp\/v2\/product_tag?post=1523"}],"curies":[{"name":"wp","href":"https:\/\/api.w.org\/{rel}","templated":true}]}}