{"id":1518,"date":"2024-01-05T09:17:18","date_gmt":"2024-01-05T09:17:18","guid":{"rendered":"https:\/\/kosmeetika24.com\/?post_type=product&#038;p=1518"},"modified":"2025-07-02T14:03:19","modified_gmt":"2025-07-02T11:03:19","slug":"bruno-vassari-body-care-salendav-kehamask","status":"publish","type":"product","link":"https:\/\/kosmeetika24.com\/fi\/tuote\/bruno-vassari-body-care-salendav-kehamask\/","title":{"rendered":"BRUNO VASSARI Body Care laihduttava vartalomaski"},"content":{"rendered":"<p>Tekniikka perustuu maskiaineen tiivist\u00e4miseen monoliittiseen tilaan, ihon reseptoreiden venytt\u00e4miseen, jota seuraa niiden supistuminen ja kiristys. Lyhytaikainen l\u00e4mp\u00f6tilan nousu auttaa lis\u00e4\u00e4m\u00e4\u00e4n rasvakudoksen paikallista aineenvaihduntaa.<\/p>\n<p>Termoaktiivinen naamio on tehokas ja turvallinen kosmeettinen toimenpide painonpudotukseen, ihon s\u00e4vyn parantamiseen ja ik\u00e4\u00e4ntymisen vastaisen vaikutuksen saavuttamiseen. Lipolyysin p\u00e4\u00e4vaikutus on lipolyyttisten aineiden aktiivinen tunkeutuminen ihon kautta rasvakudokseen, kiitos vedenpoistovaikutuksen ja selluliittialueen mikrokierteen parantumisen.<\/p>\n<p>Maskin laihduttava vaikutus on n\u00e4ht\u00e4viss\u00e4 heti ensimm\u00e4isen hoidon j\u00e4lkeen.<\/p>\n<p>Sopii kaikille ihotyypeille. Erityisesti niille, jotka haluavat hoikentaa kehoa, v\u00e4hent\u00e4\u00e4 selluliittia ja kiinteytt\u00e4\u00e4 kudoksia.<\/p>\n<p><strong>P\u00c4\u00c4AINEOSAT<\/strong><\/p>\n<ul>\n<li>Kosmeettinen kipsiseos<\/li>\n<\/ul>\n<p><strong>Vaikutus<\/strong><\/p>\n<ul>\n<li>Kosmeettinen kipsiseos est\u00e4\u00e4 veden menetyst\u00e4 ja optimoi ravintoaineiden imeytymisen. Samalla sen l\u00e4mmitt\u00e4v\u00e4 vaikutus stimuloi verenkiertoa ja v\u00e4hent\u00e4\u00e4 rasvamuodostelmien esiintymist\u00e4. N\u00e4m\u00e4 vaikutukset toimivat yhdess\u00e4 kipsiseoksen kiinteytt\u00e4v\u00e4n vaikutuksen kanssa.<\/li>\n<\/ul>\n<p><strong>K\u00e4ytt\u00f6<\/strong><\/p>\n<ol>\n<li class=\"translation-block\">Ennen naamion k\u00e4ytt\u00f6\u00e4 kuori iho tuotteella <a href=\"https:\/\/kosmeetika24.eu\/toode\/bruno-vassari-body-care-double-body-peel-2\/\" target=\"_self\">BRUNO VASSARI Body Care vartalonkuorinta<\/a>.<\/li>\n<li class=\"translation-block\">Seuraavaksi levit\u00e4 iholle sopiva konsentraatti ja hiero tuotteella <a href=\"https:\/\/kosmeetika24.eu\/toode\/bruno-vassari-body-care-thermo-active-cream-2\/\" target=\"_self\">BRUNO VASSARI Body Care termoaktiivinen voide 1000 ml<\/a>.<\/li>\n<li class=\"translation-block\">Ihon suojaamiseksi kipsiseoksen vaikutuksilta, levit\u00e4 iholle paksu kerros <a href=\"https:\/\/kosmeetika24.eu\/toode\/bruno-vassari-body-care-thermo-active-cream-2\/\" target=\"_self\">BRUNO VASSARI Body Care termoaktiivista voidetta 1000 ml<\/a> ja peit\u00e4 sitten sideharsolla.<\/li>\n<li>Kun alue on valmisteltu, voit valmistaa naamion. Sekoita t\u00e4h\u00e4n yksi pussi 210\u2013220 ml huoneenl\u00e4mp\u00f6ist\u00e4 vett\u00e4.<\/li>\n<li>Levit\u00e4 naamio halutulle alueelle ja anna vaikuttaa v\u00e4hint\u00e4\u00e4n 40 minuuttia.<\/li>\n<li>Leikkaa sitten kips huolellisesti erityisill\u00e4 saksilla ja poista se kokonaan. Lopuksi levit\u00e4 iholle sopivin voide.<\/li>\n<\/ol>\n<p><strong>Ainesosat<\/strong><\/p>\n<p><span style=\"font-size: 14px;\">CALCIUM SULFATE, DIATOMACEOUS EARTH, MAGNESIUM SULFATE, CI 77492 (IRON OXIDES), CALCIUM POLYOXYMETHYLENE PYRROLIDONE.<\/span><\/p>","protected":false},"excerpt":{"rendered":"<p>Ammattik\u00e4ytt\u00f6\u00f6n tarkoitettu kosmeettinen kipsiseos, jolla on laihduttava vaikutus.<\/p>\n<p>Parantaa ihon ravintoa ja s\u00e4vy\u00e4.<\/p>\n<p>Tulos n\u00e4kyy heti ensimm\u00e4isen hoidon j\u00e4lkeen.<\/p>\n<p>Pakkauksessa on 4 x 440 g.<\/p>","protected":false},"featured_media":1410,"comment_status":"open","ping_status":"closed","template":"","meta":{"_uag_custom_page_level_css":"","site-sidebar-layout":"default","site-content-layout":"","ast-site-content-layout":"default","site-content-style":"default","site-sidebar-style":"default","ast-global-header-display":"","ast-banner-title-visibility":"","ast-main-header-display":"","ast-hfb-above-header-display":"","ast-hfb-below-header-display":"","ast-hfb-mobile-header-display":"","site-post-title":"","ast-breadcrumbs-content":"","ast-featured-img":"","footer-sml-layout":"","ast-disable-related-posts":"","theme-transparent-header-meta":"default","adv-header-id-meta":"","stick-header-meta":"","header-above-stick-meta":"","header-main-stick-meta":"","header-below-stick-meta":"","astra-migrate-meta-layouts":"set","ast-page-background-enabled":"default","ast-page-background-meta":{"desktop":{"background-color":"var(--ast-global-color-4)","background-image":"","background-repeat":"repeat","background-position":"center center","background-size":"auto","background-attachment":"scroll","background-type":"","background-media":"","overlay-type":"","overlay-color":"","overlay-opacity":"","overlay-gradient":""},"tablet":{"background-color":"","background-image":"","background-repeat":"repeat","background-position":"center center","background-size":"auto","background-attachment":"scroll","background-type":"","background-media":"","overlay-type":"","overlay-color":"","overlay-opacity":"","overlay-gradient":""},"mobile":{"background-color":"","background-image":"","background-repeat":"repeat","background-position":"center center","background-size":"auto","background-attachment":"scroll","background-type":"","background-media":"","overlay-type":"","overlay-color":"","overlay-opacity":"","overlay-gradient":""}},"ast-content-background-meta":{"desktop":{"background-color":"var(--ast-global-color-5)","background-image":"","background-repeat":"repeat","background-position":"center center","background-size":"auto","background-attachment":"scroll","background-type":"","background-media":"","overlay-type":"","overlay-color":"","overlay-opacity":"","overlay-gradient":""},"tablet":{"background-color":"var(--ast-global-color-5)","background-image":"","background-repeat":"repeat","background-position":"center center","background-size":"auto","background-attachment":"scroll","background-type":"","background-media":"","overlay-type":"","overlay-color":"","overlay-opacity":"","overlay-gradient":""},"mobile":{"background-color":"var(--ast-global-color-5)","background-image":"","background-repeat":"repeat","background-position":"center center","background-size":"auto","background-attachment":"scroll","background-type":"","background-media":"","overlay-type":"","overlay-color":"","overlay-opacity":"","overlay-gradient":""}}},"product_brand":[],"product_cat":[65,96,98],"product_tag":[],"class_list":{"0":"post-1518","1":"product","2":"type-product","3":"status-publish","4":"has-post-thumbnail","6":"product_cat-body-care","7":"product_cat-brands","8":"product_cat-kehale","9":"desktop-align-left","10":"tablet-align-left","11":"mobile-align-left","13":"first","14":"instock","15":"taxable","16":"shipping-taxable","17":"product-type-simple","18":"add-to-wishlist-before_image"},"uagb_featured_image_src":{"full":["https:\/\/kosmeetika24.com\/wp-content\/uploads\/2023\/10\/2311-Sculpt-Plaster.jpg",600,600,false],"thumbnail":["https:\/\/kosmeetika24.com\/wp-content\/uploads\/2023\/10\/2311-Sculpt-Plaster-150x150.jpg",150,150,true],"medium":["https:\/\/kosmeetika24.com\/wp-content\/uploads\/2023\/10\/2311-Sculpt-Plaster-300x300.jpg",300,300,true],"medium_large":["https:\/\/kosmeetika24.com\/wp-content\/uploads\/2023\/10\/2311-Sculpt-Plaster.jpg",600,600,false],"large":["https:\/\/kosmeetika24.com\/wp-content\/uploads\/2023\/10\/2311-Sculpt-Plaster.jpg",600,600,false],"1536x1536":["https:\/\/kosmeetika24.com\/wp-content\/uploads\/2023\/10\/2311-Sculpt-Plaster.jpg",600,600,false],"2048x2048":["https:\/\/kosmeetika24.com\/wp-content\/uploads\/2023\/10\/2311-Sculpt-Plaster.jpg",600,600,false],"trp-custom-language-flag":["https:\/\/kosmeetika24.com\/wp-content\/uploads\/2023\/10\/2311-Sculpt-Plaster-12x12.jpg",12,12,true],"woocommerce_thumbnail":["https:\/\/kosmeetika24.com\/wp-content\/uploads\/2023\/10\/2311-Sculpt-Plaster-300x300.jpg",300,300,true],"woocommerce_single":["https:\/\/kosmeetika24.com\/wp-content\/uploads\/2023\/10\/2311-Sculpt-Plaster-500x500.jpg",500,500,true],"woocommerce_gallery_thumbnail":["https:\/\/kosmeetika24.com\/wp-content\/uploads\/2023\/10\/2311-Sculpt-Plaster-100x100.jpg",100,100,true]},"uagb_author_info":{"display_name":"admin","author_link":"https:\/\/kosmeetika24.com\/fi\/author\/"},"uagb_comment_info":2,"uagb_excerpt":"Professionaalseks kasutamiseks m\u00f5eldud kosmeetiline kipsisegu, millel on salendav toime. Parandab naha toitumist ja tooni. Tulemus on n\u00e4htav kohe p\u00e4rast esimest protseduuri. Komplekis on 4 x 440 g.","_links":{"self":[{"href":"https:\/\/kosmeetika24.com\/fi\/wp-json\/wp\/v2\/product\/1518","targetHints":{"allow":["GET"]}}],"collection":[{"href":"https:\/\/kosmeetika24.com\/fi\/wp-json\/wp\/v2\/product"}],"about":[{"href":"https:\/\/kosmeetika24.com\/fi\/wp-json\/wp\/v2\/types\/product"}],"replies":[{"embeddable":true,"href":"https:\/\/kosmeetika24.com\/fi\/wp-json\/wp\/v2\/comments?post=1518"}],"version-history":[{"count":1,"href":"https:\/\/kosmeetika24.com\/fi\/wp-json\/wp\/v2\/product\/1518\/revisions"}],"predecessor-version":[{"id":4747,"href":"https:\/\/kosmeetika24.com\/fi\/wp-json\/wp\/v2\/product\/1518\/revisions\/4747"}],"wp:featuredmedia":[{"embeddable":true,"href":"https:\/\/kosmeetika24.com\/fi\/wp-json\/wp\/v2\/media\/1410"}],"wp:attachment":[{"href":"https:\/\/kosmeetika24.com\/fi\/wp-json\/wp\/v2\/media?parent=1518"}],"wp:term":[{"taxonomy":"product_brand","embeddable":true,"href":"https:\/\/kosmeetika24.com\/fi\/wp-json\/wp\/v2\/product_brand?post=1518"},{"taxonomy":"product_cat","embeddable":true,"href":"https:\/\/kosmeetika24.com\/fi\/wp-json\/wp\/v2\/product_cat?post=1518"},{"taxonomy":"product_tag","embeddable":true,"href":"https:\/\/kosmeetika24.com\/fi\/wp-json\/wp\/v2\/product_tag?post=1518"}],"curies":[{"name":"wp","href":"https:\/\/api.w.org\/{rel}","templated":true}]}}