{"id":1517,"date":"2024-01-05T09:06:07","date_gmt":"2024-01-05T09:06:07","guid":{"rendered":"https:\/\/kosmeetika24.com\/?post_type=product&#038;p=1517"},"modified":"2025-07-02T14:04:39","modified_gmt":"2025-07-02T11:04:39","slug":"bruno-vassari-body-care-tselluliidivastane-kontsentraat","status":"publish","type":"product","link":"https:\/\/kosmeetika24.com\/fi\/tuote\/bruno-vassari-body-care-tselluliidivastane-kontsentraat\/","title":{"rendered":"BRUNO VASSARI Body Care selluliittikoncentraatti"},"content":{"rendered":"<p class=\"translation-block\">Konsentraatti <em>Cellulite Control Concentrate<\/em> v\u00e4hent\u00e4\u00e4 selluliittia ja parantaa kehon kontuureja. Se kosteuttaa ja lis\u00e4\u00e4 kudosten elastisuutta.<\/p>\n<p>Sopii kaikille ihotyypeille. Ihanteellinen kaikenlaisen selluliitin v\u00e4hent\u00e4miseen.<\/p>\n<p><strong>P\u00c4\u00c4AINEOSAT<\/strong><\/p>\n<ul>\n<li>Lipout<\/li>\n<li>Aasianvesinaba<\/li>\n<li>Guarana<\/li>\n<li>Niasiiniamidi<\/li>\n<li>Karnitiini<\/li>\n<li>Pantenoli<\/li>\n<li>E-vitamiini<\/li>\n<\/ul>\n<p><strong>Vaikutus<\/strong><\/p>\n<ul>\n<li>P\u00e4\u00e4asiallinen vaikuttava aine, Lipout, tehostaa rasvanpolttoa ja v\u00e4hent\u00e4\u00e4 rasvakudoksen paksuutta.<\/li>\n<li class=\"translation-block\">Lis\u00e4ksi Aasian vesililjan ja pajun uutteet parantavat verenkiertoa vahvistaen hiussuonten seini\u00e4 ja tasoittavat ihon s\u00e4vy\u00e4. Ne my\u00f6s elvytt\u00e4v\u00e4t ihoa ja stimuloivat kollageenin synteesi\u00e4 r\u00e4ni-pitoisuutensa ansiosta.<\/li>\n<li>Guarana ja karnitiini toimivat yhdess\u00e4 Lipoutin kanssa, stimuloiden rasvanpolttoa.<\/li>\n<li>Niatsiinamidi lievitt\u00e4\u00e4 tulehdusta, v\u00e4hent\u00e4\u00e4 punoitusta, supistaa ihohuokosia ja s\u00e4\u00e4telee talin erityst\u00e4. Se auttaa v\u00e4hent\u00e4m\u00e4\u00e4n pigmentaatiota, stimuloi kollageenin tuotantoa ja minimoi pieni\u00e4 ryppyj\u00e4 ja juonteita. Suojaa ihoa auringon vaurioilta ja oksidatiiviselta stressilt\u00e4.<\/li>\n<li>E-vitamiini palauttaa ihon rakenteen ja kirkastaa ihoa.<\/li>\n<\/ul>\n<p><strong>K\u00e4ytt\u00f6<\/strong><\/p>\n<ul>\n<li>Aloita kuorintahoidolla ja puhdista sen j\u00e4lkeen iho.<\/li>\n<li>Levit\u00e4 selluliittikoncentraatti iholle ja hiero kevyesti, kunnes tuote on t\u00e4ysin imeytynyt.<\/li>\n<\/ul>\n<p><strong>Ainesosat<\/strong><\/p>\n<p><span style=\"font-size: 14px;\">AQUA (WATER), ALCOHOL DENAT., CAPRYLIC\/CAPRIC TRIGLYCERIDES, DICAPRYLYL CARBONATE, GLYCERIN, PROPANEDIOL, PROPYLENE GLYCOL, PLANKTON EXTRACT, CENTENELLA ASIATICA EXTRACT, EQUISETUM ARVENSE (HORSTAIL) EXTRACT, PAULLINIA CUPANA FRUIT EXTRACT, CAFFEINE, CARNITINE, DISODIUM EDTA, NIACINAMIDE, TOCOPHEROL, TOCOPHERYL ACETATE, XANTHAN GUM ACRYLATES\/C10-30 ALKYL ACRYLATE CROSSPOLYMER, PANTHENOL, PARFUM (FRAGRANCE), POLYACRYLAMIDE, MENTHOL, LAURETH-7, C13-14 ISOPARAFFIN, PHENOXYETHANOL, CHLORPHENESIN,\u00a0 HEXYL CINNAMAL, SODIUM HYDROXIDE, GLUCONOLACTONE, CALCIUM GLUCONATE, POTASSIUM SORBATE, SODIUM BENZOATE, LIMONENE, BUTYLPHENYL PROPIONAL, CITRONELLOL, CITRIC ACID.<\/span><\/p>","protected":false},"excerpt":{"rendered":"<p>&nbsp;<\/p>\n<p style=\"text-align: left;\">Ammattik\u00e4ytt\u00f6\u00f6n tarkoitettu kontsentraatti selluliitin torjumiseksi ja ennaltaehk\u00e4isemiseksi.<\/p>\n<p>10 tuupi x 10ml<\/p>","protected":false},"featured_media":1419,"comment_status":"open","ping_status":"closed","template":"","meta":{"_uag_custom_page_level_css":"","site-sidebar-layout":"default","site-content-layout":"","ast-site-content-layout":"default","site-content-style":"default","site-sidebar-style":"default","ast-global-header-display":"","ast-banner-title-visibility":"","ast-main-header-display":"","ast-hfb-above-header-display":"","ast-hfb-below-header-display":"","ast-hfb-mobile-header-display":"","site-post-title":"","ast-breadcrumbs-content":"","ast-featured-img":"","footer-sml-layout":"","ast-disable-related-posts":"","theme-transparent-header-meta":"default","adv-header-id-meta":"","stick-header-meta":"","header-above-stick-meta":"","header-main-stick-meta":"","header-below-stick-meta":"","astra-migrate-meta-layouts":"set","ast-page-background-enabled":"default","ast-page-background-meta":{"desktop":{"background-color":"var(--ast-global-color-4)","background-image":"","background-repeat":"repeat","background-position":"center center","background-size":"auto","background-attachment":"scroll","background-type":"","background-media":"","overlay-type":"","overlay-color":"","overlay-opacity":"","overlay-gradient":""},"tablet":{"background-color":"","background-image":"","background-repeat":"repeat","background-position":"center center","background-size":"auto","background-attachment":"scroll","background-type":"","background-media":"","overlay-type":"","overlay-color":"","overlay-opacity":"","overlay-gradient":""},"mobile":{"background-color":"","background-image":"","background-repeat":"repeat","background-position":"center center","background-size":"auto","background-attachment":"scroll","background-type":"","background-media":"","overlay-type":"","overlay-color":"","overlay-opacity":"","overlay-gradient":""}},"ast-content-background-meta":{"desktop":{"background-color":"var(--ast-global-color-5)","background-image":"","background-repeat":"repeat","background-position":"center center","background-size":"auto","background-attachment":"scroll","background-type":"","background-media":"","overlay-type":"","overlay-color":"","overlay-opacity":"","overlay-gradient":""},"tablet":{"background-color":"var(--ast-global-color-5)","background-image":"","background-repeat":"repeat","background-position":"center center","background-size":"auto","background-attachment":"scroll","background-type":"","background-media":"","overlay-type":"","overlay-color":"","overlay-opacity":"","overlay-gradient":""},"mobile":{"background-color":"var(--ast-global-color-5)","background-image":"","background-repeat":"repeat","background-position":"center center","background-size":"auto","background-attachment":"scroll","background-type":"","background-media":"","overlay-type":"","overlay-color":"","overlay-opacity":"","overlay-gradient":""}}},"product_brand":[],"product_cat":[65,96,98],"product_tag":[],"class_list":{"0":"post-1517","1":"product","2":"type-product","3":"status-publish","4":"has-post-thumbnail","6":"product_cat-body-care","7":"product_cat-brands","8":"product_cat-kehale","9":"desktop-align-left","10":"tablet-align-left","11":"mobile-align-left","13":"first","14":"instock","15":"taxable","16":"shipping-taxable","17":"product-type-simple","18":"add-to-wishlist-before_image"},"uagb_featured_image_src":{"full":["https:\/\/kosmeetika24.com\/wp-content\/uploads\/2023\/10\/2322.jpg",600,600,false],"thumbnail":["https:\/\/kosmeetika24.com\/wp-content\/uploads\/2023\/10\/2322-150x150.jpg",150,150,true],"medium":["https:\/\/kosmeetika24.com\/wp-content\/uploads\/2023\/10\/2322-300x300.jpg",300,300,true],"medium_large":["https:\/\/kosmeetika24.com\/wp-content\/uploads\/2023\/10\/2322.jpg",600,600,false],"large":["https:\/\/kosmeetika24.com\/wp-content\/uploads\/2023\/10\/2322.jpg",600,600,false],"1536x1536":["https:\/\/kosmeetika24.com\/wp-content\/uploads\/2023\/10\/2322.jpg",600,600,false],"2048x2048":["https:\/\/kosmeetika24.com\/wp-content\/uploads\/2023\/10\/2322.jpg",600,600,false],"trp-custom-language-flag":["https:\/\/kosmeetika24.com\/wp-content\/uploads\/2023\/10\/2322-12x12.jpg",12,12,true],"woocommerce_thumbnail":["https:\/\/kosmeetika24.com\/wp-content\/uploads\/2023\/10\/2322-300x300.jpg",300,300,true],"woocommerce_single":["https:\/\/kosmeetika24.com\/wp-content\/uploads\/2023\/10\/2322-500x500.jpg",500,500,true],"woocommerce_gallery_thumbnail":["https:\/\/kosmeetika24.com\/wp-content\/uploads\/2023\/10\/2322-100x100.jpg",100,100,true]},"uagb_author_info":{"display_name":"admin","author_link":"https:\/\/kosmeetika24.com\/fi\/author\/"},"uagb_comment_info":0,"uagb_excerpt":"&nbsp; Professionaalseks kasutamiseks m\u00f5eldud kontsentraat tselluliidi t\u00f5rjeks ja ennetamiseks. 10 tuupi x 10ml","_links":{"self":[{"href":"https:\/\/kosmeetika24.com\/fi\/wp-json\/wp\/v2\/product\/1517","targetHints":{"allow":["GET"]}}],"collection":[{"href":"https:\/\/kosmeetika24.com\/fi\/wp-json\/wp\/v2\/product"}],"about":[{"href":"https:\/\/kosmeetika24.com\/fi\/wp-json\/wp\/v2\/types\/product"}],"replies":[{"embeddable":true,"href":"https:\/\/kosmeetika24.com\/fi\/wp-json\/wp\/v2\/comments?post=1517"}],"version-history":[{"count":1,"href":"https:\/\/kosmeetika24.com\/fi\/wp-json\/wp\/v2\/product\/1517\/revisions"}],"predecessor-version":[{"id":4749,"href":"https:\/\/kosmeetika24.com\/fi\/wp-json\/wp\/v2\/product\/1517\/revisions\/4749"}],"wp:featuredmedia":[{"embeddable":true,"href":"https:\/\/kosmeetika24.com\/fi\/wp-json\/wp\/v2\/media\/1419"}],"wp:attachment":[{"href":"https:\/\/kosmeetika24.com\/fi\/wp-json\/wp\/v2\/media?parent=1517"}],"wp:term":[{"taxonomy":"product_brand","embeddable":true,"href":"https:\/\/kosmeetika24.com\/fi\/wp-json\/wp\/v2\/product_brand?post=1517"},{"taxonomy":"product_cat","embeddable":true,"href":"https:\/\/kosmeetika24.com\/fi\/wp-json\/wp\/v2\/product_cat?post=1517"},{"taxonomy":"product_tag","embeddable":true,"href":"https:\/\/kosmeetika24.com\/fi\/wp-json\/wp\/v2\/product_tag?post=1517"}],"curies":[{"name":"wp","href":"https:\/\/api.w.org\/{rel}","templated":true}]}}