{"id":1511,"date":"2024-11-22T16:32:29","date_gmt":"2024-11-22T13:32:29","guid":{"rendered":"https:\/\/kosmeetika24.com\/?post_type=product&#038;p=1511"},"modified":"2025-07-02T13:55:38","modified_gmt":"2025-07-02T10:55:38","slug":"bruno-vassari-body-care-intensiivne-pinguldav-kreem-2","status":"publish","type":"product","link":"https:\/\/kosmeetika24.com\/fi\/tuote\/bruno-vassari-body-care-intensiivne-pinguldav-kreem-2\/","title":{"rendered":"BRUNO VASSARI Body Care intensiivinen kiinteytt\u00e4v\u00e4 voide."},"content":{"rendered":"<p class=\"translation-block\">Kiinteytt\u00e4v\u00e4 kehavoide <em>Premium Firming Cream<\/em> sis\u00e4lt\u00e4\u00e4 vaikuttavia aineita, jotka tonisoivat ja kiinteytt\u00e4v\u00e4t epidermist\u00e4, tekev\u00e4t siit\u00e4 elastisemman, silottavat ryppyj\u00e4 ja luovat uuden siluetin. P\u00e4\u00e4asiallinen vaikutus perustuu ainesosaan, joka vahvistaa dermiksen ja epidermiksen v\u00e4list\u00e4 yhteytt\u00e4, vastaten ihon pinnan ulkon\u00e4\u00f6st\u00e4 ja pit\u00e4en sen napakkana ja tasaisena.<\/p>\n<p>Sopii kaikille ihotyypeille, erityisesti l\u00f6ys\u00e4lle iholle.<\/p>\n<p><strong>VAIKUTTAVAT AINEET<\/strong><\/p>\n<ul>\n<li>Toniskin<\/li>\n<li>Kreatiini<\/li>\n<li>Sheavoi<\/li>\n<li>Allantoiini<\/li>\n<li>D-pantenoli 50P<\/li>\n<li>Vihre\u00e4n teen uutehdas<\/li>\n<\/ul>\n<p><strong>Vaikutus<\/strong><\/p>\n<ul>\n<li>Toniskin saadaan hiivasta, ja se stimuloi tyypin 4 ja 7 kollageenin synteesi\u00e4 sek\u00e4 integriinej\u00e4, jotka tukevat orvaskett\u00e4 ja parantavat kudoksia.<\/li>\n<li>Keratiini aktivoi elastaanin ja kollageenin synteesi sek\u00e4 tukee ihosolujen normaalia aineenvaihduntaa.<\/li>\n<li>Sheavoi edist\u00e4\u00e4 ihon suojaavan lipidimuurin muodostumista, v\u00e4hent\u00e4\u00e4 transepidermist\u00e4 vesih\u00e4vikki\u00e4 ja palauttaa ihon antioksidanttisen suojan.<\/li>\n<li>Allantoiini on kasviuute, joka edist\u00e4\u00e4 epidermaalisten solujen uudistumista.<\/li>\n<li>D-pantenoli 50P edist\u00e4\u00e4 epidermisolujen suojaavan kerroksen muodostumista ja aktivoi niiden regeneroitumisen.<\/li>\n<li>Vihre\u00e4n teen uute on aktiivinen antioksidantti, joka osallistuu ihosolujen korjaus- ja uudistusprosessiin ja jolla on kiinteytt\u00e4v\u00e4 vaikutus.<\/li>\n<\/ul>","protected":false},"excerpt":{"rendered":"<p>Ammattik\u00e4ytt\u00f6\u00f6n tarkoitettu intensiivinen kiinteytt\u00e4v\u00e4 vartalovoide, joka palauttaa ihon s\u00e4vyn, kiinteyden ja elastisuuden.<\/p>\n<p>1000 ml<\/p>","protected":false},"featured_media":1412,"comment_status":"open","ping_status":"closed","template":"","meta":{"_uag_custom_page_level_css":"","site-sidebar-layout":"default","site-content-layout":"","ast-site-content-layout":"default","site-content-style":"default","site-sidebar-style":"default","ast-global-header-display":"","ast-banner-title-visibility":"","ast-main-header-display":"","ast-hfb-above-header-display":"","ast-hfb-below-header-display":"","ast-hfb-mobile-header-display":"","site-post-title":"","ast-breadcrumbs-content":"","ast-featured-img":"","footer-sml-layout":"","ast-disable-related-posts":"","theme-transparent-header-meta":"default","adv-header-id-meta":"","stick-header-meta":"","header-above-stick-meta":"","header-main-stick-meta":"","header-below-stick-meta":"","astra-migrate-meta-layouts":"set","ast-page-background-enabled":"default","ast-page-background-meta":{"desktop":{"background-color":"var(--ast-global-color-4)","background-image":"","background-repeat":"repeat","background-position":"center center","background-size":"auto","background-attachment":"scroll","background-type":"","background-media":"","overlay-type":"","overlay-color":"","overlay-opacity":"","overlay-gradient":""},"tablet":{"background-color":"","background-image":"","background-repeat":"repeat","background-position":"center center","background-size":"auto","background-attachment":"scroll","background-type":"","background-media":"","overlay-type":"","overlay-color":"","overlay-opacity":"","overlay-gradient":""},"mobile":{"background-color":"","background-image":"","background-repeat":"repeat","background-position":"center center","background-size":"auto","background-attachment":"scroll","background-type":"","background-media":"","overlay-type":"","overlay-color":"","overlay-opacity":"","overlay-gradient":""}},"ast-content-background-meta":{"desktop":{"background-color":"var(--ast-global-color-5)","background-image":"","background-repeat":"repeat","background-position":"center center","background-size":"auto","background-attachment":"scroll","background-type":"","background-media":"","overlay-type":"","overlay-color":"","overlay-opacity":"","overlay-gradient":""},"tablet":{"background-color":"var(--ast-global-color-5)","background-image":"","background-repeat":"repeat","background-position":"center center","background-size":"auto","background-attachment":"scroll","background-type":"","background-media":"","overlay-type":"","overlay-color":"","overlay-opacity":"","overlay-gradient":""},"mobile":{"background-color":"var(--ast-global-color-5)","background-image":"","background-repeat":"repeat","background-position":"center center","background-size":"auto","background-attachment":"scroll","background-type":"","background-media":"","overlay-type":"","overlay-color":"","overlay-opacity":"","overlay-gradient":""}}},"product_brand":[],"product_cat":[65,96,98],"product_tag":[],"class_list":{"0":"post-1511","1":"product","2":"type-product","3":"status-publish","4":"has-post-thumbnail","6":"product_cat-body-care","7":"product_cat-brands","8":"product_cat-kehale","9":"desktop-align-left","10":"tablet-align-left","11":"mobile-align-left","13":"first","14":"instock","15":"taxable","16":"shipping-taxable","17":"product-type-simple","18":"add-to-wishlist-before_image"},"uagb_featured_image_src":{"full":["https:\/\/kosmeetika24.com\/wp-content\/uploads\/2023\/10\/2307.jpg",600,600,false],"thumbnail":["https:\/\/kosmeetika24.com\/wp-content\/uploads\/2023\/10\/2307-150x150.jpg",150,150,true],"medium":["https:\/\/kosmeetika24.com\/wp-content\/uploads\/2023\/10\/2307-300x300.jpg",300,300,true],"medium_large":["https:\/\/kosmeetika24.com\/wp-content\/uploads\/2023\/10\/2307.jpg",600,600,false],"large":["https:\/\/kosmeetika24.com\/wp-content\/uploads\/2023\/10\/2307.jpg",600,600,false],"1536x1536":["https:\/\/kosmeetika24.com\/wp-content\/uploads\/2023\/10\/2307.jpg",600,600,false],"2048x2048":["https:\/\/kosmeetika24.com\/wp-content\/uploads\/2023\/10\/2307.jpg",600,600,false],"trp-custom-language-flag":["https:\/\/kosmeetika24.com\/wp-content\/uploads\/2023\/10\/2307-12x12.jpg",12,12,true],"woocommerce_thumbnail":["https:\/\/kosmeetika24.com\/wp-content\/uploads\/2023\/10\/2307-300x300.jpg",300,300,true],"woocommerce_single":["https:\/\/kosmeetika24.com\/wp-content\/uploads\/2023\/10\/2307-500x500.jpg",500,500,true],"woocommerce_gallery_thumbnail":["https:\/\/kosmeetika24.com\/wp-content\/uploads\/2023\/10\/2307-100x100.jpg",100,100,true]},"uagb_author_info":{"display_name":"admin","author_link":"https:\/\/kosmeetika24.com\/fi\/author\/"},"uagb_comment_info":0,"uagb_excerpt":"Professionaalseks kasutamiseks m\u00f5eldud intensiivne pinguldav kehakreem, mis taastab naha tooni, pinguldatuse ja elastsuse. 1000 ml","_links":{"self":[{"href":"https:\/\/kosmeetika24.com\/fi\/wp-json\/wp\/v2\/product\/1511","targetHints":{"allow":["GET"]}}],"collection":[{"href":"https:\/\/kosmeetika24.com\/fi\/wp-json\/wp\/v2\/product"}],"about":[{"href":"https:\/\/kosmeetika24.com\/fi\/wp-json\/wp\/v2\/types\/product"}],"replies":[{"embeddable":true,"href":"https:\/\/kosmeetika24.com\/fi\/wp-json\/wp\/v2\/comments?post=1511"}],"version-history":[{"count":1,"href":"https:\/\/kosmeetika24.com\/fi\/wp-json\/wp\/v2\/product\/1511\/revisions"}],"predecessor-version":[{"id":4739,"href":"https:\/\/kosmeetika24.com\/fi\/wp-json\/wp\/v2\/product\/1511\/revisions\/4739"}],"wp:featuredmedia":[{"embeddable":true,"href":"https:\/\/kosmeetika24.com\/fi\/wp-json\/wp\/v2\/media\/1412"}],"wp:attachment":[{"href":"https:\/\/kosmeetika24.com\/fi\/wp-json\/wp\/v2\/media?parent=1511"}],"wp:term":[{"taxonomy":"product_brand","embeddable":true,"href":"https:\/\/kosmeetika24.com\/fi\/wp-json\/wp\/v2\/product_brand?post=1511"},{"taxonomy":"product_cat","embeddable":true,"href":"https:\/\/kosmeetika24.com\/fi\/wp-json\/wp\/v2\/product_cat?post=1511"},{"taxonomy":"product_tag","embeddable":true,"href":"https:\/\/kosmeetika24.com\/fi\/wp-json\/wp\/v2\/product_tag?post=1511"}],"curies":[{"name":"wp","href":"https:\/\/api.w.org\/{rel}","templated":true}]}}