{"id":1509,"date":"2024-01-05T09:09:28","date_gmt":"2024-01-05T09:09:28","guid":{"rendered":"https:\/\/kosmeetika24.com\/?post_type=product&#038;p=1509"},"modified":"2025-07-02T14:03:59","modified_gmt":"2025-07-02T11:03:59","slug":"bruno-vassari-body-care-salendav-ja-jahutav-geel-2","status":"publish","type":"product","link":"https:\/\/kosmeetika24.com\/fi\/tuote\/bruno-vassari-body-care-salendav-ja-jahutav-geel-2\/","title":{"rendered":"BRUNO VASSARI Body Care Hoikistava ja viilent\u00e4v\u00e4 geeli."},"content":{"rendered":"<p class=\"translation-block\">Kehogeeli <em>Slim Effect Gel<\/em> edist\u00e4\u00e4 varastoituneiden rasvojen hajoamista rasvasoluissa. T\u00e4llainen vaikutus johtuu vaikuttavien aineiden seoksesta, joka antaa iholle viilent\u00e4v\u00e4n vaikutuksen. Kehogeeli hoikentaa, stimuloi solujen aineenvaihduntaa, tonisoi ja lievitt\u00e4\u00e4 turvotusta.<\/p>\n<p>Sopii kaikille ihotyypeille. Erityisesti suunniteltu niille, jotka haluavat kiinteytt\u00e4\u00e4 kudoksia ja hoikentaa vartaloa.<\/p>\n<p><strong>P\u00c4\u00c4AINEOSAT<\/strong><\/p>\n<ul>\n<li>Mentooli<\/li>\n<li>Kamfer<\/li>\n<li>Pronalen<\/li>\n<li>Hevosenkastanja<\/li>\n<\/ul>\n<p><strong>Vaikutus<\/strong><\/p>\n<ul>\n<li class=\"translation-block\">Mentolin ja kamferin yhdistelm\u00e4 alentaa kehon l\u00e4mp\u00f6tilaa, tarjoten viilent\u00e4v\u00e4n vaikutuksen, jonka vuoksi solut supistuvat<br> ja stimuloi solujen aineenvaihduntaa. T\u00e4m\u00e4 vaikutus lis\u00e4\u00e4 rasvanpolttoa ja hoikentaa kehoa.<\/li>\n<li>Pronalen on kasviuute ja maitohorsman siemenuutti, jolla on voimakas tonisoiva vaikutus.<\/li>\n<li>Hevosenkastanja aktivoi myrkyllisten aineiden ja lipidien poistamisen rasvasoluista ja v\u00e4hent\u00e4\u00e4 my\u00f6s soluv\u00e4linesteen m\u00e4\u00e4r\u00e4\u00e4.<\/li>\n<\/ul>\n<p><strong>K\u00e4ytt\u00f6<\/strong><\/p>\n<ul>\n<li>Levit\u00e4 kehogeeli haluttuun alueeseen ja hiero, kunnes se on t\u00e4ysin imeytynyt.<\/li>\n<\/ul>\n<p><strong>Ainesosat<\/strong><\/p>\n<p><span style=\"font-size: 14px;\">AQUA (WATER), ALCOHOL DENAT.,\u00a0 GLYCERIN, TRIETHANOLAMINE, PROPYLENE GLYCOL, CARBOMER, MENTHOL, DECYL GLUCOSIDE, CAMPHOR, EQUISETUM ARVENSE (HORSETAIL) EXTRACT, MEDICAGO SATIVA (ALFALFA) EXTRACT, SILYBUM MARIANUM FRUIT EXTRACT, TRITICUM VULGARE (WHEAT) SEED EXTRACT, GLYCINE SOJA (SOYBEAN) SEED EXTRACT, ALCHMILLA VULGARIS EXTRACT, RAPHANUS SATIVUS (RADISH) SEED EXTRACT, METHYLPROPANEDIOL, C.I. 42090 (FD&C BLYE NO 1.).<\/span><\/p>","protected":false},"excerpt":{"rendered":"<p>Ammatik\u00e4ytt\u00f6\u00f6n tarkoitettu tuote parantaa kehon muotoa, lis\u00e4\u00e4 solujen aineenvaihduntaa, viilent\u00e4\u00e4 ja tonisoi ihoa.<\/p>\n<p>1000 ml<\/p>","protected":false},"featured_media":1510,"comment_status":"open","ping_status":"closed","template":"","meta":{"_uag_custom_page_level_css":"","site-sidebar-layout":"default","site-content-layout":"","ast-site-content-layout":"default","site-content-style":"default","site-sidebar-style":"default","ast-global-header-display":"","ast-banner-title-visibility":"","ast-main-header-display":"","ast-hfb-above-header-display":"","ast-hfb-below-header-display":"","ast-hfb-mobile-header-display":"","site-post-title":"","ast-breadcrumbs-content":"","ast-featured-img":"","footer-sml-layout":"","ast-disable-related-posts":"","theme-transparent-header-meta":"default","adv-header-id-meta":"","stick-header-meta":"","header-above-stick-meta":"","header-main-stick-meta":"","header-below-stick-meta":"","astra-migrate-meta-layouts":"set","ast-page-background-enabled":"default","ast-page-background-meta":{"desktop":{"background-color":"var(--ast-global-color-4)","background-image":"","background-repeat":"repeat","background-position":"center center","background-size":"auto","background-attachment":"scroll","background-type":"","background-media":"","overlay-type":"","overlay-color":"","overlay-opacity":"","overlay-gradient":""},"tablet":{"background-color":"","background-image":"","background-repeat":"repeat","background-position":"center center","background-size":"auto","background-attachment":"scroll","background-type":"","background-media":"","overlay-type":"","overlay-color":"","overlay-opacity":"","overlay-gradient":""},"mobile":{"background-color":"","background-image":"","background-repeat":"repeat","background-position":"center center","background-size":"auto","background-attachment":"scroll","background-type":"","background-media":"","overlay-type":"","overlay-color":"","overlay-opacity":"","overlay-gradient":""}},"ast-content-background-meta":{"desktop":{"background-color":"var(--ast-global-color-5)","background-image":"","background-repeat":"repeat","background-position":"center center","background-size":"auto","background-attachment":"scroll","background-type":"","background-media":"","overlay-type":"","overlay-color":"","overlay-opacity":"","overlay-gradient":""},"tablet":{"background-color":"var(--ast-global-color-5)","background-image":"","background-repeat":"repeat","background-position":"center center","background-size":"auto","background-attachment":"scroll","background-type":"","background-media":"","overlay-type":"","overlay-color":"","overlay-opacity":"","overlay-gradient":""},"mobile":{"background-color":"var(--ast-global-color-5)","background-image":"","background-repeat":"repeat","background-position":"center center","background-size":"auto","background-attachment":"scroll","background-type":"","background-media":"","overlay-type":"","overlay-color":"","overlay-opacity":"","overlay-gradient":""}}},"product_brand":[],"product_cat":[65,96,98],"product_tag":[],"class_list":{"0":"post-1509","1":"product","2":"type-product","3":"status-publish","4":"has-post-thumbnail","6":"product_cat-body-care","7":"product_cat-brands","8":"product_cat-kehale","9":"desktop-align-left","10":"tablet-align-left","11":"mobile-align-left","13":"first","14":"instock","15":"taxable","16":"shipping-taxable","17":"product-type-simple","18":"add-to-wishlist-before_image"},"uagb_featured_image_src":{"full":["https:\/\/kosmeetika24.com\/wp-content\/uploads\/2023\/10\/2308-Slim-Effect-Gel.jpg",600,600,false],"thumbnail":["https:\/\/kosmeetika24.com\/wp-content\/uploads\/2023\/10\/2308-Slim-Effect-Gel-150x150.jpg",150,150,true],"medium":["https:\/\/kosmeetika24.com\/wp-content\/uploads\/2023\/10\/2308-Slim-Effect-Gel-300x300.jpg",300,300,true],"medium_large":["https:\/\/kosmeetika24.com\/wp-content\/uploads\/2023\/10\/2308-Slim-Effect-Gel.jpg",600,600,false],"large":["https:\/\/kosmeetika24.com\/wp-content\/uploads\/2023\/10\/2308-Slim-Effect-Gel.jpg",600,600,false],"1536x1536":["https:\/\/kosmeetika24.com\/wp-content\/uploads\/2023\/10\/2308-Slim-Effect-Gel.jpg",600,600,false],"2048x2048":["https:\/\/kosmeetika24.com\/wp-content\/uploads\/2023\/10\/2308-Slim-Effect-Gel.jpg",600,600,false],"trp-custom-language-flag":["https:\/\/kosmeetika24.com\/wp-content\/uploads\/2023\/10\/2308-Slim-Effect-Gel-12x12.jpg",12,12,true],"woocommerce_thumbnail":["https:\/\/kosmeetika24.com\/wp-content\/uploads\/2023\/10\/2308-Slim-Effect-Gel-300x300.jpg",300,300,true],"woocommerce_single":["https:\/\/kosmeetika24.com\/wp-content\/uploads\/2023\/10\/2308-Slim-Effect-Gel-500x500.jpg",500,500,true],"woocommerce_gallery_thumbnail":["https:\/\/kosmeetika24.com\/wp-content\/uploads\/2023\/10\/2308-Slim-Effect-Gel-100x100.jpg",100,100,true]},"uagb_author_info":{"display_name":"admin","author_link":"https:\/\/kosmeetika24.com\/fi\/author\/"},"uagb_comment_info":0,"uagb_excerpt":"Professionaalseks kasutamiseks m\u00f5eldud parendab keha kontuuri, suurendab rakkude ainevahetust, jahutab ja toniseerib nahka. 1000 ml","_links":{"self":[{"href":"https:\/\/kosmeetika24.com\/fi\/wp-json\/wp\/v2\/product\/1509","targetHints":{"allow":["GET"]}}],"collection":[{"href":"https:\/\/kosmeetika24.com\/fi\/wp-json\/wp\/v2\/product"}],"about":[{"href":"https:\/\/kosmeetika24.com\/fi\/wp-json\/wp\/v2\/types\/product"}],"replies":[{"embeddable":true,"href":"https:\/\/kosmeetika24.com\/fi\/wp-json\/wp\/v2\/comments?post=1509"}],"version-history":[{"count":1,"href":"https:\/\/kosmeetika24.com\/fi\/wp-json\/wp\/v2\/product\/1509\/revisions"}],"predecessor-version":[{"id":4748,"href":"https:\/\/kosmeetika24.com\/fi\/wp-json\/wp\/v2\/product\/1509\/revisions\/4748"}],"wp:featuredmedia":[{"embeddable":true,"href":"https:\/\/kosmeetika24.com\/fi\/wp-json\/wp\/v2\/media\/1510"}],"wp:attachment":[{"href":"https:\/\/kosmeetika24.com\/fi\/wp-json\/wp\/v2\/media?parent=1509"}],"wp:term":[{"taxonomy":"product_brand","embeddable":true,"href":"https:\/\/kosmeetika24.com\/fi\/wp-json\/wp\/v2\/product_brand?post=1509"},{"taxonomy":"product_cat","embeddable":true,"href":"https:\/\/kosmeetika24.com\/fi\/wp-json\/wp\/v2\/product_cat?post=1509"},{"taxonomy":"product_tag","embeddable":true,"href":"https:\/\/kosmeetika24.com\/fi\/wp-json\/wp\/v2\/product_tag?post=1509"}],"curies":[{"name":"wp","href":"https:\/\/api.w.org\/{rel}","templated":true}]}}