{"id":1508,"date":"2024-01-05T08:45:15","date_gmt":"2024-01-05T08:45:15","guid":{"rendered":"https:\/\/kosmeetika24.com\/?post_type=product&#038;p=1508"},"modified":"2025-09-16T10:00:45","modified_gmt":"2025-09-16T07:00:45","slug":"bruno-vassari-boosters-niisutav-biotselluloosimask","status":"publish","type":"product","link":"https:\/\/kosmeetika24.com\/fi\/tuote\/bruno-vassari-boosters-niisutav-biotselluloosimask\/","title":{"rendered":"BRUNO VASSARI Boosters Kosteuttava biotselluloosimaski"},"content":{"rendered":"<p>Professionaalseks kasutamiseks m\u00f5eldud boitselluloosil p\u00f5hinev mask <em>Second Skin<\/em>\u00a0 rahustab ja niisutab.<\/p>\n<p>Nahale kandmisel moodustab see kaitsekihi ning turgutab nahka suure kontsentratsiooniga toimeainetega.<\/p>\n<p>Jume muutub v\u00e4rskeks ja s\u00e4ravaks juba 20 minutit p\u00e4rast kasutamist.<\/p>\n<p>Sopii kaikille ihotyypeille.<\/p>\n<p><strong>VAIKUTTAVAT AINEET<\/strong><\/p>\n<ul>\n<li>Glyseriini<\/li>\n<li>Hyaluronihappo<\/li>\n<li>Fykogeeli<\/li>\n<li>Kollageeni<\/li>\n<li>Aloe vera<\/li>\n<\/ul>\n<p><strong>Vaikutus<\/strong><\/p>\n<ul>\n<li>Glyseriini kosteuttaa ja rauhoittaa ihoa.<\/li>\n<li>Pienenmolekyylipainoinen hyaluronihappo tunkeutuu syv\u00e4lle sarveiskerrokseen s\u00e4ilytt\u00e4\u00e4kseen transdermaalista vett\u00e4 ja t\u00e4ytt\u00e4\u00e4 ihosolut kosteudella.<\/li>\n<li>F\u00fckogeeli: polysakkaridi, jolla on kosteuttava vaikutus ja kyky muodostaa iholle suojaava kerros, joka est\u00e4\u00e4 kuivumista.<\/li>\n<li>Kollageeni parantaa ihon s\u00e4vy\u00e4 ja kimmoisuutta.<\/li>\n<li>Yksinkertainen aloe vera kosteuttaa ja ravitsee ihoa.<\/li>\n<\/ul>\n<p><strong>Ainesosat<\/strong><\/p>\n<p>AQUA ( WATER), GLYCERIN, POLYACRYLATE-13, PHENOXYETHANOL, ETHYLHEXYLGLYCERIN, TRIETHANOLAMINE, POLYISOBUTENE, ACRYLATES\/C10-30 ALKYACRYLATE, CROSSPOLYMER, DISODIUMEDTA, SODIUMHYALURONATE, PARFUM (FRAGRANCE), POLYSORBATE 20, SORBITAB ISOSTEARATE, BIOSACCHARIDE GUM-1, CITRIC ACID, SODIUM CITRATE, SOLUBLE COLLAGEN, SODIUM BENZOATE, HEXYL CINNAMAL, LINALOOL, ALOE BARBADENSIS LEAF EXTRACT.<\/p>","protected":false},"excerpt":{"rendered":"<p>Syv\u00e4kosteuttaa ja t\u00e4ytt\u00e4\u00e4 ihon aktiivisilla konsentraateilla.<\/p>\n<p>Setti on tarkoitettu ammattilaisk\u00e4ytt\u00f6\u00f6n 5 hoitoon.<\/p>","protected":false},"featured_media":1433,"comment_status":"open","ping_status":"closed","template":"","meta":{"_uag_custom_page_level_css":"","site-sidebar-layout":"default","site-content-layout":"","ast-site-content-layout":"default","site-content-style":"default","site-sidebar-style":"default","ast-global-header-display":"","ast-banner-title-visibility":"","ast-main-header-display":"","ast-hfb-above-header-display":"","ast-hfb-below-header-display":"","ast-hfb-mobile-header-display":"","site-post-title":"","ast-breadcrumbs-content":"","ast-featured-img":"","footer-sml-layout":"","ast-disable-related-posts":"","theme-transparent-header-meta":"default","adv-header-id-meta":"","stick-header-meta":"","header-above-stick-meta":"","header-main-stick-meta":"","header-below-stick-meta":"","astra-migrate-meta-layouts":"set","ast-page-background-enabled":"default","ast-page-background-meta":{"desktop":{"background-color":"var(--ast-global-color-4)","background-image":"","background-repeat":"repeat","background-position":"center center","background-size":"auto","background-attachment":"scroll","background-type":"","background-media":"","overlay-type":"","overlay-color":"","overlay-opacity":"","overlay-gradient":""},"tablet":{"background-color":"","background-image":"","background-repeat":"repeat","background-position":"center center","background-size":"auto","background-attachment":"scroll","background-type":"","background-media":"","overlay-type":"","overlay-color":"","overlay-opacity":"","overlay-gradient":""},"mobile":{"background-color":"","background-image":"","background-repeat":"repeat","background-position":"center center","background-size":"auto","background-attachment":"scroll","background-type":"","background-media":"","overlay-type":"","overlay-color":"","overlay-opacity":"","overlay-gradient":""}},"ast-content-background-meta":{"desktop":{"background-color":"var(--ast-global-color-5)","background-image":"","background-repeat":"repeat","background-position":"center center","background-size":"auto","background-attachment":"scroll","background-type":"","background-media":"","overlay-type":"","overlay-color":"","overlay-opacity":"","overlay-gradient":""},"tablet":{"background-color":"var(--ast-global-color-5)","background-image":"","background-repeat":"repeat","background-position":"center center","background-size":"auto","background-attachment":"scroll","background-type":"","background-media":"","overlay-type":"","overlay-color":"","overlay-opacity":"","overlay-gradient":""},"mobile":{"background-color":"var(--ast-global-color-5)","background-image":"","background-repeat":"repeat","background-position":"center center","background-size":"auto","background-attachment":"scroll","background-type":"","background-media":"","overlay-type":"","overlay-color":"","overlay-opacity":"","overlay-gradient":""}}},"product_brand":[],"product_cat":[61,96,97],"product_tag":[],"class_list":{"0":"post-1508","1":"product","2":"type-product","3":"status-publish","4":"has-post-thumbnail","6":"product_cat-boosters","7":"product_cat-brands","8":"product_cat-naole","9":"desktop-align-left","10":"tablet-align-left","11":"mobile-align-left","13":"first","14":"instock","15":"taxable","16":"shipping-taxable","17":"product-type-simple","18":"add-to-wishlist-before_image"},"uagb_featured_image_src":{"full":["https:\/\/kosmeetika24.com\/wp-content\/uploads\/2023\/10\/2339.jpg",600,600,false],"thumbnail":["https:\/\/kosmeetika24.com\/wp-content\/uploads\/2023\/10\/2339-150x150.jpg",150,150,true],"medium":["https:\/\/kosmeetika24.com\/wp-content\/uploads\/2023\/10\/2339-300x300.jpg",300,300,true],"medium_large":["https:\/\/kosmeetika24.com\/wp-content\/uploads\/2023\/10\/2339.jpg",600,600,false],"large":["https:\/\/kosmeetika24.com\/wp-content\/uploads\/2023\/10\/2339.jpg",600,600,false],"1536x1536":["https:\/\/kosmeetika24.com\/wp-content\/uploads\/2023\/10\/2339.jpg",600,600,false],"2048x2048":["https:\/\/kosmeetika24.com\/wp-content\/uploads\/2023\/10\/2339.jpg",600,600,false],"trp-custom-language-flag":["https:\/\/kosmeetika24.com\/wp-content\/uploads\/2023\/10\/2339-12x12.jpg",12,12,true],"woocommerce_thumbnail":["https:\/\/kosmeetika24.com\/wp-content\/uploads\/2023\/10\/2339-300x300.jpg",300,300,true],"woocommerce_single":["https:\/\/kosmeetika24.com\/wp-content\/uploads\/2023\/10\/2339-500x500.jpg",500,500,true],"woocommerce_gallery_thumbnail":["https:\/\/kosmeetika24.com\/wp-content\/uploads\/2023\/10\/2339-100x100.jpg",100,100,true]},"uagb_author_info":{"display_name":"admin","author_link":"https:\/\/kosmeetika24.com\/fi\/author\/"},"uagb_comment_info":10,"uagb_excerpt":"Niisutab s\u00fcgavalt ja t\u00e4idab naha aktiivsete kontsentraatidega. Komplekt on m\u00f5eldud professionaalseks kasutamiseks 5 protseduuril.","_links":{"self":[{"href":"https:\/\/kosmeetika24.com\/fi\/wp-json\/wp\/v2\/product\/1508","targetHints":{"allow":["GET"]}}],"collection":[{"href":"https:\/\/kosmeetika24.com\/fi\/wp-json\/wp\/v2\/product"}],"about":[{"href":"https:\/\/kosmeetika24.com\/fi\/wp-json\/wp\/v2\/types\/product"}],"replies":[{"embeddable":true,"href":"https:\/\/kosmeetika24.com\/fi\/wp-json\/wp\/v2\/comments?post=1508"}],"version-history":[{"count":4,"href":"https:\/\/kosmeetika24.com\/fi\/wp-json\/wp\/v2\/product\/1508\/revisions"}],"predecessor-version":[{"id":7044,"href":"https:\/\/kosmeetika24.com\/fi\/wp-json\/wp\/v2\/product\/1508\/revisions\/7044"}],"wp:featuredmedia":[{"embeddable":true,"href":"https:\/\/kosmeetika24.com\/fi\/wp-json\/wp\/v2\/media\/1433"}],"wp:attachment":[{"href":"https:\/\/kosmeetika24.com\/fi\/wp-json\/wp\/v2\/media?parent=1508"}],"wp:term":[{"taxonomy":"product_brand","embeddable":true,"href":"https:\/\/kosmeetika24.com\/fi\/wp-json\/wp\/v2\/product_brand?post=1508"},{"taxonomy":"product_cat","embeddable":true,"href":"https:\/\/kosmeetika24.com\/fi\/wp-json\/wp\/v2\/product_cat?post=1508"},{"taxonomy":"product_tag","embeddable":true,"href":"https:\/\/kosmeetika24.com\/fi\/wp-json\/wp\/v2\/product_tag?post=1508"}],"curies":[{"name":"wp","href":"https:\/\/api.w.org\/{rel}","templated":true}]}}