{"id":1506,"date":"2024-01-05T08:38:52","date_gmt":"2024-01-05T08:38:52","guid":{"rendered":"https:\/\/kosmeetika24.com\/?post_type=product&#038;p=1506"},"modified":"2025-07-02T16:08:25","modified_gmt":"2025-07-02T13:08:25","slug":"bruno-vassari-boosters-ensumaatiline-paiiniga-koorija","status":"publish","type":"product","link":"https:\/\/kosmeetika24.com\/fi\/tuote\/bruno-vassari-boosters-ensumaatiline-paiiniga-koorija\/","title":{"rendered":"BRUNO VASSARI Boosters -entsymaattisen kuorintatuotteen avulla"},"content":{"rendered":"<p class=\"translation-block\">Kuorinta-aine <em>Papain Enzymatic Resurfacer<\/em> on papaainia sis\u00e4lt\u00e4v\u00e4 entsymaattinen kuorinta-aine. Molekulaarikerroksella varustettu kuorinta-aine on erityisesti suunniteltu vaikuttavien aineiden biologisen saatavuuden parantamiseksi. Geelim\u00e4inen koostumus antaa raikkaan tunteen, rentouttaa ihoa ja v\u00e4hent\u00e4\u00e4 tukkeumia.<\/p>\n<p>Se poistaa kuolleet solut, j\u00e4tt\u00e4en ihon kirkkaaksi, raikkaaksi ja rentoutuneeksi.<\/p>\n<p>Sopii kaikille ihotyypeille, jopa herk\u00e4lle iholle.<\/p>\n<p><strong>P\u00c4\u00c4AINEOSAT<\/strong><\/p>\n<ul>\n<li>Papaiini<\/li>\n<li>Luonnollisten kosteuttavien aineiden koostumus<\/li>\n<\/ul>\n<p><strong>Vaikutus<\/strong><\/p>\n<ul>\n<li>Papaiini on kasvientsyymi, joka kuorii kuolleet ihosolut pinnalta ja aktivoi epidermiksen sarveiskerroksen solujen uusiutumisen.<\/li>\n<li>Naha loomulik niisutav tegur \u2013 niisutab nahka ja taastab vee tasakaalu. Koorimine muudab naha terveks ja s\u00e4ravaks.<\/li>\n<\/ul>\n<p><strong>K\u00e4ytt\u00f6<\/strong><\/p>\n<ul>\n<li>Levit\u00e4 paks kerros kuorintaa kasvoille ja kaulalle siveltimell\u00e4.<\/li>\n<li>Anna tuotteen vaikuttaa iholla 10 minuuttia ja huuhtele huolellisesti.<\/li>\n<\/ul>\n<p><strong>Ainesosat<\/strong><\/p>\n<p><span style=\"font-size: 14px;\">AQUA (WATER), ALCOHOL DENAT, GLYCERIN, CYCLOPENTASILOXANE, PHENOXYETHANOL, CARBOMER, TRIETHANOLAMINE, MALTODEXTRIN, PAPAIN, XANTHAN GUM, DIMETHICONOL, CALCIUM PANTOTHENATE, PARFUM (FRAGRANCE), CAPRYLYL GLYCOL, UREA, DISODIUM EDTA, MAGNESIUM LACTATE, POTASSIUM LACTATE, PROLINE, ALANINE, SERINE, CHORPHENESIN, MAGNESIUM CHLORIDE, SODIUM CITRATE, ETHYLHEXYLGLYCERIN, METHYLPROPANEIDOL, CI.42090 (FD&C BLUE NO. 1), CI. 19140 (FD&C YELLOW NO. 5), PHENYLPROPANOL, SODIUM CHLORIDE, SODIUM SULFATE.<\/span><\/p>","protected":false},"excerpt":{"rendered":"<p>Ammattilaisk\u00e4ytt\u00f6\u00f6n tarkoitettu papaainia sis\u00e4lt\u00e4v\u00e4entsymaattinen kuorinta kosteuttaa, palauttaa ja rentouttaa ihoa.<\/p>\n<p>200 ml<\/p>","protected":false},"featured_media":1427,"comment_status":"open","ping_status":"closed","template":"","meta":{"_uag_custom_page_level_css":"","site-sidebar-layout":"default","site-content-layout":"","ast-site-content-layout":"default","site-content-style":"default","site-sidebar-style":"default","ast-global-header-display":"","ast-banner-title-visibility":"","ast-main-header-display":"","ast-hfb-above-header-display":"","ast-hfb-below-header-display":"","ast-hfb-mobile-header-display":"","site-post-title":"","ast-breadcrumbs-content":"","ast-featured-img":"","footer-sml-layout":"","ast-disable-related-posts":"","theme-transparent-header-meta":"default","adv-header-id-meta":"","stick-header-meta":"","header-above-stick-meta":"","header-main-stick-meta":"","header-below-stick-meta":"","astra-migrate-meta-layouts":"set","ast-page-background-enabled":"default","ast-page-background-meta":{"desktop":{"background-color":"var(--ast-global-color-4)","background-image":"","background-repeat":"repeat","background-position":"center center","background-size":"auto","background-attachment":"scroll","background-type":"","background-media":"","overlay-type":"","overlay-color":"","overlay-opacity":"","overlay-gradient":""},"tablet":{"background-color":"","background-image":"","background-repeat":"repeat","background-position":"center center","background-size":"auto","background-attachment":"scroll","background-type":"","background-media":"","overlay-type":"","overlay-color":"","overlay-opacity":"","overlay-gradient":""},"mobile":{"background-color":"","background-image":"","background-repeat":"repeat","background-position":"center center","background-size":"auto","background-attachment":"scroll","background-type":"","background-media":"","overlay-type":"","overlay-color":"","overlay-opacity":"","overlay-gradient":""}},"ast-content-background-meta":{"desktop":{"background-color":"var(--ast-global-color-5)","background-image":"","background-repeat":"repeat","background-position":"center center","background-size":"auto","background-attachment":"scroll","background-type":"","background-media":"","overlay-type":"","overlay-color":"","overlay-opacity":"","overlay-gradient":""},"tablet":{"background-color":"var(--ast-global-color-5)","background-image":"","background-repeat":"repeat","background-position":"center center","background-size":"auto","background-attachment":"scroll","background-type":"","background-media":"","overlay-type":"","overlay-color":"","overlay-opacity":"","overlay-gradient":""},"mobile":{"background-color":"var(--ast-global-color-5)","background-image":"","background-repeat":"repeat","background-position":"center center","background-size":"auto","background-attachment":"scroll","background-type":"","background-media":"","overlay-type":"","overlay-color":"","overlay-opacity":"","overlay-gradient":""}}},"product_brand":[],"product_cat":[61,96,97],"product_tag":[],"class_list":{"0":"post-1506","1":"product","2":"type-product","3":"status-publish","4":"has-post-thumbnail","6":"product_cat-boosters","7":"product_cat-brands","8":"product_cat-naole","9":"desktop-align-left","10":"tablet-align-left","11":"mobile-align-left","13":"first","14":"instock","15":"taxable","16":"shipping-taxable","17":"product-type-simple","18":"add-to-wishlist-before_image"},"uagb_featured_image_src":{"full":["https:\/\/kosmeetika24.com\/wp-content\/uploads\/2023\/10\/2336-Papain-Enzimatic-Resurfacer.jpg",600,600,false],"thumbnail":["https:\/\/kosmeetika24.com\/wp-content\/uploads\/2023\/10\/2336-Papain-Enzimatic-Resurfacer-150x150.jpg",150,150,true],"medium":["https:\/\/kosmeetika24.com\/wp-content\/uploads\/2023\/10\/2336-Papain-Enzimatic-Resurfacer-300x300.jpg",300,300,true],"medium_large":["https:\/\/kosmeetika24.com\/wp-content\/uploads\/2023\/10\/2336-Papain-Enzimatic-Resurfacer.jpg",600,600,false],"large":["https:\/\/kosmeetika24.com\/wp-content\/uploads\/2023\/10\/2336-Papain-Enzimatic-Resurfacer.jpg",600,600,false],"1536x1536":["https:\/\/kosmeetika24.com\/wp-content\/uploads\/2023\/10\/2336-Papain-Enzimatic-Resurfacer.jpg",600,600,false],"2048x2048":["https:\/\/kosmeetika24.com\/wp-content\/uploads\/2023\/10\/2336-Papain-Enzimatic-Resurfacer.jpg",600,600,false],"trp-custom-language-flag":["https:\/\/kosmeetika24.com\/wp-content\/uploads\/2023\/10\/2336-Papain-Enzimatic-Resurfacer-12x12.jpg",12,12,true],"woocommerce_thumbnail":["https:\/\/kosmeetika24.com\/wp-content\/uploads\/2023\/10\/2336-Papain-Enzimatic-Resurfacer-300x300.jpg",300,300,true],"woocommerce_single":["https:\/\/kosmeetika24.com\/wp-content\/uploads\/2023\/10\/2336-Papain-Enzimatic-Resurfacer-500x500.jpg",500,500,true],"woocommerce_gallery_thumbnail":["https:\/\/kosmeetika24.com\/wp-content\/uploads\/2023\/10\/2336-Papain-Enzimatic-Resurfacer-100x100.jpg",100,100,true]},"uagb_author_info":{"display_name":"admin","author_link":"https:\/\/kosmeetika24.com\/fi\/author\/"},"uagb_comment_info":0,"uagb_excerpt":"Professionaalseks kasutamiseks m\u00f5eldud papaiini sisaldav ens\u00fcmaatiline koorija niisutab, taastab ja l\u00f5\u00f5gastab nahka. 200 ml","_links":{"self":[{"href":"https:\/\/kosmeetika24.com\/fi\/wp-json\/wp\/v2\/product\/1506","targetHints":{"allow":["GET"]}}],"collection":[{"href":"https:\/\/kosmeetika24.com\/fi\/wp-json\/wp\/v2\/product"}],"about":[{"href":"https:\/\/kosmeetika24.com\/fi\/wp-json\/wp\/v2\/types\/product"}],"replies":[{"embeddable":true,"href":"https:\/\/kosmeetika24.com\/fi\/wp-json\/wp\/v2\/comments?post=1506"}],"version-history":[{"count":1,"href":"https:\/\/kosmeetika24.com\/fi\/wp-json\/wp\/v2\/product\/1506\/revisions"}],"predecessor-version":[{"id":4637,"href":"https:\/\/kosmeetika24.com\/fi\/wp-json\/wp\/v2\/product\/1506\/revisions\/4637"}],"wp:featuredmedia":[{"embeddable":true,"href":"https:\/\/kosmeetika24.com\/fi\/wp-json\/wp\/v2\/media\/1427"}],"wp:attachment":[{"href":"https:\/\/kosmeetika24.com\/fi\/wp-json\/wp\/v2\/media?parent=1506"}],"wp:term":[{"taxonomy":"product_brand","embeddable":true,"href":"https:\/\/kosmeetika24.com\/fi\/wp-json\/wp\/v2\/product_brand?post=1506"},{"taxonomy":"product_cat","embeddable":true,"href":"https:\/\/kosmeetika24.com\/fi\/wp-json\/wp\/v2\/product_cat?post=1506"},{"taxonomy":"product_tag","embeddable":true,"href":"https:\/\/kosmeetika24.com\/fi\/wp-json\/wp\/v2\/product_tag?post=1506"}],"curies":[{"name":"wp","href":"https:\/\/api.w.org\/{rel}","templated":true}]}}