{"id":1505,"date":"2024-01-05T08:29:24","date_gmt":"2024-01-05T08:29:24","guid":{"rendered":"https:\/\/kosmeetika24.com\/?post_type=product&#038;p=1505"},"modified":"2025-09-16T13:53:18","modified_gmt":"2025-09-16T10:53:18","slug":"bruno-vassari-boosters-puhastav-kontsentraat","status":"publish","type":"product","link":"https:\/\/kosmeetika24.com\/fi\/tuote\/bruno-vassari-boosters-puhastav-kontsentraat\/","title":{"rendered":"BRUNO VASSARI Boosters Puhdistava Konsentraatti"},"content":{"rendered":"<p class=\"translation-block\"><em>Skin Clarifier<\/em> -konsentraatti s\u00e4\u00e4telee talinerityst\u00e4, puhdistaa ihoa ja sill\u00e4 on tulehdusta est\u00e4vi\u00e4 sek\u00e4 mattavoitelevia vaikutuksia.<\/p><\/p>\n<p>V\u00e4hent\u00e4\u00e4 talinerityst\u00e4, est\u00e4\u00e4 liiallisen rasvan aiheuttamaa tulehdusta ja neutraloi aknea aiheuttavat aggressiiviset bakteerit.<\/p>\n<p>Sopii sekaiholle ja rasvaiselle iholle.<\/p>\n<p><strong>VAIKUTTAVAT AINEET<\/strong><\/p>\n<ul>\n<li>Niasiiniamidi<\/li>\n<li>Teflose<\/li>\n<li>Syn-Star Peptide<\/li>\n<li>Lipacide<\/li>\n<\/ul>\n<p><strong>Vaikutus<\/strong><\/p>\n<ul>\n<li class=\"translation-block\">Niasiiniamidi on saatu B3-vitamiinista, joka est\u00e4\u00e4 melaniinin kulkeutumisen ihon pinnalle. Se suojaa epidermi\u00e4<br>auringon UV-s\u00e4teilyn aiheuttamalta vauriolta, joka aiheuttaa ennenaikaista ik\u00e4\u00e4ntymist\u00e4.<\/li>\n<li>Teflose on polysakkaridi, jolla on rauhoittavia ja suojaavia ominaisuuksia, ja se voi muodostaa iholle kerroksen, joka auttaa suojaamaan ja s\u00e4ilytt\u00e4m\u00e4\u00e4n sileytt\u00e4. Se toimii suojana est\u00e4en bakteerien tarttumista ihon pinnalle.<\/li>\n<li class=\"translation-block\">Syn-Star Peptide on peptidikompleksi, jolla on puhdistavia ja tulehdusta est\u00e4vi\u00e4 ominaisuuksia.<br> Se auttaa taistelemaan aknea ja liiallista talia vastaan.<\/li>\n<li class=\"translation-block\">Lipacide on glysiinin biovektori, joka auttaa kuljettamaan glysiini\u00e4 ja parantaa kollageenin synteesi\u00e4.<br> Se tekee ihosta happamamman.<br> Sen vaikutus s\u00e4\u00e4telee ihon ekosysteemi\u00e4, est\u00e4\u00e4 aknea aiheuttavien bakteerien lis\u00e4\u00e4ntymist\u00e4,<br> ja my\u00f6s est\u00e4\u00e4 talirauhasen s\u00e4\u00e4telyentsyymin toimintaa 50%, rajoittaen talin tuotantoa.<\/li>\n<\/ul>\n<p><strong>Ainesosat<\/strong><\/p>\n<p>AQUA (WATER). PROPANEDIOL, GLYCERIN, NIACEIAMIDE, CAPRYLOYL GLYCINE, PHENOXYETHANOL, HYDROXYETHYLCELLULOSE, CHLORPHENESIN, SODIUM HYDROXIDE, RHAMINODE, DIPEPDIDE DIAMIOBUTYROYL BENZYLAMIDE DIACETATE, GLUCOSE, GLUCURONIC ACID, METHYLPROPANEDIOL, CI 42090 (FD&C BLUE NO. 1), CI 19140 (FD&C YELLOW NO 5), CAPRYLYL GLYCOL, PHENYLPROPANOL, SODIUM CHLORIDE, SODIUM SULFATE.<\/p>","protected":false},"excerpt":{"rendered":"<p>Ammattik\u00e4ytt\u00f6\u00f6n tarkoitettu ongelmalliselle iholle tarkoitettu konsentraatti\nTuote, jolla on tulehdusta est\u00e4v\u00e4 ja mattapintaista vaikutusta, auttaen s\u00e4\u00e4telem\u00e4\u00e4n talinerityst\u00e4. Sopii ongelmalliselle iholle, antaen raikkautta ja tasapainoa.<\/p>\n<p>&nbsp;<\/p>\n<p>30 ml pullo pipetill\u00e4<\/p>","protected":false},"featured_media":1422,"comment_status":"open","ping_status":"closed","template":"","meta":{"_uag_custom_page_level_css":"","site-sidebar-layout":"default","site-content-layout":"","ast-site-content-layout":"default","site-content-style":"default","site-sidebar-style":"default","ast-global-header-display":"","ast-banner-title-visibility":"","ast-main-header-display":"","ast-hfb-above-header-display":"","ast-hfb-below-header-display":"","ast-hfb-mobile-header-display":"","site-post-title":"","ast-breadcrumbs-content":"","ast-featured-img":"","footer-sml-layout":"","ast-disable-related-posts":"","theme-transparent-header-meta":"default","adv-header-id-meta":"","stick-header-meta":"","header-above-stick-meta":"","header-main-stick-meta":"","header-below-stick-meta":"","astra-migrate-meta-layouts":"set","ast-page-background-enabled":"default","ast-page-background-meta":{"desktop":{"background-color":"var(--ast-global-color-4)","background-image":"","background-repeat":"repeat","background-position":"center center","background-size":"auto","background-attachment":"scroll","background-type":"","background-media":"","overlay-type":"","overlay-color":"","overlay-opacity":"","overlay-gradient":""},"tablet":{"background-color":"","background-image":"","background-repeat":"repeat","background-position":"center center","background-size":"auto","background-attachment":"scroll","background-type":"","background-media":"","overlay-type":"","overlay-color":"","overlay-opacity":"","overlay-gradient":""},"mobile":{"background-color":"","background-image":"","background-repeat":"repeat","background-position":"center center","background-size":"auto","background-attachment":"scroll","background-type":"","background-media":"","overlay-type":"","overlay-color":"","overlay-opacity":"","overlay-gradient":""}},"ast-content-background-meta":{"desktop":{"background-color":"var(--ast-global-color-5)","background-image":"","background-repeat":"repeat","background-position":"center center","background-size":"auto","background-attachment":"scroll","background-type":"","background-media":"","overlay-type":"","overlay-color":"","overlay-opacity":"","overlay-gradient":""},"tablet":{"background-color":"var(--ast-global-color-5)","background-image":"","background-repeat":"repeat","background-position":"center center","background-size":"auto","background-attachment":"scroll","background-type":"","background-media":"","overlay-type":"","overlay-color":"","overlay-opacity":"","overlay-gradient":""},"mobile":{"background-color":"var(--ast-global-color-5)","background-image":"","background-repeat":"repeat","background-position":"center center","background-size":"auto","background-attachment":"scroll","background-type":"","background-media":"","overlay-type":"","overlay-color":"","overlay-opacity":"","overlay-gradient":""}}},"product_brand":[],"product_cat":[61,96,97],"product_tag":[],"class_list":{"0":"post-1505","1":"product","2":"type-product","3":"status-publish","4":"has-post-thumbnail","6":"product_cat-boosters","7":"product_cat-brands","8":"product_cat-naole","9":"desktop-align-left","10":"tablet-align-left","11":"mobile-align-left","13":"first","14":"instock","15":"taxable","16":"shipping-taxable","17":"product-type-simple","18":"add-to-wishlist-before_image"},"uagb_featured_image_src":{"full":["https:\/\/kosmeetika24.com\/wp-content\/uploads\/2023\/10\/2334-Skin-Clarifier.jpg",600,600,false],"thumbnail":["https:\/\/kosmeetika24.com\/wp-content\/uploads\/2023\/10\/2334-Skin-Clarifier-150x150.jpg",150,150,true],"medium":["https:\/\/kosmeetika24.com\/wp-content\/uploads\/2023\/10\/2334-Skin-Clarifier-300x300.jpg",300,300,true],"medium_large":["https:\/\/kosmeetika24.com\/wp-content\/uploads\/2023\/10\/2334-Skin-Clarifier.jpg",600,600,false],"large":["https:\/\/kosmeetika24.com\/wp-content\/uploads\/2023\/10\/2334-Skin-Clarifier.jpg",600,600,false],"1536x1536":["https:\/\/kosmeetika24.com\/wp-content\/uploads\/2023\/10\/2334-Skin-Clarifier.jpg",600,600,false],"2048x2048":["https:\/\/kosmeetika24.com\/wp-content\/uploads\/2023\/10\/2334-Skin-Clarifier.jpg",600,600,false],"trp-custom-language-flag":["https:\/\/kosmeetika24.com\/wp-content\/uploads\/2023\/10\/2334-Skin-Clarifier-12x12.jpg",12,12,true],"woocommerce_thumbnail":["https:\/\/kosmeetika24.com\/wp-content\/uploads\/2023\/10\/2334-Skin-Clarifier-300x300.jpg",300,300,true],"woocommerce_single":["https:\/\/kosmeetika24.com\/wp-content\/uploads\/2023\/10\/2334-Skin-Clarifier-500x500.jpg",500,500,true],"woocommerce_gallery_thumbnail":["https:\/\/kosmeetika24.com\/wp-content\/uploads\/2023\/10\/2334-Skin-Clarifier-100x100.jpg",100,100,true]},"uagb_author_info":{"display_name":"admin","author_link":"https:\/\/kosmeetika24.com\/fi\/author\/"},"uagb_comment_info":0,"uagb_excerpt":"Professionaalseks kasutamiseks m\u00f5eldud probleemse naha kontsentraadil on p\u00f5letikuvastane ja matistav toime. Reguleerib rasu eritust. &nbsp; 30 ml pipetiga pudel","_links":{"self":[{"href":"https:\/\/kosmeetika24.com\/fi\/wp-json\/wp\/v2\/product\/1505","targetHints":{"allow":["GET"]}}],"collection":[{"href":"https:\/\/kosmeetika24.com\/fi\/wp-json\/wp\/v2\/product"}],"about":[{"href":"https:\/\/kosmeetika24.com\/fi\/wp-json\/wp\/v2\/types\/product"}],"replies":[{"embeddable":true,"href":"https:\/\/kosmeetika24.com\/fi\/wp-json\/wp\/v2\/comments?post=1505"}],"version-history":[{"count":4,"href":"https:\/\/kosmeetika24.com\/fi\/wp-json\/wp\/v2\/product\/1505\/revisions"}],"predecessor-version":[{"id":7056,"href":"https:\/\/kosmeetika24.com\/fi\/wp-json\/wp\/v2\/product\/1505\/revisions\/7056"}],"wp:featuredmedia":[{"embeddable":true,"href":"https:\/\/kosmeetika24.com\/fi\/wp-json\/wp\/v2\/media\/1422"}],"wp:attachment":[{"href":"https:\/\/kosmeetika24.com\/fi\/wp-json\/wp\/v2\/media?parent=1505"}],"wp:term":[{"taxonomy":"product_brand","embeddable":true,"href":"https:\/\/kosmeetika24.com\/fi\/wp-json\/wp\/v2\/product_brand?post=1505"},{"taxonomy":"product_cat","embeddable":true,"href":"https:\/\/kosmeetika24.com\/fi\/wp-json\/wp\/v2\/product_cat?post=1505"},{"taxonomy":"product_tag","embeddable":true,"href":"https:\/\/kosmeetika24.com\/fi\/wp-json\/wp\/v2\/product_tag?post=1505"}],"curies":[{"name":"wp","href":"https:\/\/api.w.org\/{rel}","templated":true}]}}