{"id":1504,"date":"2024-01-05T08:28:25","date_gmt":"2024-01-05T08:28:25","guid":{"rendered":"https:\/\/kosmeetika24.com\/?post_type=product&#038;p=1504"},"modified":"2025-07-02T16:06:59","modified_gmt":"2025-07-02T13:06:59","slug":"bruno-vassari-boosters-rahustav-kontsentraat","status":"publish","type":"product","link":"https:\/\/kosmeetika24.com\/fi\/tuote\/bruno-vassari-boosters-rahustav-kontsentraat\/","title":{"rendered":"BRUNO VASSARI Boosters Rauhoittava seerumi"},"content":{"rendered":"<p class=\"translation-block\">Rauhoittava seerumi <em>Skin Relief<\/em> avulla v\u00e4henee \u00e4rtyneen ihon oireet ja palautetaan ihosolujen normaali fysiologinen toiminta.<\/p>\n<p>Sis\u00e4lt\u00e4\u00e4 kokonaisvaltaista hoitoa, joka auttaa minimoimaan ihon muutoksia ja v\u00e4hent\u00e4m\u00e4\u00e4n tulehdusta. Se edist\u00e4\u00e4 my\u00f6s epidermiksen fysiologista palautumista, antaen iholle pehmeytt\u00e4<\/p>\n<p>Sopii herk\u00e4lle ja kuivalle iholle. Suositellaan atooppiselle iholle ja atooppiseen ihottumaan.<\/p>\n<p><b>VAIKUTTAVAT AINEET<\/b><\/p>\n<ul>\n<li>Ektoiini<\/li>\n<li>Ramnosoft\u00ae<\/li>\n<li>Symcalmin\u00ae<\/li>\n<li>MG60<\/li>\n<\/ul>\n<p><strong>Vaikutus<\/strong><\/p>\n<ul>\n<li>Ektoiini on 100 % luonnollinen aminohappo, joka vastaa kasvien suojaamisesta ja selviytymisest\u00e4 \u00e4\u00e4rimm\u00e4isiss\u00e4 olosuhteissa. Se voi pit\u00e4\u00e4 pienen m\u00e4\u00e4r\u00e4n vett\u00e4 ymp\u00e4rill\u00e4\u00e4n, muodostaen kompleksin, jota kutsutaan HYDRO ECTOIN COMPLEXiksi, joka voi ymp\u00e4r\u00f6id\u00e4 soluja, proteiineja ja entsyymej\u00e4 luoden suojaavan kerroksen, joka on t\u00e4ynn\u00e4 ravintoaineita. Suojaa ulkoisilta tekij\u00f6ilt\u00e4. Sill\u00e4 on nuorentava ja rauhoittava vaikutus.<\/li>\n<li>Rhamnosoft\u00ae on polysakkaridi, joka saadaan kasvien bakteerifermentaatiosta. Se v\u00e4hent\u00e4\u00e4 tulehdusta endorfiinien vapautumisen kautta.<\/li>\n<li>Symcalmin\u00ae on kaurasta johdettu yhdiste, jolla on \u00e4rsytyksenestokyky, rauhoittavia ja antioksidanttisia ominaisuuksia.<\/li>\n<\/ul>\n<p><strong>Ainesosat<\/strong><\/p>\n<p>AQUA (WATER), PROPANEDIOL, GLYCERIN, ECTOIN, BUTULENE GLYCOL, PENTULENE GLYCOL, MALTOOLIGOSYL GLUCOLSIDE, PHENOXYETHANOL, HYDROGENATED STARCH HYDROLISATE, HYDROXYETHYLCELLULOSE, CHLORPHENESIN, POLYSORBATE 20, HYDROXYPHENYL PROPAMIDOBENZOIC ACID, BIOSACCHARIDE CUM-2, ASCORBYL PALMITATE, CI 16035 (FD&C RED NO. 40.), SODIUM HYDROXIDE.<\/p>","protected":false},"excerpt":{"rendered":"<p>Ammattik\u00e4ytt\u00f6\u00f6n tarkoitettu seerumi rauhoittaa herk\u00e4ll\u00e4 ja \u00e4rtyneell\u00e4 iholla ja kosteuttaa eritt\u00e4in kuivan ihon.<\/p>\n<p>&nbsp;<\/p>\n<p>30 ml pullo pipetill\u00e4<\/p>","protected":false},"featured_media":1423,"comment_status":"open","ping_status":"closed","template":"","meta":{"_uag_custom_page_level_css":"","site-sidebar-layout":"default","site-content-layout":"","ast-site-content-layout":"default","site-content-style":"default","site-sidebar-style":"default","ast-global-header-display":"","ast-banner-title-visibility":"","ast-main-header-display":"","ast-hfb-above-header-display":"","ast-hfb-below-header-display":"","ast-hfb-mobile-header-display":"","site-post-title":"","ast-breadcrumbs-content":"","ast-featured-img":"","footer-sml-layout":"","ast-disable-related-posts":"","theme-transparent-header-meta":"default","adv-header-id-meta":"","stick-header-meta":"","header-above-stick-meta":"","header-main-stick-meta":"","header-below-stick-meta":"","astra-migrate-meta-layouts":"set","ast-page-background-enabled":"default","ast-page-background-meta":{"desktop":{"background-color":"var(--ast-global-color-4)","background-image":"","background-repeat":"repeat","background-position":"center center","background-size":"auto","background-attachment":"scroll","background-type":"","background-media":"","overlay-type":"","overlay-color":"","overlay-opacity":"","overlay-gradient":""},"tablet":{"background-color":"","background-image":"","background-repeat":"repeat","background-position":"center center","background-size":"auto","background-attachment":"scroll","background-type":"","background-media":"","overlay-type":"","overlay-color":"","overlay-opacity":"","overlay-gradient":""},"mobile":{"background-color":"","background-image":"","background-repeat":"repeat","background-position":"center center","background-size":"auto","background-attachment":"scroll","background-type":"","background-media":"","overlay-type":"","overlay-color":"","overlay-opacity":"","overlay-gradient":""}},"ast-content-background-meta":{"desktop":{"background-color":"var(--ast-global-color-5)","background-image":"","background-repeat":"repeat","background-position":"center center","background-size":"auto","background-attachment":"scroll","background-type":"","background-media":"","overlay-type":"","overlay-color":"","overlay-opacity":"","overlay-gradient":""},"tablet":{"background-color":"var(--ast-global-color-5)","background-image":"","background-repeat":"repeat","background-position":"center center","background-size":"auto","background-attachment":"scroll","background-type":"","background-media":"","overlay-type":"","overlay-color":"","overlay-opacity":"","overlay-gradient":""},"mobile":{"background-color":"var(--ast-global-color-5)","background-image":"","background-repeat":"repeat","background-position":"center center","background-size":"auto","background-attachment":"scroll","background-type":"","background-media":"","overlay-type":"","overlay-color":"","overlay-opacity":"","overlay-gradient":""}}},"product_brand":[],"product_cat":[61,96,97],"product_tag":[],"class_list":{"0":"post-1504","1":"product","2":"type-product","3":"status-publish","4":"has-post-thumbnail","6":"product_cat-boosters","7":"product_cat-brands","8":"product_cat-naole","9":"desktop-align-left","10":"tablet-align-left","11":"mobile-align-left","13":"first","14":"instock","15":"taxable","16":"shipping-taxable","17":"product-type-simple","18":"add-to-wishlist-before_image"},"uagb_featured_image_src":{"full":["https:\/\/kosmeetika24.com\/wp-content\/uploads\/2023\/10\/2333-Skin-Relief.jpg",600,600,false],"thumbnail":["https:\/\/kosmeetika24.com\/wp-content\/uploads\/2023\/10\/2333-Skin-Relief-150x150.jpg",150,150,true],"medium":["https:\/\/kosmeetika24.com\/wp-content\/uploads\/2023\/10\/2333-Skin-Relief-300x300.jpg",300,300,true],"medium_large":["https:\/\/kosmeetika24.com\/wp-content\/uploads\/2023\/10\/2333-Skin-Relief.jpg",600,600,false],"large":["https:\/\/kosmeetika24.com\/wp-content\/uploads\/2023\/10\/2333-Skin-Relief.jpg",600,600,false],"1536x1536":["https:\/\/kosmeetika24.com\/wp-content\/uploads\/2023\/10\/2333-Skin-Relief.jpg",600,600,false],"2048x2048":["https:\/\/kosmeetika24.com\/wp-content\/uploads\/2023\/10\/2333-Skin-Relief.jpg",600,600,false],"trp-custom-language-flag":["https:\/\/kosmeetika24.com\/wp-content\/uploads\/2023\/10\/2333-Skin-Relief-12x12.jpg",12,12,true],"woocommerce_thumbnail":["https:\/\/kosmeetika24.com\/wp-content\/uploads\/2023\/10\/2333-Skin-Relief-300x300.jpg",300,300,true],"woocommerce_single":["https:\/\/kosmeetika24.com\/wp-content\/uploads\/2023\/10\/2333-Skin-Relief-500x500.jpg",500,500,true],"woocommerce_gallery_thumbnail":["https:\/\/kosmeetika24.com\/wp-content\/uploads\/2023\/10\/2333-Skin-Relief-100x100.jpg",100,100,true]},"uagb_author_info":{"display_name":"admin","author_link":"https:\/\/kosmeetika24.com\/fi\/author\/"},"uagb_comment_info":0,"uagb_excerpt":"Professionaalseks kasutamiseks m\u00f5eldud kontsentraat toimib rahustavalt tundlikul ja \u00e4rritunud nahal ning niisutab v\u00e4ga kuiva nahka. &nbsp; 30 ml pipetiga pudel","_links":{"self":[{"href":"https:\/\/kosmeetika24.com\/fi\/wp-json\/wp\/v2\/product\/1504","targetHints":{"allow":["GET"]}}],"collection":[{"href":"https:\/\/kosmeetika24.com\/fi\/wp-json\/wp\/v2\/product"}],"about":[{"href":"https:\/\/kosmeetika24.com\/fi\/wp-json\/wp\/v2\/types\/product"}],"replies":[{"embeddable":true,"href":"https:\/\/kosmeetika24.com\/fi\/wp-json\/wp\/v2\/comments?post=1504"}],"version-history":[{"count":3,"href":"https:\/\/kosmeetika24.com\/fi\/wp-json\/wp\/v2\/product\/1504\/revisions"}],"predecessor-version":[{"id":6586,"href":"https:\/\/kosmeetika24.com\/fi\/wp-json\/wp\/v2\/product\/1504\/revisions\/6586"}],"wp:featuredmedia":[{"embeddable":true,"href":"https:\/\/kosmeetika24.com\/fi\/wp-json\/wp\/v2\/media\/1423"}],"wp:attachment":[{"href":"https:\/\/kosmeetika24.com\/fi\/wp-json\/wp\/v2\/media?parent=1504"}],"wp:term":[{"taxonomy":"product_brand","embeddable":true,"href":"https:\/\/kosmeetika24.com\/fi\/wp-json\/wp\/v2\/product_brand?post=1504"},{"taxonomy":"product_cat","embeddable":true,"href":"https:\/\/kosmeetika24.com\/fi\/wp-json\/wp\/v2\/product_cat?post=1504"},{"taxonomy":"product_tag","embeddable":true,"href":"https:\/\/kosmeetika24.com\/fi\/wp-json\/wp\/v2\/product_tag?post=1504"}],"curies":[{"name":"wp","href":"https:\/\/api.w.org\/{rel}","templated":true}]}}