{"id":1502,"date":"2024-01-05T08:36:13","date_gmt":"2024-01-05T08:36:13","guid":{"rendered":"https:\/\/kosmeetika24.com\/?post_type=product&#038;p=1502"},"modified":"2025-09-16T13:48:18","modified_gmt":"2025-09-16T10:48:18","slug":"bruno-vassari-boosters-pinguldav-kontsentraat","status":"publish","type":"product","link":"https:\/\/kosmeetika24.com\/fi\/tuote\/bruno-vassari-boosters-pinguldav-kontsentraat\/","title":{"rendered":"BRUNO VASSARI Boosters kiinteytt\u00e4v\u00e4 seerumi"},"content":{"rendered":"<p>Kahekordse toimega kontsentraat <em>Ultra Firm<\/em> sobib k\u00fcpsele nahale: parandab naha toonust ja tooni ning aitab minimeerida kortse ja miimikakortsukesi.<\/p>\n<p>Nahk muutub siledamaks, paistab v\u00e4lja noorem ning s\u00e4ravam.<\/p>\n<p>Sopii ik\u00e4\u00e4ntyv\u00e4lle ja samealle iholle.<\/p>\n<p><strong>VAIKUTTAVAT AINEET<\/strong><\/p>\n<ul>\n<li>Inositoli<\/li>\n<li>Kreatiini<\/li>\n<li>Tightenyl<\/li>\n<\/ul>\n<p><strong>Vaikutus<\/strong><\/p>\n<ul>\n<li>Kreatiini on aminohappo, jota keho syntetisoi luonnollisesti, ja sen pitoisuus laskee merkitt\u00e4v\u00e4sti i\u00e4n my\u00f6t\u00e4. Se on ihosolujen energiantuotannon l\u00e4hde ja osallistuu kollageenin ja elastiinin synteesiin. Sill\u00e4 on my\u00f6s suojaavia ominaisuuksia.<\/li>\n<li>Inositoli on B-vitamiiniryhm\u00e4n valmiste, joka auttaa normalisoimaan solujen vesitasapainoa ja hapen saantia. Se est\u00e4\u00e4 ryppyjen, mukaan lukien ilmejuonteiden, muodostumista.<\/li>\n<li class=\"translation-block\">Tightenyl sis\u00e4lt\u00e4\u00e4 glykoosaminoglykaaneja edist\u00e4v\u00e4n kompleksin, joka stimuloi kollageenin ja <br>  \nelastiinin synteesi\u00e4. Parantaa ihon kimmoisuutta ja sill\u00e4 on kiinteytt\u00e4v\u00e4 vaikutus.<\/li>\n<\/ul>\n<p><strong>Ainesosat<\/strong><\/p>\n<p>AQUA (WATER), PROPANEDIOL, GLYCERIN, INOSITOL, CRATINE, HYDROXYETHYLCELLULOSE, SODIUMGLUCURONATE, DISODIUMACETYL, GLUSOAMINE RHOSPHATE, PHENOXYETHANOL, CHLORPHENESIN, MAGNESIUM SULFATE, METHYLPROPANEDIOL, CI 42090 (FD&C BLUE NO. 1.), CAPRYL GLYCOL, PHENYLPROPANOL, SODIUM CHLORIDE, SODIUM SULFATE.<\/p>","protected":false},"excerpt":{"rendered":"<p>Ammattilaisk\u00e4ytt\u00f6\u00f6n tarkoitettu kiinteytt\u00e4v\u00e4 seerumi tekee kyps\u00e4st\u00e4 ihosta nuoremman n\u00e4k\u00f6isen.<\/p>\n<p>&nbsp;<\/p>\n<p>30 ml pullo pipetill\u00e4<\/p>","protected":false},"featured_media":1421,"comment_status":"open","ping_status":"closed","template":"","meta":{"_uag_custom_page_level_css":"","site-sidebar-layout":"default","site-content-layout":"","ast-site-content-layout":"default","site-content-style":"default","site-sidebar-style":"default","ast-global-header-display":"","ast-banner-title-visibility":"","ast-main-header-display":"","ast-hfb-above-header-display":"","ast-hfb-below-header-display":"","ast-hfb-mobile-header-display":"","site-post-title":"","ast-breadcrumbs-content":"","ast-featured-img":"","footer-sml-layout":"","ast-disable-related-posts":"","theme-transparent-header-meta":"default","adv-header-id-meta":"","stick-header-meta":"","header-above-stick-meta":"","header-main-stick-meta":"","header-below-stick-meta":"","astra-migrate-meta-layouts":"set","ast-page-background-enabled":"default","ast-page-background-meta":{"desktop":{"background-color":"var(--ast-global-color-4)","background-image":"","background-repeat":"repeat","background-position":"center center","background-size":"auto","background-attachment":"scroll","background-type":"","background-media":"","overlay-type":"","overlay-color":"","overlay-opacity":"","overlay-gradient":""},"tablet":{"background-color":"","background-image":"","background-repeat":"repeat","background-position":"center center","background-size":"auto","background-attachment":"scroll","background-type":"","background-media":"","overlay-type":"","overlay-color":"","overlay-opacity":"","overlay-gradient":""},"mobile":{"background-color":"","background-image":"","background-repeat":"repeat","background-position":"center center","background-size":"auto","background-attachment":"scroll","background-type":"","background-media":"","overlay-type":"","overlay-color":"","overlay-opacity":"","overlay-gradient":""}},"ast-content-background-meta":{"desktop":{"background-color":"var(--ast-global-color-5)","background-image":"","background-repeat":"repeat","background-position":"center center","background-size":"auto","background-attachment":"scroll","background-type":"","background-media":"","overlay-type":"","overlay-color":"","overlay-opacity":"","overlay-gradient":""},"tablet":{"background-color":"var(--ast-global-color-5)","background-image":"","background-repeat":"repeat","background-position":"center center","background-size":"auto","background-attachment":"scroll","background-type":"","background-media":"","overlay-type":"","overlay-color":"","overlay-opacity":"","overlay-gradient":""},"mobile":{"background-color":"var(--ast-global-color-5)","background-image":"","background-repeat":"repeat","background-position":"center center","background-size":"auto","background-attachment":"scroll","background-type":"","background-media":"","overlay-type":"","overlay-color":"","overlay-opacity":"","overlay-gradient":""}}},"product_brand":[],"product_cat":[61,96,97],"product_tag":[],"class_list":{"0":"post-1502","1":"product","2":"type-product","3":"status-publish","4":"has-post-thumbnail","6":"product_cat-boosters","7":"product_cat-brands","8":"product_cat-naole","9":"desktop-align-left","10":"tablet-align-left","11":"mobile-align-left","13":"first","14":"instock","15":"taxable","16":"shipping-taxable","17":"product-type-simple","18":"add-to-wishlist-before_image"},"uagb_featured_image_src":{"full":["https:\/\/kosmeetika24.com\/wp-content\/uploads\/2023\/10\/2335-Ultra-Firm.jpg",600,600,false],"thumbnail":["https:\/\/kosmeetika24.com\/wp-content\/uploads\/2023\/10\/2335-Ultra-Firm-150x150.jpg",150,150,true],"medium":["https:\/\/kosmeetika24.com\/wp-content\/uploads\/2023\/10\/2335-Ultra-Firm-300x300.jpg",300,300,true],"medium_large":["https:\/\/kosmeetika24.com\/wp-content\/uploads\/2023\/10\/2335-Ultra-Firm.jpg",600,600,false],"large":["https:\/\/kosmeetika24.com\/wp-content\/uploads\/2023\/10\/2335-Ultra-Firm.jpg",600,600,false],"1536x1536":["https:\/\/kosmeetika24.com\/wp-content\/uploads\/2023\/10\/2335-Ultra-Firm.jpg",600,600,false],"2048x2048":["https:\/\/kosmeetika24.com\/wp-content\/uploads\/2023\/10\/2335-Ultra-Firm.jpg",600,600,false],"trp-custom-language-flag":["https:\/\/kosmeetika24.com\/wp-content\/uploads\/2023\/10\/2335-Ultra-Firm-12x12.jpg",12,12,true],"woocommerce_thumbnail":["https:\/\/kosmeetika24.com\/wp-content\/uploads\/2023\/10\/2335-Ultra-Firm-300x300.jpg",300,300,true],"woocommerce_single":["https:\/\/kosmeetika24.com\/wp-content\/uploads\/2023\/10\/2335-Ultra-Firm-500x500.jpg",500,500,true],"woocommerce_gallery_thumbnail":["https:\/\/kosmeetika24.com\/wp-content\/uploads\/2023\/10\/2335-Ultra-Firm-100x100.jpg",100,100,true]},"uagb_author_info":{"display_name":"admin","author_link":"https:\/\/kosmeetika24.com\/fi\/author\/"},"uagb_comment_info":0,"uagb_excerpt":"Professionaalseks kasutamiseks m\u00f5eldud pinguldava toimega kontsentraat muudab k\u00fcpse naha nooremaks. &nbsp; 30 ml pipetiga pudel","_links":{"self":[{"href":"https:\/\/kosmeetika24.com\/fi\/wp-json\/wp\/v2\/product\/1502","targetHints":{"allow":["GET"]}}],"collection":[{"href":"https:\/\/kosmeetika24.com\/fi\/wp-json\/wp\/v2\/product"}],"about":[{"href":"https:\/\/kosmeetika24.com\/fi\/wp-json\/wp\/v2\/types\/product"}],"replies":[{"embeddable":true,"href":"https:\/\/kosmeetika24.com\/fi\/wp-json\/wp\/v2\/comments?post=1502"}],"version-history":[{"count":5,"href":"https:\/\/kosmeetika24.com\/fi\/wp-json\/wp\/v2\/product\/1502\/revisions"}],"predecessor-version":[{"id":7055,"href":"https:\/\/kosmeetika24.com\/fi\/wp-json\/wp\/v2\/product\/1502\/revisions\/7055"}],"wp:featuredmedia":[{"embeddable":true,"href":"https:\/\/kosmeetika24.com\/fi\/wp-json\/wp\/v2\/media\/1421"}],"wp:attachment":[{"href":"https:\/\/kosmeetika24.com\/fi\/wp-json\/wp\/v2\/media?parent=1502"}],"wp:term":[{"taxonomy":"product_brand","embeddable":true,"href":"https:\/\/kosmeetika24.com\/fi\/wp-json\/wp\/v2\/product_brand?post=1502"},{"taxonomy":"product_cat","embeddable":true,"href":"https:\/\/kosmeetika24.com\/fi\/wp-json\/wp\/v2\/product_cat?post=1502"},{"taxonomy":"product_tag","embeddable":true,"href":"https:\/\/kosmeetika24.com\/fi\/wp-json\/wp\/v2\/product_tag?post=1502"}],"curies":[{"name":"wp","href":"https:\/\/api.w.org\/{rel}","templated":true}]}}