{"id":1500,"date":"2024-01-05T08:27:35","date_gmt":"2024-01-05T08:27:35","guid":{"rendered":"https:\/\/kosmeetika24.com\/?post_type=product&#038;p=1500"},"modified":"2025-07-02T15:51:45","modified_gmt":"2025-07-02T12:51:45","slug":"bruno-vassari-boosters-hapnikuga-rikastav-kontsentraat","status":"publish","type":"product","link":"https:\/\/kosmeetika24.com\/fi\/tuote\/bruno-vassari-boosters-hapnikuga-rikastav-kontsentraat\/","title":{"rendered":"BRUNO VASSARI Boosters hapella rikastava konsentraatti"},"content":{"rendered":"<p class=\"translation-block\">Hapella rikastava <em>O2 Detox<\/em> sitoo vapaiden radikaalien, jotka vaurioittavat solukalvoja ja ravitsee ihoa hapella. Suositellaan suurten kaupunkien asukkaille, joissa on huono ekologia.<\/p>\n<p>Sopii kaikille ihotyypeille.<\/p>\n<p><strong>VAIKUTTAVAT AINEET<\/strong><\/p>\n<ul>\n<li>Inositoli<\/li>\n<li>Dragosine-karnosiiini<\/li>\n<li>Fykogeeli<\/li>\n<\/ul>\n<p><strong>Vaikutus<\/strong><\/p>\n<ul>\n<li>Inositoli normalisoi ihon vesitasapainoa, v\u00e4hent\u00e4\u00e4 transepidermist\u00e4 vesih\u00e4vi\u00f6t\u00e4 ja kyll\u00e4st\u00e4\u00e4 solut hapella. Silottaa pinnallisia ryppyj\u00e4 ja parantaa ihon s\u00e4vy\u00e4 ja elastisuutta.<\/li>\n<li>Fykogeeli: bakteerik\u00e4ymisen tuote, joka luo suojakalvon ihon pinnalle, kosteuttaa ja suojaa ihoa transepidermist\u00e4 kosteudenhukkaa vastaan.<\/li>\n<li>Dragosine-Carnosine on antioksidatiivinen peptidi, joka sitoo vapaita radikaaleja suojaten solukalvoja liiallisen hapetuksen aiheuttamilta vaurioilta. Se aktivoi kollageenisynteesin, parantaen ihon s\u00e4vy\u00e4 ja lis\u00e4ten elastisuutta.<\/li>\n<\/ul>\n<p><strong>Ainesosat<\/strong><\/p>\n<p>AQUA (WATER), PROPANEDIOL, GLYCERIN, INOSITOL, PHENOXYETHANOL, HYDROXYETHYLCELLULOSE, CHLORPHENESIN, CARNOSINE, BIOSACCHARIDE GUM-1, METHYLPROPANEDIOL, CI 42090 (FD&C BLUE NO. 1.), CI 19140 (FD&C YELLOV NO. 5.), CAPRYL GLYCOL, PHENYLPROPANOL, SODIUM CHLORIDE, SODIUM SULFATE, LACTIC ACID.<\/p>","protected":false},"excerpt":{"rendered":"<p>Ammattik\u00e4ytt\u00f6\u00f6n tarkoitettu konsentraatti, joka ravitsee ihoa hapella ja poistaa v\u00e4symyksen merkkej\u00e4.<\/p>\n<p>&nbsp;<\/p>\n<p>30 ml pullo pipetill\u00e4<\/p>","protected":false},"featured_media":1424,"comment_status":"open","ping_status":"closed","template":"","meta":{"_uag_custom_page_level_css":"","site-sidebar-layout":"default","site-content-layout":"","ast-site-content-layout":"default","site-content-style":"default","site-sidebar-style":"default","ast-global-header-display":"","ast-banner-title-visibility":"","ast-main-header-display":"","ast-hfb-above-header-display":"","ast-hfb-below-header-display":"","ast-hfb-mobile-header-display":"","site-post-title":"","ast-breadcrumbs-content":"","ast-featured-img":"","footer-sml-layout":"","ast-disable-related-posts":"","theme-transparent-header-meta":"default","adv-header-id-meta":"","stick-header-meta":"","header-above-stick-meta":"","header-main-stick-meta":"","header-below-stick-meta":"","astra-migrate-meta-layouts":"set","ast-page-background-enabled":"default","ast-page-background-meta":{"desktop":{"background-color":"var(--ast-global-color-4)","background-image":"","background-repeat":"repeat","background-position":"center center","background-size":"auto","background-attachment":"scroll","background-type":"","background-media":"","overlay-type":"","overlay-color":"","overlay-opacity":"","overlay-gradient":""},"tablet":{"background-color":"","background-image":"","background-repeat":"repeat","background-position":"center center","background-size":"auto","background-attachment":"scroll","background-type":"","background-media":"","overlay-type":"","overlay-color":"","overlay-opacity":"","overlay-gradient":""},"mobile":{"background-color":"","background-image":"","background-repeat":"repeat","background-position":"center center","background-size":"auto","background-attachment":"scroll","background-type":"","background-media":"","overlay-type":"","overlay-color":"","overlay-opacity":"","overlay-gradient":""}},"ast-content-background-meta":{"desktop":{"background-color":"var(--ast-global-color-5)","background-image":"","background-repeat":"repeat","background-position":"center center","background-size":"auto","background-attachment":"scroll","background-type":"","background-media":"","overlay-type":"","overlay-color":"","overlay-opacity":"","overlay-gradient":""},"tablet":{"background-color":"var(--ast-global-color-5)","background-image":"","background-repeat":"repeat","background-position":"center center","background-size":"auto","background-attachment":"scroll","background-type":"","background-media":"","overlay-type":"","overlay-color":"","overlay-opacity":"","overlay-gradient":""},"mobile":{"background-color":"var(--ast-global-color-5)","background-image":"","background-repeat":"repeat","background-position":"center center","background-size":"auto","background-attachment":"scroll","background-type":"","background-media":"","overlay-type":"","overlay-color":"","overlay-opacity":"","overlay-gradient":""}}},"product_brand":[],"product_cat":[61,96,97],"product_tag":[],"class_list":{"0":"post-1500","1":"product","2":"type-product","3":"status-publish","4":"has-post-thumbnail","6":"product_cat-boosters","7":"product_cat-brands","8":"product_cat-naole","9":"desktop-align-left","10":"tablet-align-left","11":"mobile-align-left","13":"first","14":"instock","15":"taxable","16":"shipping-taxable","17":"product-type-simple","18":"add-to-wishlist-before_image"},"uagb_featured_image_src":{"full":["https:\/\/kosmeetika24.com\/wp-content\/uploads\/2023\/10\/2332-Detox.jpg",600,600,false],"thumbnail":["https:\/\/kosmeetika24.com\/wp-content\/uploads\/2023\/10\/2332-Detox-150x150.jpg",150,150,true],"medium":["https:\/\/kosmeetika24.com\/wp-content\/uploads\/2023\/10\/2332-Detox-300x300.jpg",300,300,true],"medium_large":["https:\/\/kosmeetika24.com\/wp-content\/uploads\/2023\/10\/2332-Detox.jpg",600,600,false],"large":["https:\/\/kosmeetika24.com\/wp-content\/uploads\/2023\/10\/2332-Detox.jpg",600,600,false],"1536x1536":["https:\/\/kosmeetika24.com\/wp-content\/uploads\/2023\/10\/2332-Detox.jpg",600,600,false],"2048x2048":["https:\/\/kosmeetika24.com\/wp-content\/uploads\/2023\/10\/2332-Detox.jpg",600,600,false],"trp-custom-language-flag":["https:\/\/kosmeetika24.com\/wp-content\/uploads\/2023\/10\/2332-Detox-12x12.jpg",12,12,true],"woocommerce_thumbnail":["https:\/\/kosmeetika24.com\/wp-content\/uploads\/2023\/10\/2332-Detox-300x300.jpg",300,300,true],"woocommerce_single":["https:\/\/kosmeetika24.com\/wp-content\/uploads\/2023\/10\/2332-Detox-500x500.jpg",500,500,true],"woocommerce_gallery_thumbnail":["https:\/\/kosmeetika24.com\/wp-content\/uploads\/2023\/10\/2332-Detox-100x100.jpg",100,100,true]},"uagb_author_info":{"display_name":"admin","author_link":"https:\/\/kosmeetika24.com\/fi\/author\/"},"uagb_comment_info":0,"uagb_excerpt":"Professionaalseks kasutamiseks m\u00f5eldud kontsentraat toidab nahka hapnikuga ja eemaldab v\u00e4simusn\u00e4hud. &nbsp; 30 ml pipetiga pudel","_links":{"self":[{"href":"https:\/\/kosmeetika24.com\/fi\/wp-json\/wp\/v2\/product\/1500","targetHints":{"allow":["GET"]}}],"collection":[{"href":"https:\/\/kosmeetika24.com\/fi\/wp-json\/wp\/v2\/product"}],"about":[{"href":"https:\/\/kosmeetika24.com\/fi\/wp-json\/wp\/v2\/types\/product"}],"replies":[{"embeddable":true,"href":"https:\/\/kosmeetika24.com\/fi\/wp-json\/wp\/v2\/comments?post=1500"}],"version-history":[{"count":4,"href":"https:\/\/kosmeetika24.com\/fi\/wp-json\/wp\/v2\/product\/1500\/revisions"}],"predecessor-version":[{"id":6584,"href":"https:\/\/kosmeetika24.com\/fi\/wp-json\/wp\/v2\/product\/1500\/revisions\/6584"}],"wp:featuredmedia":[{"embeddable":true,"href":"https:\/\/kosmeetika24.com\/fi\/wp-json\/wp\/v2\/media\/1424"}],"wp:attachment":[{"href":"https:\/\/kosmeetika24.com\/fi\/wp-json\/wp\/v2\/media?parent=1500"}],"wp:term":[{"taxonomy":"product_brand","embeddable":true,"href":"https:\/\/kosmeetika24.com\/fi\/wp-json\/wp\/v2\/product_brand?post=1500"},{"taxonomy":"product_cat","embeddable":true,"href":"https:\/\/kosmeetika24.com\/fi\/wp-json\/wp\/v2\/product_cat?post=1500"},{"taxonomy":"product_tag","embeddable":true,"href":"https:\/\/kosmeetika24.com\/fi\/wp-json\/wp\/v2\/product_tag?post=1500"}],"curies":[{"name":"wp","href":"https:\/\/api.w.org\/{rel}","templated":true}]}}