{"id":1498,"date":"2024-01-05T08:18:47","date_gmt":"2024-01-05T08:18:47","guid":{"rendered":"https:\/\/kosmeetika24.com\/?post_type=product&#038;p=1498"},"modified":"2025-07-02T15:46:10","modified_gmt":"2025-07-02T12:46:10","slug":"bruno-vassari-ha50x-vananemisvastane-ja-niisutav-hooldus","status":"publish","type":"product","link":"https:\/\/kosmeetika24.com\/fi\/tuote\/bruno-vassari-ha50x-vananemisvastane-ja-niisutav-hooldus\/","title":{"rendered":"BRUNO VASSARI HA50X Ik\u00e4\u00e4ntymist\u00e4 ehk\u00e4isev\u00e4 ja kosteuttava hoito"},"content":{"rendered":"<p>Ik\u00e4\u00e4ntymist\u00e4 est\u00e4v\u00e4 ja kosteuttava hoito ammattilaisille, Hyaluronic Professional Kit, vahvistaa ihon suojaesteen ja s\u00e4ilytt\u00e4\u00e4 maksimaalisen kosteutuksen. Tekee vaurioituneesta ihosta tiukemman ja vahvemman, v\u00e4hent\u00e4\u00e4 ryppyjen n\u00e4kyvyytt\u00e4 ja parantaa ihon elastisuutta ja s\u00e4vy\u00e4.<\/p>\n<p>Sopii kaikille ihotyypeille.<\/p>\n<p><strong>VAIKUTTAVAT AINEET<\/strong><\/p>\n<ul>\n<li>kooriv mask \u201cScrub & Mask\u201d: kaoliin, perliit.<\/li>\n<li>niisutav seerum \u201cHyaluronic Serum\u201d: makadaamia\u00f5li, bisabolool, E-vitamiin, pantenool.<\/li>\n<li>mask \u201cPro-Hyaluronic Mask\u201d: Polymarines, h\u00fcaluroonhape, Duvillea antartica, astelpaju\u00f5li.<\/li>\n<li>kaitsev kreem \u201cHyaluronic Cream Pollution Neutralizaer\u201d: h\u00fcaluroonhape, Symurban.<\/li>\n<\/ul>\n<p><strong>Vaikutus<\/strong><\/p>\n<ul>\n<li>Kuorintanaamio tarjoaa kaksoistoiminnon: kuorii ja poistaa kuolleet ihosolut.<\/li>\n<li class=\"translation-block\">Kosteuttava seerumi on tiiviste, joka sis\u00e4lt\u00e4\u00e4 runsaasti molekyylipainoltaan molempia hyaluronihappoja. Makadamia\u00f6ljy suojaa soluja oksidaatiolta. Se toimii yhdess\u00e4 E-vitamiinin kanssa. Bisabool ja pantenoli palauttavat ja kosteuttavat ihoa.<\/li>\n<li>Hyaluronihappoa sis\u00e4lt\u00e4v\u00e4 naamio: Polymarine ja hyaluronihappo palauttavat ihon eheyden ja rakenteen. Tyrni\u00f6ljy on rikas rasvahapoista. Sen tehokas ravitseva ja antioksidanttinen vaikutus erottuu. Duvillea antarctica on villi lev\u00e4, joka on t\u00e4ynn\u00e4 hivenaineita ja algiinihappoa. Sill\u00e4 on remineralisoiva ja palauttava vaikutus.<\/li>\n<li>Suojakreem sis\u00e4lt\u00e4\u00e4 kahta tyyppi\u00e4 hyaluronihappoa (pienimolekyylipainon ja suurimolekyylipainon hyaluronihappoa), jotka takaavat ihon optimaalisen kosteutuksen ja elastisuuden.<\/li>\n<\/ul>","protected":false},"excerpt":{"rendered":"<p>Hyaluronihappohoito tarjoaa runsaasti kosteutusta ja sill\u00e4 on ik\u00e4\u00e4ntymist\u00e4 est\u00e4v\u00e4 vaikutus.<\/p>\n<p><span style=\"font-size: 15px;\">Setti on tarkoitettu ammattik\u00e4ytt\u00f6\u00f6n 6 hoitoon.<\/span><\/p>\n<ul>\n<li><span style=\"font-size: 14px;\">Kuorintanaamio Scrub &amp; Mask 100 ml<\/span><\/li>\n<li><span style=\"font-size: 14px;\">Kosteuttava seerumi Hyaluronic Serum 2,5 ml<\/span><\/li>\n<li><span style=\"font-size: 14px;\">Naamio Pro-Hyaluronic Mask 2 g<\/span><\/li>\n<li><span style=\"font-size: 14px;\">Suojakreem Hyaluronic Cream Pollution Neutralizer 20 ml<\/span><\/li>\n<\/ul>","protected":false},"featured_media":1499,"comment_status":"open","ping_status":"closed","template":"","meta":{"_uag_custom_page_level_css":"","site-sidebar-layout":"default","site-content-layout":"","ast-site-content-layout":"default","site-content-style":"default","site-sidebar-style":"default","ast-global-header-display":"","ast-banner-title-visibility":"","ast-main-header-display":"","ast-hfb-above-header-display":"","ast-hfb-below-header-display":"","ast-hfb-mobile-header-display":"","site-post-title":"","ast-breadcrumbs-content":"","ast-featured-img":"","footer-sml-layout":"","ast-disable-related-posts":"","theme-transparent-header-meta":"default","adv-header-id-meta":"","stick-header-meta":"","header-above-stick-meta":"","header-main-stick-meta":"","header-below-stick-meta":"","astra-migrate-meta-layouts":"set","ast-page-background-enabled":"default","ast-page-background-meta":{"desktop":{"background-color":"var(--ast-global-color-4)","background-image":"","background-repeat":"repeat","background-position":"center center","background-size":"auto","background-attachment":"scroll","background-type":"","background-media":"","overlay-type":"","overlay-color":"","overlay-opacity":"","overlay-gradient":""},"tablet":{"background-color":"","background-image":"","background-repeat":"repeat","background-position":"center center","background-size":"auto","background-attachment":"scroll","background-type":"","background-media":"","overlay-type":"","overlay-color":"","overlay-opacity":"","overlay-gradient":""},"mobile":{"background-color":"","background-image":"","background-repeat":"repeat","background-position":"center center","background-size":"auto","background-attachment":"scroll","background-type":"","background-media":"","overlay-type":"","overlay-color":"","overlay-opacity":"","overlay-gradient":""}},"ast-content-background-meta":{"desktop":{"background-color":"var(--ast-global-color-5)","background-image":"","background-repeat":"repeat","background-position":"center center","background-size":"auto","background-attachment":"scroll","background-type":"","background-media":"","overlay-type":"","overlay-color":"","overlay-opacity":"","overlay-gradient":""},"tablet":{"background-color":"var(--ast-global-color-5)","background-image":"","background-repeat":"repeat","background-position":"center center","background-size":"auto","background-attachment":"scroll","background-type":"","background-media":"","overlay-type":"","overlay-color":"","overlay-opacity":"","overlay-gradient":""},"mobile":{"background-color":"var(--ast-global-color-5)","background-image":"","background-repeat":"repeat","background-position":"center center","background-size":"auto","background-attachment":"scroll","background-type":"","background-media":"","overlay-type":"","overlay-color":"","overlay-opacity":"","overlay-gradient":""}}},"product_brand":[],"product_cat":[96,75,97],"product_tag":[],"class_list":{"0":"post-1498","1":"product","2":"type-product","3":"status-publish","4":"has-post-thumbnail","6":"product_cat-brands","7":"product_cat-ha50x","8":"product_cat-naole","9":"desktop-align-left","10":"tablet-align-left","11":"mobile-align-left","13":"first","14":"instock","15":"taxable","16":"shipping-taxable","17":"product-type-simple","18":"add-to-wishlist-before_image"},"uagb_featured_image_src":{"full":["https:\/\/kosmeetika24.com\/wp-content\/uploads\/2023\/10\/2325-Hyaluronic-Professional-Kit.jpg",600,600,false],"thumbnail":["https:\/\/kosmeetika24.com\/wp-content\/uploads\/2023\/10\/2325-Hyaluronic-Professional-Kit-150x150.jpg",150,150,true],"medium":["https:\/\/kosmeetika24.com\/wp-content\/uploads\/2023\/10\/2325-Hyaluronic-Professional-Kit-300x300.jpg",300,300,true],"medium_large":["https:\/\/kosmeetika24.com\/wp-content\/uploads\/2023\/10\/2325-Hyaluronic-Professional-Kit.jpg",600,600,false],"large":["https:\/\/kosmeetika24.com\/wp-content\/uploads\/2023\/10\/2325-Hyaluronic-Professional-Kit.jpg",600,600,false],"1536x1536":["https:\/\/kosmeetika24.com\/wp-content\/uploads\/2023\/10\/2325-Hyaluronic-Professional-Kit.jpg",600,600,false],"2048x2048":["https:\/\/kosmeetika24.com\/wp-content\/uploads\/2023\/10\/2325-Hyaluronic-Professional-Kit.jpg",600,600,false],"trp-custom-language-flag":["https:\/\/kosmeetika24.com\/wp-content\/uploads\/2023\/10\/2325-Hyaluronic-Professional-Kit-12x12.jpg",12,12,true],"woocommerce_thumbnail":["https:\/\/kosmeetika24.com\/wp-content\/uploads\/2023\/10\/2325-Hyaluronic-Professional-Kit-300x300.jpg",300,300,true],"woocommerce_single":["https:\/\/kosmeetika24.com\/wp-content\/uploads\/2023\/10\/2325-Hyaluronic-Professional-Kit-500x500.jpg",500,500,true],"woocommerce_gallery_thumbnail":["https:\/\/kosmeetika24.com\/wp-content\/uploads\/2023\/10\/2325-Hyaluronic-Professional-Kit-100x100.jpg",100,100,true]},"uagb_author_info":{"display_name":"admin","author_link":"https:\/\/kosmeetika24.com\/fi\/author\/"},"uagb_comment_info":0,"uagb_excerpt":"H\u00fcaluroonhapega hooldus pakub rikkalikku niisutust ja omab vananemisvastast toimet. Komplekt on m\u00f5eldud professionaalseks kasutamiseks 6 protseduuril: kooriv mask Scrub &amp; Mask 100ml, niisutav seerum Hyaluronic Serum 2,5 ml, mask Pro-Hyaluronic Mask 2g, kaitsev kreem Hyaluronic Cream Pollution Neutralizaer 20ml.","_links":{"self":[{"href":"https:\/\/kosmeetika24.com\/fi\/wp-json\/wp\/v2\/product\/1498","targetHints":{"allow":["GET"]}}],"collection":[{"href":"https:\/\/kosmeetika24.com\/fi\/wp-json\/wp\/v2\/product"}],"about":[{"href":"https:\/\/kosmeetika24.com\/fi\/wp-json\/wp\/v2\/types\/product"}],"replies":[{"embeddable":true,"href":"https:\/\/kosmeetika24.com\/fi\/wp-json\/wp\/v2\/comments?post=1498"}],"version-history":[{"count":1,"href":"https:\/\/kosmeetika24.com\/fi\/wp-json\/wp\/v2\/product\/1498\/revisions"}],"predecessor-version":[{"id":4645,"href":"https:\/\/kosmeetika24.com\/fi\/wp-json\/wp\/v2\/product\/1498\/revisions\/4645"}],"wp:featuredmedia":[{"embeddable":true,"href":"https:\/\/kosmeetika24.com\/fi\/wp-json\/wp\/v2\/media\/1499"}],"wp:attachment":[{"href":"https:\/\/kosmeetika24.com\/fi\/wp-json\/wp\/v2\/media?parent=1498"}],"wp:term":[{"taxonomy":"product_brand","embeddable":true,"href":"https:\/\/kosmeetika24.com\/fi\/wp-json\/wp\/v2\/product_brand?post=1498"},{"taxonomy":"product_cat","embeddable":true,"href":"https:\/\/kosmeetika24.com\/fi\/wp-json\/wp\/v2\/product_cat?post=1498"},{"taxonomy":"product_tag","embeddable":true,"href":"https:\/\/kosmeetika24.com\/fi\/wp-json\/wp\/v2\/product_tag?post=1498"}],"curies":[{"name":"wp","href":"https:\/\/api.w.org\/{rel}","templated":true}]}}