{"id":1355,"date":"2024-01-04T12:38:02","date_gmt":"2024-01-04T12:38:02","guid":{"rendered":"https:\/\/kosmeetika24.com\/?post_type=product&#038;p=1355"},"modified":"2025-07-02T14:42:02","modified_gmt":"2025-07-02T11:42:02","slug":"bruno-vassari-aqua-genomics-rikkalikult-niisutav-hooldus","status":"publish","type":"product","link":"https:\/\/kosmeetika24.com\/fi\/tuote\/bruno-vassari-aqua-genomics-rikkalikult-niisutav-hooldus\/","title":{"rendered":"BRUNO VASSARI Aqua Genomics Rikkaasti kosteuttava hoito"},"content":{"rendered":"<p class=\"translation-block\">Ammattik\u00e4ytt\u00f6\u00f6n tarkoitettu kosteuttava hoito <em>Moisturising Treatment<\/em> on suunniteltu stimuloimaan luonnollista kosteustekij\u00e4\u00e4 (NMF), mik\u00e4 vahvistaa ihon suojaesteen. Iho kosteutetaan syv\u00e4llisesti, palauttaen sen kimmoisuuden ja s\u00e4vyn.<\/p>\n<p>Sopii kaikille ihotyypeille, erityisesti eritt\u00e4in kuivalle iholle.<\/p>\n<p><strong>VAIKUTTAVAT AINEET<\/strong><\/p>\n<ul>\n<li>Ens\u00fcmaatiline koorija \u201cEnzymatic Peeling\u201d: papaiin ja bromelaiin.<\/li>\n<li>Kontsentraat \u201cHydratant Concentrate\u201d: Revidrat, Pentavitin, h\u00fcaluroonhape, gl\u00fctseriin, sheav\u00f5i ja E-vitamiin.<\/li>\n<li>Merevee baasil mask \u201cAqua Genomics Mask With Sea Water\u201d: alginaadid ja merevesi.<\/li>\n<li>Niisutav kreem \u201cAqua Sorbet Rich\u201d: Revidrat, Pentavitin ning h\u00fcaluroonhape.<\/li>\n<\/ul>\n<p><strong>Vaikutus<\/strong><\/p>\n<ul>\n<li>Enzymatiivinen kuorinta on eritt\u00e4in hienoista hiukkasista valmistettu ja se muuttuu veden kanssa sekoitettuna homogeeniseksi tahnaksi. Se on valmistettu luonnollisista entsyymeist\u00e4, jotka on saatu papaijasta ja ananaksesta (papaaiini ja bromelaiini), ja niiden p\u00e4\u00e4asiallinen teht\u00e4v\u00e4 on poistaa kuolleet ihosolut. Se my\u00f6s pehment\u00e4\u00e4 huokosia, tehden kuolleiden ihosolujen poistamisesta viel\u00e4kin helpompaa.<\/li>\n<li>Kosteuttava konsentraatti on intensiivisen kosteuttava seerumi, joka sis\u00e4lt\u00e4\u00e4 eritt\u00e4in tehokkaita kosteuttavia molekyylej\u00e4, kuten Revidrat, hyaluronihappo, glyseriini ja sheavoi. Se palauttaa ihon luonnollisen kosteustason.<\/li>\n<li>Meriveden pohjalta oleva naamion on alginaattimaski, joka kosteuttaa ja pehment\u00e4\u00e4 ihon rakennetta. Se stimuloi ihon uusiutumista ja remineralisointia.<\/li>\n<li>Kosteuttava voide palauttaa ihon luonnollisen kosteustason ja veden ja lipidien tasapainon.<\/li>\n<\/ul>","protected":false},"excerpt":{"rendered":"<p>Kuivan ihon ammattik\u00e4ytt\u00f6\u00f6n tarkoitettu hoito, joka palauttaa ihon veden ja lipidien tasapainon.<\/p>\n<p>Kompleksi on suunniteltu ammattilaisk\u00e4ytt\u00f6\u00f6n kuuden hoidon ajan.<\/p>\n<ul>\n<li><span style=\"font-size: 14px;\">Kuorinta Enzymatic Peeling 6 x 15 g<\/span><\/li>\n<li><span style=\"font-size: 14px;\">Konsentraatti Hydratant Concentrate 6 x 2,5 ml<\/span><\/li>\n<li><span style=\"font-size: 14px;\">Naamio Aqua Genomics Mask With Sea Water 6 x 30 g<\/span><\/li>\n<li><span style=\"font-size: 14px;\">Kosteuttava voide Aqua Sorbet Rich 20 ml<\/span><\/li>\n<\/ul>","protected":false},"featured_media":1401,"comment_status":"open","ping_status":"closed","template":"","meta":{"_uag_custom_page_level_css":"","site-sidebar-layout":"default","site-content-layout":"","ast-site-content-layout":"default","site-content-style":"default","site-sidebar-style":"default","ast-global-header-display":"","ast-banner-title-visibility":"","ast-main-header-display":"","ast-hfb-above-header-display":"","ast-hfb-below-header-display":"","ast-hfb-mobile-header-display":"","site-post-title":"","ast-breadcrumbs-content":"","ast-featured-img":"","footer-sml-layout":"","ast-disable-related-posts":"","theme-transparent-header-meta":"default","adv-header-id-meta":"","stick-header-meta":"","header-above-stick-meta":"","header-main-stick-meta":"","header-below-stick-meta":"","astra-migrate-meta-layouts":"set","ast-page-background-enabled":"default","ast-page-background-meta":{"desktop":{"background-color":"var(--ast-global-color-4)","background-image":"","background-repeat":"repeat","background-position":"center center","background-size":"auto","background-attachment":"scroll","background-type":"","background-media":"","overlay-type":"","overlay-color":"","overlay-opacity":"","overlay-gradient":""},"tablet":{"background-color":"","background-image":"","background-repeat":"repeat","background-position":"center center","background-size":"auto","background-attachment":"scroll","background-type":"","background-media":"","overlay-type":"","overlay-color":"","overlay-opacity":"","overlay-gradient":""},"mobile":{"background-color":"","background-image":"","background-repeat":"repeat","background-position":"center center","background-size":"auto","background-attachment":"scroll","background-type":"","background-media":"","overlay-type":"","overlay-color":"","overlay-opacity":"","overlay-gradient":""}},"ast-content-background-meta":{"desktop":{"background-color":"var(--ast-global-color-5)","background-image":"","background-repeat":"repeat","background-position":"center center","background-size":"auto","background-attachment":"scroll","background-type":"","background-media":"","overlay-type":"","overlay-color":"","overlay-opacity":"","overlay-gradient":""},"tablet":{"background-color":"var(--ast-global-color-5)","background-image":"","background-repeat":"repeat","background-position":"center center","background-size":"auto","background-attachment":"scroll","background-type":"","background-media":"","overlay-type":"","overlay-color":"","overlay-opacity":"","overlay-gradient":""},"mobile":{"background-color":"var(--ast-global-color-5)","background-image":"","background-repeat":"repeat","background-position":"center center","background-size":"auto","background-attachment":"scroll","background-type":"","background-media":"","overlay-type":"","overlay-color":"","overlay-opacity":"","overlay-gradient":""}}},"product_brand":[],"product_cat":[59,96,97],"product_tag":[],"class_list":{"0":"post-1355","1":"product","2":"type-product","3":"status-publish","4":"has-post-thumbnail","6":"product_cat-aqua-genomics","7":"product_cat-brands","8":"product_cat-naole","9":"desktop-align-left","10":"tablet-align-left","11":"mobile-align-left","13":"first","14":"instock","15":"taxable","16":"shipping-taxable","17":"product-type-simple","18":"add-to-wishlist-before_image"},"uagb_featured_image_src":{"full":["https:\/\/kosmeetika24.com\/wp-content\/uploads\/2023\/10\/2277.jpg",600,600,false],"thumbnail":["https:\/\/kosmeetika24.com\/wp-content\/uploads\/2023\/10\/2277-150x150.jpg",150,150,true],"medium":["https:\/\/kosmeetika24.com\/wp-content\/uploads\/2023\/10\/2277-300x300.jpg",300,300,true],"medium_large":["https:\/\/kosmeetika24.com\/wp-content\/uploads\/2023\/10\/2277.jpg",600,600,false],"large":["https:\/\/kosmeetika24.com\/wp-content\/uploads\/2023\/10\/2277.jpg",600,600,false],"1536x1536":["https:\/\/kosmeetika24.com\/wp-content\/uploads\/2023\/10\/2277.jpg",600,600,false],"2048x2048":["https:\/\/kosmeetika24.com\/wp-content\/uploads\/2023\/10\/2277.jpg",600,600,false],"trp-custom-language-flag":["https:\/\/kosmeetika24.com\/wp-content\/uploads\/2023\/10\/2277-12x12.jpg",12,12,true],"woocommerce_thumbnail":["https:\/\/kosmeetika24.com\/wp-content\/uploads\/2023\/10\/2277-300x300.jpg",300,300,true],"woocommerce_single":["https:\/\/kosmeetika24.com\/wp-content\/uploads\/2023\/10\/2277-500x500.jpg",500,500,true],"woocommerce_gallery_thumbnail":["https:\/\/kosmeetika24.com\/wp-content\/uploads\/2023\/10\/2277-100x100.jpg",100,100,true]},"uagb_author_info":{"display_name":"admin","author_link":"https:\/\/kosmeetika24.com\/fi\/author\/"},"uagb_comment_info":0,"uagb_excerpt":"Kuiva naha professionaalne hooldus, mis taastab naha vee ja lipiidide tasakaalu. Komplekt on m\u00f5eldud professionaalseks kasutamiseks 6 protseduuril. koorija Enzymatic Peeling 6 x 15g kontsentraat Hydratant Concentrate 6 x 2,5ml mask Aqua Genomics Mask With Sea Water 6 x 30g niisutav kreem Aqua Sorbet Rich 20ml","_links":{"self":[{"href":"https:\/\/kosmeetika24.com\/fi\/wp-json\/wp\/v2\/product\/1355","targetHints":{"allow":["GET"]}}],"collection":[{"href":"https:\/\/kosmeetika24.com\/fi\/wp-json\/wp\/v2\/product"}],"about":[{"href":"https:\/\/kosmeetika24.com\/fi\/wp-json\/wp\/v2\/types\/product"}],"replies":[{"embeddable":true,"href":"https:\/\/kosmeetika24.com\/fi\/wp-json\/wp\/v2\/comments?post=1355"}],"version-history":[{"count":1,"href":"https:\/\/kosmeetika24.com\/fi\/wp-json\/wp\/v2\/product\/1355\/revisions"}],"predecessor-version":[{"id":4679,"href":"https:\/\/kosmeetika24.com\/fi\/wp-json\/wp\/v2\/product\/1355\/revisions\/4679"}],"wp:featuredmedia":[{"embeddable":true,"href":"https:\/\/kosmeetika24.com\/fi\/wp-json\/wp\/v2\/media\/1401"}],"wp:attachment":[{"href":"https:\/\/kosmeetika24.com\/fi\/wp-json\/wp\/v2\/media?parent=1355"}],"wp:term":[{"taxonomy":"product_brand","embeddable":true,"href":"https:\/\/kosmeetika24.com\/fi\/wp-json\/wp\/v2\/product_brand?post=1355"},{"taxonomy":"product_cat","embeddable":true,"href":"https:\/\/kosmeetika24.com\/fi\/wp-json\/wp\/v2\/product_cat?post=1355"},{"taxonomy":"product_tag","embeddable":true,"href":"https:\/\/kosmeetika24.com\/fi\/wp-json\/wp\/v2\/product_tag?post=1355"}],"curies":[{"name":"wp","href":"https:\/\/api.w.org\/{rel}","templated":true}]}}