{"id":1350,"date":"2024-01-04T14:05:58","date_gmt":"2024-01-04T14:05:58","guid":{"rendered":"https:\/\/kosmeetika24.com\/?post_type=product&#038;p=1350"},"modified":"2025-07-03T11:42:47","modified_gmt":"2025-07-03T08:42:47","slug":"bruno-vassari-kianty-kortsudevastane-toitekreem-2","status":"publish","type":"product","link":"https:\/\/kosmeetika24.com\/fi\/tuote\/bruno-vassari-kianty-kortsudevastane-toitekreem-2\/","title":{"rendered":"BRUNO VASSARI Kianty Anti-Wrinkle Nourishing Cream"},"content":{"rendered":"<p class=\"translation-block\">Ik\u00e4\u00e4ntymist\u00e4 est\u00e4v\u00e4 voide <em>Pat\u00e8 D`uva<\/em> tarjoaa ik\u00e4\u00e4ntymist\u00e4 est\u00e4v\u00e4\u00e4 hoitoa: poistaa pieni\u00e4 ryppyj\u00e4 ja est\u00e4\u00e4 uusien muodostumista. Poistaa hell\u00e4varaisesti kuolleet ihosolut ja stimuloi solujen uudistumista. Palauttaa ihon kuiturakenteen, kosteuttaa, tasoittaa ihon s\u00e4vy\u00e4 ja sill\u00e4 on nuorentava vaikutus. Sit\u00e4 voidaan k\u00e4ytt\u00e4\u00e4 hierontaan.<\/p>\n<p>Ihon ulkon\u00e4k\u00f6\u00e4 parantava voide, joka sopii eri ihotyypeille: eloton, kuiva, karkea, l\u00f6r\u00e4ht\u00e4nyt, ryppyinen tai hienoilla ilmejuonteilla oleva iho.<\/p>\n<p>Kreemiss\u00e4 yhdistyv\u00e4t alfahydroksyhapot ja polyfenolien vaikutus.<\/p>\n<p><strong>VAIKUTTAVAT AINEET<\/strong><\/p>\n<ul>\n<li>Viiniryp\u00e4leuute<\/li>\n<li>Alfahydroksyhappo (maitohappo, glykolihappo)<\/li>\n<li>Kola-p\u00e4hkin\u00e4uutte<\/li>\n<li>E-vitamiini<\/li>\n<li>Aurinkosuojaussuodatin<\/li>\n<\/ul>\n<p><strong>Vaikutus<\/strong><\/p>\n<ul>\n<li>Viiniryp\u00e4leuute sis\u00e4lt\u00e4\u00e4 korkean polyfenolipitoisuuden, vaikuttaen ik\u00e4\u00e4ntymist\u00e4 est\u00e4v\u00e4sti, antioksidanttisesti, kiinteytt\u00e4v\u00e4sti ja tonisoivasti.<\/li>\n<li>Glykolihappo ja maitohappo ovat alfahydroksyhappoja, jotka vastaavat ihon elastisuudesta ja kiinteytyksest\u00e4; ne nopeuttavat kuolleiden solujen poistumista ja v\u00e4hent\u00e4v\u00e4t sarveiskerroksen paksuutta; v\u00e4hent\u00e4v\u00e4t ryppyj\u00e4 ja est\u00e4v\u00e4t niiden muodostumista; tekev\u00e4t ihon s\u00e4vyst\u00e4 kirkkaamman ja tasaisemman; v\u00e4hent\u00e4v\u00e4t auringon aiheuttamia iholaikkuja.<\/li>\n<li>Kola-p\u00e4hkin\u00e4uutte auttaa minimoimaan mahdollisen iho\u00e4rsytyksen, erityisesti herk\u00e4ll\u00e4 iholla.<\/li>\n<li>E-vitamiini toimii antioksidanttina.<\/li>\n<li>Aurinkosuojaussuodatin suojaa haitalliselta UV-s\u00e4teilylt\u00e4.<\/li>\n<\/ul>\n<p><strong>Ainesosat<\/strong><\/p>\n<p>AQUA (WATER), PROPYLENE GLYCOL, PARAFFINUM LIQUIDIUM (MINERA OLI), CAPRYLIC\/CAPRIC TRIGLYCERIDE, LACTIC ACID, GLYCERY STEARATE, PEG-100 STEARATE, ISOPROPYL PALMITATE, CETYL ALCOHOL, SODIUM HYDROXIDE, CETY ACETATE, CLYCOLIC ACID, PALMITIC ACID, DIMETHICONE,\u00a0 ETHYLHEXYL METHOXYCINNAMATE, MYRISTIC ACID, VITIS VINIFERA (GRAPE) SEED EXTRACT, COLA NITIDA (KOLA) SEED EXTRACT, ARAHIDIC ACID, HYDROGENATED LECITHIN, BUTYLENE GLYCOL, STEARIC ACID, LANOLIN ALCOHOL, STEARATE ACETATE, OLEYL ACETATE, THOCOPHERYL ACETATE, DISODIUM EDTA, ACETYLATED LANOLIN ALCOHOL, PENTYLENE GLYCOL, 2-BROMO-NITHROPANE-1,3-DOIL, BHT, HEXYL SINNAMAL, BENZYL SALICYLATE, LINALOOL, PALMITOYL HYDROXYPROPYLTRIMONIUM AYLOPECTIN\/GLYCERIN CROSSPOLYMER, POLYACYLAMIDE, C13-14 ISOPARAFFIN, LAURETH-7, PARFUM (FRAGRANCE), CITRONELLOL, HYDROXCIITRONELLAL, ALPHA-ISOMETHYL IONONE, 1,2-HEXNEDIOL, CAPRYLYL GLYCOL, SODIUM CHLORIDE, METHYLPARABEN, PROPYLPARABEN.<\/p>","protected":false},"excerpt":{"rendered":"<p>Antioxidanttipitoinen ik\u00e4\u00e4ntymist\u00e4 est\u00e4v\u00e4 voide ammattilaisk\u00e4ytt\u00f6\u00f6n, joka auttaa silottamaan hienot juonteet.<\/p>\n<p>&nbsp;<\/p>\n<p>200 ml<\/p>","protected":false},"featured_media":1488,"comment_status":"open","ping_status":"closed","template":"","meta":{"_uag_custom_page_level_css":"","site-sidebar-layout":"default","site-content-layout":"","ast-site-content-layout":"default","site-content-style":"default","site-sidebar-style":"default","ast-global-header-display":"","ast-banner-title-visibility":"","ast-main-header-display":"","ast-hfb-above-header-display":"","ast-hfb-below-header-display":"","ast-hfb-mobile-header-display":"","site-post-title":"","ast-breadcrumbs-content":"","ast-featured-img":"","footer-sml-layout":"","ast-disable-related-posts":"","theme-transparent-header-meta":"default","adv-header-id-meta":"","stick-header-meta":"","header-above-stick-meta":"","header-main-stick-meta":"","header-below-stick-meta":"","astra-migrate-meta-layouts":"set","ast-page-background-enabled":"default","ast-page-background-meta":{"desktop":{"background-color":"var(--ast-global-color-4)","background-image":"","background-repeat":"repeat","background-position":"center center","background-size":"auto","background-attachment":"scroll","background-type":"","background-media":"","overlay-type":"","overlay-color":"","overlay-opacity":"","overlay-gradient":""},"tablet":{"background-color":"","background-image":"","background-repeat":"repeat","background-position":"center center","background-size":"auto","background-attachment":"scroll","background-type":"","background-media":"","overlay-type":"","overlay-color":"","overlay-opacity":"","overlay-gradient":""},"mobile":{"background-color":"","background-image":"","background-repeat":"repeat","background-position":"center center","background-size":"auto","background-attachment":"scroll","background-type":"","background-media":"","overlay-type":"","overlay-color":"","overlay-opacity":"","overlay-gradient":""}},"ast-content-background-meta":{"desktop":{"background-color":"var(--ast-global-color-5)","background-image":"","background-repeat":"repeat","background-position":"center center","background-size":"auto","background-attachment":"scroll","background-type":"","background-media":"","overlay-type":"","overlay-color":"","overlay-opacity":"","overlay-gradient":""},"tablet":{"background-color":"var(--ast-global-color-5)","background-image":"","background-repeat":"repeat","background-position":"center center","background-size":"auto","background-attachment":"scroll","background-type":"","background-media":"","overlay-type":"","overlay-color":"","overlay-opacity":"","overlay-gradient":""},"mobile":{"background-color":"var(--ast-global-color-5)","background-image":"","background-repeat":"repeat","background-position":"center center","background-size":"auto","background-attachment":"scroll","background-type":"","background-media":"","overlay-type":"","overlay-color":"","overlay-opacity":"","overlay-gradient":""}}},"product_brand":[],"product_cat":[96,58,97],"product_tag":[],"class_list":{"0":"post-1350","1":"product","2":"type-product","3":"status-publish","4":"has-post-thumbnail","6":"product_cat-brands","7":"product_cat-kianty","8":"product_cat-naole","9":"desktop-align-left","10":"tablet-align-left","11":"mobile-align-left","13":"first","14":"instock","15":"taxable","16":"shipping-taxable","17":"product-type-simple","18":"add-to-wishlist-before_image"},"uagb_featured_image_src":{"full":["https:\/\/kosmeetika24.com\/wp-content\/uploads\/2023\/10\/2267pate-duva-1.jpg",600,600,false],"thumbnail":["https:\/\/kosmeetika24.com\/wp-content\/uploads\/2023\/10\/2267pate-duva-1-150x150.jpg",150,150,true],"medium":["https:\/\/kosmeetika24.com\/wp-content\/uploads\/2023\/10\/2267pate-duva-1-300x300.jpg",300,300,true],"medium_large":["https:\/\/kosmeetika24.com\/wp-content\/uploads\/2023\/10\/2267pate-duva-1.jpg",600,600,false],"large":["https:\/\/kosmeetika24.com\/wp-content\/uploads\/2023\/10\/2267pate-duva-1.jpg",600,600,false],"1536x1536":["https:\/\/kosmeetika24.com\/wp-content\/uploads\/2023\/10\/2267pate-duva-1.jpg",600,600,false],"2048x2048":["https:\/\/kosmeetika24.com\/wp-content\/uploads\/2023\/10\/2267pate-duva-1.jpg",600,600,false],"trp-custom-language-flag":["https:\/\/kosmeetika24.com\/wp-content\/uploads\/2023\/10\/2267pate-duva-1-12x12.jpg",12,12,true],"woocommerce_thumbnail":["https:\/\/kosmeetika24.com\/wp-content\/uploads\/2023\/10\/2267pate-duva-1-300x300.jpg",300,300,true],"woocommerce_single":["https:\/\/kosmeetika24.com\/wp-content\/uploads\/2023\/10\/2267pate-duva-1-500x500.jpg",500,500,true],"woocommerce_gallery_thumbnail":["https:\/\/kosmeetika24.com\/wp-content\/uploads\/2023\/10\/2267pate-duva-1-100x100.jpg",100,100,true]},"uagb_author_info":{"display_name":"admin","author_link":"https:\/\/kosmeetika24.com\/fi\/author\/"},"uagb_comment_info":0,"uagb_excerpt":"Professionaalseks kasutamiseks m\u00f5eldud antioks\u00fcdantse toimega vananemisvastane kreem, mis aitab siluda peenemad kortsud. &nbsp; 200 ml","_links":{"self":[{"href":"https:\/\/kosmeetika24.com\/fi\/wp-json\/wp\/v2\/product\/1350","targetHints":{"allow":["GET"]}}],"collection":[{"href":"https:\/\/kosmeetika24.com\/fi\/wp-json\/wp\/v2\/product"}],"about":[{"href":"https:\/\/kosmeetika24.com\/fi\/wp-json\/wp\/v2\/types\/product"}],"replies":[{"embeddable":true,"href":"https:\/\/kosmeetika24.com\/fi\/wp-json\/wp\/v2\/comments?post=1350"}],"version-history":[{"count":4,"href":"https:\/\/kosmeetika24.com\/fi\/wp-json\/wp\/v2\/product\/1350\/revisions"}],"predecessor-version":[{"id":6550,"href":"https:\/\/kosmeetika24.com\/fi\/wp-json\/wp\/v2\/product\/1350\/revisions\/6550"}],"wp:featuredmedia":[{"embeddable":true,"href":"https:\/\/kosmeetika24.com\/fi\/wp-json\/wp\/v2\/media\/1488"}],"wp:attachment":[{"href":"https:\/\/kosmeetika24.com\/fi\/wp-json\/wp\/v2\/media?parent=1350"}],"wp:term":[{"taxonomy":"product_brand","embeddable":true,"href":"https:\/\/kosmeetika24.com\/fi\/wp-json\/wp\/v2\/product_brand?post=1350"},{"taxonomy":"product_cat","embeddable":true,"href":"https:\/\/kosmeetika24.com\/fi\/wp-json\/wp\/v2\/product_cat?post=1350"},{"taxonomy":"product_tag","embeddable":true,"href":"https:\/\/kosmeetika24.com\/fi\/wp-json\/wp\/v2\/product_tag?post=1350"}],"curies":[{"name":"wp","href":"https:\/\/api.w.org\/{rel}","templated":true}]}}