{"id":1346,"date":"2024-01-04T14:04:41","date_gmt":"2024-01-04T14:04:41","guid":{"rendered":"https:\/\/kosmeetika24.com\/?post_type=product&#038;p=1346"},"modified":"2025-09-16T10:53:40","modified_gmt":"2025-09-16T07:53:40","slug":"bruno-vassari-kianty-vananemisvastane-losjoon-500ml","status":"publish","type":"product","link":"https:\/\/kosmeetika24.com\/fi\/tuote\/bruno-vassari-kianty-vananemisvastane-losjoon-500ml\/","title":{"rendered":"BRUNO VASSARI Kianty ik\u00e4\u00e4ntymist\u00e4 est\u00e4v\u00e4 lotion 500ml"},"content":{"rendered":"<p>Toniseerival losjoonil <em>Kianty Pioggia di Vigna<\/em> on niisutav toime, taastab naha veetasakaalu ja pH taseme. K\u00fcllastab nahka antioks\u00fcdantidega.<\/p>\n<p>Sisaldab viinamarjaekstrakti ja on vananemisvastase toimega.<\/p>\n<p>Sopii kaikille ihotyypeille, erityisesti ik\u00e4\u00e4ntyneelle ja veltostuneelle iholle.<\/p>\n<p><strong>VAIKUTTAVAT AINEET<\/strong><\/p>\n<ul>\n<li>Aonori<\/li>\n<li>Ascophyllum<\/li>\n<li>Kumina<\/li>\n<li>Rantakelp (Fucus vesiculosus)<\/li>\n<li>Sormilehtivihre\u00e4lev\u00e4 (Cladophora)<\/li>\n<li>Nori<\/li>\n<li>Viiniryp\u00e4leuute<\/li>\n<li>Mineraalit<\/li>\n<li>Vitamiinit<\/li>\n<li>Mineraalit<\/li>\n<li>Polysakkaridit<\/li>\n<\/ul>\n<p><strong>Vaikutus<\/strong><\/p>\n<ul>\n<li>Aonori elvytt\u00e4\u00e4 ihoa, taistelee ik\u00e4\u00e4ntymist\u00e4 vastaan, lievitt\u00e4\u00e4 tulehdusta, parantaa solukalvon l\u00e4p\u00e4isevyytt\u00e4, stimuloi kudosten uudistumista ja lis\u00e4\u00e4 ihon kimmoisuutta.<\/li>\n<li>Ascophyllum sis\u00e4lt\u00e4\u00e4 vitamiineja, hivenaineita, aminohappoja, polysakkarideja ja muita yhdisteit\u00e4, joilla on ihoa puhdistava, antibakteerinen, tulehdusta est\u00e4v\u00e4, antioksidanttinen ja myrkytt\u00f6mi\u00e4 vaikutuksia.<\/li>\n<li>Rantakelpill\u00e4 on tonisoiva, verenkiertoa aktivoiva, antiseptinen ja tulehdusta est\u00e4v\u00e4 vaikutus.<\/li>\n<li>Pohjakelp kosteuttaa ja elvytt\u00e4\u00e4 ihoa, parantaa verenkiertoa.<\/li>\n<li>Sormilehtivihre\u00e4lev\u00e4ll\u00e4 on verenkiertoa parantavat ja kongestiota v\u00e4hent\u00e4v\u00e4t ominaisuudet.<\/li>\n<li>Nori toimii palauttavana, kosteuttavana ja kongestiota v\u00e4hent\u00e4v\u00e4n\u00e4.<\/li>\n<li>Viiniryp\u00e4leuute sis\u00e4lt\u00e4\u00e4 polyfenoleja, joilla on antioksidanttisia ominaisuuksia, suojaten ihoa vapailta radikaaleilta.<\/li>\n<\/ul>\n<p><strong>Ainesosat<\/strong><\/p>\n<p>AQUA (WATER), GLYCERIN, PROPYLENE GLYCOL, ALLANTOIN, LACTIS ACID, VITIS VINIFERA (GRAPE) SEED EXTRACT, FRUCUS VESICULOSUS(BLADDERWRACK) EXTRACT, LAMINARIADIGITATA EXTRACT, CRITHMUM MARITIMUM EXTRACT, ASCOPHYLLUM NODOSUM EXTRACT, ENTEROMORPHA COMPRESSA, PROPHYRA UMBILICALIS EXTRACT, PHENOXYETHANOL, PEG-40 HYDROGENATED CASTOR OIL, CHORPHENESIN, SODIUM LACTATE, SORBITOL, SERINE, TEA-LACTATE, UREA, PARFUM (FRAGRANCE), SODIUM CHLORIDE, SODIUM BENZOATE, HEXYL CINNAMAL, POTASSIUM SORBATE, BENZYL, SALICYLATE, LINALOOL, CITRONELLOL, HYDROXYCITRONELLAL.<\/p>","protected":false},"excerpt":{"rendered":"<p>Antioxidanttipitoinen viinamarmehu-lotion ammattilaisk\u00e4ytt\u00f6\u00f6n, jolla on ik\u00e4\u00e4ntymist\u00e4 est\u00e4v\u00e4 vaikutus.<\/p>\n<p>&nbsp;<\/p>\n<p>500 ml<\/p>","protected":false},"featured_media":1398,"comment_status":"open","ping_status":"closed","template":"","meta":{"_uag_custom_page_level_css":"","site-sidebar-layout":"default","site-content-layout":"","ast-site-content-layout":"default","site-content-style":"default","site-sidebar-style":"default","ast-global-header-display":"","ast-banner-title-visibility":"","ast-main-header-display":"","ast-hfb-above-header-display":"","ast-hfb-below-header-display":"","ast-hfb-mobile-header-display":"","site-post-title":"","ast-breadcrumbs-content":"","ast-featured-img":"","footer-sml-layout":"","ast-disable-related-posts":"","theme-transparent-header-meta":"default","adv-header-id-meta":"","stick-header-meta":"","header-above-stick-meta":"","header-main-stick-meta":"","header-below-stick-meta":"","astra-migrate-meta-layouts":"set","ast-page-background-enabled":"default","ast-page-background-meta":{"desktop":{"background-color":"var(--ast-global-color-4)","background-image":"","background-repeat":"repeat","background-position":"center center","background-size":"auto","background-attachment":"scroll","background-type":"","background-media":"","overlay-type":"","overlay-color":"","overlay-opacity":"","overlay-gradient":""},"tablet":{"background-color":"","background-image":"","background-repeat":"repeat","background-position":"center center","background-size":"auto","background-attachment":"scroll","background-type":"","background-media":"","overlay-type":"","overlay-color":"","overlay-opacity":"","overlay-gradient":""},"mobile":{"background-color":"","background-image":"","background-repeat":"repeat","background-position":"center center","background-size":"auto","background-attachment":"scroll","background-type":"","background-media":"","overlay-type":"","overlay-color":"","overlay-opacity":"","overlay-gradient":""}},"ast-content-background-meta":{"desktop":{"background-color":"var(--ast-global-color-5)","background-image":"","background-repeat":"repeat","background-position":"center center","background-size":"auto","background-attachment":"scroll","background-type":"","background-media":"","overlay-type":"","overlay-color":"","overlay-opacity":"","overlay-gradient":""},"tablet":{"background-color":"var(--ast-global-color-5)","background-image":"","background-repeat":"repeat","background-position":"center center","background-size":"auto","background-attachment":"scroll","background-type":"","background-media":"","overlay-type":"","overlay-color":"","overlay-opacity":"","overlay-gradient":""},"mobile":{"background-color":"var(--ast-global-color-5)","background-image":"","background-repeat":"repeat","background-position":"center center","background-size":"auto","background-attachment":"scroll","background-type":"","background-media":"","overlay-type":"","overlay-color":"","overlay-opacity":"","overlay-gradient":""}}},"product_brand":[],"product_cat":[96,58,97],"product_tag":[],"class_list":{"0":"post-1346","1":"product","2":"type-product","3":"status-publish","4":"has-post-thumbnail","6":"product_cat-brands","7":"product_cat-kianty","8":"product_cat-naole","9":"desktop-align-left","10":"tablet-align-left","11":"mobile-align-left","13":"first","14":"instock","15":"taxable","16":"shipping-taxable","17":"product-type-simple","18":"add-to-wishlist-before_image"},"uagb_featured_image_src":{"full":["https:\/\/kosmeetika24.com\/wp-content\/uploads\/2023\/10\/2261.jpg",600,600,false],"thumbnail":["https:\/\/kosmeetika24.com\/wp-content\/uploads\/2023\/10\/2261-150x150.jpg",150,150,true],"medium":["https:\/\/kosmeetika24.com\/wp-content\/uploads\/2023\/10\/2261-300x300.jpg",300,300,true],"medium_large":["https:\/\/kosmeetika24.com\/wp-content\/uploads\/2023\/10\/2261.jpg",600,600,false],"large":["https:\/\/kosmeetika24.com\/wp-content\/uploads\/2023\/10\/2261.jpg",600,600,false],"1536x1536":["https:\/\/kosmeetika24.com\/wp-content\/uploads\/2023\/10\/2261.jpg",600,600,false],"2048x2048":["https:\/\/kosmeetika24.com\/wp-content\/uploads\/2023\/10\/2261.jpg",600,600,false],"trp-custom-language-flag":["https:\/\/kosmeetika24.com\/wp-content\/uploads\/2023\/10\/2261-12x12.jpg",12,12,true],"woocommerce_thumbnail":["https:\/\/kosmeetika24.com\/wp-content\/uploads\/2023\/10\/2261-300x300.jpg",300,300,true],"woocommerce_single":["https:\/\/kosmeetika24.com\/wp-content\/uploads\/2023\/10\/2261-500x500.jpg",500,500,true],"woocommerce_gallery_thumbnail":["https:\/\/kosmeetika24.com\/wp-content\/uploads\/2023\/10\/2261-100x100.jpg",100,100,true]},"uagb_author_info":{"display_name":"admin","author_link":"https:\/\/kosmeetika24.com\/fi\/author\/"},"uagb_comment_info":0,"uagb_excerpt":"Professionaalseks kasutamiseks m\u00f5eldud antioks\u00fcdantne viinamarjamahlaga losjoon, millel on vananemisvastane toime. &nbsp; 500 ml","_links":{"self":[{"href":"https:\/\/kosmeetika24.com\/fi\/wp-json\/wp\/v2\/product\/1346","targetHints":{"allow":["GET"]}}],"collection":[{"href":"https:\/\/kosmeetika24.com\/fi\/wp-json\/wp\/v2\/product"}],"about":[{"href":"https:\/\/kosmeetika24.com\/fi\/wp-json\/wp\/v2\/types\/product"}],"replies":[{"embeddable":true,"href":"https:\/\/kosmeetika24.com\/fi\/wp-json\/wp\/v2\/comments?post=1346"}],"version-history":[{"count":4,"href":"https:\/\/kosmeetika24.com\/fi\/wp-json\/wp\/v2\/product\/1346\/revisions"}],"predecessor-version":[{"id":7053,"href":"https:\/\/kosmeetika24.com\/fi\/wp-json\/wp\/v2\/product\/1346\/revisions\/7053"}],"wp:featuredmedia":[{"embeddable":true,"href":"https:\/\/kosmeetika24.com\/fi\/wp-json\/wp\/v2\/media\/1398"}],"wp:attachment":[{"href":"https:\/\/kosmeetika24.com\/fi\/wp-json\/wp\/v2\/media?parent=1346"}],"wp:term":[{"taxonomy":"product_brand","embeddable":true,"href":"https:\/\/kosmeetika24.com\/fi\/wp-json\/wp\/v2\/product_brand?post=1346"},{"taxonomy":"product_cat","embeddable":true,"href":"https:\/\/kosmeetika24.com\/fi\/wp-json\/wp\/v2\/product_cat?post=1346"},{"taxonomy":"product_tag","embeddable":true,"href":"https:\/\/kosmeetika24.com\/fi\/wp-json\/wp\/v2\/product_tag?post=1346"}],"curies":[{"name":"wp","href":"https:\/\/api.w.org\/{rel}","templated":true}]}}