{"id":1345,"date":"2024-01-04T14:09:05","date_gmt":"2024-01-04T14:09:05","guid":{"rendered":"https:\/\/kosmeetika24.com\/?post_type=product&#038;p=1345"},"modified":"2025-07-03T11:41:19","modified_gmt":"2025-07-03T08:41:19","slug":"bruno-vassari-kianty-viniferin-silmade-ja-huulte-intensiivne-hooldus","status":"publish","type":"product","link":"https:\/\/kosmeetika24.com\/fi\/tuote\/bruno-vassari-kianty-viniferin-silmade-ja-huulte-intensiivne-hooldus\/","title":{"rendered":"BRUNO VASSARI Kianty Viniferin intensiivinen silmien ja huulten hoito"},"content":{"rendered":"<p class=\"translation-block\">Ammattilaisk\u00e4ytt\u00f6\u00f6n suunniteltu <em>Kianty Viniferin Visible Results<\/em> on erityinen ik\u00e4\u00e4ntymist\u00e4 est\u00e4v\u00e4 hoito silmien ja huulten ymp\u00e4rille. Se aktivoi verenkiertoa silmien alueella ja auttaa v\u00e4hent\u00e4m\u00e4\u00e4n turvotusta ja tummia silm\u00e4nalusia. Aktiiviset ainesosat auttavat tasoittamaan ja v\u00e4hent\u00e4m\u00e4\u00e4n juonteita, hidastavat ihon ik\u00e4\u00e4ntymisprosessia ja v\u00e4hent\u00e4v\u00e4t ik\u00e4\u00e4ntymisen merkkej\u00e4. Tulokset ovat n\u00e4ht\u00e4viss\u00e4 ensimm\u00e4isest\u00e4 k\u00e4yt\u00f6st\u00e4 alkaen.<\/p>\n<p>Sopii kaikille ihotyypeille, erityisesti suunniteltu v\u00e4hent\u00e4m\u00e4\u00e4n ryppyj\u00e4, tummia silm\u00e4nalusia ja turvotusta silmien ymp\u00e4rill\u00e4.<\/p>\n<p><strong>VAIKUTTAVAT AINEET<\/strong><\/p>\n<ul>\n<li class=\"translation-block\">Seerumi \"Eyes &amp; Lips Serum\": leutsiiniesteeninen neste, biosahhariidikumi-1, gl\u00fckos\u00fc\u00fclhesperidiini, Viniderm<sup>\u00ae<\/sup>;<\/li>\n<li>mask \u201cEyes & Lips Mask\u201d: h\u00fcdrol\u00fc\u00fcsitud kollageen, riisit\u00e4rklis, Damaskuse rooslille \u00f5li, harilik viinamari;<\/li>\n<li class=\"translation-block\">Kreem \"Eyes &amp; Lips Cream\": Orgasol<sup>\u00ae<\/sup> Restore, skvalaani, sheavoi, hydroksyprolisilaane, Viniderm<sup>\u00ae<\/sup>, E-vitamiini.<\/li>\n<\/ul>\n<p><strong>Vaikutus<\/strong><\/p>\n<ul>\n<li>Seerumi antaa silmien alueelle heleytt\u00e4 ja kosteuttaa sit\u00e4. V\u00e4hent\u00e4\u00e4 ryppyj\u00e4, tummia silm\u00e4nalusia ja turvotusta silmien alla.<\/li>\n<li>Naamio sis\u00e4lt\u00e4\u00e4 alginaatteja, jotka parantavat vaikuttavien aineiden imeytymist\u00e4 ihoon ja vaalentavat pigmentaatiota sek\u00e4 tummia silm\u00e4nalusia. Sill\u00e4 on my\u00f6s turvotusta v\u00e4hent\u00e4v\u00e4 ja ik\u00e4\u00e4ntymist\u00e4 est\u00e4v\u00e4 vaikutus.<\/li>\n<li>Kreem on ravitseva ja kosteuttava, sopii herk\u00e4lle iholle silmien ja huulten ymp\u00e4rill\u00e4 ja auttaa vaalentamaan hyperpigmentaatiosta johtuvat tummat silm\u00e4naluset sek\u00e4 v\u00e4hent\u00e4m\u00e4\u00e4n ik\u00e4\u00e4ntymisen merkkej\u00e4.<\/li>\n<\/ul>","protected":false},"excerpt":{"rendered":"<p>Ik\u00e4\u00e4ntymist\u00e4 est\u00e4v\u00e4 intensiivinen hoito silmien ja huulten ymp\u00e4rille. Auttaa v\u00e4hent\u00e4m\u00e4\u00e4n ryppyj\u00e4, tummia silm\u00e4nalusia ja silmien turvotusta.<\/p>\n<p>&nbsp;<\/p>\n<p><span style=\"font-size: 14px;\">Kompleksi on suunniteltu ammattilaisk\u00e4ytt\u00f6\u00f6n kuuden hoidon ajan.<\/span><\/p>\n<ul>\n<li><span style=\"font-size: 14px;\">Eyes &amp; Lips Seerumi 6 x 3 ml<\/span><\/li>\n<li><span style=\"font-size: 14px;\">Eyes &amp; Lips Naamio 6 x 10 g<\/span><\/li>\n<li><span style=\"font-size: 14px;\">Eyes &amp; Lips Kreemi 6 x 3 ml<\/span><\/li>\n<\/ul>\n<p>&nbsp;<\/p>","protected":false},"featured_media":1407,"comment_status":"open","ping_status":"closed","template":"","meta":{"_uag_custom_page_level_css":"","site-sidebar-layout":"default","site-content-layout":"","ast-site-content-layout":"default","site-content-style":"default","site-sidebar-style":"default","ast-global-header-display":"","ast-banner-title-visibility":"","ast-main-header-display":"","ast-hfb-above-header-display":"","ast-hfb-below-header-display":"","ast-hfb-mobile-header-display":"","site-post-title":"","ast-breadcrumbs-content":"","ast-featured-img":"","footer-sml-layout":"","ast-disable-related-posts":"","theme-transparent-header-meta":"default","adv-header-id-meta":"","stick-header-meta":"","header-above-stick-meta":"","header-main-stick-meta":"","header-below-stick-meta":"","astra-migrate-meta-layouts":"set","ast-page-background-enabled":"default","ast-page-background-meta":{"desktop":{"background-color":"var(--ast-global-color-4)","background-image":"","background-repeat":"repeat","background-position":"center center","background-size":"auto","background-attachment":"scroll","background-type":"","background-media":"","overlay-type":"","overlay-color":"","overlay-opacity":"","overlay-gradient":""},"tablet":{"background-color":"","background-image":"","background-repeat":"repeat","background-position":"center center","background-size":"auto","background-attachment":"scroll","background-type":"","background-media":"","overlay-type":"","overlay-color":"","overlay-opacity":"","overlay-gradient":""},"mobile":{"background-color":"","background-image":"","background-repeat":"repeat","background-position":"center center","background-size":"auto","background-attachment":"scroll","background-type":"","background-media":"","overlay-type":"","overlay-color":"","overlay-opacity":"","overlay-gradient":""}},"ast-content-background-meta":{"desktop":{"background-color":"var(--ast-global-color-5)","background-image":"","background-repeat":"repeat","background-position":"center center","background-size":"auto","background-attachment":"scroll","background-type":"","background-media":"","overlay-type":"","overlay-color":"","overlay-opacity":"","overlay-gradient":""},"tablet":{"background-color":"var(--ast-global-color-5)","background-image":"","background-repeat":"repeat","background-position":"center center","background-size":"auto","background-attachment":"scroll","background-type":"","background-media":"","overlay-type":"","overlay-color":"","overlay-opacity":"","overlay-gradient":""},"mobile":{"background-color":"var(--ast-global-color-5)","background-image":"","background-repeat":"repeat","background-position":"center center","background-size":"auto","background-attachment":"scroll","background-type":"","background-media":"","overlay-type":"","overlay-color":"","overlay-opacity":"","overlay-gradient":""}}},"product_brand":[],"product_cat":[96,76,97],"product_tag":[],"class_list":{"0":"post-1345","1":"product","2":"type-product","3":"status-publish","4":"has-post-thumbnail","6":"product_cat-brands","7":"product_cat-kianty-viniferin","8":"product_cat-naole","9":"desktop-align-left","10":"tablet-align-left","11":"mobile-align-left","13":"first","14":"instock","15":"taxable","16":"shipping-taxable","17":"product-type-simple","18":"add-to-wishlist-before_image"},"uagb_featured_image_src":{"full":["https:\/\/kosmeetika24.com\/wp-content\/uploads\/2023\/10\/2288.jpg",600,600,false],"thumbnail":["https:\/\/kosmeetika24.com\/wp-content\/uploads\/2023\/10\/2288-150x150.jpg",150,150,true],"medium":["https:\/\/kosmeetika24.com\/wp-content\/uploads\/2023\/10\/2288-300x300.jpg",300,300,true],"medium_large":["https:\/\/kosmeetika24.com\/wp-content\/uploads\/2023\/10\/2288.jpg",600,600,false],"large":["https:\/\/kosmeetika24.com\/wp-content\/uploads\/2023\/10\/2288.jpg",600,600,false],"1536x1536":["https:\/\/kosmeetika24.com\/wp-content\/uploads\/2023\/10\/2288.jpg",600,600,false],"2048x2048":["https:\/\/kosmeetika24.com\/wp-content\/uploads\/2023\/10\/2288.jpg",600,600,false],"trp-custom-language-flag":["https:\/\/kosmeetika24.com\/wp-content\/uploads\/2023\/10\/2288-12x12.jpg",12,12,true],"woocommerce_thumbnail":["https:\/\/kosmeetika24.com\/wp-content\/uploads\/2023\/10\/2288-300x300.jpg",300,300,true],"woocommerce_single":["https:\/\/kosmeetika24.com\/wp-content\/uploads\/2023\/10\/2288-500x500.jpg",500,500,true],"woocommerce_gallery_thumbnail":["https:\/\/kosmeetika24.com\/wp-content\/uploads\/2023\/10\/2288-100x100.jpg",100,100,true]},"uagb_author_info":{"display_name":"admin","author_link":"https:\/\/kosmeetika24.com\/fi\/author\/"},"uagb_comment_info":0,"uagb_excerpt":"Vananemisvastane silmade- ja huule\u00fcmbruse intensiivne hooldus.\u00a0Aitab minimeerida kortse, tumedaid silmaaluseid ja silmade paistetust. &nbsp; Komplekt on m\u00f5eldud professionaalseks kasutamiseks 6 protseduuril. seerum Eyes &amp; Lips Serum 6 x 3ml mask Eyes &amp; Lips Mask 6 x 10g kreem Eyes &amp; Lips Cream 6 x\u00a0 3ml &nbsp;","_links":{"self":[{"href":"https:\/\/kosmeetika24.com\/fi\/wp-json\/wp\/v2\/product\/1345","targetHints":{"allow":["GET"]}}],"collection":[{"href":"https:\/\/kosmeetika24.com\/fi\/wp-json\/wp\/v2\/product"}],"about":[{"href":"https:\/\/kosmeetika24.com\/fi\/wp-json\/wp\/v2\/types\/product"}],"replies":[{"embeddable":true,"href":"https:\/\/kosmeetika24.com\/fi\/wp-json\/wp\/v2\/comments?post=1345"}],"version-history":[{"count":1,"href":"https:\/\/kosmeetika24.com\/fi\/wp-json\/wp\/v2\/product\/1345\/revisions"}],"predecessor-version":[{"id":4662,"href":"https:\/\/kosmeetika24.com\/fi\/wp-json\/wp\/v2\/product\/1345\/revisions\/4662"}],"wp:featuredmedia":[{"embeddable":true,"href":"https:\/\/kosmeetika24.com\/fi\/wp-json\/wp\/v2\/media\/1407"}],"wp:attachment":[{"href":"https:\/\/kosmeetika24.com\/fi\/wp-json\/wp\/v2\/media?parent=1345"}],"wp:term":[{"taxonomy":"product_brand","embeddable":true,"href":"https:\/\/kosmeetika24.com\/fi\/wp-json\/wp\/v2\/product_brand?post=1345"},{"taxonomy":"product_cat","embeddable":true,"href":"https:\/\/kosmeetika24.com\/fi\/wp-json\/wp\/v2\/product_cat?post=1345"},{"taxonomy":"product_tag","embeddable":true,"href":"https:\/\/kosmeetika24.com\/fi\/wp-json\/wp\/v2\/product_tag?post=1345"}],"curies":[{"name":"wp","href":"https:\/\/api.w.org\/{rel}","templated":true}]}}