{"id":1342,"date":"2024-01-04T14:05:30","date_gmt":"2024-01-04T14:05:30","guid":{"rendered":"https:\/\/kosmeetika24.com\/?post_type=product&#038;p=1342"},"modified":"2025-09-16T10:57:35","modified_gmt":"2025-09-16T07:57:35","slug":"bruno-vassari-kianty-orn-koorimisgeel","status":"publish","type":"product","link":"https:\/\/kosmeetika24.com\/fi\/tuote\/bruno-vassari-kianty-orn-koorimisgeel\/","title":{"rendered":"BRUNO VASSARI Kianty Hell\u00e4varainen kuorintageeli"},"content":{"rendered":"<p>\u00d5rn koorimisgeel<em> Frappe\u00b4di Vite<\/em> looduslike abrasiivsete osakeste ja viinamarjaekstraktiga.<\/p>\n<p>Eemaldab surnud rakud, soodustab rakkude uuenemist ning annab nahale s\u00e4ra.<\/p>\n<p>Sisaldab viinamarja pol\u00fcfenoole, millel on antioks\u00fcdantsed omadused.<\/p>\n<p>Sopii kaikille ihotyypeille, jopa herk\u00e4lle iholle.<\/p>\n<p><strong>VAIKUTTAVAT AINEET<\/strong><\/p>\n<ul>\n<li>Vihre\u00e4n teen uutehdas<\/li>\n<li>Allantoiini<\/li>\n<li>Glycyrrhitsiinihappo<\/li>\n<li>Viiniryp\u00e4leuute<\/li>\n<\/ul>\n<p><strong>Vaikutus<\/strong><\/p>\n<ul>\n<li>Vihre\u00e4n teen uuteella on antioksidanttisia ominaisuuksia ja se suojaa ihoa vapailta radikaaleilta.<\/li>\n<li>Allantoiini stimuloi solujen uudistumisprosessia ja sill\u00e4 on rauhoittava vaikutus.<\/li>\n<li>Glycyrrhitsiinihappo saadaan lakritsasta. Sill\u00e4 on tulehdusta est\u00e4vi\u00e4 ja rauhoittavia ominaisuuksia.<\/li>\n<li>Viiniryp\u00e4leuute sis\u00e4lt\u00e4\u00e4 korkean polyfenolipitoisuuden, vaikuttaen ik\u00e4\u00e4ntymist\u00e4 est\u00e4v\u00e4sti, antioksidanttisesti, kiinteytt\u00e4v\u00e4sti ja tonisoivasti.<\/li>\n<\/ul>\n<p><strong>Ainesosat<\/strong><\/p>\n<p>AQUA ( WATER), BUTYLENE GLYOL, GLYCERIN, PROPYLENE GLYCOL, SORBITOL, MICROCRYSTALLINE CELLULOSE, CELLULOSE, PEG-7 GLYCERYL COCOATE, CAMELLIA SINENSIS LEAF EXTRACT, VITIS VINIFERA (GRAPE) SEED EXTRACT, ALLANTOIN, GLYCYRRHETINIC ACID, LACTIC ACID, TRIETHANOLAMINE, CARBOMER, PHENOXYETHANOL, IMIDAZOLIDINYL UREA, DISODIUM EDTA, SODIUM BENZOATE, POTASSIUM SORBATE, METHYLPROPANEDIOL, HEXYL CINNAMAL, SODIUM CHLORIDE, SODIUM SULFATE, METHYLPARABEN, ETHYLPARABEN, BUTYLPARABEN, PROPYLPARABEN, PARFUM ( FRAGRANCE), CAPRYLYL GLYCOL, PHENYLPROPANOL, C.I. 42090 (FD&C BLUE NO.1), C.I. (FD&C RED NO. 33).<\/p>","protected":false},"excerpt":{"rendered":"<p>Ammattilaisk\u00e4ytt\u00f6\u00f6n tarkoitettu kuorinta-aine, jossa on luonnollisia abrasiivisia hiukkasia ja viiniryp\u00e4leiden uutetta, jolla on ik\u00e4\u00e4ntymist\u00e4 est\u00e4v\u00e4 vaikutus.<\/p>\n<p>&nbsp;<\/p>\n<p>200 ml<\/p>","protected":false},"featured_media":1397,"comment_status":"open","ping_status":"closed","template":"","meta":{"_uag_custom_page_level_css":"","site-sidebar-layout":"default","site-content-layout":"","ast-site-content-layout":"default","site-content-style":"default","site-sidebar-style":"default","ast-global-header-display":"","ast-banner-title-visibility":"","ast-main-header-display":"","ast-hfb-above-header-display":"","ast-hfb-below-header-display":"","ast-hfb-mobile-header-display":"","site-post-title":"","ast-breadcrumbs-content":"","ast-featured-img":"","footer-sml-layout":"","ast-disable-related-posts":"","theme-transparent-header-meta":"default","adv-header-id-meta":"","stick-header-meta":"","header-above-stick-meta":"","header-main-stick-meta":"","header-below-stick-meta":"","astra-migrate-meta-layouts":"set","ast-page-background-enabled":"default","ast-page-background-meta":{"desktop":{"background-color":"var(--ast-global-color-4)","background-image":"","background-repeat":"repeat","background-position":"center center","background-size":"auto","background-attachment":"scroll","background-type":"","background-media":"","overlay-type":"","overlay-color":"","overlay-opacity":"","overlay-gradient":""},"tablet":{"background-color":"","background-image":"","background-repeat":"repeat","background-position":"center center","background-size":"auto","background-attachment":"scroll","background-type":"","background-media":"","overlay-type":"","overlay-color":"","overlay-opacity":"","overlay-gradient":""},"mobile":{"background-color":"","background-image":"","background-repeat":"repeat","background-position":"center center","background-size":"auto","background-attachment":"scroll","background-type":"","background-media":"","overlay-type":"","overlay-color":"","overlay-opacity":"","overlay-gradient":""}},"ast-content-background-meta":{"desktop":{"background-color":"var(--ast-global-color-5)","background-image":"","background-repeat":"repeat","background-position":"center center","background-size":"auto","background-attachment":"scroll","background-type":"","background-media":"","overlay-type":"","overlay-color":"","overlay-opacity":"","overlay-gradient":""},"tablet":{"background-color":"var(--ast-global-color-5)","background-image":"","background-repeat":"repeat","background-position":"center center","background-size":"auto","background-attachment":"scroll","background-type":"","background-media":"","overlay-type":"","overlay-color":"","overlay-opacity":"","overlay-gradient":""},"mobile":{"background-color":"var(--ast-global-color-5)","background-image":"","background-repeat":"repeat","background-position":"center center","background-size":"auto","background-attachment":"scroll","background-type":"","background-media":"","overlay-type":"","overlay-color":"","overlay-opacity":"","overlay-gradient":""}}},"product_brand":[],"product_cat":[96,58,97],"product_tag":[],"class_list":{"0":"post-1342","1":"product","2":"type-product","3":"status-publish","4":"has-post-thumbnail","6":"product_cat-brands","7":"product_cat-kianty","8":"product_cat-naole","9":"desktop-align-left","10":"tablet-align-left","11":"mobile-align-left","13":"first","14":"instock","15":"taxable","16":"shipping-taxable","17":"product-type-simple","18":"add-to-wishlist-before_image"},"uagb_featured_image_src":{"full":["https:\/\/kosmeetika24.com\/wp-content\/uploads\/2023\/10\/2264.jpg",600,600,false],"thumbnail":["https:\/\/kosmeetika24.com\/wp-content\/uploads\/2023\/10\/2264-150x150.jpg",150,150,true],"medium":["https:\/\/kosmeetika24.com\/wp-content\/uploads\/2023\/10\/2264-300x300.jpg",300,300,true],"medium_large":["https:\/\/kosmeetika24.com\/wp-content\/uploads\/2023\/10\/2264.jpg",600,600,false],"large":["https:\/\/kosmeetika24.com\/wp-content\/uploads\/2023\/10\/2264.jpg",600,600,false],"1536x1536":["https:\/\/kosmeetika24.com\/wp-content\/uploads\/2023\/10\/2264.jpg",600,600,false],"2048x2048":["https:\/\/kosmeetika24.com\/wp-content\/uploads\/2023\/10\/2264.jpg",600,600,false],"trp-custom-language-flag":["https:\/\/kosmeetika24.com\/wp-content\/uploads\/2023\/10\/2264-12x12.jpg",12,12,true],"woocommerce_thumbnail":["https:\/\/kosmeetika24.com\/wp-content\/uploads\/2023\/10\/2264-300x300.jpg",300,300,true],"woocommerce_single":["https:\/\/kosmeetika24.com\/wp-content\/uploads\/2023\/10\/2264-500x500.jpg",500,500,true],"woocommerce_gallery_thumbnail":["https:\/\/kosmeetika24.com\/wp-content\/uploads\/2023\/10\/2264-100x100.jpg",100,100,true]},"uagb_author_info":{"display_name":"admin","author_link":"https:\/\/kosmeetika24.com\/fi\/author\/"},"uagb_comment_info":0,"uagb_excerpt":"Professionaalseks kasutamiseks m\u00f5eldud looduslike abrasiivsete osakeste ja viinamarjaekstraktiga koorija, millel on vananemisvastane toime. &nbsp; 200 ml","_links":{"self":[{"href":"https:\/\/kosmeetika24.com\/fi\/wp-json\/wp\/v2\/product\/1342","targetHints":{"allow":["GET"]}}],"collection":[{"href":"https:\/\/kosmeetika24.com\/fi\/wp-json\/wp\/v2\/product"}],"about":[{"href":"https:\/\/kosmeetika24.com\/fi\/wp-json\/wp\/v2\/types\/product"}],"replies":[{"embeddable":true,"href":"https:\/\/kosmeetika24.com\/fi\/wp-json\/wp\/v2\/comments?post=1342"}],"version-history":[{"count":4,"href":"https:\/\/kosmeetika24.com\/fi\/wp-json\/wp\/v2\/product\/1342\/revisions"}],"predecessor-version":[{"id":7054,"href":"https:\/\/kosmeetika24.com\/fi\/wp-json\/wp\/v2\/product\/1342\/revisions\/7054"}],"wp:featuredmedia":[{"embeddable":true,"href":"https:\/\/kosmeetika24.com\/fi\/wp-json\/wp\/v2\/media\/1397"}],"wp:attachment":[{"href":"https:\/\/kosmeetika24.com\/fi\/wp-json\/wp\/v2\/media?parent=1342"}],"wp:term":[{"taxonomy":"product_brand","embeddable":true,"href":"https:\/\/kosmeetika24.com\/fi\/wp-json\/wp\/v2\/product_brand?post=1342"},{"taxonomy":"product_cat","embeddable":true,"href":"https:\/\/kosmeetika24.com\/fi\/wp-json\/wp\/v2\/product_cat?post=1342"},{"taxonomy":"product_tag","embeddable":true,"href":"https:\/\/kosmeetika24.com\/fi\/wp-json\/wp\/v2\/product_tag?post=1342"}],"curies":[{"name":"wp","href":"https:\/\/api.w.org\/{rel}","templated":true}]}}