{"id":1340,"date":"2024-01-04T10:51:37","date_gmt":"2024-01-04T10:51:37","guid":{"rendered":"https:\/\/kosmeetika24.com\/?post_type=product&#038;p=1340"},"modified":"2025-07-02T13:32:22","modified_gmt":"2025-07-02T10:32:22","slug":"bruno-vassari-pure-solutions-hooldus-rasusele-nahale","status":"publish","type":"product","link":"https:\/\/kosmeetika24.com\/fi\/tuote\/bruno-vassari-pure-solutions-hooldus-rasusele-nahale\/","title":{"rendered":"BRUNO VASSARI Pure Solutions hoito rasvoittuvalle iholle."},"content":{"rendered":"<p class=\"translation-block\">Ammattilaisk\u00e4ytt\u00f6\u00f6n tarkoitettu <em>Oily Control Treatment<\/em> hoito s\u00e4\u00e4telee talin tuotantoa, poistaa ylim\u00e4\u00e4r\u00e4isen rasvan ja sill\u00e4 on tulehdusta est\u00e4v\u00e4 ja kosteuttava vaikutus. Se palauttaa ihon luonnollisen pH-tason.<\/p>\n<p>Sopii sekaiholle, rasvaiselle ja ongelmalliselle iholle.<\/p>\n<p><strong>VAIKUTTAVAT AINEET<\/strong><\/p>\n<ul>\n<li>Koorija \u201cPeel with AHA+BHA+PO\u201d: gl\u00fckoolhape, salits\u00fc\u00fclhape, piroktoonolamiin, iiriseekstrakt.<\/li>\n<li>Aktiivne kontsentraat \u201cOily Control Concentrate\u201d: B3-vitamiin (niatsiinamiid), salits\u00fc\u00fclhape, arginiin, tsinksulfaat.<\/li>\n<li>Alginaatmask \u201cOily Control Mask\u201d: teepuu\u00f5li, mentool, meresool, pajulehed.<\/li>\n<li>Emulsioon \u201cBalance Fluid\u201d: iiriseekstrakt, tsingisool, A-vitamiin, salits\u00fc\u00fclhape ja matistavad ained.<\/li>\n<\/ul>\n<p><strong>Vaikutus<\/strong><\/p>\n<ul>\n<li>Kuorinta parantaa ihon ulkon\u00e4k\u00f6\u00e4 ja poistaa l\u00e4iski\u00e4 sek\u00e4 komedooneja, kuorien samalla hell\u00e4varaisesti ihoa.<\/li>\n<li>Aktiivinen kontsentraatti tasapainottaa talirauhasten toimintaa.<\/li>\n<li class=\"translation-block\">Alginaattinaamio sis\u00e4lt\u00e4\u00e4 teepuu\u00f6ljy\u00e4, joka tarjoaa antibakteerisen vaikutuksen, sek\u00e4 pajunlehti\u00e4, jotka sis\u00e4lt\u00e4v\u00e4t kuorivia ominaisuuksia omaavaa salisyylihappoa.<\/li>\n<li>Emulsio on antiseptisi\u00e4 ominaisuuksia, auttaa v\u00e4hent\u00e4m\u00e4\u00e4n tulehdusta, kosteuttaa, normalisoi ihon pH-tasapainoa ja sill\u00e4 on mattapintainen vaikutus.<\/li>\n<\/ul>","protected":false},"excerpt":{"rendered":"<p>Hoito s\u00e4\u00e4telee talin tuotantoa, poistaa ylim\u00e4\u00e4r\u00e4isen rasvan ja sill\u00e4 on tulehdusta est\u00e4v\u00e4 ja kosteuttava vaikutus.<\/p>\n<p>&nbsp;<\/p>\n<p>Kompleksi on suunniteltu ammattilaisk\u00e4ytt\u00f6\u00f6n kuuden hoidon ajan.<\/p>\n<ul>\n<li><span style=\"font-size: 14px;\">Kuorinta-aine Peel with AHA+BHA+PO 30ml<\/span><\/li>\n<li><span style=\"font-size: 14px;\">Aktiivinen kontsentraatti Oily Control Concentrate 6 x 3ml<\/span><\/li>\n<li><span style=\"font-size: 14px;\">Alginaattinaamio Oily Control Mask 6 x 30g<\/span><\/li>\n<li><span style=\"font-size: 14px;\">Emulsio Balance Fluid 20ml<\/span><\/li>\n<\/ul>\n<p>&nbsp;<\/p>","protected":false},"featured_media":1408,"comment_status":"open","ping_status":"closed","template":"","meta":{"_uag_custom_page_level_css":"","site-sidebar-layout":"default","site-content-layout":"","ast-site-content-layout":"default","site-content-style":"default","site-sidebar-style":"default","ast-global-header-display":"","ast-banner-title-visibility":"","ast-main-header-display":"","ast-hfb-above-header-display":"","ast-hfb-below-header-display":"","ast-hfb-mobile-header-display":"","site-post-title":"","ast-breadcrumbs-content":"","ast-featured-img":"","footer-sml-layout":"","ast-disable-related-posts":"","theme-transparent-header-meta":"default","adv-header-id-meta":"","stick-header-meta":"","header-above-stick-meta":"","header-main-stick-meta":"","header-below-stick-meta":"","astra-migrate-meta-layouts":"set","ast-page-background-enabled":"default","ast-page-background-meta":{"desktop":{"background-color":"var(--ast-global-color-4)","background-image":"","background-repeat":"repeat","background-position":"center center","background-size":"auto","background-attachment":"scroll","background-type":"","background-media":"","overlay-type":"","overlay-color":"","overlay-opacity":"","overlay-gradient":""},"tablet":{"background-color":"","background-image":"","background-repeat":"repeat","background-position":"center center","background-size":"auto","background-attachment":"scroll","background-type":"","background-media":"","overlay-type":"","overlay-color":"","overlay-opacity":"","overlay-gradient":""},"mobile":{"background-color":"","background-image":"","background-repeat":"repeat","background-position":"center center","background-size":"auto","background-attachment":"scroll","background-type":"","background-media":"","overlay-type":"","overlay-color":"","overlay-opacity":"","overlay-gradient":""}},"ast-content-background-meta":{"desktop":{"background-color":"var(--ast-global-color-5)","background-image":"","background-repeat":"repeat","background-position":"center center","background-size":"auto","background-attachment":"scroll","background-type":"","background-media":"","overlay-type":"","overlay-color":"","overlay-opacity":"","overlay-gradient":""},"tablet":{"background-color":"var(--ast-global-color-5)","background-image":"","background-repeat":"repeat","background-position":"center center","background-size":"auto","background-attachment":"scroll","background-type":"","background-media":"","overlay-type":"","overlay-color":"","overlay-opacity":"","overlay-gradient":""},"mobile":{"background-color":"var(--ast-global-color-5)","background-image":"","background-repeat":"repeat","background-position":"center center","background-size":"auto","background-attachment":"scroll","background-type":"","background-media":"","overlay-type":"","overlay-color":"","overlay-opacity":"","overlay-gradient":""}}},"product_brand":[],"product_cat":[96,97,22],"product_tag":[],"class_list":{"0":"post-1340","1":"product","2":"type-product","3":"status-publish","4":"has-post-thumbnail","6":"product_cat-brands","7":"product_cat-naole","8":"product_cat-pure-solutions","9":"desktop-align-left","10":"tablet-align-left","11":"mobile-align-left","13":"first","14":"instock","15":"taxable","16":"shipping-taxable","17":"product-type-simple","18":"add-to-wishlist-before_image"},"uagb_featured_image_src":{"full":["https:\/\/kosmeetika24.com\/wp-content\/uploads\/2023\/10\/2283-Oily-Control-Treatment.jpg",600,600,false],"thumbnail":["https:\/\/kosmeetika24.com\/wp-content\/uploads\/2023\/10\/2283-Oily-Control-Treatment-150x150.jpg",150,150,true],"medium":["https:\/\/kosmeetika24.com\/wp-content\/uploads\/2023\/10\/2283-Oily-Control-Treatment-300x300.jpg",300,300,true],"medium_large":["https:\/\/kosmeetika24.com\/wp-content\/uploads\/2023\/10\/2283-Oily-Control-Treatment.jpg",600,600,false],"large":["https:\/\/kosmeetika24.com\/wp-content\/uploads\/2023\/10\/2283-Oily-Control-Treatment.jpg",600,600,false],"1536x1536":["https:\/\/kosmeetika24.com\/wp-content\/uploads\/2023\/10\/2283-Oily-Control-Treatment.jpg",600,600,false],"2048x2048":["https:\/\/kosmeetika24.com\/wp-content\/uploads\/2023\/10\/2283-Oily-Control-Treatment.jpg",600,600,false],"trp-custom-language-flag":["https:\/\/kosmeetika24.com\/wp-content\/uploads\/2023\/10\/2283-Oily-Control-Treatment-12x12.jpg",12,12,true],"woocommerce_thumbnail":["https:\/\/kosmeetika24.com\/wp-content\/uploads\/2023\/10\/2283-Oily-Control-Treatment-300x300.jpg",300,300,true],"woocommerce_single":["https:\/\/kosmeetika24.com\/wp-content\/uploads\/2023\/10\/2283-Oily-Control-Treatment-500x500.jpg",500,500,true],"woocommerce_gallery_thumbnail":["https:\/\/kosmeetika24.com\/wp-content\/uploads\/2023\/10\/2283-Oily-Control-Treatment-100x100.jpg",100,100,true]},"uagb_author_info":{"display_name":"admin","author_link":"https:\/\/kosmeetika24.com\/fi\/author\/"},"uagb_comment_info":0,"uagb_excerpt":"Hooldus reguleerib rasueritust, eemaldab liigse rasu, omab p\u00f5letikuvastast ja niisutavat toimet. &nbsp; Komplekt on m\u00f5eldud professionaalseks kasutamiseks 6 protseduuril. koorija Peel with AHA+BHA+PO 30ml aktiivne kontsentraat Oily Control Concentrate 6 x 3ml alginaatmask Oily Control Mask 6 x 30g emulsioon Balance Fluid 20ml &nbsp;","_links":{"self":[{"href":"https:\/\/kosmeetika24.com\/fi\/wp-json\/wp\/v2\/product\/1340","targetHints":{"allow":["GET"]}}],"collection":[{"href":"https:\/\/kosmeetika24.com\/fi\/wp-json\/wp\/v2\/product"}],"about":[{"href":"https:\/\/kosmeetika24.com\/fi\/wp-json\/wp\/v2\/types\/product"}],"replies":[{"embeddable":true,"href":"https:\/\/kosmeetika24.com\/fi\/wp-json\/wp\/v2\/comments?post=1340"}],"version-history":[{"count":1,"href":"https:\/\/kosmeetika24.com\/fi\/wp-json\/wp\/v2\/product\/1340\/revisions"}],"predecessor-version":[{"id":4695,"href":"https:\/\/kosmeetika24.com\/fi\/wp-json\/wp\/v2\/product\/1340\/revisions\/4695"}],"wp:featuredmedia":[{"embeddable":true,"href":"https:\/\/kosmeetika24.com\/fi\/wp-json\/wp\/v2\/media\/1408"}],"wp:attachment":[{"href":"https:\/\/kosmeetika24.com\/fi\/wp-json\/wp\/v2\/media?parent=1340"}],"wp:term":[{"taxonomy":"product_brand","embeddable":true,"href":"https:\/\/kosmeetika24.com\/fi\/wp-json\/wp\/v2\/product_brand?post=1340"},{"taxonomy":"product_cat","embeddable":true,"href":"https:\/\/kosmeetika24.com\/fi\/wp-json\/wp\/v2\/product_cat?post=1340"},{"taxonomy":"product_tag","embeddable":true,"href":"https:\/\/kosmeetika24.com\/fi\/wp-json\/wp\/v2\/product_tag?post=1340"}],"curies":[{"name":"wp","href":"https:\/\/api.w.org\/{rel}","templated":true}]}}