{"id":1336,"date":"2024-01-04T10:09:26","date_gmt":"2024-01-04T10:09:26","guid":{"rendered":"https:\/\/kosmeetika24.com\/?post_type=product&#038;p=1336"},"modified":"2025-07-02T13:22:24","modified_gmt":"2025-07-02T10:22:24","slug":"bruno-vassari-skin-comfort-intensiivne-parandav-kreem-2","status":"publish","type":"product","link":"https:\/\/kosmeetika24.com\/fi\/tuote\/bruno-vassari-skin-comfort-intensiivne-parandav-kreem-2\/","title":{"rendered":"BRUNO VASSARI Skin Comfort intensiivinen korjaava voide"},"content":{"rendered":"<p>Ihon rakennetta parantava voide<em> Skin Restore Plus<\/em> v\u00e4hent\u00e4\u00e4 mahdollisia reaktioita \u00e4rsytykseen ja auttaa palauttamaan ihon hydrolipidikerroksen. Voide rauhoittaa, kosteuttaa ja ravitsee ihoa.<\/p>\n<p>Sopii kaikille ihotyypeille, erityisesti stressaantuneelle iholle.<\/p>\n<p><strong>VAIKUTTAVAT AINEET<\/strong><\/p>\n<ul>\n<li>\u201eSkincalmin\u201c<\/li>\n<li>SLM (ihon lipidimatriisi)<\/li>\n<li>Skvalaani<\/li>\n<li>E-vitamiini<\/li>\n<li>Jojoba\u00f6ljy<\/li>\n<li>Sheavoi<\/li>\n<\/ul>\n<p><strong>Vaikutus<\/strong><\/p>\n<p>Tuotteen koostumus j\u00e4ljittelee ihon suojaavaa toimintaa ja lipidien yhteenliittymist\u00e4. Se palauttaa ihon optimaalisen kosteustason, ravitsee ihoa ja palauttaa sen luonnollisen suojabarri\u00e4\u00e4rin.<\/p>\n<ul>\n<li>Skvalaani tukee ihon suojaavaa toimintaa ja j\u00e4tt\u00e4\u00e4 ihon pehme\u00e4ksi ja silkinpehme\u00e4ksi.<\/li>\n<li>E-vitamiini toimii antioksidanttina, stimuloi ihon hengityst\u00e4 ja vahvistaa ihosolujen kalvoja.<\/li>\n<li>Jojoba\u00f6ljy suojaa ihoa haihtumiselta ja myrkyllisilt\u00e4 aineilta.<\/li>\n<li>Sheavoi silottaa ja s\u00e4ilytt\u00e4\u00e4 ihon kosteuden.<\/li>\n<\/ul>\n<p><strong>Ainesosat<\/strong><\/p>\n<p>AQUA (WATER), CAPRYLIC\/ CAPRIC TRIGLYCERIDE, GLYCERIN, PENTYLENE GLYCOL, SIMMONDSIA, CHINENSIS (JOJOBA) SEED OIL, CETEARYL ALCOHOL, HYDROGENATED PHOSPHATIDYLCLORINE, SQUALANE, BUTYROSPERMUM PARKII ( SHEA) BUTTER, HYDROXYPHENYL PROPAMIDOBENZOIC ACID, CERAMIDE NP, ASCORBYL PALMITATE, CHLORPHEESIN, TOCOPHERYL ACETATE, PHENOXYETHANOL, BUTYLENE GLYCOL, CARBOMER, HYDROXYETHYLCELLULOSE, XANTHAN GUM, SODIUM HYDROXIDE, PARFUM ( FRAGRANCE).<\/p>","protected":false},"excerpt":{"rendered":"<p>Ammattilaisk\u00e4ytt\u00f6\u00f6n tarkoitettu voide sopii herk\u00e4n ja vaurioituneen ihon palauttamiseen.<\/p>\n<p>&nbsp;<\/p>\n<p>200 ml<\/p>","protected":false},"featured_media":1405,"comment_status":"open","ping_status":"closed","template":"","meta":{"_uag_custom_page_level_css":"","site-sidebar-layout":"default","site-content-layout":"","ast-site-content-layout":"default","site-content-style":"default","site-sidebar-style":"default","ast-global-header-display":"","ast-banner-title-visibility":"","ast-main-header-display":"","ast-hfb-above-header-display":"","ast-hfb-below-header-display":"","ast-hfb-mobile-header-display":"","site-post-title":"","ast-breadcrumbs-content":"","ast-featured-img":"","footer-sml-layout":"","ast-disable-related-posts":"","theme-transparent-header-meta":"default","adv-header-id-meta":"","stick-header-meta":"","header-above-stick-meta":"","header-main-stick-meta":"","header-below-stick-meta":"","astra-migrate-meta-layouts":"set","ast-page-background-enabled":"default","ast-page-background-meta":{"desktop":{"background-color":"var(--ast-global-color-4)","background-image":"","background-repeat":"repeat","background-position":"center center","background-size":"auto","background-attachment":"scroll","background-type":"","background-media":"","overlay-type":"","overlay-color":"","overlay-opacity":"","overlay-gradient":""},"tablet":{"background-color":"","background-image":"","background-repeat":"repeat","background-position":"center center","background-size":"auto","background-attachment":"scroll","background-type":"","background-media":"","overlay-type":"","overlay-color":"","overlay-opacity":"","overlay-gradient":""},"mobile":{"background-color":"","background-image":"","background-repeat":"repeat","background-position":"center center","background-size":"auto","background-attachment":"scroll","background-type":"","background-media":"","overlay-type":"","overlay-color":"","overlay-opacity":"","overlay-gradient":""}},"ast-content-background-meta":{"desktop":{"background-color":"var(--ast-global-color-5)","background-image":"","background-repeat":"repeat","background-position":"center center","background-size":"auto","background-attachment":"scroll","background-type":"","background-media":"","overlay-type":"","overlay-color":"","overlay-opacity":"","overlay-gradient":""},"tablet":{"background-color":"var(--ast-global-color-5)","background-image":"","background-repeat":"repeat","background-position":"center center","background-size":"auto","background-attachment":"scroll","background-type":"","background-media":"","overlay-type":"","overlay-color":"","overlay-opacity":"","overlay-gradient":""},"mobile":{"background-color":"var(--ast-global-color-5)","background-image":"","background-repeat":"repeat","background-position":"center center","background-size":"auto","background-attachment":"scroll","background-type":"","background-media":"","overlay-type":"","overlay-color":"","overlay-opacity":"","overlay-gradient":""}}},"product_brand":[],"product_cat":[96,97,77],"product_tag":[],"class_list":{"0":"post-1336","1":"product","2":"type-product","3":"status-publish","4":"has-post-thumbnail","6":"product_cat-brands","7":"product_cat-naole","8":"product_cat-skin-comfort","9":"desktop-align-left","10":"tablet-align-left","11":"mobile-align-left","13":"first","14":"instock","15":"taxable","16":"shipping-taxable","17":"product-type-simple","18":"add-to-wishlist-before_image"},"uagb_featured_image_src":{"full":["https:\/\/kosmeetika24.com\/wp-content\/uploads\/2023\/10\/2306-Skin-Restore-Plus-1.jpg",600,600,false],"thumbnail":["https:\/\/kosmeetika24.com\/wp-content\/uploads\/2023\/10\/2306-Skin-Restore-Plus-1-150x150.jpg",150,150,true],"medium":["https:\/\/kosmeetika24.com\/wp-content\/uploads\/2023\/10\/2306-Skin-Restore-Plus-1-300x300.jpg",300,300,true],"medium_large":["https:\/\/kosmeetika24.com\/wp-content\/uploads\/2023\/10\/2306-Skin-Restore-Plus-1.jpg",600,600,false],"large":["https:\/\/kosmeetika24.com\/wp-content\/uploads\/2023\/10\/2306-Skin-Restore-Plus-1.jpg",600,600,false],"1536x1536":["https:\/\/kosmeetika24.com\/wp-content\/uploads\/2023\/10\/2306-Skin-Restore-Plus-1.jpg",600,600,false],"2048x2048":["https:\/\/kosmeetika24.com\/wp-content\/uploads\/2023\/10\/2306-Skin-Restore-Plus-1.jpg",600,600,false],"trp-custom-language-flag":["https:\/\/kosmeetika24.com\/wp-content\/uploads\/2023\/10\/2306-Skin-Restore-Plus-1-12x12.jpg",12,12,true],"woocommerce_thumbnail":["https:\/\/kosmeetika24.com\/wp-content\/uploads\/2023\/10\/2306-Skin-Restore-Plus-1-300x300.jpg",300,300,true],"woocommerce_single":["https:\/\/kosmeetika24.com\/wp-content\/uploads\/2023\/10\/2306-Skin-Restore-Plus-1-500x500.jpg",500,500,true],"woocommerce_gallery_thumbnail":["https:\/\/kosmeetika24.com\/wp-content\/uploads\/2023\/10\/2306-Skin-Restore-Plus-1-100x100.jpg",100,100,true]},"uagb_author_info":{"display_name":"admin","author_link":"https:\/\/kosmeetika24.com\/fi\/author\/"},"uagb_comment_info":0,"uagb_excerpt":"Professionaalseks kasutamiseks m\u00f5eldud kreem sobib tundliku ja kahjustunud naha taastamiseks. &nbsp; 200 ml","_links":{"self":[{"href":"https:\/\/kosmeetika24.com\/fi\/wp-json\/wp\/v2\/product\/1336","targetHints":{"allow":["GET"]}}],"collection":[{"href":"https:\/\/kosmeetika24.com\/fi\/wp-json\/wp\/v2\/product"}],"about":[{"href":"https:\/\/kosmeetika24.com\/fi\/wp-json\/wp\/v2\/types\/product"}],"replies":[{"embeddable":true,"href":"https:\/\/kosmeetika24.com\/fi\/wp-json\/wp\/v2\/comments?post=1336"}],"version-history":[{"count":3,"href":"https:\/\/kosmeetika24.com\/fi\/wp-json\/wp\/v2\/product\/1336\/revisions"}],"predecessor-version":[{"id":6776,"href":"https:\/\/kosmeetika24.com\/fi\/wp-json\/wp\/v2\/product\/1336\/revisions\/6776"}],"wp:featuredmedia":[{"embeddable":true,"href":"https:\/\/kosmeetika24.com\/fi\/wp-json\/wp\/v2\/media\/1405"}],"wp:attachment":[{"href":"https:\/\/kosmeetika24.com\/fi\/wp-json\/wp\/v2\/media?parent=1336"}],"wp:term":[{"taxonomy":"product_brand","embeddable":true,"href":"https:\/\/kosmeetika24.com\/fi\/wp-json\/wp\/v2\/product_brand?post=1336"},{"taxonomy":"product_cat","embeddable":true,"href":"https:\/\/kosmeetika24.com\/fi\/wp-json\/wp\/v2\/product_cat?post=1336"},{"taxonomy":"product_tag","embeddable":true,"href":"https:\/\/kosmeetika24.com\/fi\/wp-json\/wp\/v2\/product_tag?post=1336"}],"curies":[{"name":"wp","href":"https:\/\/api.w.org\/{rel}","templated":true}]}}