{"id":1335,"date":"2024-01-04T10:07:27","date_gmt":"2024-01-04T10:07:27","guid":{"rendered":"https:\/\/kosmeetika24.com\/?post_type=product&#038;p=1335"},"modified":"2025-09-16T10:02:42","modified_gmt":"2025-09-16T07:02:42","slug":"bruno-vassari-skin-comfort-rahustav-ja-varskendav-mask","status":"publish","type":"product","link":"https:\/\/kosmeetika24.com\/fi\/tuote\/bruno-vassari-skin-comfort-rahustav-ja-varskendav-mask\/","title":{"rendered":"BRUNO VASSARI Skin Comfort Rauhoittava ja virkist\u00e4v\u00e4 naamio"},"content":{"rendered":"<p>M\u00f5nel juhul v\u00f5i teatud aastaaegadel vajab nahk t\u00e4iendavat lisahooldust just selle maski n\u00e4ol.<\/p>\n<p>\u00d5rn kreemimask <em>Gentle Soothing Mask<\/em> on rahustava ja v\u00e4rskendava toimega.<\/p>\n<p>Toode niisutab, taastab ja kaitseb ka k\u00f5ige tundlikumat nahka.<\/p>\n<p>Suunniteltu erityisesti herk\u00e4lle ja kuivalle iholle.<\/p>\n<p><strong>VAIKUTTAVAT AINEET<\/strong><\/p>\n<ul>\n<li>Kosteuttava kompleksi (glyseriini, glykolit)<\/li>\n<li>Allantoiini<\/li>\n<li>Vihre\u00e4n teen uutehdas<\/li>\n<li>\u00df-glycyrritsiinihappo<\/li>\n<\/ul>\n<p><strong>Vaikutus<\/strong><\/p>\n<ul>\n<li>Kosteuttava kompleksi: glyseriini ja glykolit palauttavat ihon vesitasapainon.<\/li>\n<li>Allantoiini suojaa ja rauhoittaa, parantaen solujen uudistumista.<\/li>\n<li>Vihre\u00e4n teen uuteekstrakti on voimakas luonnollinen antioksidantti, joka sis\u00e4lt\u00e4\u00e4 tulehdusta est\u00e4vi\u00e4 polyfenoleja, jotka suojaavat UV-s\u00e4teilylt\u00e4.<\/li>\n<li>\u00df-glycyrritsiinihappo on per\u00e4isin lakritsijuuresta. Se on eritt\u00e4in tehokas tulehduksia, UV-s\u00e4teily\u00e4, kylm\u00e4\u00e4 ilmaa ja kuivuutta aiheuttamia vaurioita vastaan.<\/li>\n<\/ul>\n<p><strong>Ainesosat<\/strong><\/p>\n<p>AQUA (WATER), BUTYLENE GLYCOL, CAPRYLIC\/ CAPRIC TRIGLYCERIDE, GLYCERIN, PROPYLENE GLYCOL, SORBITOL, PEG-7 GLYCEROL COCOATE, LAVANDULA ANGUSTIFOLIA (LAVANDER) FLOWER EXTRACT, CAMELLIA SINESNSIS LEAF EXTRACT, LACTIC ACID, GLYCYRRHRTINIC ACID, TRIETHANOLAMINE, CARBOMER, PHENOXYETHANOL, IMIDAZOLIDINYL UREA, DISODIUM EDTA, ALLANTOIN, METHYLPARABEN, ETHYLPARABEN, BUTYLPARABEN, METHYLDIHYDROJASMONATE, PROPYLPARABEN, METHYLPROPANEDIOL, SODIUM BENZOATE, POTASSIUM SORBATE, CI 42090 (FD&C BLUE NO. 1) C.I. 19140 (FD&C YELLOW NO5).<\/p>","protected":false},"excerpt":{"rendered":"<p class=\"translation-block\">Hell\u00e4varainen kreemimaski ammattik\u00e4ytt\u00f6\u00f6n, joka tarjoaa rauhoittavia ja virkist\u00e4vi\u00e4 vaikutuksia.<\/p>\n<p>&nbsp;<\/p>\n<p>200 ml<\/p>","protected":false},"featured_media":1484,"comment_status":"open","ping_status":"closed","template":"","meta":{"_uag_custom_page_level_css":"","site-sidebar-layout":"default","site-content-layout":"","ast-site-content-layout":"default","site-content-style":"default","site-sidebar-style":"default","ast-global-header-display":"","ast-banner-title-visibility":"","ast-main-header-display":"","ast-hfb-above-header-display":"","ast-hfb-below-header-display":"","ast-hfb-mobile-header-display":"","site-post-title":"","ast-breadcrumbs-content":"","ast-featured-img":"","footer-sml-layout":"","ast-disable-related-posts":"","theme-transparent-header-meta":"default","adv-header-id-meta":"","stick-header-meta":"","header-above-stick-meta":"","header-main-stick-meta":"","header-below-stick-meta":"","astra-migrate-meta-layouts":"set","ast-page-background-enabled":"default","ast-page-background-meta":{"desktop":{"background-color":"var(--ast-global-color-4)","background-image":"","background-repeat":"repeat","background-position":"center center","background-size":"auto","background-attachment":"scroll","background-type":"","background-media":"","overlay-type":"","overlay-color":"","overlay-opacity":"","overlay-gradient":""},"tablet":{"background-color":"","background-image":"","background-repeat":"repeat","background-position":"center center","background-size":"auto","background-attachment":"scroll","background-type":"","background-media":"","overlay-type":"","overlay-color":"","overlay-opacity":"","overlay-gradient":""},"mobile":{"background-color":"","background-image":"","background-repeat":"repeat","background-position":"center center","background-size":"auto","background-attachment":"scroll","background-type":"","background-media":"","overlay-type":"","overlay-color":"","overlay-opacity":"","overlay-gradient":""}},"ast-content-background-meta":{"desktop":{"background-color":"var(--ast-global-color-5)","background-image":"","background-repeat":"repeat","background-position":"center center","background-size":"auto","background-attachment":"scroll","background-type":"","background-media":"","overlay-type":"","overlay-color":"","overlay-opacity":"","overlay-gradient":""},"tablet":{"background-color":"var(--ast-global-color-5)","background-image":"","background-repeat":"repeat","background-position":"center center","background-size":"auto","background-attachment":"scroll","background-type":"","background-media":"","overlay-type":"","overlay-color":"","overlay-opacity":"","overlay-gradient":""},"mobile":{"background-color":"var(--ast-global-color-5)","background-image":"","background-repeat":"repeat","background-position":"center center","background-size":"auto","background-attachment":"scroll","background-type":"","background-media":"","overlay-type":"","overlay-color":"","overlay-opacity":"","overlay-gradient":""}}},"product_brand":[],"product_cat":[96,97,77],"product_tag":[],"class_list":{"0":"post-1335","1":"product","2":"type-product","3":"status-publish","4":"has-post-thumbnail","6":"product_cat-brands","7":"product_cat-naole","8":"product_cat-skin-comfort","9":"desktop-align-left","10":"tablet-align-left","11":"mobile-align-left","13":"first","14":"instock","15":"taxable","16":"shipping-taxable","17":"product-type-simple","18":"add-to-wishlist-before_image"},"uagb_featured_image_src":{"full":["https:\/\/kosmeetika24.com\/wp-content\/uploads\/2023\/10\/2222-1.jpg",600,600,false],"thumbnail":["https:\/\/kosmeetika24.com\/wp-content\/uploads\/2023\/10\/2222-1-150x150.jpg",150,150,true],"medium":["https:\/\/kosmeetika24.com\/wp-content\/uploads\/2023\/10\/2222-1-300x300.jpg",300,300,true],"medium_large":["https:\/\/kosmeetika24.com\/wp-content\/uploads\/2023\/10\/2222-1.jpg",600,600,false],"large":["https:\/\/kosmeetika24.com\/wp-content\/uploads\/2023\/10\/2222-1.jpg",600,600,false],"1536x1536":["https:\/\/kosmeetika24.com\/wp-content\/uploads\/2023\/10\/2222-1.jpg",600,600,false],"2048x2048":["https:\/\/kosmeetika24.com\/wp-content\/uploads\/2023\/10\/2222-1.jpg",600,600,false],"trp-custom-language-flag":["https:\/\/kosmeetika24.com\/wp-content\/uploads\/2023\/10\/2222-1-12x12.jpg",12,12,true],"woocommerce_thumbnail":["https:\/\/kosmeetika24.com\/wp-content\/uploads\/2023\/10\/2222-1-300x300.jpg",300,300,true],"woocommerce_single":["https:\/\/kosmeetika24.com\/wp-content\/uploads\/2023\/10\/2222-1-500x500.jpg",500,500,true],"woocommerce_gallery_thumbnail":["https:\/\/kosmeetika24.com\/wp-content\/uploads\/2023\/10\/2222-1-100x100.jpg",100,100,true]},"uagb_author_info":{"display_name":"admin","author_link":"https:\/\/kosmeetika24.com\/fi\/author\/"},"uagb_comment_info":3,"uagb_excerpt":"Proffesionaalseks kasutamiseks m\u00f5eldud \u00f5rn kreemimask, millel on rahustav ja v\u00e4rskendav toime. &nbsp; 200 ml","_links":{"self":[{"href":"https:\/\/kosmeetika24.com\/fi\/wp-json\/wp\/v2\/product\/1335","targetHints":{"allow":["GET"]}}],"collection":[{"href":"https:\/\/kosmeetika24.com\/fi\/wp-json\/wp\/v2\/product"}],"about":[{"href":"https:\/\/kosmeetika24.com\/fi\/wp-json\/wp\/v2\/types\/product"}],"replies":[{"embeddable":true,"href":"https:\/\/kosmeetika24.com\/fi\/wp-json\/wp\/v2\/comments?post=1335"}],"version-history":[{"count":5,"href":"https:\/\/kosmeetika24.com\/fi\/wp-json\/wp\/v2\/product\/1335\/revisions"}],"predecessor-version":[{"id":7045,"href":"https:\/\/kosmeetika24.com\/fi\/wp-json\/wp\/v2\/product\/1335\/revisions\/7045"}],"wp:featuredmedia":[{"embeddable":true,"href":"https:\/\/kosmeetika24.com\/fi\/wp-json\/wp\/v2\/media\/1484"}],"wp:attachment":[{"href":"https:\/\/kosmeetika24.com\/fi\/wp-json\/wp\/v2\/media?parent=1335"}],"wp:term":[{"taxonomy":"product_brand","embeddable":true,"href":"https:\/\/kosmeetika24.com\/fi\/wp-json\/wp\/v2\/product_brand?post=1335"},{"taxonomy":"product_cat","embeddable":true,"href":"https:\/\/kosmeetika24.com\/fi\/wp-json\/wp\/v2\/product_cat?post=1335"},{"taxonomy":"product_tag","embeddable":true,"href":"https:\/\/kosmeetika24.com\/fi\/wp-json\/wp\/v2\/product_tag?post=1335"}],"curies":[{"name":"wp","href":"https:\/\/api.w.org\/{rel}","templated":true}]}}