{"id":1331,"date":"2024-01-04T10:04:43","date_gmt":"2024-01-04T10:04:43","guid":{"rendered":"https:\/\/kosmeetika24.com\/?post_type=product&#038;p=1331"},"modified":"2025-07-02T13:24:46","modified_gmt":"2025-07-02T10:24:46","slug":"bruno-vassari-skin-comfort-varskendav-meigieemaldaja","status":"publish","type":"product","link":"https:\/\/kosmeetika24.com\/fi\/tuote\/bruno-vassari-skin-comfort-varskendav-meigieemaldaja\/","title":{"rendered":"BRUNO VASSARI Skin Comfort Virkist\u00e4v\u00e4 meikinpoistoaine"},"content":{"rendered":"<p class=\"translation-block\">Hell\u00e4varainen meikinpoistoaine <em>Fresh Cleansing Fluid<\/em> poistaa silm\u00e4meikin ja ylim\u00e4\u00e4r\u00e4isen talin ihon pinnalta. Se on ihanteellinen tuote ihon normaalin fysiologisen tilan tasapainottamiseen ja palauttamiseen. Ei sis\u00e4ll\u00e4 emulgaattoreita tai hajusteita.<\/p>\n<p>Sopii herk\u00e4lle iholle.<\/p>\n<p><strong>VAIKUTTAVAT AINEET<\/strong><\/p>\n<ul>\n<li>Kasviuutteiden kompleks: laventeli, lippo, keh\u00e4kukka, kamomilla ja m\u00e4kikuisma.<\/li>\n<li>Kosteuttava kompleksi.<\/li>\n<\/ul>\n<p><strong>Vaikutus<\/strong><\/p>\n<ul>\n<li>Kasviuutteiden kompleksi on ihoa rauhoittavia ja tulehdusta ehk\u00e4isevi\u00e4 ominaisuuksia.<\/li>\n<li>Kosteuttava kompleksi: glyseriini ja glykolit palauttavat ihon vesitasapainon.<\/li>\n<\/ul>\n<p><strong>Ainesosat<\/strong><\/p>\n<p>AQUA (WATER), CAPRYLIC\/CAPRIC TRIGLYCERIDE, BUTYLENE GLYCOL, GLYCERIN, ISONONYL ISINONANOATE, PEG-40 HYDROGENATED CASTOR OIL, POLXAMER 184, LAVANDULA ANGUSTIFOLIA (LAVANDER) FLOWER ECTRACT, HYPERICULA PERFORATUM EXTRACT, CHAMOMILLA RECUTITA (MATRICARIA) FLOWER EXTRACT, CALENDULA OFFICINALIS FLOWER EXTRACT, ANTHEMIS NOBILIS FLOWER EXTRACT, TILIA CORDATA FLOWER, CENTAUREA CYANUS FLOWER EXTRACT, PHENOXYETHANOL, IMIDAZOLIDINYL UREA, CARBOMER, TRIETHANOLAMINE, XANTHAN CUM, METHYLPARABEN, PROPYLENE GLYCOL, DISODIUM EDTA, METHYLDIHYDROJASMONATE, BUTYLPARABEN, ETHYLPARABEN, PROPYLPARABEN, CYCLAMEN ALDEHYDE, C.I42090 (FD&c BLUE NO. 1) C.I.19140 ( FD&C YELLOW NO. 5)<\/p>","protected":false},"excerpt":{"rendered":"<p>Ammattik\u00e4ytt\u00f6\u00f6n tarkoitettu puhdistusmaito poistaa silm\u00e4meikin ja ylim\u00e4\u00e4r\u00e4isen talin ihon pinnalta. Ei sis\u00e4ll\u00e4 emulgaattoreita tai hajusteita.<\/p>\n<p>&nbsp;<\/p>\n<p>500 ml<\/p>","protected":false},"featured_media":1480,"comment_status":"open","ping_status":"closed","template":"","meta":{"_uag_custom_page_level_css":"","site-sidebar-layout":"default","site-content-layout":"","ast-site-content-layout":"default","site-content-style":"default","site-sidebar-style":"default","ast-global-header-display":"","ast-banner-title-visibility":"","ast-main-header-display":"","ast-hfb-above-header-display":"","ast-hfb-below-header-display":"","ast-hfb-mobile-header-display":"","site-post-title":"","ast-breadcrumbs-content":"","ast-featured-img":"","footer-sml-layout":"","ast-disable-related-posts":"","theme-transparent-header-meta":"default","adv-header-id-meta":"","stick-header-meta":"","header-above-stick-meta":"","header-main-stick-meta":"","header-below-stick-meta":"","astra-migrate-meta-layouts":"set","ast-page-background-enabled":"default","ast-page-background-meta":{"desktop":{"background-color":"var(--ast-global-color-4)","background-image":"","background-repeat":"repeat","background-position":"center center","background-size":"auto","background-attachment":"scroll","background-type":"","background-media":"","overlay-type":"","overlay-color":"","overlay-opacity":"","overlay-gradient":""},"tablet":{"background-color":"","background-image":"","background-repeat":"repeat","background-position":"center center","background-size":"auto","background-attachment":"scroll","background-type":"","background-media":"","overlay-type":"","overlay-color":"","overlay-opacity":"","overlay-gradient":""},"mobile":{"background-color":"","background-image":"","background-repeat":"repeat","background-position":"center center","background-size":"auto","background-attachment":"scroll","background-type":"","background-media":"","overlay-type":"","overlay-color":"","overlay-opacity":"","overlay-gradient":""}},"ast-content-background-meta":{"desktop":{"background-color":"var(--ast-global-color-5)","background-image":"","background-repeat":"repeat","background-position":"center center","background-size":"auto","background-attachment":"scroll","background-type":"","background-media":"","overlay-type":"","overlay-color":"","overlay-opacity":"","overlay-gradient":""},"tablet":{"background-color":"var(--ast-global-color-5)","background-image":"","background-repeat":"repeat","background-position":"center center","background-size":"auto","background-attachment":"scroll","background-type":"","background-media":"","overlay-type":"","overlay-color":"","overlay-opacity":"","overlay-gradient":""},"mobile":{"background-color":"var(--ast-global-color-5)","background-image":"","background-repeat":"repeat","background-position":"center center","background-size":"auto","background-attachment":"scroll","background-type":"","background-media":"","overlay-type":"","overlay-color":"","overlay-opacity":"","overlay-gradient":""}}},"product_brand":[],"product_cat":[96,97,77],"product_tag":[],"class_list":{"0":"post-1331","1":"product","2":"type-product","3":"status-publish","4":"has-post-thumbnail","6":"product_cat-brands","7":"product_cat-naole","8":"product_cat-skin-comfort","9":"desktop-align-left","10":"tablet-align-left","11":"mobile-align-left","13":"first","14":"instock","15":"taxable","16":"shipping-taxable","17":"product-type-simple","18":"add-to-wishlist-before_image"},"uagb_featured_image_src":{"full":["https:\/\/kosmeetika24.com\/wp-content\/uploads\/2023\/10\/2200-Fresh-Cleansing-Fluid-1.jpg",600,600,false],"thumbnail":["https:\/\/kosmeetika24.com\/wp-content\/uploads\/2023\/10\/2200-Fresh-Cleansing-Fluid-1-150x150.jpg",150,150,true],"medium":["https:\/\/kosmeetika24.com\/wp-content\/uploads\/2023\/10\/2200-Fresh-Cleansing-Fluid-1-300x300.jpg",300,300,true],"medium_large":["https:\/\/kosmeetika24.com\/wp-content\/uploads\/2023\/10\/2200-Fresh-Cleansing-Fluid-1.jpg",600,600,false],"large":["https:\/\/kosmeetika24.com\/wp-content\/uploads\/2023\/10\/2200-Fresh-Cleansing-Fluid-1.jpg",600,600,false],"1536x1536":["https:\/\/kosmeetika24.com\/wp-content\/uploads\/2023\/10\/2200-Fresh-Cleansing-Fluid-1.jpg",600,600,false],"2048x2048":["https:\/\/kosmeetika24.com\/wp-content\/uploads\/2023\/10\/2200-Fresh-Cleansing-Fluid-1.jpg",600,600,false],"trp-custom-language-flag":["https:\/\/kosmeetika24.com\/wp-content\/uploads\/2023\/10\/2200-Fresh-Cleansing-Fluid-1-12x12.jpg",12,12,true],"woocommerce_thumbnail":["https:\/\/kosmeetika24.com\/wp-content\/uploads\/2023\/10\/2200-Fresh-Cleansing-Fluid-1-300x300.jpg",300,300,true],"woocommerce_single":["https:\/\/kosmeetika24.com\/wp-content\/uploads\/2023\/10\/2200-Fresh-Cleansing-Fluid-1-500x500.jpg",500,500,true],"woocommerce_gallery_thumbnail":["https:\/\/kosmeetika24.com\/wp-content\/uploads\/2023\/10\/2200-Fresh-Cleansing-Fluid-1-100x100.jpg",100,100,true]},"uagb_author_info":{"display_name":"admin","author_link":"https:\/\/kosmeetika24.com\/fi\/author\/"},"uagb_comment_info":0,"uagb_excerpt":"Professionaalseks kasutamiseks m\u00f5eldud puhastuspiim eemaldab silmameigi ja liigse rasu naha pinnalt. Ei sisalda emulgaatoreid ja l\u00f5hnaaineid. &nbsp; 500 ml","_links":{"self":[{"href":"https:\/\/kosmeetika24.com\/fi\/wp-json\/wp\/v2\/product\/1331","targetHints":{"allow":["GET"]}}],"collection":[{"href":"https:\/\/kosmeetika24.com\/fi\/wp-json\/wp\/v2\/product"}],"about":[{"href":"https:\/\/kosmeetika24.com\/fi\/wp-json\/wp\/v2\/types\/product"}],"replies":[{"embeddable":true,"href":"https:\/\/kosmeetika24.com\/fi\/wp-json\/wp\/v2\/comments?post=1331"}],"version-history":[{"count":4,"href":"https:\/\/kosmeetika24.com\/fi\/wp-json\/wp\/v2\/product\/1331\/revisions"}],"predecessor-version":[{"id":6543,"href":"https:\/\/kosmeetika24.com\/fi\/wp-json\/wp\/v2\/product\/1331\/revisions\/6543"}],"wp:featuredmedia":[{"embeddable":true,"href":"https:\/\/kosmeetika24.com\/fi\/wp-json\/wp\/v2\/media\/1480"}],"wp:attachment":[{"href":"https:\/\/kosmeetika24.com\/fi\/wp-json\/wp\/v2\/media?parent=1331"}],"wp:term":[{"taxonomy":"product_brand","embeddable":true,"href":"https:\/\/kosmeetika24.com\/fi\/wp-json\/wp\/v2\/product_brand?post=1331"},{"taxonomy":"product_cat","embeddable":true,"href":"https:\/\/kosmeetika24.com\/fi\/wp-json\/wp\/v2\/product_cat?post=1331"},{"taxonomy":"product_tag","embeddable":true,"href":"https:\/\/kosmeetika24.com\/fi\/wp-json\/wp\/v2\/product_tag?post=1331"}],"curies":[{"name":"wp","href":"https:\/\/api.w.org\/{rel}","templated":true}]}}