{"id":801,"date":"2020-02-05T22:19:45","date_gmt":"2020-02-05T22:19:45","guid":{"rendered":"https:\/\/kosmeetika24.com\/about\/"},"modified":"2025-03-14T14:55:14","modified_gmt":"2025-03-14T11:55:14","slug":"meist","status":"publish","type":"page","link":"https:\/\/kosmeetika24.com\/fi\/meist\/","title":{"rendered":"Meist\u00e4"},"content":{"rendered":"<div class=\"wp-block-uagb-container uagb-layout-flex uagb-block-qz8ucfzx alignwide uagb-is-root-container\">\n<div class=\"wp-block-uagb-container uagb-block-exy88nlv\">\n<div class=\"wp-block-uagb-info-box uagb-block-ys5wx9g6 uagb-infobox__content-wrap  uagb-infobox-icon-above-title uagb-infobox-image-valign-top\"><div class=\"uagb-ifb-content\"><div class=\"uagb-ifb-title-wrap\"><h2 class=\"uagb-ifb-title\">L\u00f6yd\u00e4 luksus<\/h2><\/div><\/div><\/div>\n\n\n\n<div class=\"wp-block-uagb-info-box uagb-block-mjm01tfd uagb-infobox__content-wrap  uagb-infobox-icon-above-title uagb-infobox-image-valign-top\"><div class=\"uagb-ifb-content\"><div class=\"uagb-ifb-title-wrap\"><\/div><p class=\"uagb-ifb-desc\">\u2013 Royal Grace ilukliinik<\/p><\/div><\/div>\n<\/div>\n\n\n\n<div class=\"wp-block-uagb-image alignleft uagb-block-1f2ei8ow wp-block-uagb-image--layout-default wp-block-uagb-image--effect-static wp-block-uagb-image--align-left\"><figure class=\"wp-block-uagb-image__figure\"><img loading=\"lazy\" decoding=\"async\" srcset=\"https:\/\/kosmeetika24.com\/wp-content\/uploads\/2024\/01\/DSC08393-e1711043671318-1024x577.webp ,https:\/\/kosmeetika24.com\/wp-content\/uploads\/2024\/01\/DSC08393-e1711043671318.webp 780w, https:\/\/kosmeetika24.com\/wp-content\/uploads\/2024\/01\/DSC08393-e1711043671318.webp 360w\" sizes=\"auto, (max-width: 480px) 150px\" src=\"https:\/\/kosmeetika24.com\/wp-content\/uploads\/2024\/01\/DSC08393-e1711043671318-1024x577.webp\" alt=\"\" class=\"uag-image-3268\" width=\"1200\" height=\"350\" title=\"DSC08393\" role=\"img\"\/><\/figure><\/div>\n\n\n\n<div class=\"wp-block-uagb-container uagb-block-e6vyfeg3\">\n<div class=\"wp-block-uagb-info-box uagb-block-2j7toh8p uagb-infobox__content-wrap  uagb-infobox-icon-above-title uagb-infobox-image-valign-top\"><div class=\"uagb-ifb-content\"><div class=\"uagb-ifb-image-content\"><img loading=\"lazy\" decoding=\"async\" src=\"https:\/\/kosmeetika24.com\/wp-content\/uploads\/2024\/10\/voucher_13066665-150x150.png\" alt=\"\" width=\"100\" height=\"100\"\/><\/div><div class=\"uagb-ifb-title-wrap\"><h3 class=\"uagb-ifb-title\">Alennukset<\/h3><\/div><p class=\"uagb-ifb-desc\">Joka kuukausi<\/p><\/div><\/div>\n\n\n\n<div class=\"wp-block-uagb-info-box uagb-block-0o7w7r0g uagb-infobox__content-wrap  uagb-infobox-icon-above-title uagb-infobox-image-valign-top\"><div class=\"uagb-ifb-content\"><div class=\"uagb-ifb-image-content\"><img loading=\"lazy\" decoding=\"async\" src=\"https:\/\/kosmeetika24.com\/wp-content\/uploads\/2024\/10\/free-delivery_6912177-150x150.png\" alt=\"\" width=\"100\" height=\"100\"\/><\/div><div class=\"uagb-ifb-title-wrap\"><h3 class=\"uagb-ifb-title\">Ilmainen toimitus<\/h3><\/div><p class=\"uagb-ifb-desc\">Alkaen 100 \u20ac<\/p><\/div><\/div>\n\n\n\n<div class=\"wp-block-uagb-info-box uagb-block-truijrkd uagb-infobox__content-wrap  uagb-infobox-icon-above-title uagb-infobox-image-valign-middle\"><div class=\"uagb-ifb-content\"><div class=\"uagb-ifb-image-content\"><img loading=\"lazy\" decoding=\"async\" src=\"https:\/\/kosmeetika24.com\/wp-content\/uploads\/2024\/10\/express-delivery_16767524-150x150.png\" alt=\"\" width=\"100\" height=\"100\"\/><\/div><div class=\"uagb-ifb-title-wrap\"><h3 class=\"uagb-ifb-title\">Nopea toimitus<\/h3><\/div><p class=\"uagb-ifb-desc\">1-3 ty\u00f6p\u00e4iv\u00e4n kuluessa<\/p><\/div><\/div>\n\n\n\n<div class=\"wp-block-uagb-info-box uagb-block-wf2pvbz2 uagb-infobox__content-wrap  uagb-infobox-icon-above-title uagb-infobox-image-valign-middle\"><div class=\"uagb-ifb-content\"><div class=\"uagb-ifb-image-content\"><img loading=\"lazy\" decoding=\"async\" src=\"https:\/\/kosmeetika24.com\/wp-content\/uploads\/2024\/10\/customer-support_17427554-150x150.png\" alt=\"\" width=\"100\" height=\"100\"\/><\/div><div class=\"uagb-ifb-title-wrap\"><h3 class=\"uagb-ifb-title\">Asiakastuki<\/h3><\/div><p class=\"uagb-ifb-desc\">E \u2013 R \/ 9:00 \u2013 17:00<\/p><\/div><\/div>\n<\/div>\n<\/div>\n\n\n\n<div class=\"wp-block-uagb-container uagb-block-mdugpab9 alignwide uagb-is-root-container\">\n<div class=\"wp-block-uagb-info-box uagb-block-oirpzz2s uagb-infobox__content-wrap  uagb-infobox-icon-above-title uagb-infobox-image-valign-top\"><div class=\"uagb-ifb-content\"><div class=\"uagb-ifb-title-wrap\"><h2 class=\"uagb-ifb-title\">Tervetuloa luksuksen ja hienostuneisuuden maailmaan.<\/h2><\/div><p class=\"uagb-ifb-desc\">Royal Grace, kauneuden palveluiden huipputason ilmentym\u00e4. Olemme ylpeit\u00e4 voidessamme olla arvostettujen br\u00e4ndien, kuten Bruno Vassari, Oxygen Ceuticals ja Reveel, virallinen ja eksklusiivinen jakelija sek\u00e4 edustaa ainutlaatuista helme\u00e4mme CharmyCo. Uskomme vahvasti, ett\u00e4 virheett\u00f6m\u00e4n ihon saavuttaminen vaatii harmonista yhdistelm\u00e4\u00e4 ammatillisista toimenpiteist\u00e4 klinikassamme ja ylellisest\u00e4 itsest\u00e4 huolehtimisesta kotisi mukavuudessa.<\/p><\/div><\/div>\n\n\n\n<div class=\"wp-block-uagb-container uagb-block-40aa1d67\"><\/div>\n<\/div>\n\n\n\n<div class=\"wp-block-uagb-container uagb-block-qkjisdqo alignfull uagb-is-root-container\"><div class=\"uagb-container-inner-blocks-wrap\">\n<div class=\"wp-block-uagb-info-box uagb-block-6l8xoyz0 uagb-infobox__content-wrap  uagb-infobox-icon-above-title uagb-infobox-image-valign-top\"><div class=\"uagb-ifb-content\"><div class=\"uagb-ifb-title-wrap\"><h2 class=\"uagb-ifb-title\">Tuotteemme<\/h2><\/div><\/div><\/div>\n\n\n\n<div class=\"wp-block-uagb-container uagb-block-uiri7vs1\">\n<div class=\"wp-block-uagb-icon-list uagb-block-tu7ov20o\"><div class=\"uagb-icon-list__wrap\">\n<div class=\"wp-block-uagb-icon-list-child uagb-block-wv87og8g\"><span class=\"uagb-icon-list__source-wrap\"><svg xmlns=\"https:\/\/www.w3.org\/2000\/svg\" viewbox=\"0 0 448 512\"><path d=\"M438.6 105.4C451.1 117.9 451.1 138.1 438.6 150.6L182.6 406.6C170.1 419.1 149.9 419.1 137.4 406.6L9.372 278.6C-3.124 266.1-3.124 245.9 9.372 233.4C21.87 220.9 42.13 220.9 54.63 233.4L159.1 338.7L393.4 105.4C405.9 92.88 426.1 92.88 438.6 105.4H438.6z\"><\/path><\/svg><\/span><span class=\"uagb-icon-list__label\">sis\u00e4lt\u00e4v\u00e4t orgaanisia ja luonnollisia ainesosia suoraan luonnosta<\/span><\/div>\n\n\n\n<div class=\"wp-block-uagb-icon-list-child uagb-block-vrtrys1f\"><span class=\"uagb-icon-list__source-wrap\"><svg xmlns=\"https:\/\/www.w3.org\/2000\/svg\" viewbox=\"0 0 448 512\"><path d=\"M438.6 105.4C451.1 117.9 451.1 138.1 438.6 150.6L182.6 406.6C170.1 419.1 149.9 419.1 137.4 406.6L9.372 278.6C-3.124 266.1-3.124 245.9 9.372 233.4C21.87 220.9 42.13 220.9 54.63 233.4L159.1 338.7L393.4 105.4C405.9 92.88 426.1 92.88 438.6 105.4H438.6z\"><\/path><\/svg><\/span><span class=\"uagb-icon-list__label\">tuotettu innovatiivisten teknologioiden ja kaavojen perusteella<\/span><\/div>\n\n\n\n<div class=\"wp-block-uagb-icon-list-child uagb-block-bdpvtmvj\"><span class=\"uagb-icon-list__source-wrap\"><svg xmlns=\"https:\/\/www.w3.org\/2000\/svg\" viewbox=\"0 0 448 512\"><path d=\"M438.6 105.4C451.1 117.9 451.1 138.1 438.6 150.6L182.6 406.6C170.1 419.1 149.9 419.1 137.4 406.6L9.372 278.6C-3.124 266.1-3.124 245.9 9.372 233.4C21.87 220.9 42.13 220.9 54.63 233.4L159.1 338.7L393.4 105.4C405.9 92.88 426.1 92.88 438.6 105.4H438.6z\"><\/path><\/svg><\/span><span class=\"uagb-icon-list__label\">Ensiluokan kosmetiikkavalmistajat investoivat laajaan tutkimukseen varmistaen tehokkuuden jo ensimm\u00e4isin\u00e4 k\u00e4ytt\u00f6p\u00e4ivin\u00e4<\/span><\/div>\n\n\n\n<div class=\"wp-block-uagb-icon-list-child uagb-block-0vlzp0pv\"><span class=\"uagb-icon-list__source-wrap\"><svg xmlns=\"https:\/\/www.w3.org\/2000\/svg\" viewbox=\"0 0 448 512\"><path d=\"M438.6 105.4C451.1 117.9 451.1 138.1 438.6 150.6L182.6 406.6C170.1 419.1 149.9 419.1 137.4 406.6L9.372 278.6C-3.124 266.1-3.124 245.9 9.372 233.4C21.87 220.9 42.13 220.9 54.63 233.4L159.1 338.7L393.4 105.4C405.9 92.88 426.1 92.88 438.6 105.4H438.6z\"><\/path><\/svg><\/span><span class=\"uagb-icon-list__label\">on pakattu korkealaatuiseen, usein ymp\u00e4rist\u00f6yst\u00e4v\u00e4lliseen pakkaukseen<\/span><\/div>\n\n\n\n<div class=\"wp-block-uagb-icon-list-child uagb-block-d623c9aa\"><span class=\"uagb-icon-list__source-wrap\"><svg xmlns=\"https:\/\/www.w3.org\/2000\/svg\" viewbox=\"0 0 448 512\"><path d=\"M438.6 105.4C451.1 117.9 451.1 138.1 438.6 150.6L182.6 406.6C170.1 419.1 149.9 419.1 137.4 406.6L9.372 278.6C-3.124 266.1-3.124 245.9 9.372 233.4C21.87 220.9 42.13 220.9 54.63 233.4L159.1 338.7L393.4 105.4C405.9 92.88 426.1 92.88 438.6 105.4H438.6z\"><\/path><\/svg><\/span><span class=\"uagb-icon-list__label\">sopivat k\u00e4ytett\u00e4v\u00e4ksi kauneushoitoloissa, klinikoilla ja kotona<\/span><\/div>\n<\/div><\/div>\n<\/div>\n<\/div><\/div>\n\n\n\n<div class=\"wp-block-uagb-container uagb-block-ksj21drt default uagb-is-root-container\">\n<div class=\"wp-block-uagb-info-box uagb-block-lsrybigs uagb-infobox__content-wrap  uagb-infobox-icon-above-title uagb-infobox-image-valign-top\"><div class=\"uagb-ifb-content\"><div class=\"uagb-ifb-title-wrap\"><p class=\"uagb-ifb-title-prefix\">meid\u00e4n tarinamme<\/p><h2 class=\"uagb-ifb-title\">Tutustu matkaamme<\/h2><\/div><p class=\"uagb-ifb-desc\">Arvostettujen asiakkaidemme mukavuuden vuoksi olemme kuratoineet ylellisen verkkokaupan: <a href=\"http:\/\/kosmeetika24.eu\">kosmeetika24.eu<\/a>, jossa voit upota ylellisyyteen hankkimalla tuotteita ensiluokkaisilta br\u00e4ndeilt\u00e4 nauttien parhaista hinnoista ja laajasta valikoimasta.<br><br>Ja proffesionaalidele me tutvustame meie ekstravagantset veebiaadressi \u2013 <a href=\"http:\/\/kosmeetika24.com\/fi\/\">kosmeetika24.com,<\/a> pakkudes eksklusiivset juurdep\u00e4\u00e4su meie viimistletud toodetele, mis on m\u00f5eldud professionaalidele ja meditsiiniekspertidele. V\u00e4ljendame oma t\u00e4nu, et valisite Royal Grace \u2013 teie teekond enneolematu ilu poole algab otse siit, prestii\u017ei ja elegantsi embuses.<\/p><\/div><\/div>\n\n\n\n<div class=\"wp-block-uagb-buttons uagb-buttons__outer-wrap uagb-btn__default-btn uagb-btn-tablet__default-btn uagb-btn-mobile__default-btn uagb-block-nvtdvy5l\"><div class=\"uagb-buttons__wrap uagb-buttons-layout-wrap\">\n<div class=\"wp-block-uagb-buttons-child uagb-buttons__outer-wrap uagb-block-x6ujusbd wp-block-button\"><div class=\"uagb-button__wrapper\"><a class=\"uagb-buttons-repeater wp-block-button__link\" aria-label=\"\" href=\"\/fi\/kosmeetika24.com\/pood\/\" rel=\"follow noopener\" target=\"_blank\" role=\"button\"><div class=\"uagb-button__link\">e-pood<\/div><\/a><\/div><\/div>\n<\/div><\/div>\n<\/div>\n\n\n\n<p><\/p>","protected":false},"excerpt":{"rendered":"","protected":false},"author":1,"featured_media":0,"parent":0,"menu_order":0,"comment_status":"closed","ping_status":"closed","template":"","meta":{"_uag_custom_page_level_css":"","site-sidebar-layout":"no-sidebar","site-content-layout":"page-builder","ast-site-content-layout":"normal-width-container","site-content-style":"boxed","site-sidebar-style":"boxed","ast-global-header-display":"","ast-banner-title-visibility":"","ast-main-header-display":"","ast-hfb-above-header-display":"","ast-hfb-below-header-display":"","ast-hfb-mobile-header-display":"","site-post-title":"disabled","ast-breadcrumbs-content":"disabled","ast-featured-img":"disabled","footer-sml-layout":"","ast-disable-related-posts":"","theme-transparent-header-meta":"default","adv-header-id-meta":"","stick-header-meta":"","header-above-stick-meta":"","header-main-stick-meta":"","header-below-stick-meta":"","astra-migrate-meta-layouts":"set","ast-page-background-enabled":"default","ast-page-background-meta":{"desktop":{"background-color":"var(--ast-global-color-4)","background-image":"","background-repeat":"repeat","background-position":"center center","background-size":"auto","background-attachment":"scroll","background-type":"","background-media":"","overlay-type":"","overlay-color":"","overlay-opacity":"","overlay-gradient":""},"tablet":{"background-color":"","background-image":"","background-repeat":"repeat","background-position":"center center","background-size":"auto","background-attachment":"scroll","background-type":"","background-media":"","overlay-type":"","overlay-color":"","overlay-opacity":"","overlay-gradient":""},"mobile":{"background-color":"","background-image":"","background-repeat":"repeat","background-position":"center center","background-size":"auto","background-attachment":"scroll","background-type":"","background-media":"","overlay-type":"","overlay-color":"","overlay-opacity":"","overlay-gradient":""}},"ast-content-background-meta":{"desktop":{"background-color":"var(--ast-global-color-5)","background-image":"","background-repeat":"repeat","background-position":"center center","background-size":"auto","background-attachment":"scroll","background-type":"","background-media":"","overlay-type":"","overlay-color":"","overlay-opacity":"","overlay-gradient":""},"tablet":{"background-color":"var(--ast-global-color-5)","background-image":"","background-repeat":"repeat","background-position":"center center","background-size":"auto","background-attachment":"scroll","background-type":"","background-media":"","overlay-type":"","overlay-color":"","overlay-opacity":"","overlay-gradient":""},"mobile":{"background-color":"var(--ast-global-color-5)","background-image":"","background-repeat":"repeat","background-position":"center center","background-size":"auto","background-attachment":"scroll","background-type":"","background-media":"","overlay-type":"","overlay-color":"","overlay-opacity":"","overlay-gradient":""}},"footnotes":""},"class_list":["post-801","page","type-page","status-publish","hentry"],"uagb_featured_image_src":{"full":false,"thumbnail":false,"medium":false,"medium_large":false,"large":false,"1536x1536":false,"2048x2048":false,"trp-custom-language-flag":false,"woocommerce_thumbnail":false,"woocommerce_single":false,"woocommerce_gallery_thumbnail":false},"uagb_author_info":{"display_name":"admin","author_link":"https:\/\/kosmeetika24.com\/fi\/author\/admin\/"},"uagb_comment_info":0,"uagb_excerpt":null,"_links":{"self":[{"href":"https:\/\/kosmeetika24.com\/fi\/wp-json\/wp\/v2\/pages\/801","targetHints":{"allow":["GET"]}}],"collection":[{"href":"https:\/\/kosmeetika24.com\/fi\/wp-json\/wp\/v2\/pages"}],"about":[{"href":"https:\/\/kosmeetika24.com\/fi\/wp-json\/wp\/v2\/types\/page"}],"author":[{"embeddable":true,"href":"https:\/\/kosmeetika24.com\/fi\/wp-json\/wp\/v2\/users\/1"}],"replies":[{"embeddable":true,"href":"https:\/\/kosmeetika24.com\/fi\/wp-json\/wp\/v2\/comments?post=801"}],"version-history":[{"count":94,"href":"https:\/\/kosmeetika24.com\/fi\/wp-json\/wp\/v2\/pages\/801\/revisions"}],"predecessor-version":[{"id":6999,"href":"https:\/\/kosmeetika24.com\/fi\/wp-json\/wp\/v2\/pages\/801\/revisions\/6999"}],"wp:attachment":[{"href":"https:\/\/kosmeetika24.com\/fi\/wp-json\/wp\/v2\/media?parent=801"}],"curies":[{"name":"wp","href":"https:\/\/api.w.org\/{rel}","templated":true}]}}