{"id":7213,"date":"2025-11-12T12:54:39","date_gmt":"2025-11-12T09:54:39","guid":{"rendered":"https:\/\/kosmeetika24.com\/?post_type=product&#038;p=7213"},"modified":"2026-01-22T14:08:36","modified_gmt":"2026-01-22T11:08:36","slug":"mesotech-idealskin-hyper","status":"publish","type":"product","link":"https:\/\/kosmeetika24.com\/et\/toode\/mesotech-idealskin-hyper\/","title":{"rendered":"MesoTech Idealskin Hyper"},"content":{"rendered":"<p data-start=\"783\" data-end=\"1252\"><strong data-start=\"783\" data-end=\"797\">Kirjeldus:<\/strong><br data-start=\"797\" data-end=\"800\" \/>Tegu on arenenud ja k\u00f5rge tulemuslikkusega iluproto\u00adkolliga, mis kasutab Spongilla Spicula 99% \u2014 100% looduslikku koostisosa, 99% puhtusega, mageveesamblike ekstrakt. Arendatud spetsiaalselt h\u00fcperpigmentatsiooni, naha v\u00e4rvuse eba\u00fchtluse ja tumedate laikude parandamiseks\u2014 parandades naha tekstuuri ja \u00fchtlustades jumet. T\u00f5husus tuleneb v\u00f5imsate antioks\u00fcdantsete ja helendamist soodustavate koostisosade s\u00fcnergiast.<\/p>\n<p data-start=\"1254\" data-end=\"1277\"><strong data-start=\"1254\" data-end=\"1275\">Prot\u00adokolli osad:<\/strong><\/p>\n<ul data-start=\"1278\" data-end=\"2227\">\n<li data-start=\"1278\" data-end=\"1574\">\n<p data-start=\"1280\" data-end=\"1574\"><em data-start=\"1280\" data-end=\"1303\">Spongilla Spicula 99%<\/em> \u2014 mikrostruktuurid (~10 \u00b5m l\u00e4bim\u00f5\u00f5duga ja 200-250 \u00b5m pikkused) kujult mikroskoopilised n\u00f5elad, mis stimuleerivad rakkude uuenemist, suurendavad kollageeni ja elastiini s\u00fcnteesi ning parandavad seerumi aktiivsete ainete imendumist.<\/p>\n<\/li>\n<li data-start=\"1575\" data-end=\"1848\">\n<p data-start=\"1577\" data-end=\"1848\"><em data-start=\"1577\" data-end=\"1590\">Hyper Serum<\/em> \u2014 helendava toimega seerum, mis sisaldab tranexaanhape, kojihapet, \u03b1-arbutiini. Sisaldab ka askorb\u00fc\u00fcl-glukosiidi (C-vitamiini derivaat) ja Pueraria lobata ekstrakti (kudzu), mis p\u00e4rsib melaniini tootmist.<\/p>\n<\/li>\n<li data-start=\"1849\" data-end=\"2227\">\n<p data-start=\"1851\" data-end=\"2227\"><em data-start=\"1851\" data-end=\"1863\">Soox Serum<\/em> \u2014 rahustav n\u00e4oseerum k\u00f5rge Aloe vera kontsentratsiooniga, sisaldades probiootikume ja taimseid ekstrakte (Centella, roheline tee, rosmariin, kummel). Rikastatud naatriumh\u00fcaluroonaadiga, allantoiiniga ja pantenooliga \u2014 aitab niisutada, rahustada ja v\u00e4hendada naha tundlikkust ning punetust, s\u00e4ilitades naha mikrobiota.<\/p>\n<\/li>\n<\/ul>\n<p data-start=\"2229\" data-end=\"2247\"><strong data-start=\"2229\" data-end=\"2245\">Kasutusviis:<\/strong><\/p>\n<ol data-start=\"2248\" data-end=\"3541\">\n<li data-start=\"2248\" data-end=\"2345\">\n<p data-start=\"2251\" data-end=\"2345\">Eemalda olemasolev meik ja puhasta piirkond.<\/p>\n<\/li>\n<li data-start=\"2346\" data-end=\"2494\">\n<p data-start=\"2349\" data-end=\"2494\">Vala Hyper Serum purki, mis sisaldab Spongilla Spicula 99%-d, sule purk ja loksuta umbes 1 minut.<\/p>\n<\/li>\n<li data-start=\"2495\" data-end=\"2730\">\n<p data-start=\"2498\" data-end=\"2730\">Pipeti abil kanna sobiv kogus Hyper Serumit sihitud alale. Patsuta \u00f5rnalt s\u00f5rmeotstega, rakendades kerget survet kuni t\u00e4ieliku imendumiseni (umbes 2-5 minutit, s\u00f5ltuvalt t\u00f6\u00f6deldavast alast).<\/p>\n<\/li>\n<li data-start=\"2731\" data-end=\"2880\">\n<p data-start=\"2734\" data-end=\"2880\">10 minuti p\u00e4rast kanna rikkalik kiht (umbes 5 ml) Soox Seerumit ja paiguta silikoonmask t\u00f6\u00f6deldud alale.<\/p>\n<\/li>\n<li data-start=\"2881\" data-end=\"3282\">\n<p data-start=\"2884\" data-end=\"3282\">T\u00e4iendava jahutava ja rahustava efekti saavutamiseks k\u00fclmuta silikoonmask 10 minutit enne kasutamist. Aseta mask, kinnitades silmused k\u00f5rvade taha, et tagada \u00fchtlane katvus. Lase m\u00f5juda 15-20 minutit, seej\u00e4rel eemalda. Pese hoolikalt ja kuivata mask puhta lapiga. Hoia maski eemal soojusallikatest. Mask on taaskasutatav, kuid m\u00f5eldud \u00fche patsiendi jaoks.<\/p>\n<\/li>\n<li data-start=\"3283\" data-end=\"3541\">\n<p data-start=\"3286\" data-end=\"3541\">Alates kolmandast p\u00e4evast p\u00e4rast protseduuri kasuta iga p\u00e4ev \u00fcks ampull Hyper Serumit. Soovitatav on j\u00e4rgmise 20 p\u00e4eva jooksul kasutada k\u00f5rge kaitsega p\u00e4ikesekaitsekreemi SPF 50+.<\/p>\n<\/li>\n<\/ol>\n<p data-start=\"3543\" data-end=\"3847\">\n","protected":false},"excerpt":{"rendered":"<p data-start=\"88\" data-end=\"171\"><strong data-start=\"110\" data-end=\"169\">Tranexaanhape ja arbutiin n\u00e4htava heledamuse efektiga<\/strong><\/p>\n<p data-start=\"173\" data-end=\"396\"><strong data-start=\"173\" data-end=\"200\">Aktiivsed koostisosad:<\/strong> Koji\u00adhape, kudzu (Pueraria lobata), tranexaanhape, \u03b1-arbutiin.<br \/>\n<strong data-start=\"306\" data-end=\"320\">Tulemused:<\/strong> Pigmandilaikude v\u00e4henemine ja\/v\u00f5i kadumine.<\/p>\n<p data-start=\"398\" data-end=\"420\"><strong data-start=\"398\" data-end=\"418\">1 karp sisaldab:<\/strong><\/p>\n<ul data-start=\"421\" data-end=\"781\">\n<li data-start=\"421\" data-end=\"502\">\n<p data-start=\"423\" data-end=\"502\">4 \u00d7 Spongilla Spicula 99% purki (0,3 g)<\/p>\n<\/li>\n<li data-start=\"503\" data-end=\"582\">\n<p data-start=\"505\" data-end=\"582\">4 \u00d7 Hyper Serum pipetiotsikuga (3 ml)<\/p>\n<\/li>\n<li data-start=\"583\" data-end=\"647\">\n<p data-start=\"585\" data-end=\"647\">1 \u00d7 Soox Serum (30 ml)<\/p>\n<\/li>\n<li data-start=\"648\" data-end=\"707\">\n<p data-start=\"650\" data-end=\"707\">4 \u00d7 silikoonmaski<\/p>\n<\/li>\n<li data-start=\"708\" data-end=\"781\">\n<p data-start=\"710\" data-end=\"781\">24 \u00d7 Hyper Serum ampulli (4 ml)<\/p>\n<\/li>\n<\/ul>\n","protected":false},"featured_media":7209,"comment_status":"closed","ping_status":"closed","template":"","meta":{"_uag_custom_page_level_css":"","site-sidebar-layout":"default","site-content-layout":"","ast-site-content-layout":"default","site-content-style":"default","site-sidebar-style":"default","ast-global-header-display":"","ast-banner-title-visibility":"","ast-main-header-display":"","ast-hfb-above-header-display":"","ast-hfb-below-header-display":"","ast-hfb-mobile-header-display":"","site-post-title":"","ast-breadcrumbs-content":"","ast-featured-img":"","footer-sml-layout":"","ast-disable-related-posts":"","theme-transparent-header-meta":"default","adv-header-id-meta":"","stick-header-meta":"","header-above-stick-meta":"","header-main-stick-meta":"","header-below-stick-meta":"","astra-migrate-meta-layouts":"set","ast-page-background-enabled":"default","ast-page-background-meta":{"desktop":{"background-color":"var(--ast-global-color-4)","background-image":"","background-repeat":"repeat","background-position":"center center","background-size":"auto","background-attachment":"scroll","background-type":"","background-media":"","overlay-type":"","overlay-color":"","overlay-opacity":"","overlay-gradient":""},"tablet":{"background-color":"","background-image":"","background-repeat":"repeat","background-position":"center center","background-size":"auto","background-attachment":"scroll","background-type":"","background-media":"","overlay-type":"","overlay-color":"","overlay-opacity":"","overlay-gradient":""},"mobile":{"background-color":"","background-image":"","background-repeat":"repeat","background-position":"center center","background-size":"auto","background-attachment":"scroll","background-type":"","background-media":"","overlay-type":"","overlay-color":"","overlay-opacity":"","overlay-gradient":""}},"ast-content-background-meta":{"desktop":{"background-color":"var(--ast-global-color-5)","background-image":"","background-repeat":"repeat","background-position":"center center","background-size":"auto","background-attachment":"scroll","background-type":"","background-media":"","overlay-type":"","overlay-color":"","overlay-opacity":"","overlay-gradient":""},"tablet":{"background-color":"var(--ast-global-color-5)","background-image":"","background-repeat":"repeat","background-position":"center center","background-size":"auto","background-attachment":"scroll","background-type":"","background-media":"","overlay-type":"","overlay-color":"","overlay-opacity":"","overlay-gradient":""},"mobile":{"background-color":"var(--ast-global-color-5)","background-image":"","background-repeat":"repeat","background-position":"center center","background-size":"auto","background-attachment":"scroll","background-type":"","background-media":"","overlay-type":"","overlay-color":"","overlay-opacity":"","overlay-gradient":""}}},"product_brand":[],"product_cat":[117,126,97],"product_tag":[],"class_list":{"0":"post-7213","1":"product","2":"type-product","3":"status-publish","4":"has-post-thumbnail","6":"product_cat-bundles","7":"product_cat-mesotech","8":"product_cat-naole","9":"desktop-align-left","10":"tablet-align-left","11":"mobile-align-left","13":"first","14":"instock","15":"taxable","16":"shipping-taxable","17":"product-type-simple","18":"add-to-wishlist-before_image"},"uagb_featured_image_src":{"full":["https:\/\/kosmeetika24.com\/wp-content\/uploads\/2025\/11\/idealskin-spongilla-spicula-hyper.jpg",1000,1000,false],"thumbnail":["https:\/\/kosmeetika24.com\/wp-content\/uploads\/2025\/11\/idealskin-spongilla-spicula-hyper-150x150.jpg",150,150,true],"medium":["https:\/\/kosmeetika24.com\/wp-content\/uploads\/2025\/11\/idealskin-spongilla-spicula-hyper-300x300.jpg",300,300,true],"medium_large":["https:\/\/kosmeetika24.com\/wp-content\/uploads\/2025\/11\/idealskin-spongilla-spicula-hyper-768x768.jpg",768,768,true],"large":["https:\/\/kosmeetika24.com\/wp-content\/uploads\/2025\/11\/idealskin-spongilla-spicula-hyper.jpg",1000,1000,false],"1536x1536":["https:\/\/kosmeetika24.com\/wp-content\/uploads\/2025\/11\/idealskin-spongilla-spicula-hyper.jpg",1000,1000,false],"2048x2048":["https:\/\/kosmeetika24.com\/wp-content\/uploads\/2025\/11\/idealskin-spongilla-spicula-hyper.jpg",1000,1000,false],"trp-custom-language-flag":["https:\/\/kosmeetika24.com\/wp-content\/uploads\/2025\/11\/idealskin-spongilla-spicula-hyper-12x12.jpg",12,12,true],"woocommerce_thumbnail":["https:\/\/kosmeetika24.com\/wp-content\/uploads\/2025\/11\/idealskin-spongilla-spicula-hyper-300x300.jpg",300,300,true],"woocommerce_single":["https:\/\/kosmeetika24.com\/wp-content\/uploads\/2025\/11\/idealskin-spongilla-spicula-hyper-500x500.jpg",500,500,true],"woocommerce_gallery_thumbnail":["https:\/\/kosmeetika24.com\/wp-content\/uploads\/2025\/11\/idealskin-spongilla-spicula-hyper-100x100.jpg",100,100,true]},"uagb_author_info":{"display_name":"admin","author_link":"https:\/\/kosmeetika24.com\/et\/author\/"},"uagb_comment_info":0,"uagb_excerpt":"Tranexaanhape ja arbutiin n\u00e4htava heledamuse efektiga Aktiivsed koostisosad: Koji\u00adhape, kudzu (Pueraria lobata), tranexaanhape, \u03b1-arbutiin. Tulemused: Pigmandilaikude v\u00e4henemine ja\/v\u00f5i kadumine. 1 karp sisaldab: 4 \u00d7 Spongilla Spicula 99% purki (0,3 g) 4 \u00d7 Hyper Serum pipetiotsikuga (3 ml) 1 \u00d7 Soox Serum (30 ml) 4 \u00d7 silikoonmaski 24 \u00d7 Hyper Serum ampulli (4 ml)","_links":{"self":[{"href":"https:\/\/kosmeetika24.com\/et\/wp-json\/wp\/v2\/product\/7213","targetHints":{"allow":["GET"]}}],"collection":[{"href":"https:\/\/kosmeetika24.com\/et\/wp-json\/wp\/v2\/product"}],"about":[{"href":"https:\/\/kosmeetika24.com\/et\/wp-json\/wp\/v2\/types\/product"}],"replies":[{"embeddable":true,"href":"https:\/\/kosmeetika24.com\/et\/wp-json\/wp\/v2\/comments?post=7213"}],"version-history":[{"count":2,"href":"https:\/\/kosmeetika24.com\/et\/wp-json\/wp\/v2\/product\/7213\/revisions"}],"predecessor-version":[{"id":7215,"href":"https:\/\/kosmeetika24.com\/et\/wp-json\/wp\/v2\/product\/7213\/revisions\/7215"}],"wp:featuredmedia":[{"embeddable":true,"href":"https:\/\/kosmeetika24.com\/et\/wp-json\/wp\/v2\/media\/7209"}],"wp:attachment":[{"href":"https:\/\/kosmeetika24.com\/et\/wp-json\/wp\/v2\/media?parent=7213"}],"wp:term":[{"taxonomy":"product_brand","embeddable":true,"href":"https:\/\/kosmeetika24.com\/et\/wp-json\/wp\/v2\/product_brand?post=7213"},{"taxonomy":"product_cat","embeddable":true,"href":"https:\/\/kosmeetika24.com\/et\/wp-json\/wp\/v2\/product_cat?post=7213"},{"taxonomy":"product_tag","embeddable":true,"href":"https:\/\/kosmeetika24.com\/et\/wp-json\/wp\/v2\/product_tag?post=7213"}],"curies":[{"name":"wp","href":"https:\/\/api.w.org\/{rel}","templated":true}]}}