{"id":7211,"date":"2025-11-12T12:53:35","date_gmt":"2025-11-12T09:53:35","guid":{"rendered":"https:\/\/kosmeetika24.com\/?post_type=product&#038;p=7211"},"modified":"2026-01-22T14:08:47","modified_gmt":"2026-01-22T11:08:47","slug":"mesotech-idealskin-active","status":"publish","type":"product","link":"https:\/\/kosmeetika24.com\/et\/toode\/mesotech-idealskin-active\/","title":{"rendered":"MesoTech Idealskin Active"},"content":{"rendered":"<p data-start=\"581\" data-end=\"1016\">See on l\u00e4bimurdeline ja k\u00f5rge tulemuslikkusega iluprotokoll, mis p\u00f5hineb Spongilla spiculitel \u2014 100% looduslik koostisosa, 99% puhtusastmega, magevete samblikest ekstraheeritud. Arendatud spetsiaalselt rasusele ja aknele kalduvale nahale, pakkudes rasueritust reguleerivat ja tasakaalustavat toimet. Toime tuleneb koostisosade s\u00fcnergiast: salits\u00fc\u00fclhape, suktsiinhape ja niatsiinamiid, k\u00f5ik tuntud oma v\u00f5ime t\u00f5ttu reguleerida rasueritust.<\/p>\n<p data-start=\"1018\" data-end=\"1053\"><strong data-start=\"1018\" data-end=\"1051\">Komplektis sisalduvad tooted:<\/strong><\/p>\n<ul data-start=\"1054\" data-end=\"2350\">\n<li data-start=\"1054\" data-end=\"1530\">\n<p data-start=\"1056\" data-end=\"1530\">Spongilla Spicula 99%: Mikrostruktuurid, mis koosnevad ~95% pii\u00adga (silica), kujult mikroskoopilised n\u00f5elad, mis stimuleerivad rakkude uuenemist ja suurendavad kollageeni tootmist. Spikulid on ligikaudu 10 \u00b5m l\u00e4bim\u00f5\u00f5duga ja 200-250 \u00b5m pikkused. Manuaalne massaa\u017e nende abil kiirendab rakkude uuenemist, suurendab kollageeni ja elastiini s\u00fcnteesi ning parandab seerumi aktiivsete ainete imendumist. Nende kooriv efekt on otseselt proportsionaalne nende kontsentratsiooniga.<\/p>\n<\/li>\n<li data-start=\"1531\" data-end=\"1940\">\n<p data-start=\"1533\" data-end=\"1940\">Active Serum: Sihtseerum sisaldab: salits\u00fc\u00fclhapet \u2013 antibakteriaalne ja rasu\u00adreguleeriv toime; suktsiinhapet \u2013 keratol\u00fc\u00fctiline ja antibakteriaalne toime; niatsiinamiidi \u2013 aitab v\u00e4hendada liigset rasu tootmist, v\u00e4hendab suurenenud pooride n\u00e4htavust ja parandab naha tasakaalu; traneksaamhape (tranexamic acid) \u2013 efektiivne aknega seotud h\u00fcperpigmentatsiooni v\u00e4hendamisel, pidurdades melaniini liigset tootmist.<\/p>\n<\/li>\n<li data-start=\"1941\" data-end=\"2350\">\n<p data-start=\"1943\" data-end=\"2350\">Soox Serum: Rahustav n\u00e4oseerum, millel on suur aloe vera kontsentratsioon ja mis sisaldab rahustavaid ning reparatiivseid koostisosasid, sealhulgas probiootikume ning taimseid ekstrakte: Centella, roheline tee, rosmariin ja kummel. Rikastatud naatriumh\u00fcaluroonaadiga, allantoiiniga ja pantenooliga, see aitab niisutada, rahustada ning v\u00e4hendada naha tundlikkust ja punetust ning s\u00e4ilitada naha mikrobiota.<\/p>\n<\/li>\n<\/ul>\n<p data-start=\"2352\" data-end=\"2370\"><strong data-start=\"2352\" data-end=\"2368\">Kasutusviis:<\/strong><\/p>\n<ol data-start=\"2371\" data-end=\"3429\">\n<li data-start=\"2371\" data-end=\"2428\">\n<p data-start=\"2374\" data-end=\"2428\">Eemalda meik ja puhasta ala.<\/p>\n<\/li>\n<li data-start=\"2429\" data-end=\"2535\">\n<p data-start=\"2432\" data-end=\"2535\">Vala Active Serum purki, mis sisaldab Spongilla Spicula 99%, sulge purk ning loksuta umbes 1 minutit.<\/p>\n<\/li>\n<li data-start=\"2536\" data-end=\"2738\">\n<p data-start=\"2539\" data-end=\"2738\">Pipeti abil kanna sobiv kogus Active Serumit sihitud piirkonnale. Patsuta \u00f5rnalt s\u00f5rmeotstega, rakendades kerget survet kuni t\u00e4ieliku imendumiseni (umbes 2-5 minutit, s\u00f5ltuvalt t\u00f6\u00f6deldavast alast).<\/p>\n<\/li>\n<li data-start=\"2739\" data-end=\"2847\">\n<p data-start=\"2742\" data-end=\"2847\">10 minuti p\u00e4rast kanna rikkalik kiht (umbes 5 ml) Soox Serumit ja paiguta silikoonmask t\u00f6\u00f6deldud alale.<\/p>\n<\/li>\n<li data-start=\"2848\" data-end=\"3209\">\n<p data-start=\"2851\" data-end=\"3209\">T\u00e4iendava jahutava ja rahustava efekti saavutamiseks k\u00fclmuta silikoonmask 10 minutit enne kasutamist. Aseta mask, kinnitades silmused k\u00f5rvade taha, et tagada \u00fchtlane katvus. Lase m\u00f5juda 15-20 minutit, seej\u00e4rel eemalda. Pese hoolikalt mask ja kuivata puhta lapiga. Hoia mask eemal soojusallikatest. Mask on taaskasutatav, kuid m\u00f5eldud \u00fche patsiendi jaoks.<\/p>\n<\/li>\n<li data-start=\"3210\" data-end=\"3429\">\n<p data-start=\"3213\" data-end=\"3429\">Alates kolmandast p\u00e4evast p\u00e4rast protseduuri kasuta iga p\u00e4ev \u00fche ampulli Active Serumit kuni see on t\u00e4ielikult imendunud. Soovitatav on j\u00e4rgmise 20 p\u00e4eva jooksul kasutada k\u00f5rge kaitsega p\u00e4ikesekaitsekreemi SPF 50+.<\/p>\n<\/li>\n<\/ol>\n","protected":false},"excerpt":{"rendered":"<p data-start=\"97\" data-end=\"222\"><strong data-start=\"120\" data-end=\"220\">Aknele kalduvale nahale \u2014 reguleerib rasu ja v\u00e4hendab plekke, tagades siledama ja \u00fchtlasema naha<\/strong><\/p>\n<p data-start=\"224\" data-end=\"388\"><strong data-start=\"224\" data-end=\"238\">N\u00e4idustus:<\/strong> Aknele kalduv nahk<br data-start=\"257\" data-end=\"260\" \/><strong data-start=\"260\" data-end=\"272\">Tegijad:<\/strong> Salits\u00fc\u00fclhape, tranehappe (tranexamic acid), suktsiinhape, niatsiinamiid<br data-start=\"345\" data-end=\"348\" \/><strong data-start=\"348\" data-end=\"362\">Tulemused:<\/strong> Parandab naha tekstuuri<\/p>\n<p data-start=\"390\" data-end=\"412\"><strong data-start=\"390\" data-end=\"410\">1 karp sisaldab:<\/strong><\/p>\n<ul data-start=\"413\" data-end=\"579\">\n<li data-start=\"413\" data-end=\"456\">\n<p data-start=\"415\" data-end=\"456\">4 \u00d7 Spongilla Spicula 99% purki (0,3 g)<\/p>\n<\/li>\n<li data-start=\"457\" data-end=\"493\">\n<p data-start=\"459\" data-end=\"493\">4 \u00d7 Active Serum pipetiga (3 ml)<\/p>\n<\/li>\n<li data-start=\"494\" data-end=\"520\">\n<p data-start=\"496\" data-end=\"520\">1 \u00d7 Soox Serum (30 ml)<\/p>\n<\/li>\n<li data-start=\"521\" data-end=\"542\">\n<p data-start=\"523\" data-end=\"542\">4 \u00d7 silikoonmaski<\/p>\n<\/li>\n<li data-start=\"543\" data-end=\"579\">\n<p data-start=\"545\" data-end=\"579\">24 \u00d7 Active Serum ampulli (4 ml)<\/p>\n<\/li>\n<\/ul>\n","protected":false},"featured_media":7207,"comment_status":"closed","ping_status":"closed","template":"","meta":{"_uag_custom_page_level_css":"","site-sidebar-layout":"default","site-content-layout":"","ast-site-content-layout":"default","site-content-style":"default","site-sidebar-style":"default","ast-global-header-display":"","ast-banner-title-visibility":"","ast-main-header-display":"","ast-hfb-above-header-display":"","ast-hfb-below-header-display":"","ast-hfb-mobile-header-display":"","site-post-title":"","ast-breadcrumbs-content":"","ast-featured-img":"","footer-sml-layout":"","ast-disable-related-posts":"","theme-transparent-header-meta":"default","adv-header-id-meta":"","stick-header-meta":"","header-above-stick-meta":"","header-main-stick-meta":"","header-below-stick-meta":"","astra-migrate-meta-layouts":"set","ast-page-background-enabled":"default","ast-page-background-meta":{"desktop":{"background-color":"var(--ast-global-color-4)","background-image":"","background-repeat":"repeat","background-position":"center center","background-size":"auto","background-attachment":"scroll","background-type":"","background-media":"","overlay-type":"","overlay-color":"","overlay-opacity":"","overlay-gradient":""},"tablet":{"background-color":"","background-image":"","background-repeat":"repeat","background-position":"center center","background-size":"auto","background-attachment":"scroll","background-type":"","background-media":"","overlay-type":"","overlay-color":"","overlay-opacity":"","overlay-gradient":""},"mobile":{"background-color":"","background-image":"","background-repeat":"repeat","background-position":"center center","background-size":"auto","background-attachment":"scroll","background-type":"","background-media":"","overlay-type":"","overlay-color":"","overlay-opacity":"","overlay-gradient":""}},"ast-content-background-meta":{"desktop":{"background-color":"var(--ast-global-color-5)","background-image":"","background-repeat":"repeat","background-position":"center center","background-size":"auto","background-attachment":"scroll","background-type":"","background-media":"","overlay-type":"","overlay-color":"","overlay-opacity":"","overlay-gradient":""},"tablet":{"background-color":"var(--ast-global-color-5)","background-image":"","background-repeat":"repeat","background-position":"center center","background-size":"auto","background-attachment":"scroll","background-type":"","background-media":"","overlay-type":"","overlay-color":"","overlay-opacity":"","overlay-gradient":""},"mobile":{"background-color":"var(--ast-global-color-5)","background-image":"","background-repeat":"repeat","background-position":"center center","background-size":"auto","background-attachment":"scroll","background-type":"","background-media":"","overlay-type":"","overlay-color":"","overlay-opacity":"","overlay-gradient":""}}},"product_brand":[],"product_cat":[117,126,97],"product_tag":[],"class_list":{"0":"post-7211","1":"product","2":"type-product","3":"status-publish","4":"has-post-thumbnail","6":"product_cat-bundles","7":"product_cat-mesotech","8":"product_cat-naole","9":"desktop-align-left","10":"tablet-align-left","11":"mobile-align-left","13":"first","14":"instock","15":"taxable","16":"shipping-taxable","17":"product-type-simple","18":"add-to-wishlist-before_image"},"uagb_featured_image_src":{"full":["https:\/\/kosmeetika24.com\/wp-content\/uploads\/2025\/11\/idealskin-spongilla-spicula-active.jpg",1000,1000,false],"thumbnail":["https:\/\/kosmeetika24.com\/wp-content\/uploads\/2025\/11\/idealskin-spongilla-spicula-active-150x150.jpg",150,150,true],"medium":["https:\/\/kosmeetika24.com\/wp-content\/uploads\/2025\/11\/idealskin-spongilla-spicula-active-300x300.jpg",300,300,true],"medium_large":["https:\/\/kosmeetika24.com\/wp-content\/uploads\/2025\/11\/idealskin-spongilla-spicula-active-768x768.jpg",768,768,true],"large":["https:\/\/kosmeetika24.com\/wp-content\/uploads\/2025\/11\/idealskin-spongilla-spicula-active.jpg",1000,1000,false],"1536x1536":["https:\/\/kosmeetika24.com\/wp-content\/uploads\/2025\/11\/idealskin-spongilla-spicula-active.jpg",1000,1000,false],"2048x2048":["https:\/\/kosmeetika24.com\/wp-content\/uploads\/2025\/11\/idealskin-spongilla-spicula-active.jpg",1000,1000,false],"trp-custom-language-flag":["https:\/\/kosmeetika24.com\/wp-content\/uploads\/2025\/11\/idealskin-spongilla-spicula-active-12x12.jpg",12,12,true],"woocommerce_thumbnail":["https:\/\/kosmeetika24.com\/wp-content\/uploads\/2025\/11\/idealskin-spongilla-spicula-active-300x300.jpg",300,300,true],"woocommerce_single":["https:\/\/kosmeetika24.com\/wp-content\/uploads\/2025\/11\/idealskin-spongilla-spicula-active-500x500.jpg",500,500,true],"woocommerce_gallery_thumbnail":["https:\/\/kosmeetika24.com\/wp-content\/uploads\/2025\/11\/idealskin-spongilla-spicula-active-100x100.jpg",100,100,true]},"uagb_author_info":{"display_name":"admin","author_link":"https:\/\/kosmeetika24.com\/et\/author\/"},"uagb_comment_info":0,"uagb_excerpt":"Aknele kalduvale nahale \u2014 reguleerib rasu ja v\u00e4hendab plekke, tagades siledama ja \u00fchtlasema naha N\u00e4idustus: Aknele kalduv nahkTegijad: Salits\u00fc\u00fclhape, tranehappe (tranexamic acid), suktsiinhape, niatsiinamiidTulemused: Parandab naha tekstuuri 1 karp sisaldab: 4 \u00d7 Spongilla Spicula 99% purki (0,3 g) 4 \u00d7 Active Serum pipetiga (3 ml) 1 \u00d7 Soox Serum (30 ml) 4 \u00d7 silikoonmaski 24&hellip;","_links":{"self":[{"href":"https:\/\/kosmeetika24.com\/et\/wp-json\/wp\/v2\/product\/7211","targetHints":{"allow":["GET"]}}],"collection":[{"href":"https:\/\/kosmeetika24.com\/et\/wp-json\/wp\/v2\/product"}],"about":[{"href":"https:\/\/kosmeetika24.com\/et\/wp-json\/wp\/v2\/types\/product"}],"replies":[{"embeddable":true,"href":"https:\/\/kosmeetika24.com\/et\/wp-json\/wp\/v2\/comments?post=7211"}],"version-history":[{"count":2,"href":"https:\/\/kosmeetika24.com\/et\/wp-json\/wp\/v2\/product\/7211\/revisions"}],"predecessor-version":[{"id":7216,"href":"https:\/\/kosmeetika24.com\/et\/wp-json\/wp\/v2\/product\/7211\/revisions\/7216"}],"wp:featuredmedia":[{"embeddable":true,"href":"https:\/\/kosmeetika24.com\/et\/wp-json\/wp\/v2\/media\/7207"}],"wp:attachment":[{"href":"https:\/\/kosmeetika24.com\/et\/wp-json\/wp\/v2\/media?parent=7211"}],"wp:term":[{"taxonomy":"product_brand","embeddable":true,"href":"https:\/\/kosmeetika24.com\/et\/wp-json\/wp\/v2\/product_brand?post=7211"},{"taxonomy":"product_cat","embeddable":true,"href":"https:\/\/kosmeetika24.com\/et\/wp-json\/wp\/v2\/product_cat?post=7211"},{"taxonomy":"product_tag","embeddable":true,"href":"https:\/\/kosmeetika24.com\/et\/wp-json\/wp\/v2\/product_tag?post=7211"}],"curies":[{"name":"wp","href":"https:\/\/api.w.org\/{rel}","templated":true}]}}