{"id":7194,"date":"2025-11-06T14:39:43","date_gmt":"2025-11-06T11:39:43","guid":{"rendered":"https:\/\/kosmeetika24.com\/?post_type=product&#038;p=7194"},"modified":"2026-01-12T12:12:22","modified_gmt":"2026-01-12T09:12:22","slug":"dalton-extreme-lift-anti-wrinkle-eye-cream","status":"publish","type":"product","link":"https:\/\/kosmeetika24.com\/et\/toode\/dalton-extreme-lift-anti-wrinkle-eye-cream\/","title":{"rendered":"Dalton \u2013 Extreme Lift \u2013 Anti-Wrinkle Eye Cream"},"content":{"rendered":"<p><b>Kasutamine:<\/b><b><br \/>\n<\/b>Kandke hommikul ja \u00f5htul p\u00e4rast puhastamist v\u00f5i vastavalt vajadusele. Tupsutage \u00f5rnalt nahale.<\/p>\n<p><b>N\u00e4pun\u00e4ide<\/b><b><br \/>\n<\/b>Silmakreemi v\u00f5ib kasutada ka huulekontuuril, et v\u00e4hendada vertikaalsete joonte ja kortsude n\u00e4htavust. Kliinilised uuringud kinnitavad, et kreem v\u00e4hendab nn. triipkortsusid (tuntud ka kui suitsetajakortsud) 18% v\u00f5rra juba 28 p\u00e4evaga!**<\/p>\n<p>Silma\u00fcmbrus on n\u00e4o k\u00f5ige ilmekam piirkond. Aja jooksul kujunevad miimikast naerukurrud ja \u201ckanavarbad\u201d, kuid \u00e4rge muretsege! See kortsudevastane silmakreem t\u00e4idab oma lubaduse: see ennetab peente joonte ja kanavarvaste teket ning annab juba esimesel kasutuskorral kohese kortsude silumise ja naha\u00a0t\u00e4idlustunde.<\/p>\n<p>K\u00f5ik see on v\u00f5imalik t\u00e4nu kahele v\u00f5tmekoostisosale:<br \/>\n<b>Jamb\u00fa ekstrakt<\/b>\u00a0\u2013 taimne toimeaine, mis l\u00f5dvestab silma\u00fcmbruse lihaseid, aeglustades ja ennetades miimikakortsude teket.<br \/>\n<b>Unikaalne Celumer Mereline Ekstrakt<\/b>\u00a0\u2013 transpordib toimeained s\u00fcgavamatesse nahakihtidesse ning pakub pikaajalist vananemisvastast m\u00f5ju.<\/p>\n<p>Niisutav\u00a0<b>h\u00fcaluroonhape<\/b>\u00a0silub kuivusest p\u00f5hjustatud kortse ning\u00a0<b>p\u00e4evalilleekstrakt<\/b>\u00a0parandab naha elastsust.<\/p>\n<p><i>Testimeetod:<\/i>\u00a0Katse viidi l\u00e4bi n\u00e4rvi-lihaskoekultuuril, lugedes lihaskontraktsioone. Uuring viidi l\u00e4bi in vitro.<\/p>\n<p><strong>KOOSTIS:<\/strong><br \/>\nAqua\/Water, Propylene Glycol, Pentylene Glycol, Oleyl Erucate, Caprylic\/Capric Triglyceride, Glyceryl Stearate, Myristyl Alcohol, PEG-100 Stearate, Propanediol, HDI\/Trimethylol Hexyllactone Crosspolymer, Maris Aqua\/Sea Water, Spirulina Maxima Extract, Algae Extract\/Alaria Esculenta Extract, Maris Limus Extract\/Sea Silt Extract, Saccharide Isomerate, Ostrea Shell Extract\/Oyster Shell Extract, Caviar Extract, Acmella Oleracea Extract, Sodium Hyaluronate, Helianthus Annuus (Sunflower) Seed Oil, Caesalpinia Spinosa Fruit Extract, Silica, Tocopherol, Carbomer, Sodium Hydroxide, Silica Dimethyl Silylate, Butylene Glycol, Phenoxyethanol, Kappaphycus Alvarezii Extract, Atelocollagen, Sodium Chondroitin Sulfate, Hydrogenated Palm Glycerides Citrate, Potassium Sorbate, Pentaerythrityl Tetraisostearate, Parfum\/Fragrance<\/p>\n","protected":false},"excerpt":{"rendered":"<div class=\"woocommerce-product-details__short-description\">\n<p>Koheselt pinguldav silmakreem miimikakortsude v\u00e4hendamiseks 15ml<\/p>\n<p>Koheselt pinguldab s\u00fcgavaid kortse<br \/>\nSisaldab jamb\u00fa ekstrakti \u2013 looduslik alternatiiv Botoxile<br \/>\nUuring kinnitab n\u00e4htavat kortsude v\u00e4henemist enam kui 24 tunniks*<br \/>\nH\u00fcaluroonhape silub kuivusest tingitud peeneid jooni<br \/>\nSobib ka \u00fclahuule kortsude silumiseks<\/p>\n<\/div>\n<div class=\"yith-wcwl-add-to-wishlist add-to-wishlist-9625 yith-wcwl-add-to-wishlist--button_default-style yith-wcwl-add-to-wishlist--single wishlist-fragment on-first-load\" data-fragment-ref=\"9625\" data-fragment-options=\"{&quot;base_url&quot;:&quot;&quot;,&quot;product_id&quot;:9625,&quot;parent_product_id&quot;:0,&quot;product_type&quot;:&quot;simple&quot;,&quot;is_single&quot;:true,&quot;in_default_wishlist&quot;:false,&quot;show_view&quot;:false,&quot;browse_wishlist_text&quot;:&quot;Vaata soovikorvi&quot;,&quot;already_in_wishslist_text&quot;:&quot;See toode on juba soovikorvis!&quot;,&quot;product_added_text&quot;:&quot;Toode lisati soovikorvi!&quot;,&quot;available_multi_wishlist&quot;:false,&quot;disable_wishlist&quot;:false,&quot;show_count&quot;:false,&quot;ajax_loading&quot;:false,&quot;loop_position&quot;:&quot;before_image&quot;,&quot;item&quot;:&quot;add_to_wishlist&quot;}\">\n<div class=\"yith-wcwl-add-button\"><\/div>\n<\/div>\n","protected":false},"featured_media":7195,"comment_status":"closed","ping_status":"closed","template":"","meta":{"_uag_custom_page_level_css":"","site-sidebar-layout":"default","site-content-layout":"","ast-site-content-layout":"default","site-content-style":"default","site-sidebar-style":"default","ast-global-header-display":"","ast-banner-title-visibility":"","ast-main-header-display":"","ast-hfb-above-header-display":"","ast-hfb-below-header-display":"","ast-hfb-mobile-header-display":"","site-post-title":"","ast-breadcrumbs-content":"","ast-featured-img":"","footer-sml-layout":"","ast-disable-related-posts":"","theme-transparent-header-meta":"default","adv-header-id-meta":"","stick-header-meta":"","header-above-stick-meta":"","header-main-stick-meta":"","header-below-stick-meta":"","astra-migrate-meta-layouts":"set","ast-page-background-enabled":"default","ast-page-background-meta":{"desktop":{"background-color":"var(--ast-global-color-4)","background-image":"","background-repeat":"repeat","background-position":"center center","background-size":"auto","background-attachment":"scroll","background-type":"","background-media":"","overlay-type":"","overlay-color":"","overlay-opacity":"","overlay-gradient":""},"tablet":{"background-color":"","background-image":"","background-repeat":"repeat","background-position":"center center","background-size":"auto","background-attachment":"scroll","background-type":"","background-media":"","overlay-type":"","overlay-color":"","overlay-opacity":"","overlay-gradient":""},"mobile":{"background-color":"","background-image":"","background-repeat":"repeat","background-position":"center center","background-size":"auto","background-attachment":"scroll","background-type":"","background-media":"","overlay-type":"","overlay-color":"","overlay-opacity":"","overlay-gradient":""}},"ast-content-background-meta":{"desktop":{"background-color":"var(--ast-global-color-5)","background-image":"","background-repeat":"repeat","background-position":"center center","background-size":"auto","background-attachment":"scroll","background-type":"","background-media":"","overlay-type":"","overlay-color":"","overlay-opacity":"","overlay-gradient":""},"tablet":{"background-color":"var(--ast-global-color-5)","background-image":"","background-repeat":"repeat","background-position":"center center","background-size":"auto","background-attachment":"scroll","background-type":"","background-media":"","overlay-type":"","overlay-color":"","overlay-opacity":"","overlay-gradient":""},"mobile":{"background-color":"var(--ast-global-color-5)","background-image":"","background-repeat":"repeat","background-position":"center center","background-size":"auto","background-attachment":"scroll","background-type":"","background-media":"","overlay-type":"","overlay-color":"","overlay-opacity":"","overlay-gradient":""}}},"product_brand":[],"product_cat":[125,97],"product_tag":[],"class_list":{"0":"post-7194","1":"product","2":"type-product","3":"status-publish","4":"has-post-thumbnail","6":"product_cat-dalton","7":"product_cat-naole","8":"desktop-align-left","9":"tablet-align-left","10":"mobile-align-left","12":"first","13":"onbackorder","14":"taxable","15":"shipping-taxable","16":"product-type-simple","17":"add-to-wishlist-before_image"},"uagb_featured_image_src":{"full":["https:\/\/kosmeetika24.com\/wp-content\/uploads\/2025\/11\/6451750-extreme-lift-augencreme_1080x1080.avif",960,960,false],"thumbnail":["https:\/\/kosmeetika24.com\/wp-content\/uploads\/2025\/11\/6451750-extreme-lift-augencreme_1080x1080-150x150.avif",150,150,true],"medium":["https:\/\/kosmeetika24.com\/wp-content\/uploads\/2025\/11\/6451750-extreme-lift-augencreme_1080x1080-300x300.avif",300,300,true],"medium_large":["https:\/\/kosmeetika24.com\/wp-content\/uploads\/2025\/11\/6451750-extreme-lift-augencreme_1080x1080-768x768.avif",768,768,true],"large":["https:\/\/kosmeetika24.com\/wp-content\/uploads\/2025\/11\/6451750-extreme-lift-augencreme_1080x1080.avif",960,960,false],"1536x1536":["https:\/\/kosmeetika24.com\/wp-content\/uploads\/2025\/11\/6451750-extreme-lift-augencreme_1080x1080.avif",960,960,false],"2048x2048":["https:\/\/kosmeetika24.com\/wp-content\/uploads\/2025\/11\/6451750-extreme-lift-augencreme_1080x1080.avif",960,960,false],"trp-custom-language-flag":["https:\/\/kosmeetika24.com\/wp-content\/uploads\/2025\/11\/6451750-extreme-lift-augencreme_1080x1080-12x12.avif",12,12,true],"woocommerce_thumbnail":["https:\/\/kosmeetika24.com\/wp-content\/uploads\/2025\/11\/6451750-extreme-lift-augencreme_1080x1080-300x300.avif",300,300,true],"woocommerce_single":["https:\/\/kosmeetika24.com\/wp-content\/uploads\/2025\/11\/6451750-extreme-lift-augencreme_1080x1080-500x500.avif",500,500,true],"woocommerce_gallery_thumbnail":["https:\/\/kosmeetika24.com\/wp-content\/uploads\/2025\/11\/6451750-extreme-lift-augencreme_1080x1080-100x100.avif",100,100,true]},"uagb_author_info":{"display_name":"admin","author_link":"https:\/\/kosmeetika24.com\/et\/author\/"},"uagb_comment_info":0,"uagb_excerpt":"Koheselt pinguldav silmakreem miimikakortsude v\u00e4hendamiseks 15ml Koheselt pinguldab s\u00fcgavaid kortse Sisaldab jamb\u00fa ekstrakti \u2013 looduslik alternatiiv Botoxile Uuring kinnitab n\u00e4htavat kortsude v\u00e4henemist enam kui 24 tunniks* H\u00fcaluroonhape silub kuivusest tingitud peeneid jooni Sobib ka \u00fclahuule kortsude silumiseks","_links":{"self":[{"href":"https:\/\/kosmeetika24.com\/et\/wp-json\/wp\/v2\/product\/7194","targetHints":{"allow":["GET"]}}],"collection":[{"href":"https:\/\/kosmeetika24.com\/et\/wp-json\/wp\/v2\/product"}],"about":[{"href":"https:\/\/kosmeetika24.com\/et\/wp-json\/wp\/v2\/types\/product"}],"replies":[{"embeddable":true,"href":"https:\/\/kosmeetika24.com\/et\/wp-json\/wp\/v2\/comments?post=7194"}],"version-history":[{"count":1,"href":"https:\/\/kosmeetika24.com\/et\/wp-json\/wp\/v2\/product\/7194\/revisions"}],"predecessor-version":[{"id":7196,"href":"https:\/\/kosmeetika24.com\/et\/wp-json\/wp\/v2\/product\/7194\/revisions\/7196"}],"wp:featuredmedia":[{"embeddable":true,"href":"https:\/\/kosmeetika24.com\/et\/wp-json\/wp\/v2\/media\/7195"}],"wp:attachment":[{"href":"https:\/\/kosmeetika24.com\/et\/wp-json\/wp\/v2\/media?parent=7194"}],"wp:term":[{"taxonomy":"product_brand","embeddable":true,"href":"https:\/\/kosmeetika24.com\/et\/wp-json\/wp\/v2\/product_brand?post=7194"},{"taxonomy":"product_cat","embeddable":true,"href":"https:\/\/kosmeetika24.com\/et\/wp-json\/wp\/v2\/product_cat?post=7194"},{"taxonomy":"product_tag","embeddable":true,"href":"https:\/\/kosmeetika24.com\/et\/wp-json\/wp\/v2\/product_tag?post=7194"}],"curies":[{"name":"wp","href":"https:\/\/api.w.org\/{rel}","templated":true}]}}