{"id":7186,"date":"2025-11-06T14:32:16","date_gmt":"2025-11-06T11:32:16","guid":{"rendered":"https:\/\/kosmeetika24.com\/?post_type=product&#038;p=7186"},"modified":"2026-01-12T12:12:35","modified_gmt":"2026-01-12T09:12:35","slug":"dalton-deep-sea-men-performance-eye-roll-on","status":"publish","type":"product","link":"https:\/\/kosmeetika24.com\/et\/toode\/dalton-deep-sea-men-performance-eye-roll-on\/","title":{"rendered":"Dalton \u2013 Deep Sea \u2013 Men Performance \u2013 Eye Roll-on"},"content":{"rendered":"<p><strong>Kasutamine:<\/strong><\/p>\n<p>Kanna silmageel hommikul ja \u00f5htul enne niisutava kreemi kasutamist \u00f5rnalt silma\u00fcmbrusele ning patsuta kergelt nahka sisse.<\/p>\n<p><strong>Toote kirjeldus:<\/strong><\/p>\n<p>V\u00e4sinud silmad? Lisa oma hooldusrutiini t\u00f5hus silmarullik!<\/p>\n<p>Kerge ja v\u00e4rskendav\u00a0<em>Eye Roll-On<\/em>\u00a0sisaldab eksklusiivset\u00a0<em>Celumer Marine Extract\u2019i<\/em>, s\u00fcgavmerevett ja sinivetikaid \u2013 rikkalik segu mineraalidest ja mikroelementidest, mis niisutavad nahka s\u00fcgavuti ning siluvad kortse ja peeneid jooni.<\/p>\n<p>H\u00fcaluroonhape annab silma\u00fcmbrusele kauakestva niisutuse ja pinguldava efekti, samas kui jahutav roll-on aplikaator v\u00e4hendab koheselt tursed ja tumedaid silmaaluseid.<\/p>\n<p><strong>Tulemus<\/strong>:<br \/>\n\u00c4rkvel, v\u00e4rske ja nooruslik pilk \u2013 ilma kleepuva j\u00e4\u00e4gita!<\/p>\n<p><em>*Testi tulemused: Tarbijauuring, 40 osalejat, kasutamine kaks korda p\u00e4evas 21 p\u00e4eva jooksul.<\/em><\/p>\n<p><strong>KOOSTIS:<br \/>\n<\/strong>Aqua\/Water, Butylene Glycol, Glycerin, Polyglyceryl-4 Caprate, Hydrogenated Starch Hydrolysate, Sodium Pca, Maris Aqua\/Sea Water, Aphanizomenon Flos-Aquae Extract, Spirulina Maxima Extract, Algae Extract\/Alaria Esculenta Extract, Saccharide Isomerate, Caviar Extract, Ostrea Shell Extract\/Oyster Shell Extract, Maris Limus Extract\/Sea Silt Extract, Sodium Hyaluronate, Xanthan Gum, Carrageenan, Menthol, Sodium Hydroxide, Ethylhexylglycerin, Propylene Glycol, Potassium Sorbate, Phenoxyethanol, Caprylic \/ Capric Triglyceride, Tetrasodium Glutamate Diacetate, Menthyl Lactate, Citric Acid, Parfum\/Fragrance<\/p>\n","protected":false},"excerpt":{"rendered":"<p>Tursevastane vananemisvastane silmageel<\/p>\n<p>Jahutav efekt v\u00e4hendab silmaaluseid turseid<br \/>\nSilub kortse ja tumedaid silmaaluseid<br \/>\nKiiresti imenduv geeljas tekstuur<br \/>\nS\u00fcgavmerevesi ja sinivetikad niisutavad \u00f5rna silma\u00fcmbrust<br \/>\n68% kasutajatest tundsid kohest v\u00e4rskendavat efekti*<\/p>\n","protected":false},"featured_media":7189,"comment_status":"closed","ping_status":"closed","template":"","meta":{"_uag_custom_page_level_css":"","site-sidebar-layout":"default","site-content-layout":"","ast-site-content-layout":"default","site-content-style":"default","site-sidebar-style":"default","ast-global-header-display":"","ast-banner-title-visibility":"","ast-main-header-display":"","ast-hfb-above-header-display":"","ast-hfb-below-header-display":"","ast-hfb-mobile-header-display":"","site-post-title":"","ast-breadcrumbs-content":"","ast-featured-img":"","footer-sml-layout":"","ast-disable-related-posts":"","theme-transparent-header-meta":"default","adv-header-id-meta":"","stick-header-meta":"","header-above-stick-meta":"","header-main-stick-meta":"","header-below-stick-meta":"","astra-migrate-meta-layouts":"set","ast-page-background-enabled":"default","ast-page-background-meta":{"desktop":{"background-color":"var(--ast-global-color-4)","background-image":"","background-repeat":"repeat","background-position":"center center","background-size":"auto","background-attachment":"scroll","background-type":"","background-media":"","overlay-type":"","overlay-color":"","overlay-opacity":"","overlay-gradient":""},"tablet":{"background-color":"","background-image":"","background-repeat":"repeat","background-position":"center center","background-size":"auto","background-attachment":"scroll","background-type":"","background-media":"","overlay-type":"","overlay-color":"","overlay-opacity":"","overlay-gradient":""},"mobile":{"background-color":"","background-image":"","background-repeat":"repeat","background-position":"center center","background-size":"auto","background-attachment":"scroll","background-type":"","background-media":"","overlay-type":"","overlay-color":"","overlay-opacity":"","overlay-gradient":""}},"ast-content-background-meta":{"desktop":{"background-color":"var(--ast-global-color-5)","background-image":"","background-repeat":"repeat","background-position":"center center","background-size":"auto","background-attachment":"scroll","background-type":"","background-media":"","overlay-type":"","overlay-color":"","overlay-opacity":"","overlay-gradient":""},"tablet":{"background-color":"var(--ast-global-color-5)","background-image":"","background-repeat":"repeat","background-position":"center center","background-size":"auto","background-attachment":"scroll","background-type":"","background-media":"","overlay-type":"","overlay-color":"","overlay-opacity":"","overlay-gradient":""},"mobile":{"background-color":"var(--ast-global-color-5)","background-image":"","background-repeat":"repeat","background-position":"center center","background-size":"auto","background-attachment":"scroll","background-type":"","background-media":"","overlay-type":"","overlay-color":"","overlay-opacity":"","overlay-gradient":""}}},"product_brand":[],"product_cat":[125,97],"product_tag":[],"class_list":{"0":"post-7186","1":"product","2":"type-product","3":"status-publish","4":"has-post-thumbnail","6":"product_cat-dalton","7":"product_cat-naole","8":"desktop-align-left","9":"tablet-align-left","10":"mobile-align-left","12":"first","13":"onbackorder","14":"taxable","15":"shipping-taxable","16":"product-type-simple","17":"add-to-wishlist-before_image"},"uagb_featured_image_src":{"full":["https:\/\/kosmeetika24.com\/wp-content\/uploads\/2025\/11\/4054621830092.webp",540,540,false],"thumbnail":["https:\/\/kosmeetika24.com\/wp-content\/uploads\/2025\/11\/4054621830092-150x150.webp",150,150,true],"medium":["https:\/\/kosmeetika24.com\/wp-content\/uploads\/2025\/11\/4054621830092-300x300.webp",300,300,true],"medium_large":["https:\/\/kosmeetika24.com\/wp-content\/uploads\/2025\/11\/4054621830092.webp",540,540,false],"large":["https:\/\/kosmeetika24.com\/wp-content\/uploads\/2025\/11\/4054621830092.webp",540,540,false],"1536x1536":["https:\/\/kosmeetika24.com\/wp-content\/uploads\/2025\/11\/4054621830092.webp",540,540,false],"2048x2048":["https:\/\/kosmeetika24.com\/wp-content\/uploads\/2025\/11\/4054621830092.webp",540,540,false],"trp-custom-language-flag":["https:\/\/kosmeetika24.com\/wp-content\/uploads\/2025\/11\/4054621830092-12x12.webp",12,12,true],"woocommerce_thumbnail":["https:\/\/kosmeetika24.com\/wp-content\/uploads\/2025\/11\/4054621830092-300x300.webp",300,300,true],"woocommerce_single":["https:\/\/kosmeetika24.com\/wp-content\/uploads\/2025\/11\/4054621830092-500x500.webp",500,500,true],"woocommerce_gallery_thumbnail":["https:\/\/kosmeetika24.com\/wp-content\/uploads\/2025\/11\/4054621830092-100x100.webp",100,100,true]},"uagb_author_info":{"display_name":"admin","author_link":"https:\/\/kosmeetika24.com\/et\/author\/"},"uagb_comment_info":0,"uagb_excerpt":"Tursevastane vananemisvastane silmageel Jahutav efekt v\u00e4hendab silmaaluseid turseid Silub kortse ja tumedaid silmaaluseid Kiiresti imenduv geeljas tekstuur S\u00fcgavmerevesi ja sinivetikad niisutavad \u00f5rna silma\u00fcmbrust 68% kasutajatest tundsid kohest v\u00e4rskendavat efekti*","_links":{"self":[{"href":"https:\/\/kosmeetika24.com\/et\/wp-json\/wp\/v2\/product\/7186","targetHints":{"allow":["GET"]}}],"collection":[{"href":"https:\/\/kosmeetika24.com\/et\/wp-json\/wp\/v2\/product"}],"about":[{"href":"https:\/\/kosmeetika24.com\/et\/wp-json\/wp\/v2\/types\/product"}],"replies":[{"embeddable":true,"href":"https:\/\/kosmeetika24.com\/et\/wp-json\/wp\/v2\/comments?post=7186"}],"version-history":[{"count":1,"href":"https:\/\/kosmeetika24.com\/et\/wp-json\/wp\/v2\/product\/7186\/revisions"}],"predecessor-version":[{"id":7190,"href":"https:\/\/kosmeetika24.com\/et\/wp-json\/wp\/v2\/product\/7186\/revisions\/7190"}],"wp:featuredmedia":[{"embeddable":true,"href":"https:\/\/kosmeetika24.com\/et\/wp-json\/wp\/v2\/media\/7189"}],"wp:attachment":[{"href":"https:\/\/kosmeetika24.com\/et\/wp-json\/wp\/v2\/media?parent=7186"}],"wp:term":[{"taxonomy":"product_brand","embeddable":true,"href":"https:\/\/kosmeetika24.com\/et\/wp-json\/wp\/v2\/product_brand?post=7186"},{"taxonomy":"product_cat","embeddable":true,"href":"https:\/\/kosmeetika24.com\/et\/wp-json\/wp\/v2\/product_cat?post=7186"},{"taxonomy":"product_tag","embeddable":true,"href":"https:\/\/kosmeetika24.com\/et\/wp-json\/wp\/v2\/product_tag?post=7186"}],"curies":[{"name":"wp","href":"https:\/\/api.w.org\/{rel}","templated":true}]}}