{"id":7181,"date":"2025-11-05T14:39:48","date_gmt":"2025-11-05T11:39:48","guid":{"rendered":"https:\/\/kosmeetika24.com\/?post_type=product&#038;p=7181"},"modified":"2026-01-12T12:12:56","modified_gmt":"2026-01-12T09:12:56","slug":"dalton-mineral-care-dead-sea-salt-shower-gel-shampoo","status":"publish","type":"product","link":"https:\/\/kosmeetika24.com\/et\/toode\/dalton-mineral-care-dead-sea-salt-shower-gel-shampoo\/","title":{"rendered":"Dalton \u2013 Mineral Care \u2013 Dead Sea Salt Shower Gel &#038; Shampoo"},"content":{"rendered":"<p><strong>Kasutamine:<\/strong><\/p>\n<p>Kanna Dead Sea Salt \u0161ampooni ja du\u0161igeeli niiskele peanahale, juustele ja kehale. Loputa du\u0161\u0161i l\u00f5petamisel . Soovi korral kasuta p\u00e4rast seda Dead Sea Body Lotioni.<\/p>\n<p><strong>Toote kirjeldus:<\/strong><\/p>\n<p>Dead Sea Salt Shampoo &amp; Shower Gel on m\u00f5eldud kuivale ja s\u00fcgelevatele nahapiirkondadele, tagades \u00f5rna ja t\u00f5husa puhastuse. Toode sisaldab rikkalikult Surnumere soola magneesiumkloriidi ja kaltsiumi, mis tugevdavad naha kaitsebarj\u00e4\u00e4ri ja leevendavad s\u00fcgelust. See on ideaalne 2-\u00fches toode kuivale nahale, mis on kalduv ekseemile ja psoriaasile, pakkudes \u00f5rna puhastust, ilma nahka kuivatamata. Toode sisaldab taimep\u00f5hiseid pindaktiivseid aineid, mis puhastavad \u00f5rnalt, gl\u00fctseriin niisutab nahka ja j\u00e4tab kuivad alad pehmeks ja elastseks. E-vitamiin neutraliseerib vabade radikaalide m\u00f5ju ja kaitseb nahka oks\u00fcdatiivse stressi eest, samas kui lesitiin muudab juuksed pehmeks ja siledaks.<\/p>\n<p><strong>KOOSTIS:<br \/>\n<\/strong>Aqua\/Water, Coco-Glucoside, Sodium Coco-Sulfate, Lauryl Glucoside, Glycerin, Citric Acid, Maris Sal\/Sea Salt, Maris Aqua\/Sea Water, Glyceryl Oleate, Lecithin, Tocopherol, Sodium Cocoyl Glutamate, Disodium Cocoyl Glutamate, Ascorbyl Palmitate, Hydrogenated Palm Glycerides Citrate, Sodium Sulfate, Phenoxyethanol, Sodium Hydroxide, Sodium Benzoate, Potassium Sorbate<\/p>\n<p>64.50\u20ac\/l<\/p>\n","protected":false},"excerpt":{"rendered":"<p>L\u00f5hnavaba 2-\u00fches toode sobib ideaalselt, kui teil on kuiv ja s\u00fcgelev peanahk v\u00f5i nahk, mis on kalduv ekseemile ja psoriaasile. 200ml<\/p>\n<p>\u00d5rn \u0161ampoon ja du\u0161igeel, sisaldab Surnumere soola<br \/>\nV\u00e4ldib ketendavat peanahka<br \/>\nTaimep\u00f5hised pindaktiivsed ained pakuvad \u00f5rna puhastust \u2013 ilma silikoonide ja mikroplastikuteta<br \/>\nToidab juukseid, ilma neid raskeks muutmata<br \/>\nDermatoloogiliselt testitud, hindega \u201cSuurep\u00e4rane\u201d<br \/>\n99% looduslikke koostisosi<br \/>\nIlma kortisooni, mikroplastiku, PEGi, mineraal\u00f5li, parabeenide, v\u00e4rvainete ja l\u00f5hnaaineteta<\/p>\n","protected":false},"featured_media":7176,"comment_status":"closed","ping_status":"closed","template":"","meta":{"_uag_custom_page_level_css":"","site-sidebar-layout":"default","site-content-layout":"","ast-site-content-layout":"default","site-content-style":"default","site-sidebar-style":"default","ast-global-header-display":"","ast-banner-title-visibility":"","ast-main-header-display":"","ast-hfb-above-header-display":"","ast-hfb-below-header-display":"","ast-hfb-mobile-header-display":"","site-post-title":"","ast-breadcrumbs-content":"","ast-featured-img":"","footer-sml-layout":"","ast-disable-related-posts":"","theme-transparent-header-meta":"default","adv-header-id-meta":"","stick-header-meta":"","header-above-stick-meta":"","header-main-stick-meta":"","header-below-stick-meta":"","astra-migrate-meta-layouts":"set","ast-page-background-enabled":"default","ast-page-background-meta":{"desktop":{"background-color":"var(--ast-global-color-4)","background-image":"","background-repeat":"repeat","background-position":"center center","background-size":"auto","background-attachment":"scroll","background-type":"","background-media":"","overlay-type":"","overlay-color":"","overlay-opacity":"","overlay-gradient":""},"tablet":{"background-color":"","background-image":"","background-repeat":"repeat","background-position":"center center","background-size":"auto","background-attachment":"scroll","background-type":"","background-media":"","overlay-type":"","overlay-color":"","overlay-opacity":"","overlay-gradient":""},"mobile":{"background-color":"","background-image":"","background-repeat":"repeat","background-position":"center center","background-size":"auto","background-attachment":"scroll","background-type":"","background-media":"","overlay-type":"","overlay-color":"","overlay-opacity":"","overlay-gradient":""}},"ast-content-background-meta":{"desktop":{"background-color":"var(--ast-global-color-5)","background-image":"","background-repeat":"repeat","background-position":"center center","background-size":"auto","background-attachment":"scroll","background-type":"","background-media":"","overlay-type":"","overlay-color":"","overlay-opacity":"","overlay-gradient":""},"tablet":{"background-color":"var(--ast-global-color-5)","background-image":"","background-repeat":"repeat","background-position":"center center","background-size":"auto","background-attachment":"scroll","background-type":"","background-media":"","overlay-type":"","overlay-color":"","overlay-opacity":"","overlay-gradient":""},"mobile":{"background-color":"var(--ast-global-color-5)","background-image":"","background-repeat":"repeat","background-position":"center center","background-size":"auto","background-attachment":"scroll","background-type":"","background-media":"","overlay-type":"","overlay-color":"","overlay-opacity":"","overlay-gradient":""}}},"product_brand":[],"product_cat":[125,98],"product_tag":[],"class_list":{"0":"post-7181","1":"product","2":"type-product","3":"status-publish","4":"has-post-thumbnail","6":"product_cat-dalton","7":"product_cat-kehale","8":"desktop-align-left","9":"tablet-align-left","10":"mobile-align-left","12":"first","13":"onbackorder","14":"taxable","15":"shipping-taxable","16":"product-type-simple","17":"add-to-wishlist-before_image"},"uagb_featured_image_src":{"full":["https:\/\/kosmeetika24.com\/wp-content\/uploads\/2025\/11\/4054621740056.webp",540,540,false],"thumbnail":["https:\/\/kosmeetika24.com\/wp-content\/uploads\/2025\/11\/4054621740056-150x150.webp",150,150,true],"medium":["https:\/\/kosmeetika24.com\/wp-content\/uploads\/2025\/11\/4054621740056-300x300.webp",300,300,true],"medium_large":["https:\/\/kosmeetika24.com\/wp-content\/uploads\/2025\/11\/4054621740056.webp",540,540,false],"large":["https:\/\/kosmeetika24.com\/wp-content\/uploads\/2025\/11\/4054621740056.webp",540,540,false],"1536x1536":["https:\/\/kosmeetika24.com\/wp-content\/uploads\/2025\/11\/4054621740056.webp",540,540,false],"2048x2048":["https:\/\/kosmeetika24.com\/wp-content\/uploads\/2025\/11\/4054621740056.webp",540,540,false],"trp-custom-language-flag":["https:\/\/kosmeetika24.com\/wp-content\/uploads\/2025\/11\/4054621740056-12x12.webp",12,12,true],"woocommerce_thumbnail":["https:\/\/kosmeetika24.com\/wp-content\/uploads\/2025\/11\/4054621740056-300x300.webp",300,300,true],"woocommerce_single":["https:\/\/kosmeetika24.com\/wp-content\/uploads\/2025\/11\/4054621740056-500x500.webp",500,500,true],"woocommerce_gallery_thumbnail":["https:\/\/kosmeetika24.com\/wp-content\/uploads\/2025\/11\/4054621740056-100x100.webp",100,100,true]},"uagb_author_info":{"display_name":"admin","author_link":"https:\/\/kosmeetika24.com\/et\/author\/"},"uagb_comment_info":0,"uagb_excerpt":"L\u00f5hnavaba 2-\u00fches toode sobib ideaalselt, kui teil on kuiv ja s\u00fcgelev peanahk v\u00f5i nahk, mis on kalduv ekseemile ja psoriaasile. 200ml \u00d5rn \u0161ampoon ja du\u0161igeel, sisaldab Surnumere soola V\u00e4ldib ketendavat peanahka Taimep\u00f5hised pindaktiivsed ained pakuvad \u00f5rna puhastust \u2013 ilma silikoonide ja mikroplastikuteta Toidab juukseid, ilma neid raskeks muutmata Dermatoloogiliselt testitud, hindega \u201cSuurep\u00e4rane\u201d 99% looduslikke koostisosi&hellip;","_links":{"self":[{"href":"https:\/\/kosmeetika24.com\/et\/wp-json\/wp\/v2\/product\/7181","targetHints":{"allow":["GET"]}}],"collection":[{"href":"https:\/\/kosmeetika24.com\/et\/wp-json\/wp\/v2\/product"}],"about":[{"href":"https:\/\/kosmeetika24.com\/et\/wp-json\/wp\/v2\/types\/product"}],"replies":[{"embeddable":true,"href":"https:\/\/kosmeetika24.com\/et\/wp-json\/wp\/v2\/comments?post=7181"}],"version-history":[{"count":1,"href":"https:\/\/kosmeetika24.com\/et\/wp-json\/wp\/v2\/product\/7181\/revisions"}],"predecessor-version":[{"id":7182,"href":"https:\/\/kosmeetika24.com\/et\/wp-json\/wp\/v2\/product\/7181\/revisions\/7182"}],"wp:featuredmedia":[{"embeddable":true,"href":"https:\/\/kosmeetika24.com\/et\/wp-json\/wp\/v2\/media\/7176"}],"wp:attachment":[{"href":"https:\/\/kosmeetika24.com\/et\/wp-json\/wp\/v2\/media?parent=7181"}],"wp:term":[{"taxonomy":"product_brand","embeddable":true,"href":"https:\/\/kosmeetika24.com\/et\/wp-json\/wp\/v2\/product_brand?post=7181"},{"taxonomy":"product_cat","embeddable":true,"href":"https:\/\/kosmeetika24.com\/et\/wp-json\/wp\/v2\/product_cat?post=7181"},{"taxonomy":"product_tag","embeddable":true,"href":"https:\/\/kosmeetika24.com\/et\/wp-json\/wp\/v2\/product_tag?post=7181"}],"curies":[{"name":"wp","href":"https:\/\/api.w.org\/{rel}","templated":true}]}}