{"id":7160,"date":"2025-11-05T14:04:51","date_gmt":"2025-11-05T11:04:51","guid":{"rendered":"https:\/\/kosmeetika24.com\/?post_type=product&#038;p=7160"},"modified":"2026-01-12T12:19:36","modified_gmt":"2026-01-12T09:19:36","slug":"dalton-face-care-clear-skin-anti-blemish-sheet-mask","status":"publish","type":"product","link":"https:\/\/kosmeetika24.com\/et\/toode\/dalton-face-care-clear-skin-anti-blemish-sheet-mask\/","title":{"rendered":"Dalton \u2013 FACE CARE \u2013 CLEAR SKIN \u2013 Anti-Blemish Sheet Mask"},"content":{"rendered":"<p>V\u00e4rskendav kangasmask on immutatud 16 ml seerumiga. Sisaldab t\u00f5husat toimeainete segu aknele kalduvale ja probleemsele nahale.<\/p>\n<p><b>Merepeptiidid<\/b>\u00a0on \u00f5rnad, kuid t\u00f5husad vistrikevastased koostisosad, mis aitavad ennetada p\u00f5letikke, v\u00e4hendada vistrike suurust ja rahustada punetust.<\/p>\n<p><b>Teepuu\u00f5li ja kurgiekstrakt<\/b>\u00a0puhastavad poorid ning reguleerivad rasueritust.<\/p>\n<p>Mask v\u00e4hendab liigset rasu eriti T-tsoonis, kuid ei kuivata nahka.<\/p>\n<p>Regulaarne kasutamine aitab ennetada vistrike ja nahap\u00f5letike teket, j\u00e4ttes naha selgeks ja terveks.<\/p>\n<p><strong>KASUTAMINE<\/strong><br \/>\n1. Puhastage ja kuivatage n\u00e4gu ning kasutage toonikut.<br \/>\n2. Avage pakend ja v\u00f5tke v\u00e4lja probleemsele nahale m\u00f5eldud kangasmask. Eemaldage kaitsekile m\u00f5lemalt poolt maski.<br \/>\n3. Asetage mask n\u00e4ole ja laske m\u00f5juda 10\u201315 minutit, seej\u00e4rel eemaldage mask. P\u00fchkige \u00fcleliigne seerum salvr\u00e4tikuga v\u00f5i patsutage see nahka.<br \/>\n4. J\u00e4tkake nahahooldust oma nahat\u00fc\u00fcbile sobivate toodetega.<\/p>\n<p><strong>KOOSTIS<\/strong><br \/>\nAqua\/Water, Glycerin, Pentylene Glycol, Laminaria Saccharina Extract, Micrococcus Lysate, Pseudoalteromonas Ferment Extract, Cucumis Sativus (Cucumber) Fruit Extract, Melaleuca Alternifolia (Tea Tree) Leaf Oil, Sodium Salicylate, Polysorbate 20, Sodium Hydroxide, Tetrasodium Glutamate Diacetate, Xanthan Gum, Citric Acid, Potassium Sorbate, Sodium Benzoate<\/p>\n","protected":false},"excerpt":{"rendered":"<p>Mereliste peptiididega ja teepuu\u00f5liga p\u00f5letikuvastane matistav kangasmask.<\/p>\n<p>V\u00e4hendab vistrike ja p\u00f5letikke ning m\u00f5jub rahustavalt punetavale nahale.<\/p>\n","protected":false},"featured_media":7156,"comment_status":"closed","ping_status":"closed","template":"","meta":{"_uag_custom_page_level_css":"","site-sidebar-layout":"default","site-content-layout":"","ast-site-content-layout":"default","site-content-style":"default","site-sidebar-style":"default","ast-global-header-display":"","ast-banner-title-visibility":"","ast-main-header-display":"","ast-hfb-above-header-display":"","ast-hfb-below-header-display":"","ast-hfb-mobile-header-display":"","site-post-title":"","ast-breadcrumbs-content":"","ast-featured-img":"","footer-sml-layout":"","ast-disable-related-posts":"","theme-transparent-header-meta":"default","adv-header-id-meta":"","stick-header-meta":"","header-above-stick-meta":"","header-main-stick-meta":"","header-below-stick-meta":"","astra-migrate-meta-layouts":"set","ast-page-background-enabled":"default","ast-page-background-meta":{"desktop":{"background-color":"var(--ast-global-color-4)","background-image":"","background-repeat":"repeat","background-position":"center center","background-size":"auto","background-attachment":"scroll","background-type":"","background-media":"","overlay-type":"","overlay-color":"","overlay-opacity":"","overlay-gradient":""},"tablet":{"background-color":"","background-image":"","background-repeat":"repeat","background-position":"center center","background-size":"auto","background-attachment":"scroll","background-type":"","background-media":"","overlay-type":"","overlay-color":"","overlay-opacity":"","overlay-gradient":""},"mobile":{"background-color":"","background-image":"","background-repeat":"repeat","background-position":"center center","background-size":"auto","background-attachment":"scroll","background-type":"","background-media":"","overlay-type":"","overlay-color":"","overlay-opacity":"","overlay-gradient":""}},"ast-content-background-meta":{"desktop":{"background-color":"var(--ast-global-color-5)","background-image":"","background-repeat":"repeat","background-position":"center center","background-size":"auto","background-attachment":"scroll","background-type":"","background-media":"","overlay-type":"","overlay-color":"","overlay-opacity":"","overlay-gradient":""},"tablet":{"background-color":"var(--ast-global-color-5)","background-image":"","background-repeat":"repeat","background-position":"center center","background-size":"auto","background-attachment":"scroll","background-type":"","background-media":"","overlay-type":"","overlay-color":"","overlay-opacity":"","overlay-gradient":""},"mobile":{"background-color":"var(--ast-global-color-5)","background-image":"","background-repeat":"repeat","background-position":"center center","background-size":"auto","background-attachment":"scroll","background-type":"","background-media":"","overlay-type":"","overlay-color":"","overlay-opacity":"","overlay-gradient":""}}},"product_brand":[],"product_cat":[125,97],"product_tag":[],"class_list":{"0":"post-7160","1":"product","2":"type-product","3":"status-publish","4":"has-post-thumbnail","6":"product_cat-dalton","7":"product_cat-naole","8":"desktop-align-left","9":"tablet-align-left","10":"mobile-align-left","12":"first","13":"onbackorder","14":"taxable","15":"shipping-taxable","16":"product-type-simple","17":"add-to-wishlist-before_image"},"uagb_featured_image_src":{"full":["https:\/\/kosmeetika24.com\/wp-content\/uploads\/2025\/11\/4054621725336.webp",540,540,false],"thumbnail":["https:\/\/kosmeetika24.com\/wp-content\/uploads\/2025\/11\/4054621725336-150x150.webp",150,150,true],"medium":["https:\/\/kosmeetika24.com\/wp-content\/uploads\/2025\/11\/4054621725336-300x300.webp",300,300,true],"medium_large":["https:\/\/kosmeetika24.com\/wp-content\/uploads\/2025\/11\/4054621725336.webp",540,540,false],"large":["https:\/\/kosmeetika24.com\/wp-content\/uploads\/2025\/11\/4054621725336.webp",540,540,false],"1536x1536":["https:\/\/kosmeetika24.com\/wp-content\/uploads\/2025\/11\/4054621725336.webp",540,540,false],"2048x2048":["https:\/\/kosmeetika24.com\/wp-content\/uploads\/2025\/11\/4054621725336.webp",540,540,false],"trp-custom-language-flag":["https:\/\/kosmeetika24.com\/wp-content\/uploads\/2025\/11\/4054621725336-12x12.webp",12,12,true],"woocommerce_thumbnail":["https:\/\/kosmeetika24.com\/wp-content\/uploads\/2025\/11\/4054621725336-300x300.webp",300,300,true],"woocommerce_single":["https:\/\/kosmeetika24.com\/wp-content\/uploads\/2025\/11\/4054621725336-500x500.webp",500,500,true],"woocommerce_gallery_thumbnail":["https:\/\/kosmeetika24.com\/wp-content\/uploads\/2025\/11\/4054621725336-100x100.webp",100,100,true]},"uagb_author_info":{"display_name":"admin","author_link":"https:\/\/kosmeetika24.com\/et\/author\/"},"uagb_comment_info":0,"uagb_excerpt":"Mereliste peptiididega ja teepuu\u00f5liga p\u00f5letikuvastane matistav kangasmask. V\u00e4hendab vistrike ja p\u00f5letikke ning m\u00f5jub rahustavalt punetavale nahale.","_links":{"self":[{"href":"https:\/\/kosmeetika24.com\/et\/wp-json\/wp\/v2\/product\/7160","targetHints":{"allow":["GET"]}}],"collection":[{"href":"https:\/\/kosmeetika24.com\/et\/wp-json\/wp\/v2\/product"}],"about":[{"href":"https:\/\/kosmeetika24.com\/et\/wp-json\/wp\/v2\/types\/product"}],"replies":[{"embeddable":true,"href":"https:\/\/kosmeetika24.com\/et\/wp-json\/wp\/v2\/comments?post=7160"}],"version-history":[{"count":1,"href":"https:\/\/kosmeetika24.com\/et\/wp-json\/wp\/v2\/product\/7160\/revisions"}],"predecessor-version":[{"id":7161,"href":"https:\/\/kosmeetika24.com\/et\/wp-json\/wp\/v2\/product\/7160\/revisions\/7161"}],"wp:featuredmedia":[{"embeddable":true,"href":"https:\/\/kosmeetika24.com\/et\/wp-json\/wp\/v2\/media\/7156"}],"wp:attachment":[{"href":"https:\/\/kosmeetika24.com\/et\/wp-json\/wp\/v2\/media?parent=7160"}],"wp:term":[{"taxonomy":"product_brand","embeddable":true,"href":"https:\/\/kosmeetika24.com\/et\/wp-json\/wp\/v2\/product_brand?post=7160"},{"taxonomy":"product_cat","embeddable":true,"href":"https:\/\/kosmeetika24.com\/et\/wp-json\/wp\/v2\/product_cat?post=7160"},{"taxonomy":"product_tag","embeddable":true,"href":"https:\/\/kosmeetika24.com\/et\/wp-json\/wp\/v2\/product_tag?post=7160"}],"curies":[{"name":"wp","href":"https:\/\/api.w.org\/{rel}","templated":true}]}}