{"id":7158,"date":"2025-11-05T14:03:20","date_gmt":"2025-11-05T11:03:20","guid":{"rendered":"https:\/\/kosmeetika24.com\/?post_type=product&#038;p=7158"},"modified":"2026-01-12T12:13:50","modified_gmt":"2026-01-12T09:13:50","slug":"dalton-hydro-lift-express-sheet-mask","status":"publish","type":"product","link":"https:\/\/kosmeetika24.com\/et\/toode\/dalton-hydro-lift-express-sheet-mask\/","title":{"rendered":"Dalton Hydro Lift Express Sheet Mask"},"content":{"rendered":"<p data-start=\"359\" data-end=\"375\"><strong data-start=\"359\" data-end=\"373\">Kasutamine:<\/strong><\/p>\n<ol>\n<li data-start=\"379\" data-end=\"407\">Puhasta ja kuivata n\u00e4onahk<\/li>\n<li data-start=\"379\" data-end=\"407\">Voldi h\u00fcaluroonhappe mask lahti, eemalda \u00fchelt poolt kaitsev v\u00f5rk ja aseta see pool n\u00e4ole, seej\u00e4rel eemalda v\u00f5rk ka teiselt poolt<\/li>\n<li data-start=\"379\" data-end=\"407\">Hoia maski n\u00e4ol 15\u201320 minutit. Eemalda mask ning patsuta \u00fclej\u00e4\u00e4nud seerum \u00f5rnalt nahka<\/li>\n<li data-start=\"379\" data-end=\"407\">Kasuta oma tavap\u00e4raseid nahahooldustooteid vastavalt oma nahat\u00fc\u00fcbile. Parima tulemuse saavutamiseks kasuta niisutavat n\u00e4omaski 1\u20132 korda n\u00e4dalas<\/li>\n<li style=\"list-style-type: none;\"><\/li>\n<\/ol>\n<p data-start=\"0\" data-end=\"333\">Daltoni\u00a0 nahka pinguldav ja turgutav h\u00fcaluroonhappe smask \u00fchendab endas intensiivse niisutuse ja kohese vananemisvastase toime. Mask sisaldab ainulaadset Celumer mereekstrakti ja planktoniekstrakti, mis v\u00e4hendab kortsude s\u00fcgavust kuni 16% juba 15 minutiga. L\u00fchikese ja pika ahelaga h\u00fcaluroonhapped niisutavad kuiva nahka s\u00fcgavuti ja pikaajaliselt.<\/p>\n<p data-start=\"335\" data-end=\"670\">H\u00fcaluroonhappe mask on valmistatud j\u00e4tkusuutlikust materjalist, mis on saadud kookospiimast ja -kiududest. See j\u00e4rgib n\u00e4o kontuure nagu teine nahakiht, v\u00f5imaldades toimeainetel paremini imenduda. Mask muudab naha siledamaks ja pringimaks, pehmendab peeneid jooni ja kortsukesi ning annab nahale t\u00e4idlasema ja siidise tunde.<\/p>\n<p data-start=\"672\" data-end=\"742\">Niisutavat h\u00fcaluroonhappe maski v\u00f5ib kombineerida k\u00f5igi DALTONi nahahooldustoodetega.<\/p>\n<p data-start=\"744\" data-end=\"890\" data-is-last-node=\"\" data-is-only-node=\"\">*Testimistingimused: testis osalesid 50\u201365-aastased isikud, kes kasutasid maski \u00fchekordselt 15 minutit n\u00e4ol. Efektiivsusuuring viidi l\u00e4bi in vivo.<\/p>\n<p data-start=\"623\" data-end=\"768\" data-is-last-node=\"\"><strong>Koostis:<br \/>\n<\/strong>Aqua\/Water, Glycerin, Propylene Glycol, Sorbitol, Pentylene Glycol, Maris Aqua\/Sea Water, Spirulina Maxima Extract, Algae Extract\/Alaria Esculenta Extract, Maris Limus Extract\/Sea Silt Extract, Saccharide Isomerate, Ostrea Shell Extract\/Oyster Shell Extract, Caviar Extract, Alteromonas Ferment Extract, Sodium Hyaluronate, Biotin, Scleroglucan\/Sclerotium Gum, Phenoxyethanol, Tetrasodium Glutamate Diacetate, Sodium Hydroxide, Ethylhexylglycerin, Potassium Sorbate, Acrylates\/C10-30 Alkyl Acrylate Crosspolymer, Caprylic\/Capric Triglyceride<\/p>\n","protected":false},"excerpt":{"rendered":"<p>Niisutav ja t\u00e4idlust andev h\u00fcaluroonhappe mask<\/p>\n<p><strong data-start=\"0\" data-end=\"17\">Toote eelised<br \/>\n<\/strong>V\u00e4hendab kortsude s\u00fcgavust kuni 16%* juba 15 minutiga<br \/>\nNahka pinguldav ja kortsudevastane mask<br \/>\nPakub intensiivset niisutust<br \/>\nKerge tekstuuriga h\u00fcaluroonhappe kangasmask, valmistatud j\u00e4tkusuutlikust bio-tselluloosist<br \/>\nSisaldab planktonit ja h\u00fcaluroonhapet<br \/>\nL\u00f5hnavaba<\/p>\n","protected":false},"featured_media":7153,"comment_status":"closed","ping_status":"closed","template":"","meta":{"_uag_custom_page_level_css":"","site-sidebar-layout":"default","site-content-layout":"","ast-site-content-layout":"default","site-content-style":"default","site-sidebar-style":"default","ast-global-header-display":"","ast-banner-title-visibility":"","ast-main-header-display":"","ast-hfb-above-header-display":"","ast-hfb-below-header-display":"","ast-hfb-mobile-header-display":"","site-post-title":"","ast-breadcrumbs-content":"","ast-featured-img":"","footer-sml-layout":"","ast-disable-related-posts":"","theme-transparent-header-meta":"default","adv-header-id-meta":"","stick-header-meta":"","header-above-stick-meta":"","header-main-stick-meta":"","header-below-stick-meta":"","astra-migrate-meta-layouts":"set","ast-page-background-enabled":"default","ast-page-background-meta":{"desktop":{"background-color":"var(--ast-global-color-4)","background-image":"","background-repeat":"repeat","background-position":"center center","background-size":"auto","background-attachment":"scroll","background-type":"","background-media":"","overlay-type":"","overlay-color":"","overlay-opacity":"","overlay-gradient":""},"tablet":{"background-color":"","background-image":"","background-repeat":"repeat","background-position":"center center","background-size":"auto","background-attachment":"scroll","background-type":"","background-media":"","overlay-type":"","overlay-color":"","overlay-opacity":"","overlay-gradient":""},"mobile":{"background-color":"","background-image":"","background-repeat":"repeat","background-position":"center center","background-size":"auto","background-attachment":"scroll","background-type":"","background-media":"","overlay-type":"","overlay-color":"","overlay-opacity":"","overlay-gradient":""}},"ast-content-background-meta":{"desktop":{"background-color":"var(--ast-global-color-5)","background-image":"","background-repeat":"repeat","background-position":"center center","background-size":"auto","background-attachment":"scroll","background-type":"","background-media":"","overlay-type":"","overlay-color":"","overlay-opacity":"","overlay-gradient":""},"tablet":{"background-color":"var(--ast-global-color-5)","background-image":"","background-repeat":"repeat","background-position":"center center","background-size":"auto","background-attachment":"scroll","background-type":"","background-media":"","overlay-type":"","overlay-color":"","overlay-opacity":"","overlay-gradient":""},"mobile":{"background-color":"var(--ast-global-color-5)","background-image":"","background-repeat":"repeat","background-position":"center center","background-size":"auto","background-attachment":"scroll","background-type":"","background-media":"","overlay-type":"","overlay-color":"","overlay-opacity":"","overlay-gradient":""}}},"product_brand":[],"product_cat":[125,97],"product_tag":[],"class_list":{"0":"post-7158","1":"product","2":"type-product","3":"status-publish","4":"has-post-thumbnail","6":"product_cat-dalton","7":"product_cat-naole","8":"desktop-align-left","9":"tablet-align-left","10":"mobile-align-left","12":"first","13":"onbackorder","14":"taxable","15":"shipping-taxable","16":"product-type-simple","17":"add-to-wishlist-before_image"},"uagb_featured_image_src":{"full":["https:\/\/kosmeetika24.com\/wp-content\/uploads\/2025\/11\/4054621560357.webp",540,540,false],"thumbnail":["https:\/\/kosmeetika24.com\/wp-content\/uploads\/2025\/11\/4054621560357-150x150.webp",150,150,true],"medium":["https:\/\/kosmeetika24.com\/wp-content\/uploads\/2025\/11\/4054621560357-300x300.webp",300,300,true],"medium_large":["https:\/\/kosmeetika24.com\/wp-content\/uploads\/2025\/11\/4054621560357.webp",540,540,false],"large":["https:\/\/kosmeetika24.com\/wp-content\/uploads\/2025\/11\/4054621560357.webp",540,540,false],"1536x1536":["https:\/\/kosmeetika24.com\/wp-content\/uploads\/2025\/11\/4054621560357.webp",540,540,false],"2048x2048":["https:\/\/kosmeetika24.com\/wp-content\/uploads\/2025\/11\/4054621560357.webp",540,540,false],"trp-custom-language-flag":["https:\/\/kosmeetika24.com\/wp-content\/uploads\/2025\/11\/4054621560357-12x12.webp",12,12,true],"woocommerce_thumbnail":["https:\/\/kosmeetika24.com\/wp-content\/uploads\/2025\/11\/4054621560357-300x300.webp",300,300,true],"woocommerce_single":["https:\/\/kosmeetika24.com\/wp-content\/uploads\/2025\/11\/4054621560357-500x500.webp",500,500,true],"woocommerce_gallery_thumbnail":["https:\/\/kosmeetika24.com\/wp-content\/uploads\/2025\/11\/4054621560357-100x100.webp",100,100,true]},"uagb_author_info":{"display_name":"admin","author_link":"https:\/\/kosmeetika24.com\/et\/author\/"},"uagb_comment_info":0,"uagb_excerpt":"Niisutav ja t\u00e4idlust andev h\u00fcaluroonhappe mask Toote eelised V\u00e4hendab kortsude s\u00fcgavust kuni 16%* juba 15 minutiga Nahka pinguldav ja kortsudevastane mask Pakub intensiivset niisutust Kerge tekstuuriga h\u00fcaluroonhappe kangasmask, valmistatud j\u00e4tkusuutlikust bio-tselluloosist Sisaldab planktonit ja h\u00fcaluroonhapet L\u00f5hnavaba","_links":{"self":[{"href":"https:\/\/kosmeetika24.com\/et\/wp-json\/wp\/v2\/product\/7158","targetHints":{"allow":["GET"]}}],"collection":[{"href":"https:\/\/kosmeetika24.com\/et\/wp-json\/wp\/v2\/product"}],"about":[{"href":"https:\/\/kosmeetika24.com\/et\/wp-json\/wp\/v2\/types\/product"}],"replies":[{"embeddable":true,"href":"https:\/\/kosmeetika24.com\/et\/wp-json\/wp\/v2\/comments?post=7158"}],"version-history":[{"count":1,"href":"https:\/\/kosmeetika24.com\/et\/wp-json\/wp\/v2\/product\/7158\/revisions"}],"predecessor-version":[{"id":7159,"href":"https:\/\/kosmeetika24.com\/et\/wp-json\/wp\/v2\/product\/7158\/revisions\/7159"}],"wp:featuredmedia":[{"embeddable":true,"href":"https:\/\/kosmeetika24.com\/et\/wp-json\/wp\/v2\/media\/7153"}],"wp:attachment":[{"href":"https:\/\/kosmeetika24.com\/et\/wp-json\/wp\/v2\/media?parent=7158"}],"wp:term":[{"taxonomy":"product_brand","embeddable":true,"href":"https:\/\/kosmeetika24.com\/et\/wp-json\/wp\/v2\/product_brand?post=7158"},{"taxonomy":"product_cat","embeddable":true,"href":"https:\/\/kosmeetika24.com\/et\/wp-json\/wp\/v2\/product_cat?post=7158"},{"taxonomy":"product_tag","embeddable":true,"href":"https:\/\/kosmeetika24.com\/et\/wp-json\/wp\/v2\/product_tag?post=7158"}],"curies":[{"name":"wp","href":"https:\/\/api.w.org\/{rel}","templated":true}]}}