{"id":7152,"date":"2025-11-05T14:00:49","date_gmt":"2025-11-05T11:00:49","guid":{"rendered":"https:\/\/kosmeetika24.com\/?post_type=product&#038;p=7152"},"modified":"2026-01-12T12:13:57","modified_gmt":"2026-01-12T09:13:57","slug":"dalton-face-care-collagen-pro-caviar-gold-mask","status":"publish","type":"product","link":"https:\/\/kosmeetika24.com\/et\/toode\/dalton-face-care-collagen-pro-caviar-gold-mask\/","title":{"rendered":"Dalton FACE CARE \u2013 Collagen Pro \u2013 Caviar &#038; Gold Mask"},"content":{"rendered":"<p>Kangasmask kaaviari ja kullaga on immutatud 20 ml luksusliku seerumiga, mis sisaldab unikaalset koostisosade segu:\u00a0<b>kaaviar, kuld ja merekollageen<\/b>\u00a0toetavad naha loomulikku uuenemist ja parandavad elastsust. Lisaks on see rikastatud\u00a0<b>vananemisvastase Celumeri mereekstraktiga<\/b>, mis soodustab kollageeni tootmist ja tugevdab naha sidekude. Peened kuldosakesed annavad nahale kauni s\u00e4ra, samas kui\u00a0<b>looduslik nisuekstrakt<\/b>\u00a0pinguldab ja toniseerib nahka. Mask niisutab t\u00f5husalt kuiva nahka, v\u00e4hendab peeneid jooni ja kortse ning j\u00e4tab naha siledaks ja nooruslikuks.<\/p>\n<p><b>KASUTAMINE<\/b><\/p>\n<ol>\n<li aria-level=\"1\">Puhastage ja kuivatage n\u00e4gu.<\/li>\n<li aria-level=\"1\">Avage pakend ja v\u00f5tke mask v\u00e4lja, seej\u00e4rel asetage see n\u00e4ole.<\/li>\n<li aria-level=\"1\">Laske m\u00f5juda 15\u201320 minutit, seej\u00e4rel eemaldage mask. P\u00fchkige \u00fcleliigne seerum salvr\u00e4tikuga v\u00f5i patsutage see nahka.<\/li>\n<li aria-level=\"1\">J\u00e4tkake oma tavap\u00e4rase nahahooldusrutiiniga, kasutades nahat\u00fc\u00fcbile sobivaid tooteid.<\/li>\n<\/ol>\n<p><strong>KOOSTIS<\/strong><br \/>\nAqua\/Water, Glycerin, Pentylene Glycol, PPG-26-Buteth-26, PEG-40 Hydrogenated Castor Oil, Cichorium Intybus (Chicory) Root Extract, Caviar Extract, Maris Aqua\/Sea Water, Spirulina Maxima Extract, Algae Extract\/Alaria Esculenta Extract, Saccharide Isomerate, Ostrea Shell Extract\/Oyster Shell Extract, Maris Limus Extract\/Sea Silt Extract, Hydrolyzed Collagen, Gold (CI 77480), Gluconolactone, Hydrolyzed Wheat Protein, Caprylic\/Capric Triglyceride, Xanthan Gum, Propylene Glycol, Sodium Hydroxide, Sclerotium Gum, Hydrolyzed F-Fucoidan, Tetrasodium Glutamate Diacetate, Sodium Benzoate, Caesalpinia Spinosa Gum, Phenoxyethanol, Lactic Acid, Citric Acid, Calcium Gluconate, Potassium Sorbate, Synthetic Fluorphlogopite, Silver (CI 77820), Bronze Powder\/ Copper Powder (CI 77400), Iron Oxides (CI 77491), Titanium Dioxide (CI 77891)<\/p>\n","protected":false},"excerpt":{"rendered":"<p>Silendav kangasmask\u00a0 kaaviari ja kullaga koos merekollageeniga<\/p>\n<p>Stimuleerib kollageeni tootmist<br \/>\nL\u00f5hna vaba vananemisvastane kangasmask ehtsa kullaga<br \/>\nSisaldab merekollageeni ja kaaviari<br \/>\nParandab naha elastsust<br \/>\nAnnab s\u00e4rava jume<br \/>\n89% looduslikke koostisosi<br \/>\nImmutatud 20 ml seerumiga<\/p>\n","protected":false},"featured_media":7155,"comment_status":"closed","ping_status":"closed","template":"","meta":{"_uag_custom_page_level_css":"","site-sidebar-layout":"default","site-content-layout":"","ast-site-content-layout":"default","site-content-style":"default","site-sidebar-style":"default","ast-global-header-display":"","ast-banner-title-visibility":"","ast-main-header-display":"","ast-hfb-above-header-display":"","ast-hfb-below-header-display":"","ast-hfb-mobile-header-display":"","site-post-title":"","ast-breadcrumbs-content":"","ast-featured-img":"","footer-sml-layout":"","ast-disable-related-posts":"","theme-transparent-header-meta":"default","adv-header-id-meta":"","stick-header-meta":"","header-above-stick-meta":"","header-main-stick-meta":"","header-below-stick-meta":"","astra-migrate-meta-layouts":"set","ast-page-background-enabled":"default","ast-page-background-meta":{"desktop":{"background-color":"var(--ast-global-color-4)","background-image":"","background-repeat":"repeat","background-position":"center center","background-size":"auto","background-attachment":"scroll","background-type":"","background-media":"","overlay-type":"","overlay-color":"","overlay-opacity":"","overlay-gradient":""},"tablet":{"background-color":"","background-image":"","background-repeat":"repeat","background-position":"center center","background-size":"auto","background-attachment":"scroll","background-type":"","background-media":"","overlay-type":"","overlay-color":"","overlay-opacity":"","overlay-gradient":""},"mobile":{"background-color":"","background-image":"","background-repeat":"repeat","background-position":"center center","background-size":"auto","background-attachment":"scroll","background-type":"","background-media":"","overlay-type":"","overlay-color":"","overlay-opacity":"","overlay-gradient":""}},"ast-content-background-meta":{"desktop":{"background-color":"var(--ast-global-color-5)","background-image":"","background-repeat":"repeat","background-position":"center center","background-size":"auto","background-attachment":"scroll","background-type":"","background-media":"","overlay-type":"","overlay-color":"","overlay-opacity":"","overlay-gradient":""},"tablet":{"background-color":"var(--ast-global-color-5)","background-image":"","background-repeat":"repeat","background-position":"center center","background-size":"auto","background-attachment":"scroll","background-type":"","background-media":"","overlay-type":"","overlay-color":"","overlay-opacity":"","overlay-gradient":""},"mobile":{"background-color":"var(--ast-global-color-5)","background-image":"","background-repeat":"repeat","background-position":"center center","background-size":"auto","background-attachment":"scroll","background-type":"","background-media":"","overlay-type":"","overlay-color":"","overlay-opacity":"","overlay-gradient":""}}},"product_brand":[],"product_cat":[125,97],"product_tag":[],"class_list":{"0":"post-7152","1":"product","2":"type-product","3":"status-publish","4":"has-post-thumbnail","6":"product_cat-dalton","7":"product_cat-naole","8":"desktop-align-left","9":"tablet-align-left","10":"mobile-align-left","12":"first","13":"onbackorder","14":"taxable","15":"shipping-taxable","16":"product-type-simple","17":"add-to-wishlist-before_image"},"uagb_featured_image_src":{"full":["https:\/\/kosmeetika24.com\/wp-content\/uploads\/2025\/11\/4054621560562.webp",540,540,false],"thumbnail":["https:\/\/kosmeetika24.com\/wp-content\/uploads\/2025\/11\/4054621560562-150x150.webp",150,150,true],"medium":["https:\/\/kosmeetika24.com\/wp-content\/uploads\/2025\/11\/4054621560562-300x300.webp",300,300,true],"medium_large":["https:\/\/kosmeetika24.com\/wp-content\/uploads\/2025\/11\/4054621560562.webp",540,540,false],"large":["https:\/\/kosmeetika24.com\/wp-content\/uploads\/2025\/11\/4054621560562.webp",540,540,false],"1536x1536":["https:\/\/kosmeetika24.com\/wp-content\/uploads\/2025\/11\/4054621560562.webp",540,540,false],"2048x2048":["https:\/\/kosmeetika24.com\/wp-content\/uploads\/2025\/11\/4054621560562.webp",540,540,false],"trp-custom-language-flag":["https:\/\/kosmeetika24.com\/wp-content\/uploads\/2025\/11\/4054621560562-12x12.webp",12,12,true],"woocommerce_thumbnail":["https:\/\/kosmeetika24.com\/wp-content\/uploads\/2025\/11\/4054621560562-300x300.webp",300,300,true],"woocommerce_single":["https:\/\/kosmeetika24.com\/wp-content\/uploads\/2025\/11\/4054621560562-500x500.webp",500,500,true],"woocommerce_gallery_thumbnail":["https:\/\/kosmeetika24.com\/wp-content\/uploads\/2025\/11\/4054621560562-100x100.webp",100,100,true]},"uagb_author_info":{"display_name":"admin","author_link":"https:\/\/kosmeetika24.com\/et\/author\/"},"uagb_comment_info":0,"uagb_excerpt":"Silendav kangasmask\u00a0 kaaviari ja kullaga koos merekollageeniga Stimuleerib kollageeni tootmist L\u00f5hna vaba vananemisvastane kangasmask ehtsa kullaga Sisaldab merekollageeni ja kaaviari Parandab naha elastsust Annab s\u00e4rava jume 89% looduslikke koostisosi Immutatud 20 ml seerumiga","_links":{"self":[{"href":"https:\/\/kosmeetika24.com\/et\/wp-json\/wp\/v2\/product\/7152","targetHints":{"allow":["GET"]}}],"collection":[{"href":"https:\/\/kosmeetika24.com\/et\/wp-json\/wp\/v2\/product"}],"about":[{"href":"https:\/\/kosmeetika24.com\/et\/wp-json\/wp\/v2\/types\/product"}],"replies":[{"embeddable":true,"href":"https:\/\/kosmeetika24.com\/et\/wp-json\/wp\/v2\/comments?post=7152"}],"version-history":[{"count":1,"href":"https:\/\/kosmeetika24.com\/et\/wp-json\/wp\/v2\/product\/7152\/revisions"}],"predecessor-version":[{"id":7157,"href":"https:\/\/kosmeetika24.com\/et\/wp-json\/wp\/v2\/product\/7152\/revisions\/7157"}],"wp:featuredmedia":[{"embeddable":true,"href":"https:\/\/kosmeetika24.com\/et\/wp-json\/wp\/v2\/media\/7155"}],"wp:attachment":[{"href":"https:\/\/kosmeetika24.com\/et\/wp-json\/wp\/v2\/media?parent=7152"}],"wp:term":[{"taxonomy":"product_brand","embeddable":true,"href":"https:\/\/kosmeetika24.com\/et\/wp-json\/wp\/v2\/product_brand?post=7152"},{"taxonomy":"product_cat","embeddable":true,"href":"https:\/\/kosmeetika24.com\/et\/wp-json\/wp\/v2\/product_cat?post=7152"},{"taxonomy":"product_tag","embeddable":true,"href":"https:\/\/kosmeetika24.com\/et\/wp-json\/wp\/v2\/product_tag?post=7152"}],"curies":[{"name":"wp","href":"https:\/\/api.w.org\/{rel}","templated":true}]}}