{"id":7150,"date":"2025-11-05T13:40:22","date_gmt":"2025-11-05T10:40:22","guid":{"rendered":"https:\/\/kosmeetika24.com\/?post_type=product&#038;p=7150"},"modified":"2026-01-12T12:19:53","modified_gmt":"2026-01-12T09:19:53","slug":"dalton-redness-control-anti-redness-concentrate","status":"publish","type":"product","link":"https:\/\/kosmeetika24.com\/et\/toode\/dalton-redness-control-anti-redness-concentrate\/","title":{"rendered":"Dalton \u2013 Redness Control \u2013 Anti-Redness Concentrate"},"content":{"rendered":"<p><strong>Kasutamine:<\/strong><\/p>\n<p>Kanna hommikul ja \u00f5htul puhastatud nahale, enne n\u00e4okreemi pealekandmist. Kanna m\u00f5ned tilgad kahjustatud kohtadele v\u00f5i suurematele n\u00e4o pindadele ja masseeri \u00f5rnalt nahka.<\/p>\n<p><strong>Toote kirjeldus:<\/strong><\/p>\n<p><em>Anti-Redness Concentrate<\/em>\u00a0pakub t\u00f5husat abi kuperoossele ja punetavale nahale. \u00d5livaba ja l\u00f5hnavaba koostis muudab toote sobivaks ka rosaatseale kalduvatele nahat\u00fc\u00fcpidele. Uuringud on n\u00e4idanud, et toode v\u00e4hendab n\u00e4o punetust kuni 35% ja n\u00e4htavaid telangiektasia (veresoonte laienemine) 20% * v\u00f5rra.<\/p>\n<p>Rahustav 5-taimega kompleks (hobukastan, veiste-s\u00fcdamerohi, lagritsajuurt, saialille ja Aasia vesinaba) tugevdab kapillaare ja kinnitab naha struktuuri, takistades laienenud veresoonte ilmumist. Toode aitab rahustada \u00e4rritust ja v\u00e4hendab punetuse ja laigulise naha v\u00e4limust n\u00e4ol. H\u00fcaluroonhape taastab naha niiskustaseme ja niisutab nahka, andes tasakaalustatud ja \u00fchtlase jumega naha.<\/p>\n<p>Kuperoosa v\u00f5ib areneda rosaatseaks \u2013 krooniline naha p\u00f5letik, mis p\u00f5hjustab tugevat punetust. Kasuta rahustavaid tooteid, mis aitavad tugevdada kapillaare ja kaitsta nahka.<\/p>\n<p><em>Testi tingimused: Katsealustel n\u00e4htava kuperoosaga; emulsiooni ja platseebo kasutamine (pooln\u00e4o uuring) 14 p\u00e4eva jooksul. Uuring viidi l\u00e4bi in vivo.<\/em><\/p>\n<p><strong>KOOSTIS:<br \/>\n<\/strong>Aqua\/Water, Panthenol, Butylene Glycol, Pentylene Glycol, Maris Aqua\/Sea Water, Centella Asiatica Leaf Extract, Calendula Officinalis Flower Extract, Ruscus Aculeatus Root Extract, Ammonium Glycyrrhizate, Escin, Hydrolyzed Yeast Protein, Sodium Hyaluronate, Carbomer, Citric Acid, Phenoxyethanol, Sodium Citrate, Glycerin, Sodium Hydroxide, Ethylhexylglycerin, Acrylates\/C10-30 Alkyl Acrylate Crosspolymer.<\/p>\n","protected":false},"excerpt":{"rendered":"<p>Kuperoossele ja rosaatseale kalduvatele nahat\u00fc\u00fcpidele m\u00f5eldud l\u00f5hnavaba kontsentraat.<\/p>\n<p>V\u00e4hendab n\u00e4onaha punetust kuni 35% *<br \/>\nKerge geeli tekstuur<br \/>\nV\u00e4hendab n\u00e4htavaid punaseid veresooni 21% *<br \/>\nH\u00fcaluroonhape niisutab nahka<br \/>\n\u00d5livaba ja l\u00f5hnavaba<br \/>\nSobib nahale, mis on kalduvus kuperoosale<br \/>\n93% looduslikke koostisosi<\/p>\n<p>&nbsp;<\/p>\n<p>15ml<\/p>\n<p>&nbsp;<\/p>\n","protected":false},"featured_media":7139,"comment_status":"closed","ping_status":"closed","template":"","meta":{"_uag_custom_page_level_css":"","site-sidebar-layout":"default","site-content-layout":"","ast-site-content-layout":"default","site-content-style":"default","site-sidebar-style":"default","ast-global-header-display":"","ast-banner-title-visibility":"","ast-main-header-display":"","ast-hfb-above-header-display":"","ast-hfb-below-header-display":"","ast-hfb-mobile-header-display":"","site-post-title":"","ast-breadcrumbs-content":"","ast-featured-img":"","footer-sml-layout":"","ast-disable-related-posts":"","theme-transparent-header-meta":"default","adv-header-id-meta":"","stick-header-meta":"","header-above-stick-meta":"","header-main-stick-meta":"","header-below-stick-meta":"","astra-migrate-meta-layouts":"set","ast-page-background-enabled":"default","ast-page-background-meta":{"desktop":{"background-color":"var(--ast-global-color-4)","background-image":"","background-repeat":"repeat","background-position":"center center","background-size":"auto","background-attachment":"scroll","background-type":"","background-media":"","overlay-type":"","overlay-color":"","overlay-opacity":"","overlay-gradient":""},"tablet":{"background-color":"","background-image":"","background-repeat":"repeat","background-position":"center center","background-size":"auto","background-attachment":"scroll","background-type":"","background-media":"","overlay-type":"","overlay-color":"","overlay-opacity":"","overlay-gradient":""},"mobile":{"background-color":"","background-image":"","background-repeat":"repeat","background-position":"center center","background-size":"auto","background-attachment":"scroll","background-type":"","background-media":"","overlay-type":"","overlay-color":"","overlay-opacity":"","overlay-gradient":""}},"ast-content-background-meta":{"desktop":{"background-color":"var(--ast-global-color-5)","background-image":"","background-repeat":"repeat","background-position":"center center","background-size":"auto","background-attachment":"scroll","background-type":"","background-media":"","overlay-type":"","overlay-color":"","overlay-opacity":"","overlay-gradient":""},"tablet":{"background-color":"var(--ast-global-color-5)","background-image":"","background-repeat":"repeat","background-position":"center center","background-size":"auto","background-attachment":"scroll","background-type":"","background-media":"","overlay-type":"","overlay-color":"","overlay-opacity":"","overlay-gradient":""},"mobile":{"background-color":"var(--ast-global-color-5)","background-image":"","background-repeat":"repeat","background-position":"center center","background-size":"auto","background-attachment":"scroll","background-type":"","background-media":"","overlay-type":"","overlay-color":"","overlay-opacity":"","overlay-gradient":""}}},"product_brand":[],"product_cat":[125,97],"product_tag":[],"class_list":{"0":"post-7150","1":"product","2":"type-product","3":"status-publish","4":"has-post-thumbnail","6":"product_cat-dalton","7":"product_cat-naole","8":"desktop-align-left","9":"tablet-align-left","10":"mobile-align-left","12":"first","13":"onbackorder","14":"taxable","15":"shipping-taxable","16":"product-type-simple","17":"add-to-wishlist-before_image"},"uagb_featured_image_src":{"full":["https:\/\/kosmeetika24.com\/wp-content\/uploads\/2025\/11\/4054621735212.webp",540,540,false],"thumbnail":["https:\/\/kosmeetika24.com\/wp-content\/uploads\/2025\/11\/4054621735212-150x150.webp",150,150,true],"medium":["https:\/\/kosmeetika24.com\/wp-content\/uploads\/2025\/11\/4054621735212-300x300.webp",300,300,true],"medium_large":["https:\/\/kosmeetika24.com\/wp-content\/uploads\/2025\/11\/4054621735212.webp",540,540,false],"large":["https:\/\/kosmeetika24.com\/wp-content\/uploads\/2025\/11\/4054621735212.webp",540,540,false],"1536x1536":["https:\/\/kosmeetika24.com\/wp-content\/uploads\/2025\/11\/4054621735212.webp",540,540,false],"2048x2048":["https:\/\/kosmeetika24.com\/wp-content\/uploads\/2025\/11\/4054621735212.webp",540,540,false],"trp-custom-language-flag":["https:\/\/kosmeetika24.com\/wp-content\/uploads\/2025\/11\/4054621735212-12x12.webp",12,12,true],"woocommerce_thumbnail":["https:\/\/kosmeetika24.com\/wp-content\/uploads\/2025\/11\/4054621735212-300x300.webp",300,300,true],"woocommerce_single":["https:\/\/kosmeetika24.com\/wp-content\/uploads\/2025\/11\/4054621735212-500x500.webp",500,500,true],"woocommerce_gallery_thumbnail":["https:\/\/kosmeetika24.com\/wp-content\/uploads\/2025\/11\/4054621735212-100x100.webp",100,100,true]},"uagb_author_info":{"display_name":"admin","author_link":"https:\/\/kosmeetika24.com\/et\/author\/"},"uagb_comment_info":0,"uagb_excerpt":"Kuperoossele ja rosaatseale kalduvatele nahat\u00fc\u00fcpidele m\u00f5eldud l\u00f5hnavaba kontsentraat. V\u00e4hendab n\u00e4onaha punetust kuni 35% * Kerge geeli tekstuur V\u00e4hendab n\u00e4htavaid punaseid veresooni 21% * H\u00fcaluroonhape niisutab nahka \u00d5livaba ja l\u00f5hnavaba Sobib nahale, mis on kalduvus kuperoosale 93% looduslikke koostisosi &nbsp; 15ml &nbsp;","_links":{"self":[{"href":"https:\/\/kosmeetika24.com\/et\/wp-json\/wp\/v2\/product\/7150","targetHints":{"allow":["GET"]}}],"collection":[{"href":"https:\/\/kosmeetika24.com\/et\/wp-json\/wp\/v2\/product"}],"about":[{"href":"https:\/\/kosmeetika24.com\/et\/wp-json\/wp\/v2\/types\/product"}],"replies":[{"embeddable":true,"href":"https:\/\/kosmeetika24.com\/et\/wp-json\/wp\/v2\/comments?post=7150"}],"version-history":[{"count":1,"href":"https:\/\/kosmeetika24.com\/et\/wp-json\/wp\/v2\/product\/7150\/revisions"}],"predecessor-version":[{"id":7151,"href":"https:\/\/kosmeetika24.com\/et\/wp-json\/wp\/v2\/product\/7150\/revisions\/7151"}],"wp:featuredmedia":[{"embeddable":true,"href":"https:\/\/kosmeetika24.com\/et\/wp-json\/wp\/v2\/media\/7139"}],"wp:attachment":[{"href":"https:\/\/kosmeetika24.com\/et\/wp-json\/wp\/v2\/media?parent=7150"}],"wp:term":[{"taxonomy":"product_brand","embeddable":true,"href":"https:\/\/kosmeetika24.com\/et\/wp-json\/wp\/v2\/product_brand?post=7150"},{"taxonomy":"product_cat","embeddable":true,"href":"https:\/\/kosmeetika24.com\/et\/wp-json\/wp\/v2\/product_cat?post=7150"},{"taxonomy":"product_tag","embeddable":true,"href":"https:\/\/kosmeetika24.com\/et\/wp-json\/wp\/v2\/product_tag?post=7150"}],"curies":[{"name":"wp","href":"https:\/\/api.w.org\/{rel}","templated":true}]}}