{"id":7142,"date":"2025-11-05T13:34:17","date_gmt":"2025-11-05T10:34:17","guid":{"rendered":"https:\/\/kosmeetika24.com\/?post_type=product&#038;p=7142"},"modified":"2026-01-12T12:20:12","modified_gmt":"2026-01-12T09:20:12","slug":"dalton-redness-control-anti-redness-cream-rich","status":"publish","type":"product","link":"https:\/\/kosmeetika24.com\/et\/toode\/dalton-redness-control-anti-redness-cream-rich\/","title":{"rendered":"Dalton \u2013 Redness Control \u2013 Anti-Redness Cream Rich"},"content":{"rendered":"<p><strong>Kasutamine:<\/strong><\/p>\n<p>Kanna hommikul ja \u00f5htul puhastatud n\u00e4ole, kaelale ja dekolteele ning masseeri \u00f5rnalt sisse.<\/p>\n<p><strong>Toote kirjeldus:<\/strong><\/p>\n<p>See toitaineterikas n\u00e4okreem on loodud spetsiaalselt kuivale nahale, mis on kalduvus kuperoosale. Looduslikud koostisosad nagu p\u00e4rmiekstrakt ja meie 5-taimega rahustav kompleks, mis sisaldab hobukastanit, veiste-s\u00fcdamerohu ekstrakti, lagritsajuurt, saialille ja Aasia vesinaba, leevendavad nahka ja aitavad tugevdada naha loomulikku kaitsebarj\u00e4\u00e4ri.<\/p>\n<p>Kreem parandab punetava ja laigulise naha v\u00e4limust kuni 35% ja v\u00e4hendab n\u00e4htavaid \u00e4mblikveene (telangiektaasia) n\u00e4ol. Mesilasvaha ja uurea kaitsevad nahka kuivamise eest, j\u00e4ttes naha pehmeks ja elastseks. Nahk tunneb end kaitstuna, taastatud ja niisutatud.<\/p>\n<p>Kuperoosa v\u00f5ib areneda rosaatseaks \u2013 krooniliseks nahap\u00f5letikuks, mis p\u00f5hjustab tugevat punetust. Ennetav hooldus on oluline! Kasuta rahustavaid tooteid, mis aitavad tugevdada kapillaare ja kaitsta nahka igap\u00e4evaselt.<\/p>\n<p><em>Testi tingimused: Katsealustel n\u00e4htava kuperoosaga; emulsiooni ja platseebo kasutamine (pooln\u00e4o uuring) 14 p\u00e4eva jooksul. Uuring viidi l\u00e4bi in vivo.<\/em><\/p>\n<p><strong>KOOSTIS:<\/strong><br \/>\nAqua\/Water, Glycerin, Isopropyl Palmitate, Sorbitol, Tri(Polyglyceryl-3\/Lauryl) Hydrogenated Trilinoleate, Prunus Amygdalus Dulcis (Sweet Almond) Oil, Helianthus Annuus Hybrid Oil\/Helianthus Annuus (Sunflower) Seed Oil, Polyglyceryl-2 Sesquiisostearate, Butylene Glycol, Propylheptyl Caprylate, Hydrogenated Castor Oil, Coco-Caprylate, Cera Alba\/Beeswax, Panthenol, Maris Aqua\/Sea Water, Centella Asiatica Leaf Extract, Calendula Officinalis Flower Extract, Ruscus Aculeatus Root Extract, Ammonium Glycyrrhizate, Hydrolyzed Yeast Protein, Bisabolol, Helianthus Annuus (Sunflower) Seed Oil, Urea, Magnesium Sulfate, Sodium Lactate, Escin, Tocopherol, Pentylene Glycol, Allantoin, Sodium Citrate, Sodium Chloride, Ethylhexylglycerin, Serine, Lactic Acid, Pheoxyethanol, Potassium Sorbate, Citric Acid, Parfum\/Fragrance, Citral, Hexyl Cinnamal, Limonene.<\/p>\n<p>628.-\u20ac\/l<\/p>\n","protected":false},"excerpt":{"rendered":"<p>Lipiidirikas n\u00e4okreem kuperoosale ja punetavale nahale<\/p>\n<p>V\u00e4hendab n\u00e4onaha punetust kuni 35% *<br \/>\nRikas ja toitva koostisega<br \/>\nRahustab ja stabiliseerib nahka<br \/>\nV\u00e4hendab n\u00e4htavust punastest veresoonte kohtadest (telangiektaasiad) kuni 21%** *<br \/>\nSisaldab mesilasvaha, uureat ja p\u00e4rmiekstrakti<br \/>\nSobib nahale, millel on kalduvus kuperoosale<br \/>\n83% looduslikke koostisosi<\/p>\n<p>. 50ml<\/p>\n","protected":false},"featured_media":7135,"comment_status":"closed","ping_status":"closed","template":"","meta":{"_uag_custom_page_level_css":"","site-sidebar-layout":"default","site-content-layout":"","ast-site-content-layout":"default","site-content-style":"default","site-sidebar-style":"default","ast-global-header-display":"","ast-banner-title-visibility":"","ast-main-header-display":"","ast-hfb-above-header-display":"","ast-hfb-below-header-display":"","ast-hfb-mobile-header-display":"","site-post-title":"","ast-breadcrumbs-content":"","ast-featured-img":"","footer-sml-layout":"","ast-disable-related-posts":"","theme-transparent-header-meta":"default","adv-header-id-meta":"","stick-header-meta":"","header-above-stick-meta":"","header-main-stick-meta":"","header-below-stick-meta":"","astra-migrate-meta-layouts":"set","ast-page-background-enabled":"default","ast-page-background-meta":{"desktop":{"background-color":"var(--ast-global-color-4)","background-image":"","background-repeat":"repeat","background-position":"center center","background-size":"auto","background-attachment":"scroll","background-type":"","background-media":"","overlay-type":"","overlay-color":"","overlay-opacity":"","overlay-gradient":""},"tablet":{"background-color":"","background-image":"","background-repeat":"repeat","background-position":"center center","background-size":"auto","background-attachment":"scroll","background-type":"","background-media":"","overlay-type":"","overlay-color":"","overlay-opacity":"","overlay-gradient":""},"mobile":{"background-color":"","background-image":"","background-repeat":"repeat","background-position":"center center","background-size":"auto","background-attachment":"scroll","background-type":"","background-media":"","overlay-type":"","overlay-color":"","overlay-opacity":"","overlay-gradient":""}},"ast-content-background-meta":{"desktop":{"background-color":"var(--ast-global-color-5)","background-image":"","background-repeat":"repeat","background-position":"center center","background-size":"auto","background-attachment":"scroll","background-type":"","background-media":"","overlay-type":"","overlay-color":"","overlay-opacity":"","overlay-gradient":""},"tablet":{"background-color":"var(--ast-global-color-5)","background-image":"","background-repeat":"repeat","background-position":"center center","background-size":"auto","background-attachment":"scroll","background-type":"","background-media":"","overlay-type":"","overlay-color":"","overlay-opacity":"","overlay-gradient":""},"mobile":{"background-color":"var(--ast-global-color-5)","background-image":"","background-repeat":"repeat","background-position":"center center","background-size":"auto","background-attachment":"scroll","background-type":"","background-media":"","overlay-type":"","overlay-color":"","overlay-opacity":"","overlay-gradient":""}}},"product_brand":[],"product_cat":[125,97],"product_tag":[],"class_list":{"0":"post-7142","1":"product","2":"type-product","3":"status-publish","4":"has-post-thumbnail","6":"product_cat-dalton","7":"product_cat-naole","8":"desktop-align-left","9":"tablet-align-left","10":"mobile-align-left","12":"first","13":"onbackorder","14":"taxable","15":"shipping-taxable","16":"product-type-simple","17":"add-to-wishlist-before_image"},"uagb_featured_image_src":{"full":["https:\/\/kosmeetika24.com\/wp-content\/uploads\/2025\/11\/4054621735052.webp",540,540,false],"thumbnail":["https:\/\/kosmeetika24.com\/wp-content\/uploads\/2025\/11\/4054621735052-150x150.webp",150,150,true],"medium":["https:\/\/kosmeetika24.com\/wp-content\/uploads\/2025\/11\/4054621735052-300x300.webp",300,300,true],"medium_large":["https:\/\/kosmeetika24.com\/wp-content\/uploads\/2025\/11\/4054621735052.webp",540,540,false],"large":["https:\/\/kosmeetika24.com\/wp-content\/uploads\/2025\/11\/4054621735052.webp",540,540,false],"1536x1536":["https:\/\/kosmeetika24.com\/wp-content\/uploads\/2025\/11\/4054621735052.webp",540,540,false],"2048x2048":["https:\/\/kosmeetika24.com\/wp-content\/uploads\/2025\/11\/4054621735052.webp",540,540,false],"trp-custom-language-flag":["https:\/\/kosmeetika24.com\/wp-content\/uploads\/2025\/11\/4054621735052-12x12.webp",12,12,true],"woocommerce_thumbnail":["https:\/\/kosmeetika24.com\/wp-content\/uploads\/2025\/11\/4054621735052-300x300.webp",300,300,true],"woocommerce_single":["https:\/\/kosmeetika24.com\/wp-content\/uploads\/2025\/11\/4054621735052-500x500.webp",500,500,true],"woocommerce_gallery_thumbnail":["https:\/\/kosmeetika24.com\/wp-content\/uploads\/2025\/11\/4054621735052-100x100.webp",100,100,true]},"uagb_author_info":{"display_name":"admin","author_link":"https:\/\/kosmeetika24.com\/et\/author\/"},"uagb_comment_info":0,"uagb_excerpt":"Lipiidirikas n\u00e4okreem kuperoosale ja punetavale nahale V\u00e4hendab n\u00e4onaha punetust kuni 35% * Rikas ja toitva koostisega Rahustab ja stabiliseerib nahka V\u00e4hendab n\u00e4htavust punastest veresoonte kohtadest (telangiektaasiad) kuni 21%** * Sisaldab mesilasvaha, uureat ja p\u00e4rmiekstrakti Sobib nahale, millel on kalduvus kuperoosale 83% looduslikke koostisosi . 50ml","_links":{"self":[{"href":"https:\/\/kosmeetika24.com\/et\/wp-json\/wp\/v2\/product\/7142","targetHints":{"allow":["GET"]}}],"collection":[{"href":"https:\/\/kosmeetika24.com\/et\/wp-json\/wp\/v2\/product"}],"about":[{"href":"https:\/\/kosmeetika24.com\/et\/wp-json\/wp\/v2\/types\/product"}],"replies":[{"embeddable":true,"href":"https:\/\/kosmeetika24.com\/et\/wp-json\/wp\/v2\/comments?post=7142"}],"version-history":[{"count":2,"href":"https:\/\/kosmeetika24.com\/et\/wp-json\/wp\/v2\/product\/7142\/revisions"}],"predecessor-version":[{"id":7144,"href":"https:\/\/kosmeetika24.com\/et\/wp-json\/wp\/v2\/product\/7142\/revisions\/7144"}],"wp:featuredmedia":[{"embeddable":true,"href":"https:\/\/kosmeetika24.com\/et\/wp-json\/wp\/v2\/media\/7135"}],"wp:attachment":[{"href":"https:\/\/kosmeetika24.com\/et\/wp-json\/wp\/v2\/media?parent=7142"}],"wp:term":[{"taxonomy":"product_brand","embeddable":true,"href":"https:\/\/kosmeetika24.com\/et\/wp-json\/wp\/v2\/product_brand?post=7142"},{"taxonomy":"product_cat","embeddable":true,"href":"https:\/\/kosmeetika24.com\/et\/wp-json\/wp\/v2\/product_cat?post=7142"},{"taxonomy":"product_tag","embeddable":true,"href":"https:\/\/kosmeetika24.com\/et\/wp-json\/wp\/v2\/product_tag?post=7142"}],"curies":[{"name":"wp","href":"https:\/\/api.w.org\/{rel}","templated":true}]}}