{"id":7103,"date":"2025-11-06T17:29:38","date_gmt":"2025-11-06T14:29:38","guid":{"rendered":"https:\/\/kosmeetika24.com\/?post_type=product&#038;p=7103"},"modified":"2026-01-12T12:11:09","modified_gmt":"2026-01-12T09:11:09","slug":"dalton-s-e-a-marine-stem-cell-ampoules","status":"publish","type":"product","link":"https:\/\/kosmeetika24.com\/et\/toode\/dalton-s-e-a-marine-stem-cell-ampoules\/","title":{"rendered":"Dalton \u2013 S.E.A. \u2013 Marine Stem Cell Ampoules"},"content":{"rendered":"<p><strong>Kasutamine:<\/strong><br \/>\nRaputage enne kasutamist ning asetage ampulliavaja ampulli otsa. Suunake t\u00e4pp enda poole ja painutage ampulliavajat tahapoole. Valage kontsentraat peopessa ja seej\u00e4rel kanda n\u00e4ole, kaelale ja\u00a0 dekolteele ning seej\u00e4rel masseeriga \u00f5rnalt s\u00f5rmeotstega. Kasutada enne seerumit ja n\u00e4okreemi.<\/p>\n<p><strong>N\u00f5uanne:<\/strong><br \/>\nIdeaalne nahahooldus osa enne ja peale kosmeetilisi protseduure.<\/p>\n<p>Mereliste t\u00fcvirakkudega ampullid on t\u00f5eline j\u00f5uallikas! \u00dcks ampull koosneb kokku kahest miljonist merelisest t\u00fcvirakust. Lisaks on see t\u00e4iustatud ainulaadse\u00a0<i>Celumer Marine\u00a0<\/i>ekstraktiga ja\u00a0<i>Crambe maritima<\/i>\u00b4ga, mis:<br \/>\nParandab naharakkude loomulikku kaitsev\u00f5imet<br \/>\nNiisutab ja taastab nahka<br \/>\nStimuleerib\u00a0<b>rakkude uuenemist ja epidermise taastumist<\/b><b><br \/>\n<\/b>Suurendab kollageeni tootmist kuni\u00a0<b>43%<\/b>, et parandada naha elastsust ja pinguldada l\u00f5tvunud nahka<\/p>\n<p><strong>Tulemus:<\/strong><br \/>\nNahk n\u00e4ib\u00a0<b>siledam, t\u00e4idlasem<\/b>\u00a0ning n\u00e4okontuurid muutuvad\u00a0<b>pringimaks ja defineeritumaks<\/b>.<\/p>\n<p><em>*Test viidi l\u00e4bi 47\u201362-aastaste osalejatega, kasutades Celumer Merelist Ekstrakti kaks korda p\u00e4evas nelja n\u00e4dala jooksul. Katsetulemusi v\u00f5rreldi t\u00f6\u00f6tlemata kontrollproovidega. Uuring viidi l\u00e4bi in vivo.<\/em><\/p>\n","protected":false},"excerpt":{"rendered":"<p>K\u00f5rgelt kontsentreeritud vananemisvastased ampullid rakkude uuenemise kiirendamiseks<\/p>\n<p>Iga ampull sisaldab 2 miljonit merelist t\u00fcvirakku<br \/>\nV\u00e4ga k\u00f5rgelt kontsentreeritud aktiivsete koostisosadega<br \/>\nCrambe maritima kaitseb naharakke<br \/>\nKiirendab rakkude uuendamist<br \/>\nSuurendab kollageeni tootmist kuni 43%*<\/p>\n","protected":false},"featured_media":7099,"comment_status":"closed","ping_status":"closed","template":"","meta":{"_uag_custom_page_level_css":"","site-sidebar-layout":"default","site-content-layout":"","ast-site-content-layout":"default","site-content-style":"default","site-sidebar-style":"default","ast-global-header-display":"","ast-banner-title-visibility":"","ast-main-header-display":"","ast-hfb-above-header-display":"","ast-hfb-below-header-display":"","ast-hfb-mobile-header-display":"","site-post-title":"","ast-breadcrumbs-content":"","ast-featured-img":"","footer-sml-layout":"","ast-disable-related-posts":"","theme-transparent-header-meta":"default","adv-header-id-meta":"","stick-header-meta":"","header-above-stick-meta":"","header-main-stick-meta":"","header-below-stick-meta":"","astra-migrate-meta-layouts":"set","ast-page-background-enabled":"default","ast-page-background-meta":{"desktop":{"background-color":"var(--ast-global-color-4)","background-image":"","background-repeat":"repeat","background-position":"center center","background-size":"auto","background-attachment":"scroll","background-type":"","background-media":"","overlay-type":"","overlay-color":"","overlay-opacity":"","overlay-gradient":""},"tablet":{"background-color":"","background-image":"","background-repeat":"repeat","background-position":"center center","background-size":"auto","background-attachment":"scroll","background-type":"","background-media":"","overlay-type":"","overlay-color":"","overlay-opacity":"","overlay-gradient":""},"mobile":{"background-color":"","background-image":"","background-repeat":"repeat","background-position":"center center","background-size":"auto","background-attachment":"scroll","background-type":"","background-media":"","overlay-type":"","overlay-color":"","overlay-opacity":"","overlay-gradient":""}},"ast-content-background-meta":{"desktop":{"background-color":"var(--ast-global-color-5)","background-image":"","background-repeat":"repeat","background-position":"center center","background-size":"auto","background-attachment":"scroll","background-type":"","background-media":"","overlay-type":"","overlay-color":"","overlay-opacity":"","overlay-gradient":""},"tablet":{"background-color":"var(--ast-global-color-5)","background-image":"","background-repeat":"repeat","background-position":"center center","background-size":"auto","background-attachment":"scroll","background-type":"","background-media":"","overlay-type":"","overlay-color":"","overlay-opacity":"","overlay-gradient":""},"mobile":{"background-color":"var(--ast-global-color-5)","background-image":"","background-repeat":"repeat","background-position":"center center","background-size":"auto","background-attachment":"scroll","background-type":"","background-media":"","overlay-type":"","overlay-color":"","overlay-opacity":"","overlay-gradient":""}}},"product_brand":[],"product_cat":[125,97],"product_tag":[],"class_list":{"0":"post-7103","1":"product","2":"type-product","3":"status-publish","4":"has-post-thumbnail","6":"product_cat-dalton","7":"product_cat-naole","8":"desktop-align-left","9":"tablet-align-left","10":"mobile-align-left","12":"first","13":"onbackorder","14":"taxable","15":"shipping-taxable","16":"product-type-simple","17":"add-to-wishlist-before_image"},"uagb_featured_image_src":{"full":["https:\/\/kosmeetika24.com\/wp-content\/uploads\/2025\/11\/4054621650324.webp",540,540,false],"thumbnail":["https:\/\/kosmeetika24.com\/wp-content\/uploads\/2025\/11\/4054621650324-150x150.webp",150,150,true],"medium":["https:\/\/kosmeetika24.com\/wp-content\/uploads\/2025\/11\/4054621650324-300x300.webp",300,300,true],"medium_large":["https:\/\/kosmeetika24.com\/wp-content\/uploads\/2025\/11\/4054621650324.webp",540,540,false],"large":["https:\/\/kosmeetika24.com\/wp-content\/uploads\/2025\/11\/4054621650324.webp",540,540,false],"1536x1536":["https:\/\/kosmeetika24.com\/wp-content\/uploads\/2025\/11\/4054621650324.webp",540,540,false],"2048x2048":["https:\/\/kosmeetika24.com\/wp-content\/uploads\/2025\/11\/4054621650324.webp",540,540,false],"trp-custom-language-flag":["https:\/\/kosmeetika24.com\/wp-content\/uploads\/2025\/11\/4054621650324-12x12.webp",12,12,true],"woocommerce_thumbnail":["https:\/\/kosmeetika24.com\/wp-content\/uploads\/2025\/11\/4054621650324-300x300.webp",300,300,true],"woocommerce_single":["https:\/\/kosmeetika24.com\/wp-content\/uploads\/2025\/11\/4054621650324-500x500.webp",500,500,true],"woocommerce_gallery_thumbnail":["https:\/\/kosmeetika24.com\/wp-content\/uploads\/2025\/11\/4054621650324-100x100.webp",100,100,true]},"uagb_author_info":{"display_name":"admin","author_link":"https:\/\/kosmeetika24.com\/et\/author\/"},"uagb_comment_info":0,"uagb_excerpt":"K\u00f5rgelt kontsentreeritud vananemisvastased ampullid rakkude uuenemise kiirendamiseks Iga ampull sisaldab 2 miljonit merelist t\u00fcvirakku V\u00e4ga k\u00f5rgelt kontsentreeritud aktiivsete koostisosadega Crambe maritima kaitseb naharakke Kiirendab rakkude uuendamist Suurendab kollageeni tootmist kuni 43%*","_links":{"self":[{"href":"https:\/\/kosmeetika24.com\/et\/wp-json\/wp\/v2\/product\/7103","targetHints":{"allow":["GET"]}}],"collection":[{"href":"https:\/\/kosmeetika24.com\/et\/wp-json\/wp\/v2\/product"}],"about":[{"href":"https:\/\/kosmeetika24.com\/et\/wp-json\/wp\/v2\/types\/product"}],"replies":[{"embeddable":true,"href":"https:\/\/kosmeetika24.com\/et\/wp-json\/wp\/v2\/comments?post=7103"}],"version-history":[{"count":2,"href":"https:\/\/kosmeetika24.com\/et\/wp-json\/wp\/v2\/product\/7103\/revisions"}],"predecessor-version":[{"id":7231,"href":"https:\/\/kosmeetika24.com\/et\/wp-json\/wp\/v2\/product\/7103\/revisions\/7231"}],"wp:featuredmedia":[{"embeddable":true,"href":"https:\/\/kosmeetika24.com\/et\/wp-json\/wp\/v2\/media\/7099"}],"wp:attachment":[{"href":"https:\/\/kosmeetika24.com\/et\/wp-json\/wp\/v2\/media?parent=7103"}],"wp:term":[{"taxonomy":"product_brand","embeddable":true,"href":"https:\/\/kosmeetika24.com\/et\/wp-json\/wp\/v2\/product_brand?post=7103"},{"taxonomy":"product_cat","embeddable":true,"href":"https:\/\/kosmeetika24.com\/et\/wp-json\/wp\/v2\/product_cat?post=7103"},{"taxonomy":"product_tag","embeddable":true,"href":"https:\/\/kosmeetika24.com\/et\/wp-json\/wp\/v2\/product_tag?post=7103"}],"curies":[{"name":"wp","href":"https:\/\/api.w.org\/{rel}","templated":true}]}}