{"id":7095,"date":"2025-11-06T17:29:15","date_gmt":"2025-11-06T14:29:15","guid":{"rendered":"https:\/\/kosmeetika24.com\/?post_type=product&#038;p=7095"},"modified":"2026-01-12T12:11:16","modified_gmt":"2026-01-12T09:11:16","slug":"dalton-caviar-deluxe-caviar-anti-aging-ampoules","status":"publish","type":"product","link":"https:\/\/kosmeetika24.com\/et\/toode\/dalton-caviar-deluxe-caviar-anti-aging-ampoules\/","title":{"rendered":"Dalton \u2013 Caviar Deluxe \u2013 Caviar Anti-Aging Ampoules"},"content":{"rendered":"<p><strong>Kasutamine:<br \/>\n<\/strong>Raputage enne kasutamist ja asetage ampulliavaja ampulli otsa. Suunake t\u00e4pp enda poole ja painutage ampulliavajat tahapoole. Valage kontsentraat peopessa, kandke see n\u00e4ole, kaelale ja dekolteele ning patsutage \u00f5rnalt sisse.<\/p>\n<p><strong>N\u00f5uanne:<br \/>\n<\/strong>Kiire iluhooldus sileda, veatu ja s\u00e4rava naha saavutamiseks. Ideaalne meigialuskreem kauakestva jumestuse jaoks!<\/p>\n<p>Kaaviari ampull on t\u00f5eline vananemisvastane kokteil, mis sisaldab olulisi toitaineid ja elut\u00e4htsaid aineid. Selle koostises on meie k\u00f5ige k\u00f5rgema kontsentratsiooniga\u00a0<em>Celumer mereline ekstrakt<\/em>\u00a0koos lisadoosi kaaviariga. Kuid see pole veel k\u00f5ik:<\/p>\n<p>Kiirendab naha uuenemist ja tugevdab naha loomulikku kaitsev\u00f5imet<br \/>\nStimuleerib naha kollageeni ja h\u00fcaluroonhappe tootmist<br \/>\nSuurendab naha niiskustasakaalu 51% v\u00f5rra juba 20 minutiga*<\/p>\n<p><strong>Tulemus<\/strong>:<br \/>\nSile, veatu ja kaunilt s\u00e4rav nahk.<\/p>\n<p><i>Kliiniline uuring naha elastsuse testimiseks in vivo, 35 naist.<\/i><i><br \/>\n<\/i><i>Kliiniline uuring naha niiskussisalduse testimiseks in vivo, 35 naist.<\/i><\/p>\n<p><strong>KOOSTIS:<\/strong><br \/>\nAqua\/Water, Propylene Glycol, Glycerin, PEG-7 Glyceryl Cocoate, Sorbitol, Pentylene Glycol, Caviar Extract, Maris Aqua\/Sea Water, Spirulina Maxima Extract, Algae Extract\/Alaria Esculenta Extract, Maris Limus Extract\/Sea Silt Extract, Saccharide Isomerate, Ostrea Shell Extract\/Oyster Shell Extract, PEG-40 Hydrogenated Castor Oil, Sodium Hyaluronate, Biotin, Phenoxyethanol, Potassium Sorbate, Sodium Hydroxide, Ethylhexylglycerin, Trideceth-9, Caprylic\/Capric Triglyceride, Alpha-Isomethyl Ionone, Tetrasodium Glutamate Diacetate, Acrylates\/C10-30 Alkyl Acrylate Crosspolymer, Hexyl Cinnamal, Parfum\/Fragrance<\/p>\n","protected":false},"excerpt":{"rendered":"<p>Toitev vananemisvastane kaaviari ampull s\u00e4rava naha jaoks<\/p>\n<p>Kiirendab naha uuenemist<br \/>\nToitev kontsentraat kaaviariga<br \/>\nStimuleerib kollageeni tootmist<br \/>\nSisaldab essentsiaalseid toitaineid ja elut\u00e4htsaid aineid<br \/>\nH\u00fcaluroonhape niisutab nahka<br \/>\nParandab naha elastsust 20% v\u00f5rra juba 20 minutiga*<\/p>\n","protected":false},"featured_media":7100,"comment_status":"closed","ping_status":"closed","template":"","meta":{"_uag_custom_page_level_css":"","site-sidebar-layout":"default","site-content-layout":"","ast-site-content-layout":"default","site-content-style":"default","site-sidebar-style":"default","ast-global-header-display":"","ast-banner-title-visibility":"","ast-main-header-display":"","ast-hfb-above-header-display":"","ast-hfb-below-header-display":"","ast-hfb-mobile-header-display":"","site-post-title":"","ast-breadcrumbs-content":"","ast-featured-img":"","footer-sml-layout":"","ast-disable-related-posts":"","theme-transparent-header-meta":"default","adv-header-id-meta":"","stick-header-meta":"","header-above-stick-meta":"","header-main-stick-meta":"","header-below-stick-meta":"","astra-migrate-meta-layouts":"set","ast-page-background-enabled":"default","ast-page-background-meta":{"desktop":{"background-color":"var(--ast-global-color-4)","background-image":"","background-repeat":"repeat","background-position":"center center","background-size":"auto","background-attachment":"scroll","background-type":"","background-media":"","overlay-type":"","overlay-color":"","overlay-opacity":"","overlay-gradient":""},"tablet":{"background-color":"","background-image":"","background-repeat":"repeat","background-position":"center center","background-size":"auto","background-attachment":"scroll","background-type":"","background-media":"","overlay-type":"","overlay-color":"","overlay-opacity":"","overlay-gradient":""},"mobile":{"background-color":"","background-image":"","background-repeat":"repeat","background-position":"center center","background-size":"auto","background-attachment":"scroll","background-type":"","background-media":"","overlay-type":"","overlay-color":"","overlay-opacity":"","overlay-gradient":""}},"ast-content-background-meta":{"desktop":{"background-color":"var(--ast-global-color-5)","background-image":"","background-repeat":"repeat","background-position":"center center","background-size":"auto","background-attachment":"scroll","background-type":"","background-media":"","overlay-type":"","overlay-color":"","overlay-opacity":"","overlay-gradient":""},"tablet":{"background-color":"var(--ast-global-color-5)","background-image":"","background-repeat":"repeat","background-position":"center center","background-size":"auto","background-attachment":"scroll","background-type":"","background-media":"","overlay-type":"","overlay-color":"","overlay-opacity":"","overlay-gradient":""},"mobile":{"background-color":"var(--ast-global-color-5)","background-image":"","background-repeat":"repeat","background-position":"center center","background-size":"auto","background-attachment":"scroll","background-type":"","background-media":"","overlay-type":"","overlay-color":"","overlay-opacity":"","overlay-gradient":""}}},"product_brand":[],"product_cat":[125,97],"product_tag":[],"class_list":{"0":"post-7095","1":"product","2":"type-product","3":"status-publish","4":"has-post-thumbnail","6":"product_cat-dalton","7":"product_cat-naole","8":"desktop-align-left","9":"tablet-align-left","10":"mobile-align-left","12":"first","13":"onbackorder","14":"taxable","15":"shipping-taxable","16":"product-type-simple","17":"add-to-wishlist-before_image"},"uagb_featured_image_src":{"full":["https:\/\/kosmeetika24.com\/wp-content\/uploads\/2025\/11\/4054621660095.webp",540,540,false],"thumbnail":["https:\/\/kosmeetika24.com\/wp-content\/uploads\/2025\/11\/4054621660095-150x150.webp",150,150,true],"medium":["https:\/\/kosmeetika24.com\/wp-content\/uploads\/2025\/11\/4054621660095-300x300.webp",300,300,true],"medium_large":["https:\/\/kosmeetika24.com\/wp-content\/uploads\/2025\/11\/4054621660095.webp",540,540,false],"large":["https:\/\/kosmeetika24.com\/wp-content\/uploads\/2025\/11\/4054621660095.webp",540,540,false],"1536x1536":["https:\/\/kosmeetika24.com\/wp-content\/uploads\/2025\/11\/4054621660095.webp",540,540,false],"2048x2048":["https:\/\/kosmeetika24.com\/wp-content\/uploads\/2025\/11\/4054621660095.webp",540,540,false],"trp-custom-language-flag":["https:\/\/kosmeetika24.com\/wp-content\/uploads\/2025\/11\/4054621660095-12x12.webp",12,12,true],"woocommerce_thumbnail":["https:\/\/kosmeetika24.com\/wp-content\/uploads\/2025\/11\/4054621660095-300x300.webp",300,300,true],"woocommerce_single":["https:\/\/kosmeetika24.com\/wp-content\/uploads\/2025\/11\/4054621660095-500x500.webp",500,500,true],"woocommerce_gallery_thumbnail":["https:\/\/kosmeetika24.com\/wp-content\/uploads\/2025\/11\/4054621660095-100x100.webp",100,100,true]},"uagb_author_info":{"display_name":"admin","author_link":"https:\/\/kosmeetika24.com\/et\/author\/"},"uagb_comment_info":0,"uagb_excerpt":"Toitev vananemisvastane kaaviari ampull s\u00e4rava naha jaoks Kiirendab naha uuenemist Toitev kontsentraat kaaviariga Stimuleerib kollageeni tootmist Sisaldab essentsiaalseid toitaineid ja elut\u00e4htsaid aineid H\u00fcaluroonhape niisutab nahka Parandab naha elastsust 20% v\u00f5rra juba 20 minutiga*","_links":{"self":[{"href":"https:\/\/kosmeetika24.com\/et\/wp-json\/wp\/v2\/product\/7095","targetHints":{"allow":["GET"]}}],"collection":[{"href":"https:\/\/kosmeetika24.com\/et\/wp-json\/wp\/v2\/product"}],"about":[{"href":"https:\/\/kosmeetika24.com\/et\/wp-json\/wp\/v2\/types\/product"}],"replies":[{"embeddable":true,"href":"https:\/\/kosmeetika24.com\/et\/wp-json\/wp\/v2\/comments?post=7095"}],"version-history":[{"count":1,"href":"https:\/\/kosmeetika24.com\/et\/wp-json\/wp\/v2\/product\/7095\/revisions"}],"predecessor-version":[{"id":7102,"href":"https:\/\/kosmeetika24.com\/et\/wp-json\/wp\/v2\/product\/7095\/revisions\/7102"}],"wp:featuredmedia":[{"embeddable":true,"href":"https:\/\/kosmeetika24.com\/et\/wp-json\/wp\/v2\/media\/7100"}],"wp:attachment":[{"href":"https:\/\/kosmeetika24.com\/et\/wp-json\/wp\/v2\/media?parent=7095"}],"wp:term":[{"taxonomy":"product_brand","embeddable":true,"href":"https:\/\/kosmeetika24.com\/et\/wp-json\/wp\/v2\/product_brand?post=7095"},{"taxonomy":"product_cat","embeddable":true,"href":"https:\/\/kosmeetika24.com\/et\/wp-json\/wp\/v2\/product_cat?post=7095"},{"taxonomy":"product_tag","embeddable":true,"href":"https:\/\/kosmeetika24.com\/et\/wp-json\/wp\/v2\/product_tag?post=7095"}],"curies":[{"name":"wp","href":"https:\/\/api.w.org\/{rel}","templated":true}]}}