{"id":7093,"date":"2025-11-06T17:30:09","date_gmt":"2025-11-06T14:30:09","guid":{"rendered":"https:\/\/kosmeetika24.com\/?post_type=product&#038;p=7093"},"modified":"2026-01-12T12:10:48","modified_gmt":"2026-01-12T09:10:48","slug":"dalton-s-e-a-marine-stem-cell-cream","status":"publish","type":"product","link":"https:\/\/kosmeetika24.com\/et\/toode\/dalton-s-e-a-marine-stem-cell-cream\/","title":{"rendered":"Dalton \u2013 S.E.A. \u2013 Marine Stem Cell Cream"},"content":{"rendered":"<p><strong>Kasutamine:<\/strong><br \/>\nKandke kreem hommikul ja \u00f5htul p\u00e4rast naha puhastamist n\u00e4ole, kaelale ja dekolteepiirkonnale. Kui kasutate ka seerumit, kandke esmalt seerum ja seej\u00e4rel kreem.<\/p>\n<p><strong>N\u00e4pun\u00e4ide:<\/strong><br \/>\nSobib suurep\u00e4raselt kasutamiseks enne ja p\u00e4rast kosmeetilisi protseduure.<\/p>\n<p>Mereliste t\u00fcvirakkudega n\u00e4okreem \u00fchendab luksusliku hoolduse ja k\u00f5rge efektiivsusega nahahooldusomadused. Selle koostises on unikaalne\u00a0<em>Celumeri mereekstrakt<\/em>, miljonid merelised t\u00fcvirakud ja\u00a0<em>Crambe maritima ekstrakt<\/em>, mis tugevdavad naha loomulikke kaitsemehhanisme, toetavad rakkude uuenemist ja epidermise taastumist, s\u00fcgavniisutavad nahka ning suurendavad kollageeni tootmist kuni 43%*. Mandli\u00f5li ja sheav\u00f5i toidavad ja siluvad nahka, j\u00e4ttes selle pehmeks ja elastseks. Tulemuseks on nooruslikum, pringim ja tugevam nahk ning selgelt defineeritud n\u00e4okontuurid. Kreemi \u00f5rn aroom ja siidine tekstuur sulanduvad nahaga, muutes selle sametiselt siledaks.<\/p>\n<p><i>Kliiniline uuring: 47\u201362-aastased osalejad kasutasid Celumeri mereekstrakti kaks korda p\u00e4evas nelja n\u00e4dala jooksul. Tulemusi v\u00f5rreldi t\u00f6\u00f6tlemata kontrollpiirkonnaga. Uuring viidi l\u00e4bi in vivo.<\/i><\/p>\n<p><strong>KOOSTIS:<\/strong><br \/>\nAqua\/Water, Cetearyl Alcohol, Ethylhexyl Stearate, Glycerin, Prunus Amygdalus Dulcis (Sweet Almond) Oil, Sodium Stearoyl Glutamate, Caprylic\/Capric Triglyceride, Butyrospermum Parkii (Shea) Butter, Dimethicone, Squalane, PPG-3 Benzyl Ether Myristate, Maris Aqua\/Sea Water, Crithmum Maritimum Extract, Crambe Maritima Leaf Extract, Caviar Extract, Spirulina Maxima Extract, Ostrea Shell Extract\/Oyster Shell Extract, Maris Limus Extract\/Sea Silt Extract, Saccharide Isomerate, Algae Extract\/Alaria Esculenta Extract, Panthenol, Sodium Hyaluronate, Propylene Glycol, Ethylhexylglycerin, Xanthan Gum, Pentaerythrityl Tetra-di-t-butyl Hydroxyhdrocinnamate, Potassium Sorbate, Parfum\/Fragrance, Limonene, Benzyl Salicylate, Hexyl Cinnamal, Benzyl Benzoate, Linalool, Coumarin, Alpha-Isomethyl Ionone, Phenoxyethanol, Citric Acid<\/p>\n<p>2198.-\u20ac\/l<\/p>\n","protected":false},"excerpt":{"rendered":"<p>ananemisvastane kreem t\u00fcvirakkude kaitseks<\/p>\n<p>Soodustab rakkude uuenemist<br \/>\n1 miljon merelist t\u00fcvirakku 1 grammi kreemi kohta<br \/>\nSiidiselt pehme tekstuur<br \/>\nCrambe maritima (merikapsa ekstrakt) toetab epidermise taastumist<br \/>\nMandli\u00f5li ja sheav\u00f5i toidavad nahka<br \/>\nSuurendab kollageeni tootmist kuni 43%*<\/p>\n<p>50ml<\/p>\n","protected":false},"featured_media":7087,"comment_status":"closed","ping_status":"closed","template":"","meta":{"_uag_custom_page_level_css":"","site-sidebar-layout":"default","site-content-layout":"","ast-site-content-layout":"default","site-content-style":"default","site-sidebar-style":"default","ast-global-header-display":"","ast-banner-title-visibility":"","ast-main-header-display":"","ast-hfb-above-header-display":"","ast-hfb-below-header-display":"","ast-hfb-mobile-header-display":"","site-post-title":"","ast-breadcrumbs-content":"","ast-featured-img":"","footer-sml-layout":"","ast-disable-related-posts":"","theme-transparent-header-meta":"default","adv-header-id-meta":"","stick-header-meta":"","header-above-stick-meta":"","header-main-stick-meta":"","header-below-stick-meta":"","astra-migrate-meta-layouts":"set","ast-page-background-enabled":"default","ast-page-background-meta":{"desktop":{"background-color":"var(--ast-global-color-4)","background-image":"","background-repeat":"repeat","background-position":"center center","background-size":"auto","background-attachment":"scroll","background-type":"","background-media":"","overlay-type":"","overlay-color":"","overlay-opacity":"","overlay-gradient":""},"tablet":{"background-color":"","background-image":"","background-repeat":"repeat","background-position":"center center","background-size":"auto","background-attachment":"scroll","background-type":"","background-media":"","overlay-type":"","overlay-color":"","overlay-opacity":"","overlay-gradient":""},"mobile":{"background-color":"","background-image":"","background-repeat":"repeat","background-position":"center center","background-size":"auto","background-attachment":"scroll","background-type":"","background-media":"","overlay-type":"","overlay-color":"","overlay-opacity":"","overlay-gradient":""}},"ast-content-background-meta":{"desktop":{"background-color":"var(--ast-global-color-5)","background-image":"","background-repeat":"repeat","background-position":"center center","background-size":"auto","background-attachment":"scroll","background-type":"","background-media":"","overlay-type":"","overlay-color":"","overlay-opacity":"","overlay-gradient":""},"tablet":{"background-color":"var(--ast-global-color-5)","background-image":"","background-repeat":"repeat","background-position":"center center","background-size":"auto","background-attachment":"scroll","background-type":"","background-media":"","overlay-type":"","overlay-color":"","overlay-opacity":"","overlay-gradient":""},"mobile":{"background-color":"var(--ast-global-color-5)","background-image":"","background-repeat":"repeat","background-position":"center center","background-size":"auto","background-attachment":"scroll","background-type":"","background-media":"","overlay-type":"","overlay-color":"","overlay-opacity":"","overlay-gradient":""}}},"product_brand":[],"product_cat":[125,97],"product_tag":[],"class_list":{"0":"post-7093","1":"product","2":"type-product","3":"status-publish","4":"has-post-thumbnail","6":"product_cat-dalton","7":"product_cat-naole","8":"desktop-align-left","9":"tablet-align-left","10":"mobile-align-left","12":"first","13":"onbackorder","14":"taxable","15":"shipping-taxable","16":"product-type-simple","17":"add-to-wishlist-before_image"},"uagb_featured_image_src":{"full":["https:\/\/kosmeetika24.com\/wp-content\/uploads\/2025\/11\/6551050-sea-creme_650x650.avif",650,650,false],"thumbnail":["https:\/\/kosmeetika24.com\/wp-content\/uploads\/2025\/11\/6551050-sea-creme_650x650-150x150.avif",150,150,true],"medium":["https:\/\/kosmeetika24.com\/wp-content\/uploads\/2025\/11\/6551050-sea-creme_650x650-300x300.avif",300,300,true],"medium_large":["https:\/\/kosmeetika24.com\/wp-content\/uploads\/2025\/11\/6551050-sea-creme_650x650.avif",650,650,false],"large":["https:\/\/kosmeetika24.com\/wp-content\/uploads\/2025\/11\/6551050-sea-creme_650x650.avif",650,650,false],"1536x1536":["https:\/\/kosmeetika24.com\/wp-content\/uploads\/2025\/11\/6551050-sea-creme_650x650.avif",650,650,false],"2048x2048":["https:\/\/kosmeetika24.com\/wp-content\/uploads\/2025\/11\/6551050-sea-creme_650x650.avif",650,650,false],"trp-custom-language-flag":["https:\/\/kosmeetika24.com\/wp-content\/uploads\/2025\/11\/6551050-sea-creme_650x650-12x12.avif",12,12,true],"woocommerce_thumbnail":["https:\/\/kosmeetika24.com\/wp-content\/uploads\/2025\/11\/6551050-sea-creme_650x650-300x300.avif",300,300,true],"woocommerce_single":["https:\/\/kosmeetika24.com\/wp-content\/uploads\/2025\/11\/6551050-sea-creme_650x650-500x500.avif",500,500,true],"woocommerce_gallery_thumbnail":["https:\/\/kosmeetika24.com\/wp-content\/uploads\/2025\/11\/6551050-sea-creme_650x650-100x100.avif",100,100,true]},"uagb_author_info":{"display_name":"admin","author_link":"https:\/\/kosmeetika24.com\/et\/author\/"},"uagb_comment_info":0,"uagb_excerpt":"ananemisvastane kreem t\u00fcvirakkude kaitseks Soodustab rakkude uuenemist 1 miljon merelist t\u00fcvirakku 1 grammi kreemi kohta Siidiselt pehme tekstuur Crambe maritima (merikapsa ekstrakt) toetab epidermise taastumist Mandli\u00f5li ja sheav\u00f5i toidavad nahka Suurendab kollageeni tootmist kuni 43%* 50ml","_links":{"self":[{"href":"https:\/\/kosmeetika24.com\/et\/wp-json\/wp\/v2\/product\/7093","targetHints":{"allow":["GET"]}}],"collection":[{"href":"https:\/\/kosmeetika24.com\/et\/wp-json\/wp\/v2\/product"}],"about":[{"href":"https:\/\/kosmeetika24.com\/et\/wp-json\/wp\/v2\/types\/product"}],"replies":[{"embeddable":true,"href":"https:\/\/kosmeetika24.com\/et\/wp-json\/wp\/v2\/comments?post=7093"}],"version-history":[{"count":1,"href":"https:\/\/kosmeetika24.com\/et\/wp-json\/wp\/v2\/product\/7093\/revisions"}],"predecessor-version":[{"id":7094,"href":"https:\/\/kosmeetika24.com\/et\/wp-json\/wp\/v2\/product\/7093\/revisions\/7094"}],"wp:featuredmedia":[{"embeddable":true,"href":"https:\/\/kosmeetika24.com\/et\/wp-json\/wp\/v2\/media\/7087"}],"wp:attachment":[{"href":"https:\/\/kosmeetika24.com\/et\/wp-json\/wp\/v2\/media?parent=7093"}],"wp:term":[{"taxonomy":"product_brand","embeddable":true,"href":"https:\/\/kosmeetika24.com\/et\/wp-json\/wp\/v2\/product_brand?post=7093"},{"taxonomy":"product_cat","embeddable":true,"href":"https:\/\/kosmeetika24.com\/et\/wp-json\/wp\/v2\/product_cat?post=7093"},{"taxonomy":"product_tag","embeddable":true,"href":"https:\/\/kosmeetika24.com\/et\/wp-json\/wp\/v2\/product_tag?post=7093"}],"curies":[{"name":"wp","href":"https:\/\/api.w.org\/{rel}","templated":true}]}}