{"id":7090,"date":"2025-11-06T17:29:59","date_gmt":"2025-11-06T14:29:59","guid":{"rendered":"https:\/\/kosmeetika24.com\/?post_type=product&#038;p=7090"},"modified":"2026-01-12T12:10:54","modified_gmt":"2026-01-12T09:10:54","slug":"dalton-s-e-a-marine-stem-cell-cream-light-texture","status":"publish","type":"product","link":"https:\/\/kosmeetika24.com\/et\/toode\/dalton-s-e-a-marine-stem-cell-cream-light-texture\/","title":{"rendered":"Dalton \u2013 S.E.A \u2013 Marine Stem Cell Cream \u2013 Light texture"},"content":{"rendered":"<p><strong>Kasutamine:<\/strong><br \/>\nKandke kreem hommikul ja \u00f5htul p\u00e4rast naha puhastamist n\u00e4ole, kaelale ja dekolteepiirkonnale. Kui kasutate ka seerumit, kandke esmalt seerum ja seej\u00e4rel kerge tekstuuriga kreem.<\/p>\n<p><em>Marine Stem Cell Cream Light<\/em>\u00a0pakub kerget ja luksuslikku hooldust, millel on \u00f5rn l\u00f5hn. Selle koostises on unikaalne\u00a0<em>Celumeri mereekstrakt<\/em>, miljonid merelised t\u00fcvirakud ja\u00a0<em>Crambe maritima ekstrakt<\/em>, mis tugevdavad naha loomulikke kaitsemehhanisme, toetavad rakkude uuenemist ja epidermise taastumist ning suurendavad kollageeni tootmist \u2013 tulemuseks on pingul ja tugevam nahk ning selgelt piiritletud n\u00e4okontuurid.<\/p>\n<p>H\u00fcaluroonhape niisutab s\u00fcgavuti ja silub peeneid jooni, samal ajal kui E-vitamiin pakub tugevat antioks\u00fcdantset kaitset, et tugevdada naha noorendavat toimet.<\/p>\n<p>88% kasutajatest kinnitas m\u00e4rgatavat naha t\u00e4idluse paranemist p\u00e4rast 4 n\u00e4dalat*.<\/p>\n<p><i>Enesehindamise uuring: 32 naist hindas p\u00e4rast 4-n\u00e4dalast kasutamist kreemi m\u00f5ju n\u00e4okontuuridele ja naha t\u00e4idlusele.<\/i><\/p>\n<p><strong>KOOSTIS:<\/strong><br \/>\nAqua\/Water, Cetearyl Alcohol, Ethylhexyl Stearate, Dicaprylyl Carbonate, Prunus Amygdalus Dulcis (Sweet Almond) Oil, Caprylic\/Capric Triglyceride, Sodium Stearoyl Glutamate, Squalane, PPG-3 Benzyl Ether Myristate, Maris Aqua\/Sea Water, Crithmum Maritimum Extract, Crambe Maritima Leaf Extract, Caviar Extract, Spirulina Maxima Extract, Ostrea Shell Extract\/Oyster Shell Extract, Maris Limus Extract\/Sea Silt Extract, Saccharide Isomerate, Algae Extract\/Alaria Esculenta Extract, Panthenol, Sodium Hyaluronate, Xanthan Gum, Ethylhexylglycerin, Dimethicone, Benzyl Alcohol, Propylene Glycol, Tocopherol, Parfum\/Fragrance, Limonene, Benzyl Salicylate, Hexyl Cinnamal, Alpha-Isomethyl Ionone, Benzyl Benzoate, Linalool, Coumarin, Pentaerythrityl Tetra-di-t-butyl Hydroxyhydrocinnamate, Phenoxyethanol, Potassium Sorbate, Citric Acid<\/p>\n<p>2198.-\u20ac\/l<\/p>\n","protected":false},"excerpt":{"rendered":"<p>Noorendav vananemisvastane kreem t\u00fcvirakkude kaitseks \u2013 LIGHT 50ml<\/p>\n<ul>\n<li>Soodustab rakkude uuenemist<\/li>\n<li>1 miljon merelist t\u00fcvirakku 1 grammi kreemi kohta<\/li>\n<li>Kerge ja niisutav koostis<\/li>\n<li>Crambe maritima (merikapsa ekstrakt) toetab epidermise taastumist<\/li>\n<li>Sisaldab h\u00fcaluroonhapet ja E-vitamiini<\/li>\n<\/ul>\n","protected":false},"featured_media":7091,"comment_status":"closed","ping_status":"closed","template":"","meta":{"_uag_custom_page_level_css":"","site-sidebar-layout":"default","site-content-layout":"","ast-site-content-layout":"default","site-content-style":"default","site-sidebar-style":"default","ast-global-header-display":"","ast-banner-title-visibility":"","ast-main-header-display":"","ast-hfb-above-header-display":"","ast-hfb-below-header-display":"","ast-hfb-mobile-header-display":"","site-post-title":"","ast-breadcrumbs-content":"","ast-featured-img":"","footer-sml-layout":"","ast-disable-related-posts":"","theme-transparent-header-meta":"default","adv-header-id-meta":"","stick-header-meta":"","header-above-stick-meta":"","header-main-stick-meta":"","header-below-stick-meta":"","astra-migrate-meta-layouts":"set","ast-page-background-enabled":"default","ast-page-background-meta":{"desktop":{"background-color":"var(--ast-global-color-4)","background-image":"","background-repeat":"repeat","background-position":"center center","background-size":"auto","background-attachment":"scroll","background-type":"","background-media":"","overlay-type":"","overlay-color":"","overlay-opacity":"","overlay-gradient":""},"tablet":{"background-color":"","background-image":"","background-repeat":"repeat","background-position":"center center","background-size":"auto","background-attachment":"scroll","background-type":"","background-media":"","overlay-type":"","overlay-color":"","overlay-opacity":"","overlay-gradient":""},"mobile":{"background-color":"","background-image":"","background-repeat":"repeat","background-position":"center center","background-size":"auto","background-attachment":"scroll","background-type":"","background-media":"","overlay-type":"","overlay-color":"","overlay-opacity":"","overlay-gradient":""}},"ast-content-background-meta":{"desktop":{"background-color":"var(--ast-global-color-5)","background-image":"","background-repeat":"repeat","background-position":"center center","background-size":"auto","background-attachment":"scroll","background-type":"","background-media":"","overlay-type":"","overlay-color":"","overlay-opacity":"","overlay-gradient":""},"tablet":{"background-color":"var(--ast-global-color-5)","background-image":"","background-repeat":"repeat","background-position":"center center","background-size":"auto","background-attachment":"scroll","background-type":"","background-media":"","overlay-type":"","overlay-color":"","overlay-opacity":"","overlay-gradient":""},"mobile":{"background-color":"var(--ast-global-color-5)","background-image":"","background-repeat":"repeat","background-position":"center center","background-size":"auto","background-attachment":"scroll","background-type":"","background-media":"","overlay-type":"","overlay-color":"","overlay-opacity":"","overlay-gradient":""}}},"product_brand":[],"product_cat":[125,97],"product_tag":[],"class_list":{"0":"post-7090","1":"product","2":"type-product","3":"status-publish","4":"has-post-thumbnail","6":"product_cat-dalton","7":"product_cat-naole","8":"desktop-align-left","9":"tablet-align-left","10":"mobile-align-left","12":"first","13":"onbackorder","14":"taxable","15":"shipping-taxable","16":"product-type-simple","17":"add-to-wishlist-before_image"},"uagb_featured_image_src":{"full":["https:\/\/kosmeetika24.com\/wp-content\/uploads\/2025\/11\/6551450-sea-creme-leichte-textur_650x650light.avif",650,650,false],"thumbnail":["https:\/\/kosmeetika24.com\/wp-content\/uploads\/2025\/11\/6551450-sea-creme-leichte-textur_650x650light-150x150.avif",150,150,true],"medium":["https:\/\/kosmeetika24.com\/wp-content\/uploads\/2025\/11\/6551450-sea-creme-leichte-textur_650x650light-300x300.avif",300,300,true],"medium_large":["https:\/\/kosmeetika24.com\/wp-content\/uploads\/2025\/11\/6551450-sea-creme-leichte-textur_650x650light.avif",650,650,false],"large":["https:\/\/kosmeetika24.com\/wp-content\/uploads\/2025\/11\/6551450-sea-creme-leichte-textur_650x650light.avif",650,650,false],"1536x1536":["https:\/\/kosmeetika24.com\/wp-content\/uploads\/2025\/11\/6551450-sea-creme-leichte-textur_650x650light.avif",650,650,false],"2048x2048":["https:\/\/kosmeetika24.com\/wp-content\/uploads\/2025\/11\/6551450-sea-creme-leichte-textur_650x650light.avif",650,650,false],"trp-custom-language-flag":["https:\/\/kosmeetika24.com\/wp-content\/uploads\/2025\/11\/6551450-sea-creme-leichte-textur_650x650light-12x12.avif",12,12,true],"woocommerce_thumbnail":["https:\/\/kosmeetika24.com\/wp-content\/uploads\/2025\/11\/6551450-sea-creme-leichte-textur_650x650light-300x300.avif",300,300,true],"woocommerce_single":["https:\/\/kosmeetika24.com\/wp-content\/uploads\/2025\/11\/6551450-sea-creme-leichte-textur_650x650light-500x500.avif",500,500,true],"woocommerce_gallery_thumbnail":["https:\/\/kosmeetika24.com\/wp-content\/uploads\/2025\/11\/6551450-sea-creme-leichte-textur_650x650light-100x100.avif",100,100,true]},"uagb_author_info":{"display_name":"admin","author_link":"https:\/\/kosmeetika24.com\/et\/author\/"},"uagb_comment_info":0,"uagb_excerpt":"Noorendav vananemisvastane kreem t\u00fcvirakkude kaitseks \u2013 LIGHT 50ml Soodustab rakkude uuenemist 1 miljon merelist t\u00fcvirakku 1 grammi kreemi kohta Kerge ja niisutav koostis Crambe maritima (merikapsa ekstrakt) toetab epidermise taastumist Sisaldab h\u00fcaluroonhapet ja E-vitamiini","_links":{"self":[{"href":"https:\/\/kosmeetika24.com\/et\/wp-json\/wp\/v2\/product\/7090","targetHints":{"allow":["GET"]}}],"collection":[{"href":"https:\/\/kosmeetika24.com\/et\/wp-json\/wp\/v2\/product"}],"about":[{"href":"https:\/\/kosmeetika24.com\/et\/wp-json\/wp\/v2\/types\/product"}],"replies":[{"embeddable":true,"href":"https:\/\/kosmeetika24.com\/et\/wp-json\/wp\/v2\/comments?post=7090"}],"version-history":[{"count":1,"href":"https:\/\/kosmeetika24.com\/et\/wp-json\/wp\/v2\/product\/7090\/revisions"}],"predecessor-version":[{"id":7092,"href":"https:\/\/kosmeetika24.com\/et\/wp-json\/wp\/v2\/product\/7090\/revisions\/7092"}],"wp:featuredmedia":[{"embeddable":true,"href":"https:\/\/kosmeetika24.com\/et\/wp-json\/wp\/v2\/media\/7091"}],"wp:attachment":[{"href":"https:\/\/kosmeetika24.com\/et\/wp-json\/wp\/v2\/media?parent=7090"}],"wp:term":[{"taxonomy":"product_brand","embeddable":true,"href":"https:\/\/kosmeetika24.com\/et\/wp-json\/wp\/v2\/product_brand?post=7090"},{"taxonomy":"product_cat","embeddable":true,"href":"https:\/\/kosmeetika24.com\/et\/wp-json\/wp\/v2\/product_cat?post=7090"},{"taxonomy":"product_tag","embeddable":true,"href":"https:\/\/kosmeetika24.com\/et\/wp-json\/wp\/v2\/product_tag?post=7090"}],"curies":[{"name":"wp","href":"https:\/\/api.w.org\/{rel}","templated":true}]}}