{"id":7083,"date":"2025-11-04T17:50:16","date_gmt":"2025-11-04T14:50:16","guid":{"rendered":"https:\/\/kosmeetika24.com\/?post_type=product&#038;p=7083"},"modified":"2026-01-12T12:20:28","modified_gmt":"2026-01-12T09:20:28","slug":"dalton-oyster-combination-skin-moisturizer","status":"publish","type":"product","link":"https:\/\/kosmeetika24.com\/et\/toode\/dalton-oyster-combination-skin-moisturizer\/","title":{"rendered":"Dalton \u2013 Oyster \u2013 Combination Skin Moisturizer"},"content":{"rendered":"<p><strong>Kasutamine:<\/strong><br \/>\nKandke kreem hommikul ja \u00f5htul puhtale n\u00e4ole, kaelale ja dekolteepiirkonnale ning masseerige \u00f5rnalt nahka. Kui kasutate ka\u00a0<b>OYSTER Pore-Refining kontsentraati<\/b>, kandke see esmalt nahale ning seej\u00e4rel kreem.<\/p>\n<p>Matistav kreem on loodud\u00a0<b>austriekstrakti ja mastiksi vaigu ekstraktiga<\/b>, et kontrollida rasueritust T-tsoonis ja\u00a0v\u00e4hendada naha l\u00e4iget, samal ajal niisutades ja toites kuivemaid piirkondi. Vananemisvastane kreem sobib suurep\u00e4raselt nii kombineeritud kui ka probleemsele nahale, kuna see aitab puhastada ummistunud poore, v\u00e4hendada komedoone ja hoida nahk kauem matina. Lisaks on kreem rikastatud\u00a0<b>Celumeri mereekstraktiga<\/b>, mis v\u00f5itleb esimeste vananemism\u00e4rkidega ja silub nahka, j\u00e4ttes selle nooruslikumaks. Regulaarne kasutamine aitab taastada kombineeritud naha tasakaalu, muutes selle matiks ja \u00fchtlaseks.<\/p>\n<p><i>Testi tulemused: 44 naist vanuses 30\u201352 aastat kasutasid toodet hommikul ja \u00f5htul 28 p\u00e4eva jooksul ning tulemusi v\u00f5rreldi t\u00f6\u00f6tlemata kontrollpiirkonnaga.<\/i><\/p>\n<p><strong>KOOSTIS:<\/strong><br \/>\nAqua\/Water, Caprylic\/Capric Triglyceride, Dicaprylyl Carbonate, Glyceryl Stearate, PEG-100 Stearate, Propylene Glycol, Cetearyl Alcohol, Dimethicone, Glycerin, Prunus Amygdalus Dulcis (Sweet Almond) Oil, Pistacia Lentiscus (Mastic) Gum, Maris Aqua\/Sea Water, Spirulina Maxima Extract, Algae Extract\/Alaria Esculenta Extract, Saccharide Isomerate, Caviar Extract, Ostrea Shell Extract\/Oyster Shell Extract, Maris Limus Extract\/Sea Silt Extract, Biotin, Tocopherol, Lecithin, Carbomer, Ethylhexylglycerin, Sodium Hydroxide, Potassium Sorbate, Hydrogenated Palm Glycerides Citrate, Tetrasodium Glutamate Diacetate, Phenoxyethanol, Cinnamyl Alcohol, Eugenol, Benzyl Salicylate, Hexyl Cinnamal, Limonene, Linalool, Alcohol, Parfum\/Fragrance.<\/p>\n<p>898.-\u20ac\/l<\/p>\n","protected":false},"excerpt":{"rendered":"<p>Tasakaalustav ja poore ahendav vananemisvastane n\u00e4okreem. 50ml<\/p>\n<p>Reguleerib rasueritust T-tsoonis<br \/>\nAhendab poore, matistab ja niisutab<br \/>\nAitab puhastada ummistunud poore ja v\u00e4hendada p\u00f5letikke<br \/>\nSisaldab austriekstrakti ja mastiksivaigu ekstrakti (Pistacia lentiscus gum)<br \/>\n95% testijatest kinnitas, et naha rasueritus v\u00e4henes*<br \/>\nVananemisvastase toimega<\/p>\n","protected":false},"featured_media":7084,"comment_status":"closed","ping_status":"closed","template":"","meta":{"_uag_custom_page_level_css":"","site-sidebar-layout":"default","site-content-layout":"","ast-site-content-layout":"default","site-content-style":"default","site-sidebar-style":"default","ast-global-header-display":"","ast-banner-title-visibility":"","ast-main-header-display":"","ast-hfb-above-header-display":"","ast-hfb-below-header-display":"","ast-hfb-mobile-header-display":"","site-post-title":"","ast-breadcrumbs-content":"","ast-featured-img":"","footer-sml-layout":"","ast-disable-related-posts":"","theme-transparent-header-meta":"default","adv-header-id-meta":"","stick-header-meta":"","header-above-stick-meta":"","header-main-stick-meta":"","header-below-stick-meta":"","astra-migrate-meta-layouts":"set","ast-page-background-enabled":"default","ast-page-background-meta":{"desktop":{"background-color":"var(--ast-global-color-4)","background-image":"","background-repeat":"repeat","background-position":"center center","background-size":"auto","background-attachment":"scroll","background-type":"","background-media":"","overlay-type":"","overlay-color":"","overlay-opacity":"","overlay-gradient":""},"tablet":{"background-color":"","background-image":"","background-repeat":"repeat","background-position":"center center","background-size":"auto","background-attachment":"scroll","background-type":"","background-media":"","overlay-type":"","overlay-color":"","overlay-opacity":"","overlay-gradient":""},"mobile":{"background-color":"","background-image":"","background-repeat":"repeat","background-position":"center center","background-size":"auto","background-attachment":"scroll","background-type":"","background-media":"","overlay-type":"","overlay-color":"","overlay-opacity":"","overlay-gradient":""}},"ast-content-background-meta":{"desktop":{"background-color":"var(--ast-global-color-5)","background-image":"","background-repeat":"repeat","background-position":"center center","background-size":"auto","background-attachment":"scroll","background-type":"","background-media":"","overlay-type":"","overlay-color":"","overlay-opacity":"","overlay-gradient":""},"tablet":{"background-color":"var(--ast-global-color-5)","background-image":"","background-repeat":"repeat","background-position":"center center","background-size":"auto","background-attachment":"scroll","background-type":"","background-media":"","overlay-type":"","overlay-color":"","overlay-opacity":"","overlay-gradient":""},"mobile":{"background-color":"var(--ast-global-color-5)","background-image":"","background-repeat":"repeat","background-position":"center center","background-size":"auto","background-attachment":"scroll","background-type":"","background-media":"","overlay-type":"","overlay-color":"","overlay-opacity":"","overlay-gradient":""}}},"product_brand":[],"product_cat":[125],"product_tag":[],"class_list":{"0":"post-7083","1":"product","2":"type-product","3":"status-publish","4":"has-post-thumbnail","6":"product_cat-dalton","7":"desktop-align-left","8":"tablet-align-left","9":"mobile-align-left","11":"first","12":"onbackorder","13":"taxable","14":"shipping-taxable","15":"product-type-simple","16":"add-to-wishlist-before_image"},"uagb_featured_image_src":{"full":["https:\/\/kosmeetika24.com\/wp-content\/uploads\/2025\/11\/5851050-oyster-creme_1080x1080.avif",960,960,false],"thumbnail":["https:\/\/kosmeetika24.com\/wp-content\/uploads\/2025\/11\/5851050-oyster-creme_1080x1080-150x150.avif",150,150,true],"medium":["https:\/\/kosmeetika24.com\/wp-content\/uploads\/2025\/11\/5851050-oyster-creme_1080x1080-300x300.avif",300,300,true],"medium_large":["https:\/\/kosmeetika24.com\/wp-content\/uploads\/2025\/11\/5851050-oyster-creme_1080x1080-768x768.avif",768,768,true],"large":["https:\/\/kosmeetika24.com\/wp-content\/uploads\/2025\/11\/5851050-oyster-creme_1080x1080.avif",960,960,false],"1536x1536":["https:\/\/kosmeetika24.com\/wp-content\/uploads\/2025\/11\/5851050-oyster-creme_1080x1080.avif",960,960,false],"2048x2048":["https:\/\/kosmeetika24.com\/wp-content\/uploads\/2025\/11\/5851050-oyster-creme_1080x1080.avif",960,960,false],"trp-custom-language-flag":["https:\/\/kosmeetika24.com\/wp-content\/uploads\/2025\/11\/5851050-oyster-creme_1080x1080-12x12.avif",12,12,true],"woocommerce_thumbnail":["https:\/\/kosmeetika24.com\/wp-content\/uploads\/2025\/11\/5851050-oyster-creme_1080x1080-300x300.avif",300,300,true],"woocommerce_single":["https:\/\/kosmeetika24.com\/wp-content\/uploads\/2025\/11\/5851050-oyster-creme_1080x1080-500x500.avif",500,500,true],"woocommerce_gallery_thumbnail":["https:\/\/kosmeetika24.com\/wp-content\/uploads\/2025\/11\/5851050-oyster-creme_1080x1080-100x100.avif",100,100,true]},"uagb_author_info":{"display_name":"admin","author_link":"https:\/\/kosmeetika24.com\/et\/author\/"},"uagb_comment_info":0,"uagb_excerpt":"Tasakaalustav ja poore ahendav vananemisvastane n\u00e4okreem. 50ml Reguleerib rasueritust T-tsoonis Ahendab poore, matistab ja niisutab Aitab puhastada ummistunud poore ja v\u00e4hendada p\u00f5letikke Sisaldab austriekstrakti ja mastiksivaigu ekstrakti (Pistacia lentiscus gum) 95% testijatest kinnitas, et naha rasueritus v\u00e4henes* Vananemisvastase toimega","_links":{"self":[{"href":"https:\/\/kosmeetika24.com\/et\/wp-json\/wp\/v2\/product\/7083","targetHints":{"allow":["GET"]}}],"collection":[{"href":"https:\/\/kosmeetika24.com\/et\/wp-json\/wp\/v2\/product"}],"about":[{"href":"https:\/\/kosmeetika24.com\/et\/wp-json\/wp\/v2\/types\/product"}],"replies":[{"embeddable":true,"href":"https:\/\/kosmeetika24.com\/et\/wp-json\/wp\/v2\/comments?post=7083"}],"version-history":[{"count":1,"href":"https:\/\/kosmeetika24.com\/et\/wp-json\/wp\/v2\/product\/7083\/revisions"}],"predecessor-version":[{"id":7085,"href":"https:\/\/kosmeetika24.com\/et\/wp-json\/wp\/v2\/product\/7083\/revisions\/7085"}],"wp:featuredmedia":[{"embeddable":true,"href":"https:\/\/kosmeetika24.com\/et\/wp-json\/wp\/v2\/media\/7084"}],"wp:attachment":[{"href":"https:\/\/kosmeetika24.com\/et\/wp-json\/wp\/v2\/media?parent=7083"}],"wp:term":[{"taxonomy":"product_brand","embeddable":true,"href":"https:\/\/kosmeetika24.com\/et\/wp-json\/wp\/v2\/product_brand?post=7083"},{"taxonomy":"product_cat","embeddable":true,"href":"https:\/\/kosmeetika24.com\/et\/wp-json\/wp\/v2\/product_cat?post=7083"},{"taxonomy":"product_tag","embeddable":true,"href":"https:\/\/kosmeetika24.com\/et\/wp-json\/wp\/v2\/product_tag?post=7083"}],"curies":[{"name":"wp","href":"https:\/\/api.w.org\/{rel}","templated":true}]}}