{"id":7029,"date":"2025-04-03T16:56:58","date_gmt":"2025-04-03T13:56:58","guid":{"rendered":"https:\/\/kosmeetika24.com\/?post_type=product&#038;p=7029"},"modified":"2025-07-03T11:49:31","modified_gmt":"2025-07-03T08:49:31","slug":"bruno-vassari-the-basics-mask-some","status":"publish","type":"product","link":"https:\/\/kosmeetika24.com\/et\/toode\/bruno-vassari-the-basics-mask-some\/","title":{"rendered":"BRUNO VASSARI  The Basics Mask Some"},"content":{"rendered":"<p>Stressivastane mask <em>Mask\/Some<\/em> sobib v\u00e4simusm\u00e4rkidega nahale. See parandab naha toonust ja elastsust ning taastab niiskuse loomuliku tasakaalu. Normaliseerib veresoonte toonust ja leevendab naha\u00e4rritust. Nahk j\u00e4\u00e4b s\u00e4rav, pehme ja puhanud.<\/p>\n<p>Sobib k\u00f5ikidele nahat\u00fc\u00fcpidele, eriti kuivale tundlikule ja v\u00e4sinud nahale.<\/p>\n<p><strong>TOIMEAINED<\/strong><\/p>\n<ul>\n<li>Liposoomid koos Revitalin\u00ae-i ja liivatee ekstraktiga<\/li>\n<li>Gl\u00fckool ja gl\u00fctseriin<\/li>\n<li>A-vitamiini palmitaat (retinool)<\/li>\n<li>E-vitamiini atsetaat<\/li>\n<\/ul>\n<p><strong>TOIME<\/strong><\/p>\n<ul>\n<li>Liposoomid koos Revitalin\u00ae-i ja taimeekstraktiga varustavad nahka hapnikuga ja kiirendavad selle taastamist.<\/li>\n<li>Gl\u00fckool ja gl\u00fctseriin toimivad niisutajatena.<\/li>\n<li>Retinool ja E-vitamiini atsetaat tugevdavad marrasknahka ning toimivad eluj\u00f5u andjatena, mis on asendamatu naha toonuse, pehmuse ja ilu s\u00e4ilitamisel.<\/li>\n<\/ul>\n<p>KASUTAMINE<\/p>\n<p>Toode professionaalseks kasutamiseks.<\/p>\n<p>Kandke pintsliga n\u00e4ole ja kaelale rikkalik kogus.<\/p>\n<p>Laske m\u00f5juda 10-15 minutit ja eemaldage rohke sooja veega.<\/p>\n<p>V\u00e4ltige huultele ja silmakontuurile kandmist.<\/p>\n","protected":false},"excerpt":{"rendered":"<p>Kortsudevastane mask.<\/p>\n<p>Pinguldab, annab elastsuse ja silub kortse.<\/p>\n<p>200 ml<\/p>\n","protected":false},"featured_media":7035,"comment_status":"closed","ping_status":"closed","template":"","meta":{"_uag_custom_page_level_css":"","site-sidebar-layout":"default","site-content-layout":"","ast-site-content-layout":"default","site-content-style":"default","site-sidebar-style":"default","ast-global-header-display":"","ast-banner-title-visibility":"","ast-main-header-display":"","ast-hfb-above-header-display":"","ast-hfb-below-header-display":"","ast-hfb-mobile-header-display":"","site-post-title":"","ast-breadcrumbs-content":"","ast-featured-img":"","footer-sml-layout":"","ast-disable-related-posts":"","theme-transparent-header-meta":"default","adv-header-id-meta":"","stick-header-meta":"","header-above-stick-meta":"","header-main-stick-meta":"","header-below-stick-meta":"","astra-migrate-meta-layouts":"set","ast-page-background-enabled":"default","ast-page-background-meta":{"desktop":{"background-color":"var(--ast-global-color-4)","background-image":"","background-repeat":"repeat","background-position":"center center","background-size":"auto","background-attachment":"scroll","background-type":"","background-media":"","overlay-type":"","overlay-color":"","overlay-opacity":"","overlay-gradient":""},"tablet":{"background-color":"","background-image":"","background-repeat":"repeat","background-position":"center center","background-size":"auto","background-attachment":"scroll","background-type":"","background-media":"","overlay-type":"","overlay-color":"","overlay-opacity":"","overlay-gradient":""},"mobile":{"background-color":"","background-image":"","background-repeat":"repeat","background-position":"center center","background-size":"auto","background-attachment":"scroll","background-type":"","background-media":"","overlay-type":"","overlay-color":"","overlay-opacity":"","overlay-gradient":""}},"ast-content-background-meta":{"desktop":{"background-color":"var(--ast-global-color-5)","background-image":"","background-repeat":"repeat","background-position":"center center","background-size":"auto","background-attachment":"scroll","background-type":"","background-media":"","overlay-type":"","overlay-color":"","overlay-opacity":"","overlay-gradient":""},"tablet":{"background-color":"var(--ast-global-color-5)","background-image":"","background-repeat":"repeat","background-position":"center center","background-size":"auto","background-attachment":"scroll","background-type":"","background-media":"","overlay-type":"","overlay-color":"","overlay-opacity":"","overlay-gradient":""},"mobile":{"background-color":"var(--ast-global-color-5)","background-image":"","background-repeat":"repeat","background-position":"center center","background-size":"auto","background-attachment":"scroll","background-type":"","background-media":"","overlay-type":"","overlay-color":"","overlay-opacity":"","overlay-gradient":""}}},"product_brand":[],"product_cat":[72],"product_tag":[],"class_list":{"0":"post-7029","1":"product","2":"type-product","3":"status-publish","4":"has-post-thumbnail","6":"product_cat-the-basic","7":"desktop-align-left","8":"tablet-align-left","9":"mobile-align-left","11":"first","12":"instock","13":"taxable","14":"shipping-taxable","15":"product-type-simple","16":"add-to-wishlist-before_image"},"uagb_featured_image_src":{"full":["https:\/\/kosmeetika24.com\/wp-content\/uploads\/2025\/04\/th.jpg",474,474,false],"thumbnail":["https:\/\/kosmeetika24.com\/wp-content\/uploads\/2025\/04\/th-150x150.jpg",150,150,true],"medium":["https:\/\/kosmeetika24.com\/wp-content\/uploads\/2025\/04\/th-300x300.jpg",300,300,true],"medium_large":["https:\/\/kosmeetika24.com\/wp-content\/uploads\/2025\/04\/th.jpg",474,474,false],"large":["https:\/\/kosmeetika24.com\/wp-content\/uploads\/2025\/04\/th.jpg",474,474,false],"1536x1536":["https:\/\/kosmeetika24.com\/wp-content\/uploads\/2025\/04\/th.jpg",474,474,false],"2048x2048":["https:\/\/kosmeetika24.com\/wp-content\/uploads\/2025\/04\/th.jpg",474,474,false],"trp-custom-language-flag":["https:\/\/kosmeetika24.com\/wp-content\/uploads\/2025\/04\/th-12x12.jpg",12,12,true],"woocommerce_thumbnail":["https:\/\/kosmeetika24.com\/wp-content\/uploads\/2025\/04\/th-300x300.jpg",300,300,true],"woocommerce_single":["https:\/\/kosmeetika24.com\/wp-content\/uploads\/2025\/04\/th.jpg",474,474,false],"woocommerce_gallery_thumbnail":["https:\/\/kosmeetika24.com\/wp-content\/uploads\/2025\/04\/th-100x100.jpg",100,100,true]},"uagb_author_info":{"display_name":"admin","author_link":"https:\/\/kosmeetika24.com\/et\/author\/"},"uagb_comment_info":0,"uagb_excerpt":"Kortsudevastane mask. Pinguldab, annab elastsuse ja silub kortse. 200 ml","_links":{"self":[{"href":"https:\/\/kosmeetika24.com\/et\/wp-json\/wp\/v2\/product\/7029","targetHints":{"allow":["GET"]}}],"collection":[{"href":"https:\/\/kosmeetika24.com\/et\/wp-json\/wp\/v2\/product"}],"about":[{"href":"https:\/\/kosmeetika24.com\/et\/wp-json\/wp\/v2\/types\/product"}],"replies":[{"embeddable":true,"href":"https:\/\/kosmeetika24.com\/et\/wp-json\/wp\/v2\/comments?post=7029"}],"version-history":[{"count":2,"href":"https:\/\/kosmeetika24.com\/et\/wp-json\/wp\/v2\/product\/7029\/revisions"}],"predecessor-version":[{"id":7036,"href":"https:\/\/kosmeetika24.com\/et\/wp-json\/wp\/v2\/product\/7029\/revisions\/7036"}],"wp:featuredmedia":[{"embeddable":true,"href":"https:\/\/kosmeetika24.com\/et\/wp-json\/wp\/v2\/media\/7035"}],"wp:attachment":[{"href":"https:\/\/kosmeetika24.com\/et\/wp-json\/wp\/v2\/media?parent=7029"}],"wp:term":[{"taxonomy":"product_brand","embeddable":true,"href":"https:\/\/kosmeetika24.com\/et\/wp-json\/wp\/v2\/product_brand?post=7029"},{"taxonomy":"product_cat","embeddable":true,"href":"https:\/\/kosmeetika24.com\/et\/wp-json\/wp\/v2\/product_cat?post=7029"},{"taxonomy":"product_tag","embeddable":true,"href":"https:\/\/kosmeetika24.com\/et\/wp-json\/wp\/v2\/product_tag?post=7029"}],"curies":[{"name":"wp","href":"https:\/\/api.w.org\/{rel}","templated":true}]}}