{"id":6750,"date":"2024-11-08T11:59:22","date_gmt":"2024-11-08T08:59:22","guid":{"rendered":"https:\/\/kosmeetika24.com\/?post_type=product&#038;p=6750"},"modified":"2025-07-03T12:22:23","modified_gmt":"2025-07-03T09:22:23","slug":"charmyco-luksuslik-ja-noorendav-paevakreem","status":"publish","type":"product","link":"https:\/\/kosmeetika24.com\/et\/toode\/charmyco-luksuslik-ja-noorendav-paevakreem\/","title":{"rendered":"CHARMYCO luksuslik ja noorendav p\u00e4evakreem"},"content":{"rendered":"<p>Luxury Rejuvenating Day Cream (50 ml)<\/p>\n<p><strong>PEAMISED TOIMEAINED<\/strong><\/p>\n<p><em>Bellis Perennis (Daisy) Flower Extract<\/em> \u2013 Kellukese \u00f5ie ekstrakt \u2013 aitab \u00fchtlustada nahatooni, v\u00e4hendada pigmentatsiooni ja anda nahale s\u00e4rav ja tervislik v\u00e4limus.<br \/>\n<em>Vaccinium Myrtillus Leaf Extract \u2013<\/em> Mustika lehe ekstrakt \u2013 v\u00f5imas antioks\u00fcdant, mis tugevdab kapillaaride seinu, parandab mikrotsirkulatsiooni ja kaitseb nahka vabade radikaalide eest.<br \/>\n<em>Avena Sativa Kernel Extract<\/em> \u2013 Kaera tuuma ekstrakt \u2013 s\u00fcgavniisutav ja pehmendav, andes nahale sileduse ja kaitstes seda \u00e4rrituste eest.<\/p>\n<p><strong>KASUTAMINE<\/strong><\/p>\n<p>Kandke kergete masseerivate liigutustega nahale.<\/p>\n<p>V\u00e4ltige kontakti silmadega.<\/p>\n<p><strong>KOOSTIS<\/strong><\/p>\n<p>Aqua, Polyglyceryl-10 Dipalmitate, Neopentyl Glycol Dicaprylate\/Dicaprate, Propanediol,<br \/>\nButyrospermum Parkii (Shea) Butter, Polyglyceryl-6 Distearate, Bellis Perennis (Daisy) Flower Extract,<br \/>\nJojoba Esters, Polyglyceryl-3 Beeswax, Cetyl Alcohol, Vaccinium Myrtillus Leaf Extract, Avena Sativa<br \/>\nKernel Extract, Caprylyl Glycol, Acetyl Hexapeptide-8, Ethylhexylglycerin, Phenoxyethanol,<br \/>\nCarbomer, Triethanolamine, Parfum, Alpha-Isomethyl Ionone, Citronellol, Limonene, Geraniol,<br \/>\nLinalool.<\/p>\n","protected":false},"excerpt":{"rendered":"<p>Loodud luksusliku valemiga, suunatud vananemism\u00e4rkideganahale, soodustades nooruslikumat<br \/>\njumet. Rikastatud t\u00f5husate koostisosadega nagu sheav\u00f5i, p\u00e4evalilleekstrakt ja<br \/>\natset\u00fc\u00fclheksapeptiid-8. Niisutab nahka, pinguldab, silub ja aitab saavutada soovitud v\u00e4limuse.<\/p>\n","protected":false},"featured_media":6761,"comment_status":"closed","ping_status":"closed","template":"","meta":{"_uag_custom_page_level_css":"","site-sidebar-layout":"default","site-content-layout":"","ast-site-content-layout":"default","site-content-style":"default","site-sidebar-style":"default","ast-global-header-display":"","ast-banner-title-visibility":"","ast-main-header-display":"","ast-hfb-above-header-display":"","ast-hfb-below-header-display":"","ast-hfb-mobile-header-display":"","site-post-title":"","ast-breadcrumbs-content":"","ast-featured-img":"","footer-sml-layout":"","ast-disable-related-posts":"","theme-transparent-header-meta":"default","adv-header-id-meta":"","stick-header-meta":"","header-above-stick-meta":"","header-main-stick-meta":"","header-below-stick-meta":"","astra-migrate-meta-layouts":"set","ast-page-background-enabled":"default","ast-page-background-meta":{"desktop":{"background-color":"var(--ast-global-color-4)","background-image":"","background-repeat":"repeat","background-position":"center center","background-size":"auto","background-attachment":"scroll","background-type":"","background-media":"","overlay-type":"","overlay-color":"","overlay-opacity":"","overlay-gradient":""},"tablet":{"background-color":"","background-image":"","background-repeat":"repeat","background-position":"center center","background-size":"auto","background-attachment":"scroll","background-type":"","background-media":"","overlay-type":"","overlay-color":"","overlay-opacity":"","overlay-gradient":""},"mobile":{"background-color":"","background-image":"","background-repeat":"repeat","background-position":"center center","background-size":"auto","background-attachment":"scroll","background-type":"","background-media":"","overlay-type":"","overlay-color":"","overlay-opacity":"","overlay-gradient":""}},"ast-content-background-meta":{"desktop":{"background-color":"var(--ast-global-color-5)","background-image":"","background-repeat":"repeat","background-position":"center center","background-size":"auto","background-attachment":"scroll","background-type":"","background-media":"","overlay-type":"","overlay-color":"","overlay-opacity":"","overlay-gradient":""},"tablet":{"background-color":"var(--ast-global-color-5)","background-image":"","background-repeat":"repeat","background-position":"center center","background-size":"auto","background-attachment":"scroll","background-type":"","background-media":"","overlay-type":"","overlay-color":"","overlay-opacity":"","overlay-gradient":""},"mobile":{"background-color":"var(--ast-global-color-5)","background-image":"","background-repeat":"repeat","background-position":"center center","background-size":"auto","background-attachment":"scroll","background-type":"","background-media":"","overlay-type":"","overlay-color":"","overlay-opacity":"","overlay-gradient":""}}},"product_brand":[],"product_cat":[96,81],"product_tag":[],"class_list":{"0":"post-6750","1":"product","2":"type-product","3":"status-publish","4":"has-post-thumbnail","6":"product_cat-brands","7":"product_cat-charmyco","8":"desktop-align-left","9":"tablet-align-left","10":"mobile-align-left","12":"first","13":"instock","14":"taxable","15":"shipping-taxable","16":"product-type-simple","17":"add-to-wishlist-before_image"},"uagb_featured_image_src":{"full":["https:\/\/kosmeetika24.com\/wp-content\/uploads\/2024\/11\/IMG_5178.jpg",440,586,false],"thumbnail":["https:\/\/kosmeetika24.com\/wp-content\/uploads\/2024\/11\/IMG_5178-150x150.jpg",150,150,true],"medium":["https:\/\/kosmeetika24.com\/wp-content\/uploads\/2024\/11\/IMG_5178-225x300.jpg",225,300,true],"medium_large":["https:\/\/kosmeetika24.com\/wp-content\/uploads\/2024\/11\/IMG_5178.jpg",440,586,false],"large":["https:\/\/kosmeetika24.com\/wp-content\/uploads\/2024\/11\/IMG_5178.jpg",440,586,false],"1536x1536":["https:\/\/kosmeetika24.com\/wp-content\/uploads\/2024\/11\/IMG_5178.jpg",440,586,false],"2048x2048":["https:\/\/kosmeetika24.com\/wp-content\/uploads\/2024\/11\/IMG_5178.jpg",440,586,false],"trp-custom-language-flag":["https:\/\/kosmeetika24.com\/wp-content\/uploads\/2024\/11\/IMG_5178-9x12.jpg",9,12,true],"woocommerce_thumbnail":["https:\/\/kosmeetika24.com\/wp-content\/uploads\/2024\/11\/IMG_5178-300x300.jpg",300,300,true],"woocommerce_single":["https:\/\/kosmeetika24.com\/wp-content\/uploads\/2024\/11\/IMG_5178.jpg",440,586,false],"woocommerce_gallery_thumbnail":["https:\/\/kosmeetika24.com\/wp-content\/uploads\/2024\/11\/IMG_5178-100x100.jpg",100,100,true]},"uagb_author_info":{"display_name":"admin","author_link":"https:\/\/kosmeetika24.com\/et\/author\/"},"uagb_comment_info":0,"uagb_excerpt":"Loodud luksusliku valemiga, suunatud vananemism\u00e4rkideganahale, soodustades nooruslikumat jumet. Rikastatud t\u00f5husate koostisosadega nagu sheav\u00f5i, p\u00e4evalilleekstrakt ja atset\u00fc\u00fclheksapeptiid-8. Niisutab nahka, pinguldab, silub ja aitab saavutada soovitud v\u00e4limuse.","_links":{"self":[{"href":"https:\/\/kosmeetika24.com\/et\/wp-json\/wp\/v2\/product\/6750","targetHints":{"allow":["GET"]}}],"collection":[{"href":"https:\/\/kosmeetika24.com\/et\/wp-json\/wp\/v2\/product"}],"about":[{"href":"https:\/\/kosmeetika24.com\/et\/wp-json\/wp\/v2\/types\/product"}],"replies":[{"embeddable":true,"href":"https:\/\/kosmeetika24.com\/et\/wp-json\/wp\/v2\/comments?post=6750"}],"version-history":[{"count":1,"href":"https:\/\/kosmeetika24.com\/et\/wp-json\/wp\/v2\/product\/6750\/revisions"}],"predecessor-version":[{"id":6751,"href":"https:\/\/kosmeetika24.com\/et\/wp-json\/wp\/v2\/product\/6750\/revisions\/6751"}],"wp:featuredmedia":[{"embeddable":true,"href":"https:\/\/kosmeetika24.com\/et\/wp-json\/wp\/v2\/media\/6761"}],"wp:attachment":[{"href":"https:\/\/kosmeetika24.com\/et\/wp-json\/wp\/v2\/media?parent=6750"}],"wp:term":[{"taxonomy":"product_brand","embeddable":true,"href":"https:\/\/kosmeetika24.com\/et\/wp-json\/wp\/v2\/product_brand?post=6750"},{"taxonomy":"product_cat","embeddable":true,"href":"https:\/\/kosmeetika24.com\/et\/wp-json\/wp\/v2\/product_cat?post=6750"},{"taxonomy":"product_tag","embeddable":true,"href":"https:\/\/kosmeetika24.com\/et\/wp-json\/wp\/v2\/product_tag?post=6750"}],"curies":[{"name":"wp","href":"https:\/\/api.w.org\/{rel}","templated":true}]}}