{"id":6742,"date":"2024-11-07T15:58:44","date_gmt":"2024-11-07T12:58:44","guid":{"rendered":"https:\/\/kosmeetika24.com\/?post_type=product&#038;p=6742"},"modified":"2025-07-03T12:23:30","modified_gmt":"2025-07-03T09:23:30","slug":"charmyco-luksuslik-noorendav-seerum-30ml","status":"publish","type":"product","link":"https:\/\/kosmeetika24.com\/et\/toode\/charmyco-luksuslik-noorendav-seerum-30ml\/","title":{"rendered":"CHARMYCO Luksuslik &#038; Noorendav Seerum 30ml"},"content":{"rendered":"<p>Luxury Rejuvenating Serum<\/p>\n<p><strong>PEAMISED TOIMEAINED<\/strong><\/p>\n<p><em>Centella Asiatica Extract<\/em> \u2013 Gotu Kola ekstrakt \u2013 aitab nahka taastada ja tugevdada, omades rahustavat m\u00f5ju ning stimuleerides rakkude uuenemist.<br \/>\n<em>Polygonum Cuspidatum Root Extract<\/em> \u2013 Jaapani tatrajuure ekstrakt \u2013 v\u00f5imas antioks\u00fcdant, mis kaitseb nahka vabade radikaalide eest, parandades selle tooni ja elastsust.<br \/>\n<em>Scutellaria Baicalensis Root Extract<\/em> \u2013 Baikali tihasheina juure ekstrakt -tuntud oma p\u00f5letikuvastaste ja antibakteriaalsete omaduste poolest, rahustab nahka ning annab sellele v\u00e4rske v\u00e4limuse.<br \/>\n<em>Camellia Sinensis Leaf Extract<\/em> \u2013 Rohelise tee lehe ekstrakt \u2013 rikas antioks\u00fcdantide poolest, kaitseb negatiivsete tegurite eest ja aitab parandada naha tekstuuri.<br \/>\n<em>Glycyrrhiza Glabra (Licorice) Root Extract<\/em> \u2013 Lagritsa juure ekstrakt \u2013 \u00fchtlustab nahatooni, v\u00e4hendab p\u00f5letikku ja punetust, andes nahale terve ilme.<br \/>\n<em>Chamomilla Recutita (Matricaria) Flower Extract<\/em> \u2013 Kummeli \u00f5ie ekstrakt \u2013 rahustab ja pehmendab nahka, v\u00e4hendades \u00e4rritust ja punetust.<br \/>\n<em>Rosmarinus Officinalis (Rosemary) Leaf Extract<\/em> \u2013 Rosmariini lehe ekstrakt- tugevdab, toniseerib ja kaitseb nahka kahjustuste eest.<\/p>\n<p><strong>KASUTAMINE<\/strong><\/p>\n<p>Kandke hommikul ja \u00f5htul n\u00e4ole, kaelale ja dekolteele.<\/p>\n<p><strong>KOOSTIS<\/strong><\/p>\n<p>Aqua, Propanediol, Alcohol Denat., Glycerin, Mannitol, Phosphatidylcholine, Cholesterol, Polysorbate-80,<br \/>\nPotassium Sorbate, Sodium Benzoate, Xanthan Gum, Sodium Chloride, Butylene Glycol, Centella Asiatica Extract, Polygonum Cuspidatum Root Extract, Scutellaria Baicalensis Root Extract, Camellia Sinensis Leaf Extract, Glycyrrhiza Glabra (Licorice) Root Extract, Chamomilla Recutita (Matricaria) Flower Extract, Rosmarinus Officinalis (Rosemary) Leaf Extract, Phenoxyethanol, Carbomer, Triethanolamine, Ethylhexylglycerin, Nicotiana Benthamiana Hexapeptide-40 Sh- Oligopeptide-1.<\/p>\n","protected":false},"excerpt":{"rendered":"<p>Noorendage oma nahka EGF seerumi j\u00f5ul. Luksusliku koostisega, sisaldab v\u00f5imsaid koostisosi, et edendada nooruslikku v\u00e4limust. Centella Asiatica ekstrakti, Polygonum Cuspidatum&#8217;i juureekstrakti ja lagritsajuure<br \/>\nekstrakti seguga formuleeritud seerum niisutab, pinguldab ja elustab nahka, andes sellele s\u00e4rava jume.<\/p>\n","protected":false},"featured_media":6744,"comment_status":"closed","ping_status":"closed","template":"","meta":{"_uag_custom_page_level_css":"","site-sidebar-layout":"default","site-content-layout":"","ast-site-content-layout":"default","site-content-style":"default","site-sidebar-style":"default","ast-global-header-display":"","ast-banner-title-visibility":"","ast-main-header-display":"","ast-hfb-above-header-display":"","ast-hfb-below-header-display":"","ast-hfb-mobile-header-display":"","site-post-title":"","ast-breadcrumbs-content":"","ast-featured-img":"","footer-sml-layout":"","ast-disable-related-posts":"","theme-transparent-header-meta":"default","adv-header-id-meta":"","stick-header-meta":"","header-above-stick-meta":"","header-main-stick-meta":"","header-below-stick-meta":"","astra-migrate-meta-layouts":"set","ast-page-background-enabled":"default","ast-page-background-meta":{"desktop":{"background-color":"var(--ast-global-color-4)","background-image":"","background-repeat":"repeat","background-position":"center center","background-size":"auto","background-attachment":"scroll","background-type":"","background-media":"","overlay-type":"","overlay-color":"","overlay-opacity":"","overlay-gradient":""},"tablet":{"background-color":"","background-image":"","background-repeat":"repeat","background-position":"center center","background-size":"auto","background-attachment":"scroll","background-type":"","background-media":"","overlay-type":"","overlay-color":"","overlay-opacity":"","overlay-gradient":""},"mobile":{"background-color":"","background-image":"","background-repeat":"repeat","background-position":"center center","background-size":"auto","background-attachment":"scroll","background-type":"","background-media":"","overlay-type":"","overlay-color":"","overlay-opacity":"","overlay-gradient":""}},"ast-content-background-meta":{"desktop":{"background-color":"var(--ast-global-color-5)","background-image":"","background-repeat":"repeat","background-position":"center center","background-size":"auto","background-attachment":"scroll","background-type":"","background-media":"","overlay-type":"","overlay-color":"","overlay-opacity":"","overlay-gradient":""},"tablet":{"background-color":"var(--ast-global-color-5)","background-image":"","background-repeat":"repeat","background-position":"center center","background-size":"auto","background-attachment":"scroll","background-type":"","background-media":"","overlay-type":"","overlay-color":"","overlay-opacity":"","overlay-gradient":""},"mobile":{"background-color":"var(--ast-global-color-5)","background-image":"","background-repeat":"repeat","background-position":"center center","background-size":"auto","background-attachment":"scroll","background-type":"","background-media":"","overlay-type":"","overlay-color":"","overlay-opacity":"","overlay-gradient":""}}},"product_brand":[],"product_cat":[96,81],"product_tag":[],"class_list":{"0":"post-6742","1":"product","2":"type-product","3":"status-publish","4":"has-post-thumbnail","6":"product_cat-brands","7":"product_cat-charmyco","8":"desktop-align-left","9":"tablet-align-left","10":"mobile-align-left","12":"first","13":"instock","14":"taxable","15":"shipping-taxable","16":"product-type-simple","17":"add-to-wishlist-before_image"},"uagb_featured_image_src":{"full":["https:\/\/kosmeetika24.com\/wp-content\/uploads\/2024\/11\/IMG_5181.webp",440,586,false],"thumbnail":["https:\/\/kosmeetika24.com\/wp-content\/uploads\/2024\/11\/IMG_5181-150x150.webp",150,150,true],"medium":["https:\/\/kosmeetika24.com\/wp-content\/uploads\/2024\/11\/IMG_5181-225x300.webp",225,300,true],"medium_large":["https:\/\/kosmeetika24.com\/wp-content\/uploads\/2024\/11\/IMG_5181.webp",440,586,false],"large":["https:\/\/kosmeetika24.com\/wp-content\/uploads\/2024\/11\/IMG_5181.webp",440,586,false],"1536x1536":["https:\/\/kosmeetika24.com\/wp-content\/uploads\/2024\/11\/IMG_5181.webp",440,586,false],"2048x2048":["https:\/\/kosmeetika24.com\/wp-content\/uploads\/2024\/11\/IMG_5181.webp",440,586,false],"trp-custom-language-flag":["https:\/\/kosmeetika24.com\/wp-content\/uploads\/2024\/11\/IMG_5181-9x12.webp",9,12,true],"woocommerce_thumbnail":["https:\/\/kosmeetika24.com\/wp-content\/uploads\/2024\/11\/IMG_5181-300x300.webp",300,300,true],"woocommerce_single":["https:\/\/kosmeetika24.com\/wp-content\/uploads\/2024\/11\/IMG_5181.webp",440,586,false],"woocommerce_gallery_thumbnail":["https:\/\/kosmeetika24.com\/wp-content\/uploads\/2024\/11\/IMG_5181-100x100.webp",100,100,true]},"uagb_author_info":{"display_name":"admin","author_link":"https:\/\/kosmeetika24.com\/et\/author\/"},"uagb_comment_info":0,"uagb_excerpt":"Noorendage oma nahka EGF seerumi j\u00f5ul. Luksusliku koostisega, sisaldab v\u00f5imsaid koostisosi, et edendada nooruslikku v\u00e4limust. Centella Asiatica ekstrakti, Polygonum Cuspidatum'i juureekstrakti ja lagritsajuure ekstrakti seguga formuleeritud seerum niisutab, pinguldab ja elustab nahka, andes sellele s\u00e4rava jume.","_links":{"self":[{"href":"https:\/\/kosmeetika24.com\/et\/wp-json\/wp\/v2\/product\/6742","targetHints":{"allow":["GET"]}}],"collection":[{"href":"https:\/\/kosmeetika24.com\/et\/wp-json\/wp\/v2\/product"}],"about":[{"href":"https:\/\/kosmeetika24.com\/et\/wp-json\/wp\/v2\/types\/product"}],"replies":[{"embeddable":true,"href":"https:\/\/kosmeetika24.com\/et\/wp-json\/wp\/v2\/comments?post=6742"}],"version-history":[{"count":2,"href":"https:\/\/kosmeetika24.com\/et\/wp-json\/wp\/v2\/product\/6742\/revisions"}],"predecessor-version":[{"id":6746,"href":"https:\/\/kosmeetika24.com\/et\/wp-json\/wp\/v2\/product\/6742\/revisions\/6746"}],"wp:featuredmedia":[{"embeddable":true,"href":"https:\/\/kosmeetika24.com\/et\/wp-json\/wp\/v2\/media\/6744"}],"wp:attachment":[{"href":"https:\/\/kosmeetika24.com\/et\/wp-json\/wp\/v2\/media?parent=6742"}],"wp:term":[{"taxonomy":"product_brand","embeddable":true,"href":"https:\/\/kosmeetika24.com\/et\/wp-json\/wp\/v2\/product_brand?post=6742"},{"taxonomy":"product_cat","embeddable":true,"href":"https:\/\/kosmeetika24.com\/et\/wp-json\/wp\/v2\/product_cat?post=6742"},{"taxonomy":"product_tag","embeddable":true,"href":"https:\/\/kosmeetika24.com\/et\/wp-json\/wp\/v2\/product_tag?post=6742"}],"curies":[{"name":"wp","href":"https:\/\/api.w.org\/{rel}","templated":true}]}}